{"id":79,"date":"2010-11-19T01:04:39","date_gmt":"2010-11-19T01:04:39","guid":{"rendered":"http:\/\/uni.hi.is\/sigmg\/teaching\/"},"modified":"2015-02-18T16:38:38","modified_gmt":"2015-02-18T16:38:38","slug":"teaching","status":"publish","type":"page","link":"https:\/\/uni.hi.is\/sigmg\/is\/teaching\/","title":{"rendered":"Kennsla"},"content":{"rendered":"<p><strong><br \/>\n<\/strong><\/p>\n<p>Sigur\u00f0ur Magn\u00fas kennir og\/e\u00f0a hefur umsj\u00f3n me\u00f0 eftirfarandi n\u00e1mskei\u00f0um:<\/p>\n<ul>\n<li>UMV502G Straumfr\u00e6\u00f0i 1 (Verklegar <a href=\"http:\/\/notendur.hi.is\/sigmg\/StrVerklegt\/Str1_Verklegt.htm\">\u00e6fingar<\/a> eru hluti n\u00e1mskei\u00f0sins)<\/li>\n<li>UMV201G Vatnafr\u00e6\u00f0i<\/li>\n<li>UMV111F Straumfr\u00e6\u00f0i 2\u00a0 (Kennt \u00e1 ensku)<\/li>\n<li>UMV213F Vatnsaflsvirkjanir\u00a0 (Kennt \u00e1 ensku af s\u00e9rfr\u00e6\u00f0ingum Landsvirkjunar)<\/li>\n<li>UMV215F Strandverkfr\u00e6\u00f0i\u00a0 (Kennt \u00e1 ensku af s\u00e9rfr\u00e6\u00f0ingum Vegager\u00f0arinnar)<\/li>\n<li>UMV115F Loftmengun\u00a0 (Lesn\u00e1mskei\u00f0)<\/li>\n<li>UMV210F I\u00f0ustraumfr\u00e6\u00f0i (Lesn\u00e1mskei\u00f0)<\/li>\n<\/ul>\n<p>N\u00e1mskei\u00f0sl\u00fdsingar og hven\u00e6r vi\u00f0komandi n\u00e1mskei\u00f0 eru kennd m\u00e1 finna \u00ed <a href=\"http:\/\/www.kennsluskra.hi.is\/\">kennsluskr\u00e1 H\u00e1sk\u00f3la \u00cdslands<\/a>.<\/p>","protected":false},"excerpt":{"rendered":"<p>Sigur\u00f0ur Magn\u00fas kennir og\/e\u00f0a hefur umsj\u00f3n me\u00f0 eftirfarandi n\u00e1mskei\u00f0um: UMV502G Straumfr\u00e6\u00f0i 1 (Verklegar \u00e6fingar eru hluti n\u00e1mskei\u00f0sins) UMV201G Vatnafr\u00e6\u00f0i UMV111F Straumfr\u00e6\u00f0i 2\u00a0 (Kennt \u00e1 ensku) UMV213F Vatnsaflsvirkjanir\u00a0 (Kennt \u00e1 ensku af s\u00e9rfr\u00e6\u00f0ingum Landsvirkjunar) UMV215F Strandverkfr\u00e6\u00f0i\u00a0 (Kennt \u00e1 ensku af s\u00e9rfr\u00e6\u00f0ingum Vegager\u00f0arinnar) UMV115F Loftmengun\u00a0 (Lesn\u00e1mskei\u00f0) UMV210F I\u00f0ustraumfr\u00e6\u00f0i (Lesn\u00e1mskei\u00f0) N\u00e1mskei\u00f0sl\u00fdsingar og hven\u00e6r vi\u00f0komandi n\u00e1mskei\u00f0 eru kennd m\u00e1 [&hellip;]<\/p>\n","protected":false},"author":131,"featured_media":0,"parent":0,"menu_order":0,"comment_status":"closed","ping_status":"closed","template":"","meta":{"footnotes":""},"class_list":["post-79","page","type-page","status-publish","hentry"],"_links":{"self":[{"href":"https:\/\/uni.hi.is\/sigmg\/is\/wp-json\/wp\/v2\/pages\/79","targetHints":{"allow":["GET"]}}],"collection":[{"href":"https:\/\/uni.hi.is\/sigmg\/is\/wp-json\/wp\/v2\/pages"}],"about":[{"href":"https:\/\/uni.hi.is\/sigmg\/is\/wp-json\/wp\/v2\/types\/page"}],"author":[{"embeddable":true,"href":"https:\/\/uni.hi.is\/sigmg\/is\/wp-json\/wp\/v2\/users\/131"}],"replies":[{"embeddable":true,"href":"https:\/\/uni.hi.is\/sigmg\/is\/wp-json\/wp\/v2\/comments?post=79"}],"version-history":[{"count":10,"href":"https:\/\/uni.hi.is\/sigmg\/is\/wp-json\/wp\/v2\/pages\/79\/revisions"}],"predecessor-version":[{"id":322,"href":"https:\/\/uni.hi.is\/sigmg\/is\/wp-json\/wp\/v2\/pages\/79\/revisions\/322"}],"wp:attachment":[{"href":"https:\/\/uni.hi.is\/sigmg\/is\/wp-json\/wp\/v2\/media?parent=79"}],"curies":[{"name":"wp","href":"https:\/\/api.w.org\/{rel}","templated":true}]}}