{"id":86,"date":"2010-11-19T01:25:05","date_gmt":"2010-11-19T01:25:05","guid":{"rendered":"http:\/\/uni.hi.is\/sigmg\/?page_id=86"},"modified":"2019-08-08T13:39:09","modified_gmt":"2019-08-08T13:39:09","slug":"cv","status":"publish","type":"page","link":"https:\/\/uni.hi.is\/sigmg\/is\/cv\/","title":{"rendered":"Ferilskr\u00e1"},"content":{"rendered":"<p><\/p>\n<p><a href=\"https:\/\/www.hi.is\/starfsfolk\/sigmg\">Ferilskr\u00e1 me\u00f0 ritaskr\u00e1<\/a><br \/>\n<\/p>","protected":false},"excerpt":{"rendered":"<p>Ferilskr\u00e1 me\u00f0 ritaskr\u00e1<\/p>\n","protected":false},"author":131,"featured_media":0,"parent":0,"menu_order":0,"comment_status":"closed","ping_status":"closed","template":"","meta":{"footnotes":""},"class_list":["post-86","page","type-page","status-publish","hentry"],"_links":{"self":[{"href":"https:\/\/uni.hi.is\/sigmg\/is\/wp-json\/wp\/v2\/pages\/86","targetHints":{"allow":["GET"]}}],"collection":[{"href":"https:\/\/uni.hi.is\/sigmg\/is\/wp-json\/wp\/v2\/pages"}],"about":[{"href":"https:\/\/uni.hi.is\/sigmg\/is\/wp-json\/wp\/v2\/types\/page"}],"author":[{"embeddable":true,"href":"https:\/\/uni.hi.is\/sigmg\/is\/wp-json\/wp\/v2\/users\/131"}],"replies":[{"embeddable":true,"href":"https:\/\/uni.hi.is\/sigmg\/is\/wp-json\/wp\/v2\/comments?post=86"}],"version-history":[{"count":30,"href":"https:\/\/uni.hi.is\/sigmg\/is\/wp-json\/wp\/v2\/pages\/86\/revisions"}],"predecessor-version":[{"id":403,"href":"https:\/\/uni.hi.is\/sigmg\/is\/wp-json\/wp\/v2\/pages\/86\/revisions\/403"}],"wp:attachment":[{"href":"https:\/\/uni.hi.is\/sigmg\/is\/wp-json\/wp\/v2\/media?parent=86"}],"curies":[{"name":"wp","href":"https:\/\/api.w.org\/{rel}","templated":true}]}}