{"id":100,"date":"2018-10-16T23:27:52","date_gmt":"2018-10-16T23:27:52","guid":{"rendered":"http:\/\/uni.hi.is\/sigruno\/?page_id=100"},"modified":"2018-10-29T21:55:37","modified_gmt":"2018-10-29T21:55:37","slug":"media","status":"publish","type":"page","link":"https:\/\/uni.hi.is\/sigruno\/media\/","title":{"rendered":"Media"},"content":{"rendered":"<h1><span style=\"font-size: 14pt\"><img loading=\"lazy\" decoding=\"async\" class=\"alignnone size-medium wp-image-125\" src=\"http:\/\/uni.hi.is\/sigruno\/files\/2018\/10\/F13051018-hruni\u00f0-02-300x200.jpg\" alt=\"\" width=\"300\" height=\"200\" srcset=\"https:\/\/uni.hi.is\/sigruno\/files\/2018\/10\/F13051018-hruni\u00f0-02-300x200.jpg 300w, https:\/\/uni.hi.is\/sigruno\/files\/2018\/10\/F13051018-hruni\u00f0-02-768x512.jpg 768w, https:\/\/uni.hi.is\/sigruno\/files\/2018\/10\/F13051018-hruni\u00f0-02-1024x683.jpg 1024w, https:\/\/uni.hi.is\/sigruno\/files\/2018\/10\/F13051018-hruni\u00f0-02.jpg 1686w\" sizes=\"auto, (max-width: 300px) 100vw, 300px\" \/><\/span><\/h1>\n<p><strong><span style=\"font-size: large\">Heilsu\u00adbrestur hj\u00e1 \u00feeim sem t\u00f6pu\u00f0u verulega \u00ed hruninu (<\/span><span style=\"color: #000000;font-size: large\">Worsening<\/span><span style=\"font-size: large\">\u00a0health among those who lost considerably during the Economic Collapse)\u00a0<\/span><\/strong><span style=\"font-size: 14pt\">Coverage of my lecture at the conference \"Hruni\u00f0 \u00fei\u00f0 muni\u00f0.\" The coverage is based on my current research with Agnar F. Helgason, who is a political scientist at the University of Iceland. Fr\u00e9ttabla\u00f0i\u00f0, 8. October 2018<\/span><\/p>\n<p><a href=\"https:\/\/www.frettabladid.is\/frettir\/versnandi-heilsa-eirra-sem-uru-fyrir-verulegu-tekjutapi-i-hruni\">https:\/\/www.frettabladid.is\/frettir\/versnandi-heilsa-eirra-sem-uru-fyrir-verulegu-tekjutapi-i-hruni<\/a><\/p>\n<p><img loading=\"lazy\" decoding=\"async\" class=\"alignnone size-medium wp-image-3\" src=\"http:\/\/uni.hi.is\/sigruno\/files\/2018\/10\/Cover-300x145.jpg\" alt=\"\" width=\"300\" height=\"145\" srcset=\"https:\/\/uni.hi.is\/sigruno\/files\/2018\/10\/Cover-300x145.jpg 300w, https:\/\/uni.hi.is\/sigruno\/files\/2018\/10\/Cover-768x370.jpg 768w, https:\/\/uni.hi.is\/sigruno\/files\/2018\/10\/Cover.jpg 960w\" sizes=\"auto, (max-width: 300px) 100vw, 300px\" \/><\/p>\n<p><span style=\"font-size: 14pt\"><strong>90% vilja r\u00edk\u00adis\u00adrekna heil\u00adbrig\u00f0is\u00fej\u00f3n\u00adustu (90% prefer public health care system)\u00a0<\/strong><\/span><span style=\"font-size: 14pt\">Coverage of my presentation at \u00dej\u00f3\u00f0arspegilinn 2017 in a section titled \"The Future of the Icelandic Health Care System.\" <\/span><span style=\"font-size: 14pt\">Morgunbla\u00f0i\u00f0, November 3, 2017.<\/span><\/p>\n<p><a href=\"https:\/\/www.mbl.is\/frettir\/innlent\/2017\/11\/03\/90_prosent_vilja_rikisrekna_heilbrigdisthjonustu\/?fbclid=IwAR1fhRh9THELkEM_UkFyGOsVc739oAB_9cLVXRs2JbWYGhNI2I-ClMTUhZM\">https:\/\/www.mbl.is\/frettir\/innlent\/2017\/11\/03\/90_prosent_vilja_rikisrekna_heilbrigdisthjonustu\/?<\/a><\/p>\n","protected":false},"excerpt":{"rendered":"<p>Heilsu\u00adbrestur hj\u00e1 \u00feeim sem t\u00f6pu\u00f0u verulega \u00ed hruninu (Worsening\u00a0health among those who lost considerably during the Economic Collapse)\u00a0Coverage of my lecture at the conference \"Hruni\u00f0 \u00fei\u00f0 muni\u00f0.\" The coverage is based on my current research with Agnar F. Helgason, who &hellip; <a href=\"https:\/\/uni.hi.is\/sigruno\/media\/\">Halda \u00e1fram a\u00f0 lesa <span class=\"meta-nav\">&rarr;<\/span><\/a><\/p>\n","protected":false},"author":1500,"featured_media":0,"parent":0,"menu_order":0,"comment_status":"closed","ping_status":"closed","template":"","meta":{"footnotes":""},"class_list":["post-100","page","type-page","status-publish","hentry"],"_links":{"self":[{"href":"https:\/\/uni.hi.is\/sigruno\/wp-json\/wp\/v2\/pages\/100","targetHints":{"allow":["GET"]}}],"collection":[{"href":"https:\/\/uni.hi.is\/sigruno\/wp-json\/wp\/v2\/pages"}],"about":[{"href":"https:\/\/uni.hi.is\/sigruno\/wp-json\/wp\/v2\/types\/page"}],"author":[{"embeddable":true,"href":"https:\/\/uni.hi.is\/sigruno\/wp-json\/wp\/v2\/users\/1500"}],"replies":[{"embeddable":true,"href":"https:\/\/uni.hi.is\/sigruno\/wp-json\/wp\/v2\/comments?post=100"}],"version-history":[{"count":12,"href":"https:\/\/uni.hi.is\/sigruno\/wp-json\/wp\/v2\/pages\/100\/revisions"}],"predecessor-version":[{"id":193,"href":"https:\/\/uni.hi.is\/sigruno\/wp-json\/wp\/v2\/pages\/100\/revisions\/193"}],"wp:attachment":[{"href":"https:\/\/uni.hi.is\/sigruno\/wp-json\/wp\/v2\/media?parent=100"}],"curies":[{"name":"wp","href":"https:\/\/api.w.org\/{rel}","templated":true}]}}