{"id":102,"date":"2018-10-16T23:28:09","date_gmt":"2018-10-16T23:28:09","guid":{"rendered":"http:\/\/uni.hi.is\/sigruno\/?page_id=102"},"modified":"2019-02-10T15:08:03","modified_gmt":"2019-02-10T15:08:03","slug":"podcast","status":"publish","type":"page","link":"https:\/\/uni.hi.is\/sigruno\/podcast\/","title":{"rendered":"Podcast"},"content":{"rendered":"<p><strong>Samtal vi\u00f0 Samf\u00e9lagi\u00f0: The Icelandic Sociology Podcast<br \/>\n<\/strong><\/p>\n<div id=\"attachment_110\" style=\"width: 2058px\" class=\"wp-caption alignnone\"><img loading=\"lazy\" decoding=\"async\" aria-describedby=\"caption-attachment-110\" class=\"size-full wp-image-110\" src=\"http:\/\/uni.hi.is\/sigruno\/files\/2018\/10\/Podcast.jpg\" alt=\"\" width=\"2048\" height=\"1257\" srcset=\"https:\/\/uni.hi.is\/sigruno\/files\/2018\/10\/Podcast.jpg 2048w, https:\/\/uni.hi.is\/sigruno\/files\/2018\/10\/Podcast-300x184.jpg 300w, https:\/\/uni.hi.is\/sigruno\/files\/2018\/10\/Podcast-768x471.jpg 768w, https:\/\/uni.hi.is\/sigruno\/files\/2018\/10\/Podcast-1024x629.jpg 1024w\" sizes=\"auto, (max-width: 2048px) 100vw, 2048px\" \/><p id=\"caption-attachment-110\" class=\"wp-caption-text\">The hosts of the Icelandic Sociology Podcast. Photo \u00a9Kristinn Ingvarsson<\/p><\/div>\n<p>I am, along with Kjartan Sveinsson, the host of the Icelandic Sociology Podcast. In our podcast, we feature prominent Icelandic and international sociologists as well as scholars from other disciplines and individuals who are engaged in projects with societal and sociological value. Most episodes are in Icelandic, but several are in English.<\/p>\n<p>Our podcast is hosted at Kjarninn and the link to it can be found here:<\/p>\n<p>All episodes: <a href=\"https:\/\/kjarninn.is\/hladvarp\/samtal-vid-samfelagid\/\">https:\/\/kjarninn.is\/hladvarp\/samtal-vid-samfelagid\/<\/a><\/p>\n<p>Episodes in English: <a href=\"https:\/\/kjarninn.is\/hladvarp\/samtal-vid-samfelagid-english\/\">https:\/\/kjarninn.is\/hladvarp\/samtal-vid-samfelagid-english\/<\/a><\/p>\n<p>Like us on Facebook <a href=\"https:\/\/www.facebook.com\/felagsfraedin\/\">https:\/\/www.facebook.com\/felagsfraedin\/<\/a><\/p>\n<p>Our podcast celebrated its 1 year anniversary on November 27th, 2018<\/p>\n<div id=\"attachment_303\" style=\"width: 730px\" class=\"wp-caption alignnone\"><img loading=\"lazy\" decoding=\"async\" aria-describedby=\"caption-attachment-303\" class=\"size-full wp-image-303\" src=\"http:\/\/uni.hi.is\/sigruno\/files\/2019\/02\/Cake_Podcast.jpg\" alt=\"\" width=\"720\" height=\"960\" srcset=\"https:\/\/uni.hi.is\/sigruno\/files\/2019\/02\/Cake_Podcast.jpg 720w, https:\/\/uni.hi.is\/sigruno\/files\/2019\/02\/Cake_Podcast-225x300.jpg 225w\" sizes=\"auto, (max-width: 720px) 100vw, 720px\" \/><p id=\"caption-attachment-303\" class=\"wp-caption-text\">Happy birthday to our podcast<\/p><\/div>\n<p>I also sometimes visit other podcasts. Here I am speaking with my aunt, Au\u00f0ur Axelsd\u00f3ttir, about mental health<\/p>\n<p><a href=\"https:\/\/kjarninn.is\/hladvarp\/klikkid\/2017-08-22-sigrun-olafsdottir\/\">https:\/\/kjarninn.is\/hladvarp\/klikkid\/2017-08-22-sigrun-olafsdottir\/<\/a><\/p>\n","protected":false},"excerpt":{"rendered":"<p>Samtal vi\u00f0 Samf\u00e9lagi\u00f0: The Icelandic Sociology Podcast I am, along with Kjartan Sveinsson, the host of the Icelandic Sociology Podcast. In our podcast, we feature prominent Icelandic and international sociologists as well as scholars from other disciplines and individuals who &hellip; <a href=\"https:\/\/uni.hi.is\/sigruno\/podcast\/\">Halda \u00e1fram a\u00f0 lesa <span class=\"meta-nav\">&rarr;<\/span><\/a><\/p>\n","protected":false},"author":1500,"featured_media":0,"parent":0,"menu_order":0,"comment_status":"closed","ping_status":"closed","template":"","meta":{"footnotes":""},"class_list":["post-102","page","type-page","status-publish","hentry"],"_links":{"self":[{"href":"https:\/\/uni.hi.is\/sigruno\/wp-json\/wp\/v2\/pages\/102","targetHints":{"allow":["GET"]}}],"collection":[{"href":"https:\/\/uni.hi.is\/sigruno\/wp-json\/wp\/v2\/pages"}],"about":[{"href":"https:\/\/uni.hi.is\/sigruno\/wp-json\/wp\/v2\/types\/page"}],"author":[{"embeddable":true,"href":"https:\/\/uni.hi.is\/sigruno\/wp-json\/wp\/v2\/users\/1500"}],"replies":[{"embeddable":true,"href":"https:\/\/uni.hi.is\/sigruno\/wp-json\/wp\/v2\/comments?post=102"}],"version-history":[{"count":13,"href":"https:\/\/uni.hi.is\/sigruno\/wp-json\/wp\/v2\/pages\/102\/revisions"}],"predecessor-version":[{"id":376,"href":"https:\/\/uni.hi.is\/sigruno\/wp-json\/wp\/v2\/pages\/102\/revisions\/376"}],"wp:attachment":[{"href":"https:\/\/uni.hi.is\/sigruno\/wp-json\/wp\/v2\/media?parent=102"}],"curies":[{"name":"wp","href":"https:\/\/api.w.org\/{rel}","templated":true}]}}