{"id":106,"date":"2018-10-16T23:28:29","date_gmt":"2018-10-16T23:28:29","guid":{"rendered":"http:\/\/uni.hi.is\/sigruno\/?page_id=106"},"modified":"2019-02-10T13:39:08","modified_gmt":"2019-02-10T13:39:08","slug":"links","status":"publish","type":"page","link":"https:\/\/uni.hi.is\/sigruno\/links\/","title":{"rendered":"Links"},"content":{"rendered":"<p><strong>Samtal vi\u00f0 samf\u00e9lagi\u00f0: Hla\u00f0varp f\u00e9lagsfr\u00e6\u00f0innar<\/strong> (The Icelandic Sociology podcast)<\/p>\n<p><a href=\"https:\/\/kjarninn.is\/hladvarp\/samtal-vid-samfelagid\/\">https:\/\/kjarninn.is\/hladvarp\/samtal-vid-samfelagid\/<\/a><\/p>\n<p><strong>The Icelandic Sociology Podcast: Episodes in English<br \/>\n<\/strong><\/p>\n<p><a href=\"https:\/\/kjarninn.is\/hladvarp\/samtal-vid-samfelagid-english\/\">https:\/\/kjarninn.is\/hladvarp\/samtal-vid-samfelagid-english\/<\/a><\/p>\n<p><strong>F\u00e9lagsfr\u00e6\u00f0i \u00ed H\u00e1sk\u00f3la \u00cdslands\u00a0<\/strong>(Sociology at the University of Iceland)<\/p>\n<p><a href=\"https:\/\/www.hi.is\/felagsfraedi\">https:\/\/www.hi.is\/felagsfraedi<\/a><\/p>\n<p><strong>Acta Sociologica<\/strong><\/p>\n<p><a href=\"https:\/\/journals.sagepub.com\/home\/asj\">https:\/\/journals.sagepub.com\/home\/asj<\/a><\/p>\n<p><strong>F\u00e9lagsfr\u00e6\u00f0ingaf\u00e9lag \u00cdslands <\/strong>(The Icelandic Sociological Association)<\/p>\n<p><a href=\"https:\/\/www.google.com\/search?source=hp&amp;ei=dXbGW_y2EMe6kwWTy5qQCw&amp;q=F%C3%A9lagsfr%C3%A6%C3%B0ingaf%C3%A9lag+%C3%ADslands&amp;oq=F%C3%A9lagsfr%C3%A6%C3%B0ingaf%C3%A9lag+%C3%ADslands&amp;gs_l=psy-ab.3..35i39k1.662.4784.0.4902.32.30.0.0.0.0.185.2964.21j7.28.0....0...1c.1j4.64.psy-ab..4.28.2960.0..0j0i131k1j0i203k1j0i30k1j0i5i30k1j0i22i30k1.0.GaL98iGduSs\">F\u00e9lagsfr\u00e6\u00f0ingaf\u00e9lag \u00edslands<\/a><\/p>\n<p><strong>V\u00edsindaf\u00e9lag \u00cdslands<\/strong> (The Icelandic Science Association)<\/p>\n<p><a href=\"https:\/\/visindafelag.is\">https:\/\/visindafelag.is<\/a><\/p>\n","protected":false},"excerpt":{"rendered":"<p>Samtal vi\u00f0 samf\u00e9lagi\u00f0: Hla\u00f0varp f\u00e9lagsfr\u00e6\u00f0innar (The Icelandic Sociology podcast) https:\/\/kjarninn.is\/hladvarp\/samtal-vid-samfelagid\/ The Icelandic Sociology Podcast: Episodes in English https:\/\/kjarninn.is\/hladvarp\/samtal-vid-samfelagid-english\/ F\u00e9lagsfr\u00e6\u00f0i \u00ed H\u00e1sk\u00f3la \u00cdslands\u00a0(Sociology at the University of Iceland) https:\/\/www.hi.is\/felagsfraedi Acta Sociologica https:\/\/journals.sagepub.com\/home\/asj F\u00e9lagsfr\u00e6\u00f0ingaf\u00e9lag \u00cdslands (The Icelandic Sociological Association) F\u00e9lagsfr\u00e6\u00f0ingaf\u00e9lag \u00edslands V\u00edsindaf\u00e9lag &hellip; <a href=\"https:\/\/uni.hi.is\/sigruno\/links\/\">Halda \u00e1fram a\u00f0 lesa <span class=\"meta-nav\">&rarr;<\/span><\/a><\/p>\n","protected":false},"author":1500,"featured_media":0,"parent":0,"menu_order":0,"comment_status":"closed","ping_status":"closed","template":"","meta":{"footnotes":""},"class_list":["post-106","page","type-page","status-publish","hentry"],"_links":{"self":[{"href":"https:\/\/uni.hi.is\/sigruno\/wp-json\/wp\/v2\/pages\/106","targetHints":{"allow":["GET"]}}],"collection":[{"href":"https:\/\/uni.hi.is\/sigruno\/wp-json\/wp\/v2\/pages"}],"about":[{"href":"https:\/\/uni.hi.is\/sigruno\/wp-json\/wp\/v2\/types\/page"}],"author":[{"embeddable":true,"href":"https:\/\/uni.hi.is\/sigruno\/wp-json\/wp\/v2\/users\/1500"}],"replies":[{"embeddable":true,"href":"https:\/\/uni.hi.is\/sigruno\/wp-json\/wp\/v2\/comments?post=106"}],"version-history":[{"count":8,"href":"https:\/\/uni.hi.is\/sigruno\/wp-json\/wp\/v2\/pages\/106\/revisions"}],"predecessor-version":[{"id":281,"href":"https:\/\/uni.hi.is\/sigruno\/wp-json\/wp\/v2\/pages\/106\/revisions\/281"}],"wp:attachment":[{"href":"https:\/\/uni.hi.is\/sigruno\/wp-json\/wp\/v2\/media?parent=106"}],"curies":[{"name":"wp","href":"https:\/\/api.w.org\/{rel}","templated":true}]}}