{"id":108,"date":"2018-10-16T23:29:06","date_gmt":"2018-10-16T23:29:06","guid":{"rendered":"http:\/\/uni.hi.is\/sigruno\/?page_id=108"},"modified":"2019-02-10T15:06:23","modified_gmt":"2019-02-10T15:06:23","slug":"photos","status":"publish","type":"page","link":"https:\/\/uni.hi.is\/sigruno\/photos\/","title":{"rendered":"Photos"},"content":{"rendered":"<p>Various academic and personal highlights. More photos from specific events can be found under the photo tab.<\/p>\n<div id=\"attachment_157\" style=\"width: 1054px\" class=\"wp-caption alignnone\"><img loading=\"lazy\" decoding=\"async\" aria-describedby=\"caption-attachment-157\" class=\"size-full wp-image-157\" src=\"http:\/\/uni.hi.is\/sigruno\/files\/2018\/10\/Let-me-tell-you-1.jpg\" alt=\"\" width=\"1044\" height=\"696\" srcset=\"https:\/\/uni.hi.is\/sigruno\/files\/2018\/10\/Let-me-tell-you-1.jpg 1044w, https:\/\/uni.hi.is\/sigruno\/files\/2018\/10\/Let-me-tell-you-1-300x200.jpg 300w, https:\/\/uni.hi.is\/sigruno\/files\/2018\/10\/Let-me-tell-you-1-768x512.jpg 768w, https:\/\/uni.hi.is\/sigruno\/files\/2018\/10\/Let-me-tell-you-1-1024x683.jpg 1024w\" sizes=\"auto, (max-width: 1044px) 100vw, 1044px\" \/><p id=\"caption-attachment-157\" class=\"wp-caption-text\">My inaugural lecture as a professor on December 12th, 2016. Photo \u00a9 Kristinn Ingvarsson<\/p><\/div>\n<div id=\"attachment_296\" style=\"width: 970px\" class=\"wp-caption alignnone\"><img loading=\"lazy\" decoding=\"async\" aria-describedby=\"caption-attachment-296\" class=\"size-full wp-image-296\" src=\"http:\/\/uni.hi.is\/sigruno\/files\/2019\/02\/SO-BAP.jpg\" alt=\"\" width=\"960\" height=\"720\" srcset=\"https:\/\/uni.hi.is\/sigruno\/files\/2019\/02\/SO-BAP.jpg 960w, https:\/\/uni.hi.is\/sigruno\/files\/2019\/02\/SO-BAP-300x225.jpg 300w, https:\/\/uni.hi.is\/sigruno\/files\/2019\/02\/SO-BAP-768x576.jpg 768w\" sizes=\"auto, (max-width: 960px) 100vw, 960px\" \/><p id=\"caption-attachment-296\" class=\"wp-caption-text\">With Bernice A. Pesocosolido, my sociological mentor and role model. Photo \u00a9Jason Beckfield<\/p><\/div>\n<div id=\"attachment_215\" style=\"width: 1954px\" class=\"wp-caption alignnone\"><img loading=\"lazy\" decoding=\"async\" aria-describedby=\"caption-attachment-215\" class=\"size-full wp-image-215\" src=\"http:\/\/uni.hi.is\/sigruno\/files\/2019\/02\/Acta_Editorial-Team.jpg\" alt=\"\" width=\"1944\" height=\"1105\" srcset=\"https:\/\/uni.hi.is\/sigruno\/files\/2019\/02\/Acta_Editorial-Team.jpg 1944w, https:\/\/uni.hi.is\/sigruno\/files\/2019\/02\/Acta_Editorial-Team-300x171.jpg 300w, https:\/\/uni.hi.is\/sigruno\/files\/2019\/02\/Acta_Editorial-Team-768x437.jpg 768w, https:\/\/uni.hi.is\/sigruno\/files\/2019\/02\/Acta_Editorial-Team-1024x582.jpg 1024w\" sizes=\"auto, (max-width: 1944px) 100vw, 1944px\" \/><p id=\"caption-attachment-215\" class=\"wp-caption-text\">The 2019-2023 Acta Sociological Editorial Team. Photo \u00a9Kristinn Ingvarsson<\/p><\/div>\n<div id=\"attachment_177\" style=\"width: 5194px\" class=\"wp-caption alignnone\"><img loading=\"lazy\" decoding=\"async\" aria-describedby=\"caption-attachment-177\" class=\"size-full wp-image-177\" src=\"http:\/\/uni.hi.is\/sigruno\/files\/2018\/10\/KRI_felagsfr_181005_003.jpg\" alt=\"\" width=\"5184\" height=\"3456\" srcset=\"https:\/\/uni.hi.is\/sigruno\/files\/2018\/10\/KRI_felagsfr_181005_003.jpg 5184w, https:\/\/uni.hi.is\/sigruno\/files\/2018\/10\/KRI_felagsfr_181005_003-300x200.jpg 300w, https:\/\/uni.hi.is\/sigruno\/files\/2018\/10\/KRI_felagsfr_181005_003-768x512.jpg 768w, https:\/\/uni.hi.is\/sigruno\/files\/2018\/10\/KRI_felagsfr_181005_003-1024x683.jpg 1024w\" sizes=\"auto, (max-width: 5184px) 100vw, 5184px\" \/><p id=\"caption-attachment-177\" class=\"wp-caption-text\">The hosts of the Icelandic sociology podcast, Samtal vi\u00f0 Samf\u00e9lagi\u00f0. Photo \u00a9Kristinn Ingvarsson<\/p><\/div>\n<div id=\"attachment_229\" style=\"width: 730px\" class=\"wp-caption alignnone\"><img loading=\"lazy\" decoding=\"async\" aria-describedby=\"caption-attachment-229\" class=\"size-full wp-image-229\" src=\"http:\/\/uni.hi.is\/sigruno\/files\/2019\/02\/heidursfelagiFFI.jpg\" alt=\"\" width=\"720\" height=\"960\" srcset=\"https:\/\/uni.hi.is\/sigruno\/files\/2019\/02\/heidursfelagiFFI.jpg 720w, https:\/\/uni.hi.is\/sigruno\/files\/2019\/02\/heidursfelagiFFI-225x300.jpg 225w\" sizes=\"auto, (max-width: 720px) 100vw, 720px\" \/><p id=\"caption-attachment-229\" class=\"wp-caption-text\">Honorary member of the Icelandic Sociological Association on February 8th, 2019. Photo \u00a9Sunna S\u00edmonard\u00f3ttir<\/p><\/div>\n<div id=\"attachment_298\" style=\"width: 1878px\" class=\"wp-caption alignnone\"><img loading=\"lazy\" decoding=\"async\" aria-describedby=\"caption-attachment-298\" class=\"size-full wp-image-298\" src=\"http:\/\/uni.hi.is\/sigruno\/files\/2019\/02\/Opponent.jpg\" alt=\"\" width=\"1868\" height=\"990\" srcset=\"https:\/\/uni.hi.is\/sigruno\/files\/2019\/02\/Opponent.jpg 1868w, https:\/\/uni.hi.is\/sigruno\/files\/2019\/02\/Opponent-300x159.jpg 300w, https:\/\/uni.hi.is\/sigruno\/files\/2019\/02\/Opponent-768x407.jpg 768w, https:\/\/uni.hi.is\/sigruno\/files\/2019\/02\/Opponent-1024x543.jpg 1024w\" sizes=\"auto, (max-width: 1868px) 100vw, 1868px\" \/><p id=\"caption-attachment-298\" class=\"wp-caption-text\">Serving as an opponent at the Doctoral Defense of Elvar Sm\u00e1ri S\u00e6varsson, January 14th, 2019. Photo \u00a9Kristinn Ingvarsson<\/p><\/div>\n","protected":false},"excerpt":{"rendered":"<p>Various academic and personal highlights. More photos from specific events can be found under the photo tab.<\/p>\n","protected":false},"author":1500,"featured_media":0,"parent":0,"menu_order":0,"comment_status":"closed","ping_status":"closed","template":"","meta":{"footnotes":""},"class_list":["post-108","page","type-page","status-publish","hentry"],"_links":{"self":[{"href":"https:\/\/uni.hi.is\/sigruno\/wp-json\/wp\/v2\/pages\/108","targetHints":{"allow":["GET"]}}],"collection":[{"href":"https:\/\/uni.hi.is\/sigruno\/wp-json\/wp\/v2\/pages"}],"about":[{"href":"https:\/\/uni.hi.is\/sigruno\/wp-json\/wp\/v2\/types\/page"}],"author":[{"embeddable":true,"href":"https:\/\/uni.hi.is\/sigruno\/wp-json\/wp\/v2\/users\/1500"}],"replies":[{"embeddable":true,"href":"https:\/\/uni.hi.is\/sigruno\/wp-json\/wp\/v2\/comments?post=108"}],"version-history":[{"count":17,"href":"https:\/\/uni.hi.is\/sigruno\/wp-json\/wp\/v2\/pages\/108\/revisions"}],"predecessor-version":[{"id":371,"href":"https:\/\/uni.hi.is\/sigruno\/wp-json\/wp\/v2\/pages\/108\/revisions\/371"}],"wp:attachment":[{"href":"https:\/\/uni.hi.is\/sigruno\/wp-json\/wp\/v2\/media?parent=108"}],"curies":[{"name":"wp","href":"https:\/\/api.w.org\/{rel}","templated":true}]}}