{"id":174,"date":"2018-10-17T01:10:45","date_gmt":"2018-10-17T01:10:45","guid":{"rendered":"http:\/\/uni.hi.is\/sigruno\/?page_id=174"},"modified":"2019-12-19T10:31:54","modified_gmt":"2019-12-19T10:31:54","slug":"videos","status":"publish","type":"page","link":"https:\/\/uni.hi.is\/sigruno\/videos\/","title":{"rendered":"Videos"},"content":{"rendered":"<p>Inaugural lecture, December 12th, 2016<\/p>\n<p><iframe loading=\"lazy\" title=\"Innsetning Sigr\u00fanar \u00d3lafsd\u00f3ttir\" width=\"474\" height=\"267\" src=\"https:\/\/www.youtube.com\/embed\/hLm5pdd0cEw?feature=oembed\" frameborder=\"0\" allow=\"accelerometer; autoplay; clipboard-write; encrypted-media; gyroscope; picture-in-picture; web-share\" referrerpolicy=\"strict-origin-when-cross-origin\" allowfullscreen><\/iframe><\/p>\n<p>&nbsp;<\/p>\n","protected":false},"excerpt":{"rendered":"<p>Inaugural lecture, December 12th, 2016 &nbsp;<\/p>\n","protected":false},"author":1500,"featured_media":0,"parent":0,"menu_order":0,"comment_status":"closed","ping_status":"closed","template":"","meta":{"footnotes":""},"class_list":["post-174","page","type-page","status-publish","hentry"],"_links":{"self":[{"href":"https:\/\/uni.hi.is\/sigruno\/wp-json\/wp\/v2\/pages\/174","targetHints":{"allow":["GET"]}}],"collection":[{"href":"https:\/\/uni.hi.is\/sigruno\/wp-json\/wp\/v2\/pages"}],"about":[{"href":"https:\/\/uni.hi.is\/sigruno\/wp-json\/wp\/v2\/types\/page"}],"author":[{"embeddable":true,"href":"https:\/\/uni.hi.is\/sigruno\/wp-json\/wp\/v2\/users\/1500"}],"replies":[{"embeddable":true,"href":"https:\/\/uni.hi.is\/sigruno\/wp-json\/wp\/v2\/comments?post=174"}],"version-history":[{"count":7,"href":"https:\/\/uni.hi.is\/sigruno\/wp-json\/wp\/v2\/pages\/174\/revisions"}],"predecessor-version":[{"id":416,"href":"https:\/\/uni.hi.is\/sigruno\/wp-json\/wp\/v2\/pages\/174\/revisions\/416"}],"wp:attachment":[{"href":"https:\/\/uni.hi.is\/sigruno\/wp-json\/wp\/v2\/media?parent=174"}],"curies":[{"name":"wp","href":"https:\/\/api.w.org\/{rel}","templated":true}]}}