{"id":214,"date":"2019-02-10T11:03:58","date_gmt":"2019-02-10T11:03:58","guid":{"rendered":"http:\/\/uni.hi.is\/sigruno\/?page_id=214"},"modified":"2019-02-10T15:04:30","modified_gmt":"2019-02-10T15:04:30","slug":"acta-sociologica","status":"publish","type":"page","link":"https:\/\/uni.hi.is\/sigruno\/acta-sociologica\/","title":{"rendered":"Acta Sociologica"},"content":{"rendered":"<p><strong>Editorship 2019-2023<\/strong><\/p>\n<div id=\"attachment_215\" style=\"width: 1954px\" class=\"wp-caption alignnone\"><img loading=\"lazy\" decoding=\"async\" aria-describedby=\"caption-attachment-215\" class=\"size-full wp-image-215\" src=\"http:\/\/uni.hi.is\/sigruno\/files\/2019\/02\/Acta_Editorial-Team.jpg\" alt=\"\" width=\"1944\" height=\"1105\" srcset=\"https:\/\/uni.hi.is\/sigruno\/files\/2019\/02\/Acta_Editorial-Team.jpg 1944w, https:\/\/uni.hi.is\/sigruno\/files\/2019\/02\/Acta_Editorial-Team-300x171.jpg 300w, https:\/\/uni.hi.is\/sigruno\/files\/2019\/02\/Acta_Editorial-Team-768x437.jpg 768w, https:\/\/uni.hi.is\/sigruno\/files\/2019\/02\/Acta_Editorial-Team-1024x582.jpg 1024w\" sizes=\"auto, (max-width: 1944px) 100vw, 1944px\" \/><p id=\"caption-attachment-215\" class=\"wp-caption-text\">The 2019-2023 Acta Sociological Editorial Team. Photo \u00a9Kristinn Ingvarsson<\/p><\/div>\n<p>J\u00f3n Gunnar Bernburg and Sigr\u00fan \u00d3lafsd\u00f3ttir (co-editors in chief); Kjartan P\u00e1ll Sveinsson (managing editor) and Gu\u00f0mundur \u00c6var Oddsson (book editor)<\/p>\n<p>Here is a link to our letter, published in the first issue of 2019, where we briefly discuss our editorial policy: <a href=\"http:\/\/uni.hi.is\/sigruno\/files\/2019\/02\/Acta_Letter-from-incoming-editors.pdf\">Acta_Letter from incoming editors<\/a><\/p>\n<p>Sage Homepage: <a href=\"https:\/\/journals.sagepub.com\/home\/asj\">https:\/\/journals.sagepub.com\/home\/asj<\/a><\/p>\n<p>Like us on Facebook: <a href=\"https:\/\/www.facebook.com\/actasociologica\/\">https:\/\/www.facebook.com\/actasociologica\/<\/a><\/p>\n","protected":false},"excerpt":{"rendered":"<p>Editorship 2019-2023 J\u00f3n Gunnar Bernburg and Sigr\u00fan \u00d3lafsd\u00f3ttir (co-editors in chief); Kjartan P\u00e1ll Sveinsson (managing editor) and Gu\u00f0mundur \u00c6var Oddsson (book editor) Here is a link to our letter, published in the first issue of 2019, where we briefly discuss &hellip; <a href=\"https:\/\/uni.hi.is\/sigruno\/acta-sociologica\/\">Halda \u00e1fram a\u00f0 lesa <span class=\"meta-nav\">&rarr;<\/span><\/a><\/p>\n","protected":false},"author":1500,"featured_media":0,"parent":0,"menu_order":0,"comment_status":"closed","ping_status":"closed","template":"","meta":{"footnotes":""},"class_list":["post-214","page","type-page","status-publish","hentry"],"_links":{"self":[{"href":"https:\/\/uni.hi.is\/sigruno\/wp-json\/wp\/v2\/pages\/214","targetHints":{"allow":["GET"]}}],"collection":[{"href":"https:\/\/uni.hi.is\/sigruno\/wp-json\/wp\/v2\/pages"}],"about":[{"href":"https:\/\/uni.hi.is\/sigruno\/wp-json\/wp\/v2\/types\/page"}],"author":[{"embeddable":true,"href":"https:\/\/uni.hi.is\/sigruno\/wp-json\/wp\/v2\/users\/1500"}],"replies":[{"embeddable":true,"href":"https:\/\/uni.hi.is\/sigruno\/wp-json\/wp\/v2\/comments?post=214"}],"version-history":[{"count":13,"href":"https:\/\/uni.hi.is\/sigruno\/wp-json\/wp\/v2\/pages\/214\/revisions"}],"predecessor-version":[{"id":368,"href":"https:\/\/uni.hi.is\/sigruno\/wp-json\/wp\/v2\/pages\/214\/revisions\/368"}],"wp:attachment":[{"href":"https:\/\/uni.hi.is\/sigruno\/wp-json\/wp\/v2\/media?parent=214"}],"curies":[{"name":"wp","href":"https:\/\/api.w.org\/{rel}","templated":true}]}}