{"id":258,"date":"2019-02-10T13:09:09","date_gmt":"2019-02-10T13:09:09","guid":{"rendered":"http:\/\/uni.hi.is\/sigruno\/?page_id=258"},"modified":"2019-02-10T15:07:37","modified_gmt":"2019-02-10T15:07:37","slug":"inaugural-lecture","status":"publish","type":"page","link":"https:\/\/uni.hi.is\/sigruno\/photos\/inaugural-lecture\/","title":{"rendered":"Inaugural Lecture"},"content":{"rendered":"<p>Photos from my Inaugural Lecture as Professor of Sociology at the University of Iceland. A wonderful day discussing my sociological work and celebrating with friends, family and colleagues. Photos \u00a9Kristinn Ingvarsson<\/p>\n<p>'<img loading=\"lazy\" decoding=\"async\" class=\"alignnone size-medium wp-image-157\" src=\"http:\/\/uni.hi.is\/sigruno\/files\/2018\/10\/Let-me-tell-you-1-300x200.jpg\" alt=\"\" width=\"300\" height=\"200\" srcset=\"https:\/\/uni.hi.is\/sigruno\/files\/2018\/10\/Let-me-tell-you-1-300x200.jpg 300w, https:\/\/uni.hi.is\/sigruno\/files\/2018\/10\/Let-me-tell-you-1-768x512.jpg 768w, https:\/\/uni.hi.is\/sigruno\/files\/2018\/10\/Let-me-tell-you-1-1024x683.jpg 1024w, https:\/\/uni.hi.is\/sigruno\/files\/2018\/10\/Let-me-tell-you-1.jpg 1044w\" sizes=\"auto, (max-width: 300px) 100vw, 300px\" \/> <img loading=\"lazy\" decoding=\"async\" class=\"alignnone size-medium wp-image-152\" src=\"http:\/\/uni.hi.is\/sigruno\/files\/2018\/10\/Fyrst-mynd-300x200.jpg\" alt=\"\" width=\"300\" height=\"200\" srcset=\"https:\/\/uni.hi.is\/sigruno\/files\/2018\/10\/Fyrst-mynd-300x200.jpg 300w, https:\/\/uni.hi.is\/sigruno\/files\/2018\/10\/Fyrst-mynd-768x512.jpg 768w, https:\/\/uni.hi.is\/sigruno\/files\/2018\/10\/Fyrst-mynd-1024x683.jpg 1024w, https:\/\/uni.hi.is\/sigruno\/files\/2018\/10\/Fyrst-mynd.jpg 1080w\" sizes=\"auto, (max-width: 300px) 100vw, 300px\" \/> <img loading=\"lazy\" decoding=\"async\" class=\"alignnone size-medium wp-image-149\" src=\"http:\/\/uni.hi.is\/sigruno\/files\/2018\/10\/athygli-300x192.jpg\" alt=\"\" width=\"300\" height=\"192\" srcset=\"https:\/\/uni.hi.is\/sigruno\/files\/2018\/10\/athygli-300x192.jpg 300w, https:\/\/uni.hi.is\/sigruno\/files\/2018\/10\/athygli-768x492.jpg 768w, https:\/\/uni.hi.is\/sigruno\/files\/2018\/10\/athygli-1024x656.jpg 1024w, https:\/\/uni.hi.is\/sigruno\/files\/2018\/10\/athygli.jpg 1296w\" sizes=\"auto, (max-width: 300px) 100vw, 300px\" \/> <img loading=\"lazy\" decoding=\"async\" class=\"alignnone size-medium wp-image-148\" src=\"http:\/\/uni.hi.is\/sigruno\/files\/2018\/10\/F\u00c9LAGSFR\u00c6\u00d0INGAR-300x159.jpg\" alt=\"\" width=\"300\" height=\"159\" srcset=\"https:\/\/uni.hi.is\/sigruno\/files\/2018\/10\/F\u00c9LAGSFR\u00c6\u00d0INGAR-300x159.jpg 300w, https:\/\/uni.hi.is\/sigruno\/files\/2018\/10\/F\u00c9LAGSFR\u00c6\u00d0INGAR-768x407.jpg 768w, https:\/\/uni.hi.is\/sigruno\/files\/2018\/10\/F\u00c9LAGSFR\u00c6\u00d0INGAR-1024x543.jpg 1024w, https:\/\/uni.hi.is\/sigruno\/files\/2018\/10\/F\u00c9LAGSFR\u00c6\u00d0INGAR.jpg 1296w\" sizes=\"auto, (max-width: 300px) 100vw, 300px\" \/> <img loading=\"lazy\" decoding=\"async\" class=\"alignnone size-medium wp-image-155\" src=\"http:\/\/uni.hi.is\/sigruno\/files\/2018\/10\/Why-sociology-300x200.jpg\" alt=\"\" width=\"300\" height=\"200\" srcset=\"https:\/\/uni.hi.is\/sigruno\/files\/2018\/10\/Why-sociology-300x200.jpg 300w, https:\/\/uni.hi.is\/sigruno\/files\/2018\/10\/Why-sociology-768x512.jpg 768w, https:\/\/uni.hi.is\/sigruno\/files\/2018\/10\/Why-sociology-1024x683.jpg 1024w, https:\/\/uni.hi.is\/sigruno\/files\/2018\/10\/Why-sociology.jpg 1296w\" sizes=\"auto, (max-width: 300px) 100vw, 300px\" \/> <img loading=\"lazy\" decoding=\"async\" class=\"alignnone size-medium wp-image-147\" src=\"http:\/\/uni.hi.is\/sigruno\/files\/2018\/10\/THIS-IS-SO-GOOD-300x200.jpg\" alt=\"\" width=\"300\" height=\"200\" srcset=\"https:\/\/uni.hi.is\/sigruno\/files\/2018\/10\/THIS-IS-SO-GOOD-300x200.jpg 300w, https:\/\/uni.hi.is\/sigruno\/files\/2018\/10\/THIS-IS-SO-GOOD-768x512.jpg 768w, https:\/\/uni.hi.is\/sigruno\/files\/2018\/10\/THIS-IS-SO-GOOD-1024x683.jpg 1024w, https:\/\/uni.hi.is\/sigruno\/files\/2018\/10\/THIS-IS-SO-GOOD.jpg 1296w\" sizes=\"auto, (max-width: 300px) 100vw, 300px\" \/> <img loading=\"lazy\" decoding=\"async\" class=\"alignnone size-medium wp-image-156\" src=\"http:\/\/uni.hi.is\/sigruno\/files\/2018\/10\/fa\u00f0ir-a\u00f0-p\u00f3sta-300x193.jpg\" alt=\"\" width=\"300\" height=\"193\" srcset=\"https:\/\/uni.hi.is\/sigruno\/files\/2018\/10\/fa\u00f0ir-a\u00f0-p\u00f3sta-300x193.jpg 300w, https:\/\/uni.hi.is\/sigruno\/files\/2018\/10\/fa\u00f0ir-a\u00f0-p\u00f3sta-768x495.jpg 768w, https:\/\/uni.hi.is\/sigruno\/files\/2018\/10\/fa\u00f0ir-a\u00f0-p\u00f3sta-1024x659.jpg 1024w, https:\/\/uni.hi.is\/sigruno\/files\/2018\/10\/fa\u00f0ir-a\u00f0-p\u00f3sta.jpg 1163w\" sizes=\"auto, (max-width: 300px) 100vw, 300px\" \/> <img loading=\"lazy\" decoding=\"async\" class=\"alignnone size-medium wp-image-150\" src=\"http:\/\/uni.hi.is\/sigruno\/files\/2018\/10\/Lokina-hlusta\u00f0-\u00e1-mann-300x200.jpg\" alt=\"\" width=\"300\" height=\"200\" srcset=\"https:\/\/uni.hi.is\/sigruno\/files\/2018\/10\/Lokina-hlusta\u00f0-\u00e1-mann-300x200.jpg 300w, https:\/\/uni.hi.is\/sigruno\/files\/2018\/10\/Lokina-hlusta\u00f0-\u00e1-mann-768x512.jpg 768w, https:\/\/uni.hi.is\/sigruno\/files\/2018\/10\/Lokina-hlusta\u00f0-\u00e1-mann-1024x683.jpg 1024w, https:\/\/uni.hi.is\/sigruno\/files\/2018\/10\/Lokina-hlusta\u00f0-\u00e1-mann.jpg 1296w\" sizes=\"auto, (max-width: 300px) 100vw, 300px\" \/> <img loading=\"lazy\" decoding=\"async\" class=\"alignnone size-medium wp-image-151\" src=\"http:\/\/uni.hi.is\/sigruno\/files\/2018\/10\/hva\u00f0-get-\u00e9g-sagt-ykkur-300x200.jpg\" alt=\"\" width=\"300\" height=\"200\" srcset=\"https:\/\/uni.hi.is\/sigruno\/files\/2018\/10\/hva\u00f0-get-\u00e9g-sagt-ykkur-300x200.jpg 300w, https:\/\/uni.hi.is\/sigruno\/files\/2018\/10\/hva\u00f0-get-\u00e9g-sagt-ykkur-768x512.jpg 768w, https:\/\/uni.hi.is\/sigruno\/files\/2018\/10\/hva\u00f0-get-\u00e9g-sagt-ykkur-1024x683.jpg 1024w, https:\/\/uni.hi.is\/sigruno\/files\/2018\/10\/hva\u00f0-get-\u00e9g-sagt-ykkur.jpg 1296w\" sizes=\"auto, (max-width: 300px) 100vw, 300px\" \/> <img loading=\"lazy\" decoding=\"async\" class=\"alignnone size-medium wp-image-154\" src=\"http:\/\/uni.hi.is\/sigruno\/files\/2018\/10\/Fullur-Oddi-1-300x200.jpg\" alt=\"\" width=\"300\" height=\"200\" srcset=\"https:\/\/uni.hi.is\/sigruno\/files\/2018\/10\/Fullur-Oddi-1-300x200.jpg 300w, https:\/\/uni.hi.is\/sigruno\/files\/2018\/10\/Fullur-Oddi-1-768x512.jpg 768w, https:\/\/uni.hi.is\/sigruno\/files\/2018\/10\/Fullur-Oddi-1-1024x683.jpg 1024w, https:\/\/uni.hi.is\/sigruno\/files\/2018\/10\/Fullur-Oddi-1.jpg 1296w\" sizes=\"auto, (max-width: 300px) 100vw, 300px\" \/> <img loading=\"lazy\" decoding=\"async\" class=\"alignnone size-medium wp-image-145\" src=\"http:\/\/uni.hi.is\/sigruno\/files\/2018\/10\/friends-\u00fe\u00f3rd\u00eds-j\u00f3n-gunnar-300x200.jpg\" alt=\"\" width=\"300\" height=\"200\" srcset=\"https:\/\/uni.hi.is\/sigruno\/files\/2018\/10\/friends-\u00fe\u00f3rd\u00eds-j\u00f3n-gunnar-300x200.jpg 300w, https:\/\/uni.hi.is\/sigruno\/files\/2018\/10\/friends-\u00fe\u00f3rd\u00eds-j\u00f3n-gunnar-768x512.jpg 768w, https:\/\/uni.hi.is\/sigruno\/files\/2018\/10\/friends-\u00fe\u00f3rd\u00eds-j\u00f3n-gunnar.jpg 990w\" sizes=\"auto, (max-width: 300px) 100vw, 300px\" \/> <img loading=\"lazy\" decoding=\"async\" class=\"alignnone size-medium wp-image-146\" src=\"http:\/\/uni.hi.is\/sigruno\/files\/2018\/10\/LET-ME-THINK-300x200.jpg\" alt=\"\" width=\"300\" height=\"200\" srcset=\"https:\/\/uni.hi.is\/sigruno\/files\/2018\/10\/LET-ME-THINK-300x200.jpg 300w, https:\/\/uni.hi.is\/sigruno\/files\/2018\/10\/LET-ME-THINK-768x512.jpg 768w, https:\/\/uni.hi.is\/sigruno\/files\/2018\/10\/LET-ME-THINK-1024x683.jpg 1024w, https:\/\/uni.hi.is\/sigruno\/files\/2018\/10\/LET-ME-THINK.jpg 1296w\" sizes=\"auto, (max-width: 300px) 100vw, 300px\" \/> <img loading=\"lazy\" decoding=\"async\" class=\"alignnone size-medium wp-image-138\" src=\"http:\/\/uni.hi.is\/sigruno\/files\/2018\/10\/me\u00f0-\u00fe\u00f3r\u00f3lfi-300x200.jpg\" alt=\"\" width=\"300\" height=\"200\" srcset=\"https:\/\/uni.hi.is\/sigruno\/files\/2018\/10\/me\u00f0-\u00fe\u00f3r\u00f3lfi-300x200.jpg 300w, https:\/\/uni.hi.is\/sigruno\/files\/2018\/10\/me\u00f0-\u00fe\u00f3r\u00f3lfi-768x512.jpg 768w, https:\/\/uni.hi.is\/sigruno\/files\/2018\/10\/me\u00f0-\u00fe\u00f3r\u00f3lfi-1024x683.jpg 1024w, https:\/\/uni.hi.is\/sigruno\/files\/2018\/10\/me\u00f0-\u00fe\u00f3r\u00f3lfi.jpg 1296w\" sizes=\"auto, (max-width: 300px) 100vw, 300px\" \/> <img loading=\"lazy\" decoding=\"async\" class=\"alignnone size-medium wp-image-139\" src=\"http:\/\/uni.hi.is\/sigruno\/files\/2018\/10\/R\u00fanar-300x200.jpg\" alt=\"\" width=\"300\" height=\"200\" srcset=\"https:\/\/uni.hi.is\/sigruno\/files\/2018\/10\/R\u00fanar-300x200.jpg 300w, https:\/\/uni.hi.is\/sigruno\/files\/2018\/10\/R\u00fanar-768x512.jpg 768w, https:\/\/uni.hi.is\/sigruno\/files\/2018\/10\/R\u00fanar-1024x683.jpg 1024w, https:\/\/uni.hi.is\/sigruno\/files\/2018\/10\/R\u00fanar.jpg 1218w\" sizes=\"auto, (max-width: 300px) 100vw, 300px\" \/>\u00a0 <img loading=\"lazy\" decoding=\"async\" class=\"alignnone size-medium wp-image-135\" src=\"http:\/\/uni.hi.is\/sigruno\/files\/2018\/10\/mom-300x196.jpg\" alt=\"\" width=\"300\" height=\"196\" srcset=\"https:\/\/uni.hi.is\/sigruno\/files\/2018\/10\/mom-300x196.jpg 300w, https:\/\/uni.hi.is\/sigruno\/files\/2018\/10\/mom-768x502.jpg 768w, https:\/\/uni.hi.is\/sigruno\/files\/2018\/10\/mom-1024x669.jpg 1024w, https:\/\/uni.hi.is\/sigruno\/files\/2018\/10\/mom.jpg 1211w\" sizes=\"auto, (max-width: 300px) 100vw, 300px\" \/> <img loading=\"lazy\" decoding=\"async\" class=\"alignnone size-medium wp-image-134\" src=\"http:\/\/uni.hi.is\/sigruno\/files\/2018\/10\/Fullur-Oddi-300x200.jpg\" alt=\"\" width=\"300\" height=\"200\" srcset=\"https:\/\/uni.hi.is\/sigruno\/files\/2018\/10\/Fullur-Oddi-300x200.jpg 300w, https:\/\/uni.hi.is\/sigruno\/files\/2018\/10\/Fullur-Oddi-768x512.jpg 768w, https:\/\/uni.hi.is\/sigruno\/files\/2018\/10\/Fullur-Oddi-1024x683.jpg 1024w, https:\/\/uni.hi.is\/sigruno\/files\/2018\/10\/Fullur-Oddi.jpg 1296w\" sizes=\"auto, (max-width: 300px) 100vw, 300px\" \/> <img loading=\"lazy\" decoding=\"async\" class=\"alignnone size-medium wp-image-132\" src=\"http:\/\/uni.hi.is\/sigruno\/files\/2018\/10\/proud-jason-300x200.jpg\" alt=\"\" width=\"300\" height=\"200\" srcset=\"https:\/\/uni.hi.is\/sigruno\/files\/2018\/10\/proud-jason-300x200.jpg 300w, https:\/\/uni.hi.is\/sigruno\/files\/2018\/10\/proud-jason-768x512.jpg 768w, https:\/\/uni.hi.is\/sigruno\/files\/2018\/10\/proud-jason-1024x683.jpg 1024w, https:\/\/uni.hi.is\/sigruno\/files\/2018\/10\/proud-jason.jpg 1296w\" sizes=\"auto, (max-width: 300px) 100vw, 300px\" \/> <img loading=\"lazy\" decoding=\"async\" class=\"alignnone size-medium wp-image-140\" src=\"http:\/\/uni.hi.is\/sigruno\/files\/2018\/10\/amma-og-da\u00f0i-300x200.jpg\" alt=\"\" width=\"300\" height=\"200\" srcset=\"https:\/\/uni.hi.is\/sigruno\/files\/2018\/10\/amma-og-da\u00f0i-300x200.jpg 300w, https:\/\/uni.hi.is\/sigruno\/files\/2018\/10\/amma-og-da\u00f0i-768x512.jpg 768w, https:\/\/uni.hi.is\/sigruno\/files\/2018\/10\/amma-og-da\u00f0i-1024x683.jpg 1024w, https:\/\/uni.hi.is\/sigruno\/files\/2018\/10\/amma-og-da\u00f0i.jpg 1296w\" sizes=\"auto, (max-width: 300px) 100vw, 300px\" \/> <img loading=\"lazy\" decoding=\"async\" class=\"alignnone size-medium wp-image-144\" src=\"http:\/\/uni.hi.is\/sigruno\/files\/2018\/10\/Framt\u00ed\u00f0-og-fort\u00ed\u00f0-300x200.jpg\" alt=\"\" width=\"300\" height=\"200\" srcset=\"https:\/\/uni.hi.is\/sigruno\/files\/2018\/10\/Framt\u00ed\u00f0-og-fort\u00ed\u00f0-300x200.jpg 300w, https:\/\/uni.hi.is\/sigruno\/files\/2018\/10\/Framt\u00ed\u00f0-og-fort\u00ed\u00f0-768x512.jpg 768w, https:\/\/uni.hi.is\/sigruno\/files\/2018\/10\/Framt\u00ed\u00f0-og-fort\u00ed\u00f0-1024x683.jpg 1024w, https:\/\/uni.hi.is\/sigruno\/files\/2018\/10\/Framt\u00ed\u00f0-og-fort\u00ed\u00f0.jpg 1296w\" sizes=\"auto, (max-width: 300px) 100vw, 300px\" \/> <img loading=\"lazy\" decoding=\"async\" class=\"alignnone size-medium wp-image-141\" src=\"http:\/\/uni.hi.is\/sigruno\/files\/2018\/10\/sistur-300x200.jpg\" alt=\"\" width=\"300\" height=\"200\" srcset=\"https:\/\/uni.hi.is\/sigruno\/files\/2018\/10\/sistur-300x200.jpg 300w, https:\/\/uni.hi.is\/sigruno\/files\/2018\/10\/sistur-768x512.jpg 768w, https:\/\/uni.hi.is\/sigruno\/files\/2018\/10\/sistur-1024x683.jpg 1024w, https:\/\/uni.hi.is\/sigruno\/files\/2018\/10\/sistur.jpg 1296w\" sizes=\"auto, (max-width: 300px) 100vw, 300px\" \/> <img loading=\"lazy\" decoding=\"async\" class=\"alignnone size-medium wp-image-143\" src=\"http:\/\/uni.hi.is\/sigruno\/files\/2018\/10\/FJ\u00f6lskyldan-300x204.jpg\" alt=\"\" width=\"300\" height=\"204\" srcset=\"https:\/\/uni.hi.is\/sigruno\/files\/2018\/10\/FJ\u00f6lskyldan-300x204.jpg 300w, https:\/\/uni.hi.is\/sigruno\/files\/2018\/10\/FJ\u00f6lskyldan-768x523.jpg 768w, https:\/\/uni.hi.is\/sigruno\/files\/2018\/10\/FJ\u00f6lskyldan-1024x698.jpg 1024w, https:\/\/uni.hi.is\/sigruno\/files\/2018\/10\/FJ\u00f6lskyldan.jpg 1099w\" sizes=\"auto, (max-width: 300px) 100vw, 300px\" \/> <img loading=\"lazy\" decoding=\"async\" class=\"alignnone size-medium wp-image-153\" src=\"http:\/\/uni.hi.is\/sigruno\/files\/2018\/10\/cool-300x200.jpg\" alt=\"\" width=\"300\" height=\"200\" srcset=\"https:\/\/uni.hi.is\/sigruno\/files\/2018\/10\/cool-300x200.jpg 300w, https:\/\/uni.hi.is\/sigruno\/files\/2018\/10\/cool-768x512.jpg 768w, https:\/\/uni.hi.is\/sigruno\/files\/2018\/10\/cool-1024x683.jpg 1024w, https:\/\/uni.hi.is\/sigruno\/files\/2018\/10\/cool.jpg 1296w\" sizes=\"auto, (max-width: 300px) 100vw, 300px\" \/> <img loading=\"lazy\" decoding=\"async\" class=\"alignnone size-medium wp-image-127\" src=\"http:\/\/uni.hi.is\/sigruno\/files\/2018\/10\/Friends-300x186.jpg\" alt=\"\" width=\"300\" height=\"186\" srcset=\"https:\/\/uni.hi.is\/sigruno\/files\/2018\/10\/Friends-300x186.jpg 300w, https:\/\/uni.hi.is\/sigruno\/files\/2018\/10\/Friends-768x476.jpg 768w, https:\/\/uni.hi.is\/sigruno\/files\/2018\/10\/Friends-1024x635.jpg 1024w, https:\/\/uni.hi.is\/sigruno\/files\/2018\/10\/Friends.jpg 1296w\" sizes=\"auto, (max-width: 300px) 100vw, 300px\" \/><\/p>\n","protected":false},"excerpt":{"rendered":"<p>Photos from my Inaugural Lecture as Professor of Sociology at the University of Iceland. A wonderful day discussing my sociological work and celebrating with friends, family and colleagues. Photos \u00a9Kristinn Ingvarsson ' \u00a0<\/p>\n","protected":false},"author":1500,"featured_media":149,"parent":108,"menu_order":0,"comment_status":"closed","ping_status":"closed","template":"","meta":{"footnotes":""},"class_list":["post-258","page","type-page","status-publish","has-post-thumbnail","hentry"],"_links":{"self":[{"href":"https:\/\/uni.hi.is\/sigruno\/wp-json\/wp\/v2\/pages\/258","targetHints":{"allow":["GET"]}}],"collection":[{"href":"https:\/\/uni.hi.is\/sigruno\/wp-json\/wp\/v2\/pages"}],"about":[{"href":"https:\/\/uni.hi.is\/sigruno\/wp-json\/wp\/v2\/types\/page"}],"author":[{"embeddable":true,"href":"https:\/\/uni.hi.is\/sigruno\/wp-json\/wp\/v2\/users\/1500"}],"replies":[{"embeddable":true,"href":"https:\/\/uni.hi.is\/sigruno\/wp-json\/wp\/v2\/comments?post=258"}],"version-history":[{"count":9,"href":"https:\/\/uni.hi.is\/sigruno\/wp-json\/wp\/v2\/pages\/258\/revisions"}],"predecessor-version":[{"id":374,"href":"https:\/\/uni.hi.is\/sigruno\/wp-json\/wp\/v2\/pages\/258\/revisions\/374"}],"up":[{"embeddable":true,"href":"https:\/\/uni.hi.is\/sigruno\/wp-json\/wp\/v2\/pages\/108"}],"wp:featuredmedia":[{"embeddable":true,"href":"https:\/\/uni.hi.is\/sigruno\/wp-json\/wp\/v2\/media\/149"}],"wp:attachment":[{"href":"https:\/\/uni.hi.is\/sigruno\/wp-json\/wp\/v2\/media?parent=258"}],"curies":[{"name":"wp","href":"https:\/\/api.w.org\/{rel}","templated":true}]}}