{"id":92,"date":"2018-10-16T23:26:41","date_gmt":"2018-10-16T23:26:41","guid":{"rendered":"http:\/\/uni.hi.is\/sigruno\/?page_id=92"},"modified":"2019-02-11T16:39:40","modified_gmt":"2019-02-11T16:39:40","slug":"publications","status":"publish","type":"page","link":"https:\/\/uni.hi.is\/sigruno\/publications\/","title":{"rendered":"Publications"},"content":{"rendered":"<div class=\"page\" title=\"Page 1\">\n<div class=\"layoutArea\">\n<div class=\"column\">\n<p><strong>PEER REVIEWED JOURNAL ARTICLES<\/strong><\/p>\n<p>Manago, Bianca, Bernice A. Pescosolido and Sigrun Olafsdottir. 2018. \u201cIcelandic Inclusion, German hesitation, and United States\u00b4Fear: A Cross-Cultural Comparison of Mental Health Stigma and the Media.\u201d <em>Scandinavian Journal of Public Health.\u00a0\u00a0\u00a0\u00a0\u00a0\u00a0 <\/em><a href=\"http:\/\/uni.hi.is\/sigruno\/files\/2019\/02\/Manago-Pescosolido-Olafsdottir-2019.pdf\">Manago, Pescosolido &amp; Olafsdottir 2019<\/a><\/p>\n<p>Bakhtiari, Elyas, Sigrun Olafsdottir and Jason Beckfield. 2018. \u201cInstitutions, Incorporation, and Inequality: The Case of Minority Health Inequalities in Europe.\u201d <em>Journal of Health and Social Behavior <\/em>59: 248-267.\u00a0\u00a0\u00a0\u00a0\u00a0\u00a0\u00a0\u00a0\u00a0\u00a0\u00a0\u00a0\u00a0\u00a0\u00a0\u00a0\u00a0\u00a0\u00a0\u00a0\u00a0\u00a0\u00a0\u00a0\u00a0\u00a0\u00a0\u00a0\u00a0\u00a0\u00a0\u00a0\u00a0\u00a0\u00a0\u00a0\u00a0\u00a0\u00a0\u00a0\u00a0\u00a0\u00a0\u00a0\u00a0\u00a0\u00a0\u00a0\u00a0\u00a0\u00a0\u00a0 <a href=\"http:\/\/uni.hi.is\/sigruno\/files\/2019\/02\/Bakhtiari-Olafsdottir-Beckfield-2018.pdf\">Bakhtiari, Olafsdottir &amp; Beckfield 2018<\/a><\/p>\n<p>Bacak Valerio and Sigrun Olafsdottir. 2017. \u201cGender and Validity of Self-Rated Health in Nineteen European Countries.\u201d <em>Scandinavian Journal of Public Health <\/em>45:647-53.<\/p>\n<p>Olafsdottir, Sigrun. 2017. \u201cGendered Health Inequalities in Mental Well-Being? The Nordic Countries in a Comparative Perspective.\u201d <em>Scandinavian Journal of Public Health,<\/em> 45:185-94.<\/p>\n<p>Pescosolido, Bernice A., Jack K. Martin, Sigrun Olafsdottir, J. Scott Long, Karen Kafadar, and Tait R. Medina. 2015. \u201cThe Theory of Industrial Society and Cultural Schemas: Does the \u201cCultural Myth of Stigma\u201d underlie the WHO Schizophrenia Paradox?\u201d <em>American Journal of Sociology, <\/em>121:783-825.<\/p>\n<p><em>\u00a0<\/em>Olafsdottir, Sigrun, Elyas Bakhtiari and Emily Barman. 2014. \u201cPublic or Private? The Role of the State and Civil Society in Health and Health Inequalities across Nations.\u201c <em>Social Science and Medicine, <\/em>123:174-81.<\/p>\n<p>Olafsdottir, Sigrun, Jason Beckfield, and Elyas Bakhtiari. 2013. \u201cContextualizing Disparities: The Case for Comparative Research on Social Inequalities in Healthcare.\u201d <em>Research in the Sociology of Health Care, <\/em>31: 299-317.<\/p>\n<p>Beckfield, Jason, Sigrun Olafsdottir and Ben Sosnaud. 2013. \u201cHealthcare Systems in Comparative Perspective: Classification, Convergence, Institutions, Disparities, and Five Missed Turns. <em>Annual Review of Sociology, <\/em>39:127-46.<\/p>\n<p>Beckfield, Jason, Sigrun Olafsdottir and Elyas Bakhtiari. 2013. \u201cHealth Inequalities in Global Context.\u201d <em>American Behavioral Scientist<\/em>, 57:1014-39.<\/p>\n<p>Ragnarsdottir, Berglind, Jon G. Bernburg and Sigrun Olafsdottir. 2013. \u201cThe Global Financial Crisis and Individual Distress: The Role of Subjective Comparisons after the Collapse of the Icelandic Economy.\u201d <em>Sociology,<\/em> 47:755-75.<\/p>\n<p>Sachweh, Patrick and Sigrun Olafsdottir. 2012. \u201cThe Welfare State and Equality? Stratification Realities and Aspirations in Three Welfare Regimes.\u201d <em>European Sociological Review <\/em>28:149-68 (Lead article).<\/p>\n<p>Olafsdottir, Sigrun and Bernice A. Pescosolido. 2011. \u201cConstructing Illness: How the Public in Eight Western Nations Responds to a Clinical Description of \u201cSchizophrenia.\u201d <em>Social Science and Medicine<\/em> 73:929-38.<\/p>\n<p>Olafsdottir, Sigrun and Jon G. Bernburg. 2010. \u201cFord\u00f3mar og Ge\u00f0r\u00e6n Vandam\u00e1l: Samanbur\u00f0ur \u00e1 \u00deremur L\u00f6ndum [Stigma and Mental Illness: A Three-Country Comparison]\u201c <em>\u00cdslenska \u00dej\u00f3\u00f0f\u00e9lagi\u00f0 <\/em>1:69-94.<\/p>\n<p>Pescosolido, Bernice and Sigrun Olafsdottir. 2010. \u201cThe Cultural Turn in Sociology: Can it help us Resolve an Age-Old Problem in Understanding Decision-Making for Health Care?\u201d <em>Sociological Forum <\/em>25:655-76.<\/p>\n<p>Olafsdottir, Sigrun and Bernice A. Pescosolido. 2009. \u201cDrawing the Line: The Cultural Cartography of Utilization Preferences for Mental Health Problems.\u201d <em>Journal of Health and Social Behavior <\/em>50:228-44.<\/p>\n<p>Bolzendahl, Catherine and Sigrun Olafsdottir. 2008. \u201cGender Group Interest or Gender Ideology? Comparing Americans' Support of Family Policy within the Liberal Welfare Regime.\u201d <em>Sociological Perspectives <\/em>51:281-304.<\/p>\n<p>Kikuzawa, Saeko, Sigrun Olafsdottir, and Bernice A. Pescosolido. 2008. \u201cSimilar Pressures, Different Context: Public Attitudes to Government Intervention for Health Care in 21 Nations.\u201d <em>Journal of Health and Social Behavior<\/em> 49:385-99.<\/p>\n<p>Pescosolido, Bernice A., Jack K. Martin, Annie Lang, and Sigrun Olafsdottir. 2008. \u201cRethinking Theoretical Approaches to Stigma: A Framework Integrating Normative Influences on Stigma (FINIS).\u201d <em>Social Science and Medicine<\/em> 67:431-40.<\/p>\n<p>Pescosolido, Bernice, A., Peter Jensen, Jack K. Martin, Jane McLeod, Brea L. Perry, Sigrun Olafsdottir, and Danielle Fettes. 2008. Public Knowledge and Assessment of Child Mental Health Problems: Findings from the National Stigma Study-Children.\u201d <em>Journal of the American Academy of Child and Adolescent Psychiatry<\/em> 47:339-49.<em>\u00a0 <\/em><\/p>\n<p>Olafsdottir, Sigrun. 2007. \"Fundamental Causes of Health Disparities: Stratification, the Welfare State and Health in Iceland and the United States.\"\u00a0<em>Journal of Health and Social Behavior\u00a0<\/em>48:239-53.\u00a0\u00a0\u00a0\u00a0\u00a0\u00a0\u00a0\u00a0\u00a0\u00a0\u00a0\u00a0\u00a0\u00a0\u00a0\u00a0\u00a0\u00a0\u00a0\u00a0\u00a0\u00a0\u00a0\u00a0\u00a0\u00a0\u00a0\u00a0\u00a0\u00a0\u00a0\u00a0\u00a0\u00a0\u00a0\u00a0\u00a0\u00a0\u00a0\u00a0\u00a0\u00a0\u00a0\u00a0\u00a0\u00a0\u00a0\u00a0\u00a0\u00a0\u00a0\u00a0\u00a0\u00a0\u00a0\u00a0\u00a0\u00a0\u00a0\u00a0\u00a0\u00a0\u00a0\u00a0\u00a0\u00a0\u00a0\u00a0\u00a0\u00a0\u00a0\u00a0\u00a0\u00a0\u00a0\u00a0\u00a0\u00a0\u00a0\u00a0\u00a0\u00a0\u00a0\u00a0\u00a0\u00a0\u00a0\u00a0\u00a0\u00a0\u00a0\u00a0\u00a0\u00a0\u00a0\u00a0\u00a0\u00a0\u00a0\u00a0\u00a0\u00a0\u00a0\u00a0\u00a0\u00a0\u00a0\u00a0 <a href=\"http:\/\/uni.hi.is\/sigruno\/files\/2018\/10\/Olafsdottir-2007.pdf\">Olafsdottir 2007<\/a><\/p>\n<p>Martin, Jack K., Bernice A. Pescosolido, Sigrun Olafsdottir and Jane D. McLeod. 2007. \"The Construction of Fear: Americans\u2019 Preferences for Social Distance from Children and Adolescents with Mental Health Problems\"\u00a0<em>Journal of Health and Social Behavior<\/em> 45:50-67.\u00a0\u00a0\u00a0\u00a0\u00a0\u00a0\u00a0\u00a0\u00a0\u00a0\u00a0\u00a0\u00a0\u00a0\u00a0\u00a0\u00a0\u00a0\u00a0\u00a0\u00a0\u00a0\u00a0\u00a0\u00a0\u00a0\u00a0\u00a0\u00a0\u00a0\u00a0\u00a0\u00a0\u00a0\u00a0\u00a0\u00a0\u00a0\u00a0\u00a0\u00a0\u00a0\u00a0\u00a0\u00a0\u00a0\u00a0\u00a0\u00a0\u00a0\u00a0\u00a0\u00a0\u00a0\u00a0\u00a0\u00a0\u00a0\u00a0\u00a0\u00a0\u00a0\u00a0\u00a0\u00a0\u00a0\u00a0\u00a0\u00a0\u00a0\u00a0\u00a0\u00a0\u00a0\u00a0\u00a0\u00a0\u00a0\u00a0\u00a0\u00a0\u00a0\u00a0\u00a0\u00a0\u00a0\u00a0\u00a0\u00a0\u00a0\u00a0\u00a0\u00a0\u00a0\u00a0\u00a0\u00a0\u00a0\u00a0\u00a0\u00a0\u00a0\u00a0\u00a0\u00a0\u00a0\u00a0\u00a0\u00a0\u00a0\u00a0\u00a0\u00a0\u00a0\u00a0\u00a0\u00a0\u00a0\u00a0\u00a0\u00a0\u00a0\u00a0\u00a0\u00a0\u00a0\u00a0\u00a0\u00a0\u00a0\u00a0\u00a0\u00a0\u00a0\u00a0\u00a0 <a href=\"http:\/\/uni.hi.is\/sigruno\/files\/2018\/10\/Martin-et-al.-2007.pdf\">Martin et al. 2007<\/a><\/p>\n<\/div>\n<\/div>\n<\/div>\n<p>&nbsp;<\/p>\n","protected":false},"excerpt":{"rendered":"<p>PEER REVIEWED JOURNAL ARTICLES Manago, Bianca, Bernice A. Pescosolido and Sigrun Olafsdottir. 2018. \u201cIcelandic Inclusion, German hesitation, and United States\u00b4Fear: A Cross-Cultural Comparison of Mental Health Stigma and the Media.\u201d Scandinavian Journal of Public Health.\u00a0\u00a0\u00a0\u00a0\u00a0\u00a0 Manago, Pescosolido &amp; Olafsdottir 2019 &hellip; <a href=\"https:\/\/uni.hi.is\/sigruno\/publications\/\">Halda \u00e1fram a\u00f0 lesa <span class=\"meta-nav\">&rarr;<\/span><\/a><\/p>\n","protected":false},"author":1500,"featured_media":0,"parent":0,"menu_order":0,"comment_status":"closed","ping_status":"closed","template":"","meta":{"footnotes":""},"class_list":["post-92","page","type-page","status-publish","hentry"],"_links":{"self":[{"href":"https:\/\/uni.hi.is\/sigruno\/wp-json\/wp\/v2\/pages\/92","targetHints":{"allow":["GET"]}}],"collection":[{"href":"https:\/\/uni.hi.is\/sigruno\/wp-json\/wp\/v2\/pages"}],"about":[{"href":"https:\/\/uni.hi.is\/sigruno\/wp-json\/wp\/v2\/types\/page"}],"author":[{"embeddable":true,"href":"https:\/\/uni.hi.is\/sigruno\/wp-json\/wp\/v2\/users\/1500"}],"replies":[{"embeddable":true,"href":"https:\/\/uni.hi.is\/sigruno\/wp-json\/wp\/v2\/comments?post=92"}],"version-history":[{"count":14,"href":"https:\/\/uni.hi.is\/sigruno\/wp-json\/wp\/v2\/pages\/92\/revisions"}],"predecessor-version":[{"id":397,"href":"https:\/\/uni.hi.is\/sigruno\/wp-json\/wp\/v2\/pages\/92\/revisions\/397"}],"wp:attachment":[{"href":"https:\/\/uni.hi.is\/sigruno\/wp-json\/wp\/v2\/media?parent=92"}],"curies":[{"name":"wp","href":"https:\/\/api.w.org\/{rel}","templated":true}]}}