{"id":98,"date":"2018-10-16T23:27:40","date_gmt":"2018-10-16T23:27:40","guid":{"rendered":"http:\/\/uni.hi.is\/sigruno\/?page_id=98"},"modified":"2019-02-16T13:47:50","modified_gmt":"2019-02-16T13:47:50","slug":"current-research","status":"publish","type":"page","link":"https:\/\/uni.hi.is\/sigruno\/current-research\/","title":{"rendered":"Research projects"},"content":{"rendered":"<p><strong>Inequality in Iceland: Comparisons over Time and Contexts<\/strong><\/p>\n<p><em>Principal Investigator with <\/em>J\u00f3n Gunnar Bernburg, University of Iceland<\/p>\n<div id=\"attachment_285\" style=\"width: 2058px\" class=\"wp-caption alignnone\"><img loading=\"lazy\" decoding=\"async\" aria-describedby=\"caption-attachment-285\" class=\"size-full wp-image-285\" src=\"http:\/\/uni.hi.is\/sigruno\/files\/2019\/02\/SO-JGB.jpg\" alt=\"\" width=\"2048\" height=\"1184\" srcset=\"https:\/\/uni.hi.is\/sigruno\/files\/2019\/02\/SO-JGB.jpg 2048w, https:\/\/uni.hi.is\/sigruno\/files\/2019\/02\/SO-JGB-300x173.jpg 300w, https:\/\/uni.hi.is\/sigruno\/files\/2019\/02\/SO-JGB-768x444.jpg 768w, https:\/\/uni.hi.is\/sigruno\/files\/2019\/02\/SO-JGB-1024x592.jpg 1024w\" sizes=\"auto, (max-width: 2048px) 100vw, 2048px\" \/><p id=\"caption-attachment-285\" class=\"wp-caption-text\">Inequality in Iceland: Principal investigators. Photo \u00a9Kristinn Ingvarsson<\/p><\/div>\n<p><em>Research Team: <\/em>Agnar Freyr Helgason, University of Iceland; Berglind R\u00f3s Magn\u00fasd\u00f3ttir, University of Iceland; Christof Wolf, GESIS and University of Mannheim; Gu\u00f0bj\u00f6rg Andrea J\u00f3nsd\u00f3ttir, University of Iceland; Gu\u00f0mundur \u00c6var Oddsson, University of Akureyri; Jason Beckfield, Harvard University and Patrick Sachweh, Goethe University, Frankfurt.<\/p>\n<p>Funded 2019-2022 by Rann\u00eds (the Icelandic Centre for Research).<\/p>\n<p>Inequality represents a major threat to individuals and societies around the world, impacting well-being and the social order. Our team includes leading inequality scholars from Iceland, the U.S., and Germany. We will field the 2019 International Social Survey Programme (ISSP) module on inequality, that will be fielded in approximately 45 other nations. Also, we will field the second wave of the Icelandic Social Survey (ISS) which included more nuanced questions about inequality and outcomes of key concern. This survey will allow three kinds of comparisons: 1) across 45 nations in 2019; 2) between 2009 and 2019 in Iceland, where we have more detailed measures of outcomes; and 3) between 2009 and 2019 in strategically selected countries. We will organize the work around three broad themes of: 1) perception of inequality; 2) social comparison; and 3) opportunities and mobility. We capitalize on the unique social conditions in Iceland since the economic collapse of 2008. Specifically, no other country has experienced such a rapid increase in income inequality as Iceland did prior to the collapse, followed by a drastic decrease afterwards, in addition to political unrest. The combination of the data, the case and our expertise builds the foundation for research that can significantly improve our understanding of the sources, experiences, and outcomes of inequality across societies and over-time.<\/p>\n<p>Along with Gu\u00f0bj\u00f6rg Andrea J\u00f3nsd\u00f3ttir, I am the leader of Iceland\u00b4s participation in several international surveys.<\/p>\n<p>European Social Survey: <a href=\"https:\/\/www.europeansocialsurvey.org\/\">https:\/\/www.europeansocialsurvey.org\/<\/a><\/p>\n<p>European Values Study: <a href=\"https:\/\/europeanvaluesstudy.eu\/\">https:\/\/europeanvaluesstudy.eu\/<\/a><\/p>\n<p>International Social Survey Programme: <a href=\"http:\/\/issp.org\/menu-top\/home\/\">http:\/\/issp.org\/menu-top\/home\/<\/a><\/p>\n<p>I am also a part of the research team studying stigma in global contexts: <a href=\"http:\/\/www.indiana.edu\/~sgcmhs\/\">http:\/\/www.indiana.edu\/~sgcmhs\/<\/a><\/p>\n","protected":false},"excerpt":{"rendered":"<p>Inequality in Iceland: Comparisons over Time and Contexts Principal Investigator with J\u00f3n Gunnar Bernburg, University of Iceland Research Team: Agnar Freyr Helgason, University of Iceland; Berglind R\u00f3s Magn\u00fasd\u00f3ttir, University of Iceland; Christof Wolf, GESIS and University of Mannheim; Gu\u00f0bj\u00f6rg Andrea &hellip; <a href=\"https:\/\/uni.hi.is\/sigruno\/current-research\/\">Halda \u00e1fram a\u00f0 lesa <span class=\"meta-nav\">&rarr;<\/span><\/a><\/p>\n","protected":false},"author":1500,"featured_media":0,"parent":0,"menu_order":0,"comment_status":"closed","ping_status":"closed","template":"","meta":{"footnotes":""},"class_list":["post-98","page","type-page","status-publish","hentry"],"_links":{"self":[{"href":"https:\/\/uni.hi.is\/sigruno\/wp-json\/wp\/v2\/pages\/98","targetHints":{"allow":["GET"]}}],"collection":[{"href":"https:\/\/uni.hi.is\/sigruno\/wp-json\/wp\/v2\/pages"}],"about":[{"href":"https:\/\/uni.hi.is\/sigruno\/wp-json\/wp\/v2\/types\/page"}],"author":[{"embeddable":true,"href":"https:\/\/uni.hi.is\/sigruno\/wp-json\/wp\/v2\/users\/1500"}],"replies":[{"embeddable":true,"href":"https:\/\/uni.hi.is\/sigruno\/wp-json\/wp\/v2\/comments?post=98"}],"version-history":[{"count":12,"href":"https:\/\/uni.hi.is\/sigruno\/wp-json\/wp\/v2\/pages\/98\/revisions"}],"predecessor-version":[{"id":407,"href":"https:\/\/uni.hi.is\/sigruno\/wp-json\/wp\/v2\/pages\/98\/revisions\/407"}],"wp:attachment":[{"href":"https:\/\/uni.hi.is\/sigruno\/wp-json\/wp\/v2\/media?parent=98"}],"curies":[{"name":"wp","href":"https:\/\/api.w.org\/{rel}","templated":true}]}}