{"id":2,"date":"2010-05-29T10:40:38","date_gmt":"2010-05-29T10:40:38","guid":{"rendered":""},"modified":"2020-07-09T20:31:08","modified_gmt":"2020-07-09T20:31:08","slug":"about","status":"publish","type":"page","link":"https:\/\/uni.hi.is\/sirrut\/","title":{"rendered":"About"},"content":{"rendered":"<h3><a href=\"http:\/\/luvs.hi.is\/users\/sirrut\">Sigr\u00ed\u00f0ur Rut Franzd\u00f3ttir<\/a><\/h3>\n<p>Associate professor (D\u00f3sent) at the Faculty of Life- and Environmental Sciences.<\/p>\n<hr \/>\n<div style=\"padding-left: 60px\">Contact:<\/div>\n<div style=\"padding-left: 60px\">Institute of Life- and Environmental Sciences<\/div>\n<div style=\"text-align: justify;padding-left: 60px\">Askja, Sturlugata 7<\/div>\n<div style=\"text-align: justify;padding-left: 60px\">102 Reykjavik, Iceland<\/div>\n<div style=\"text-align: justify;padding-left: 60px\">sirrut [at] hi.is<\/div>\n<div style=\"text-align: justify\">\n<hr \/>\n<\/div>\n<p><strong>Current research topics:<\/strong><\/p>\n<h3><a href=\"http:\/\/uni.hi.is\/sirrut\/developmental-neurobiology\/\">Developmental neurobiology<\/a><\/h3>\n<p>We use genetic tools to study the role and function of genes and their products in establishing and maintaining a functional nervous system.<\/p>\n<p>&nbsp;<\/p>\n<h3>The molecular basis for rapid divergence in Icelandic Arctic charr<\/h3>\n<p>The <a href=\"http:\/\/luvs.hi.is\/arctic_charr_development_evolution_and_genetics\">Arctic charr research group<\/a>\u00a0is a cross-disciplinary group studying the developmental, genetic and molecular basis of morphological divergence\u00a0and parallel evolution of Arctic charr populations.<\/p>\n<p>&nbsp;<\/p>\n","protected":false},"excerpt":{"rendered":"<p>Sigr\u00ed\u00f0ur Rut Franzd\u00f3ttir Associate professor (D\u00f3sent) at the Faculty of Life- and Environmental Sciences. Contact: Institute of Life- and Environmental Sciences Askja, Sturlugata 7 102 Reykjavik, Iceland sirrut [at] hi.is Current research topics: Developmental neurobiology We use genetic tools to &hellip; <a href=\"https:\/\/uni.hi.is\/sirrut\/\">Continue reading <span class=\"meta-nav\">&rarr;<\/span><\/a><\/p>\n","protected":false},"author":172,"featured_media":0,"parent":0,"menu_order":0,"comment_status":"closed","ping_status":"open","template":"","meta":{"footnotes":""},"class_list":["post-2","page","type-page","status-publish","hentry"],"_links":{"self":[{"href":"https:\/\/uni.hi.is\/sirrut\/wp-json\/wp\/v2\/pages\/2","targetHints":{"allow":["GET"]}}],"collection":[{"href":"https:\/\/uni.hi.is\/sirrut\/wp-json\/wp\/v2\/pages"}],"about":[{"href":"https:\/\/uni.hi.is\/sirrut\/wp-json\/wp\/v2\/types\/page"}],"author":[{"embeddable":true,"href":"https:\/\/uni.hi.is\/sirrut\/wp-json\/wp\/v2\/users\/172"}],"replies":[{"embeddable":true,"href":"https:\/\/uni.hi.is\/sirrut\/wp-json\/wp\/v2\/comments?post=2"}],"version-history":[{"count":8,"href":"https:\/\/uni.hi.is\/sirrut\/wp-json\/wp\/v2\/pages\/2\/revisions"}],"predecessor-version":[{"id":42,"href":"https:\/\/uni.hi.is\/sirrut\/wp-json\/wp\/v2\/pages\/2\/revisions\/42"}],"wp:attachment":[{"href":"https:\/\/uni.hi.is\/sirrut\/wp-json\/wp\/v2\/media?parent=2"}],"curies":[{"name":"wp","href":"https:\/\/api.w.org\/{rel}","templated":true}]}}