{"id":9,"date":"2023-09-26T22:03:36","date_gmt":"2023-09-26T22:03:36","guid":{"rendered":"http:\/\/uni.hi.is\/sirrut\/?page_id=9"},"modified":"2023-09-26T22:03:36","modified_gmt":"2023-09-26T22:03:36","slug":"cv","status":"publish","type":"page","link":"https:\/\/uni.hi.is\/sirrut\/about\/cv\/","title":{"rendered":"CV"},"content":{"rendered":"<h2>Sigr\u00ed\u00f0ur Rut Franzd\u00f3ttir<\/h2>\n<p>Associate professor at the Faculty of Life- and Environmental Sciences.<\/p>\n<h3>Education<\/h3>\n<ul>\n<li>Dr.Rer.Nat. in biology. University of M\u00fcnster (Westf\u00e4lische Wilhelms-Universit\u00e4t M\u00fcnster).\u00a0 2008<\/li>\n<li>Diploma in teaching studies for science teachers. University of Iceland. 2004<\/li>\n<li>M.Sc. in medical sciences. University of Iceland. 2004<\/li>\n<li>B.Sc. in biology - line of molecular biology, microbiology and cell biology. University of Iceland. 2000<\/li>\n<\/ul>\n<p>Publications<\/p>\n<p style=\"padding-left: 40px\"><a href=\"https:\/\/scholar.google.com\/citations?user=BA1UqIwAAAAJ&amp;hl=en\">google scholar<\/a><\/p>\n<p>&nbsp;<\/p>\n<p>&nbsp;<\/p>\n","protected":false},"excerpt":{"rendered":"<p>Sigr\u00ed\u00f0ur Rut Franzd\u00f3ttir Associate professor at the Faculty of Life- and Environmental Sciences. Education Dr.Rer.Nat. in biology. University of M\u00fcnster (Westf\u00e4lische Wilhelms-Universit\u00e4t M\u00fcnster).\u00a0 2008 Diploma in teaching studies for science teachers. University of Iceland. 2004 M.Sc. in medical sciences. University &hellip; <a href=\"https:\/\/uni.hi.is\/sirrut\/about\/cv\/\">Continue reading <span class=\"meta-nav\">&rarr;<\/span><\/a><\/p>\n","protected":false},"author":172,"featured_media":0,"parent":2,"menu_order":0,"comment_status":"closed","ping_status":"closed","template":"","meta":{"footnotes":""},"class_list":["post-9","page","type-page","status-publish","hentry"],"_links":{"self":[{"href":"https:\/\/uni.hi.is\/sirrut\/wp-json\/wp\/v2\/pages\/9","targetHints":{"allow":["GET"]}}],"collection":[{"href":"https:\/\/uni.hi.is\/sirrut\/wp-json\/wp\/v2\/pages"}],"about":[{"href":"https:\/\/uni.hi.is\/sirrut\/wp-json\/wp\/v2\/types\/page"}],"author":[{"embeddable":true,"href":"https:\/\/uni.hi.is\/sirrut\/wp-json\/wp\/v2\/users\/172"}],"replies":[{"embeddable":true,"href":"https:\/\/uni.hi.is\/sirrut\/wp-json\/wp\/v2\/comments?post=9"}],"version-history":[{"count":3,"href":"https:\/\/uni.hi.is\/sirrut\/wp-json\/wp\/v2\/pages\/9\/revisions"}],"predecessor-version":[{"id":46,"href":"https:\/\/uni.hi.is\/sirrut\/wp-json\/wp\/v2\/pages\/9\/revisions\/46"}],"up":[{"embeddable":true,"href":"https:\/\/uni.hi.is\/sirrut\/wp-json\/wp\/v2\/pages\/2"}],"wp:attachment":[{"href":"https:\/\/uni.hi.is\/sirrut\/wp-json\/wp\/v2\/media?parent=9"}],"curies":[{"name":"wp","href":"https:\/\/api.w.org\/{rel}","templated":true}]}}