{"id":50,"date":"2016-01-30T12:44:41","date_gmt":"2016-01-30T12:44:41","guid":{"rendered":"http:\/\/uni.hi.is\/steinis\/?page_id=50"},"modified":"2022-07-07T13:52:30","modified_gmt":"2022-07-07T13:52:30","slug":"teaching","status":"publish","type":"page","link":"https:\/\/uni.hi.is\/steinis\/teaching\/","title":{"rendered":"Teaching"},"content":{"rendered":"<p>Course fall 2013<\/p>\n<p>JAR 109G Saga l\u00edfs og jar\u00f0ar 1 \/ <a href=\"https:\/\/ugla.hi.is\/kennsluskra\/index.php?tab=nam&amp;chapter=namskeid&amp;id=70000220136&amp;namskra=0\">Historical Geology and Paleontology 1<\/a><\/p>\n<p>Courses spring 2014<\/p>\n<p>JAR 209 G Saga l\u00edfs og jar\u00f0ar 2 \/ <a href=\"https:\/\/ugla.hi.is\/kennsluskra\/index.php?tab=nam&amp;chapter=namskeid&amp;id=70000320140&amp;namskra=0\">Historical Geology and Paleontology 2<\/a><\/p>\n<p>JAR 617 Rof, setmyndun og landm\u00f3tun j\u00f6kla \/<a href=\"https:\/\/ugla.hi.is\/kennsluskra\/index.php?tab=nam&amp;chapter=namskeid&amp;id=09604920140&amp;namskra=0\">Glacial Geology<\/a><\/p>\n<p>Course spring 2015<\/p>\n<p>JAR 617 Rof, setmyndun og landm\u00f3tun j\u00f6kla \/<a href=\"https:\/\/ugla.hi.is\/kennsluskra\/index.php?tab=nam&amp;chapter=namskeid&amp;id=09604920150&amp;namskra=0\">Glacial Geology<\/a><\/p>\n<p>Courses fall 2015<\/p>\n<p>LAN 101 G N\u00e1tt\u00farulandfr\u00e6\u00f0i \/ <a href=\"https:\/\/ugla.hi.is\/kennsluskra\/index.php?tab=nam&amp;chapter=namskeid&amp;id=09631320156&amp;namskra=0\">Physical geography<\/a><\/p>\n<p>LAN 107G N\u00e1tt\u00fara \u00cdslands \/ <a href=\"https:\/\/ugla.hi.is\/kennsluskra\/index.php?tab=nam&amp;chapter=namskeid&amp;id=70620120156&amp;namskra=0\">Icelandic nature<\/a><\/p>\n<p>Courses spring 2016<\/p>\n<p>JAR 617 G J\u00f6klajar\u00f0fr\u00e6\u00f0i \/<a href=\"https:\/\/ugla.hi.is\/kennsluskra\/index.php?tab=nam&amp;chapter=namskeid&amp;id=09604920160&amp;namskra=0\">Glacial Geology<\/a><\/p>\n<p>UMV 203 G Jar\u00f0fr\u00e6\u00f0i fyrir verkfr\u00e6\u00f0inga \/<a href=\"https:\/\/ugla.hi.is\/kennsluskra\/index.php?tab=nam&amp;chapter=namskeid&amp;id=08114120160&amp;namskra=0\"> Geology for Engineers<\/a><\/p>\n<p>Courses fall 2016<\/p>\n<p>LAN 101 G N\u00e1tt\u00farulandfr\u00e6\u00f0i \/ <a href=\"https:\/\/ugla.hi.is\/kennsluskra\/index.php?tab=nam&amp;chapter=namskeid&amp;id=09631320156&amp;namskra=0\">Physical geography<\/a><\/p>\n<p>LAN 107G N\u00e1tt\u00fara \u00cdslands \/ <a href=\"https:\/\/ugla.hi.is\/kennsluskra\/index.php?tab=nam&amp;chapter=namskeid&amp;id=70620120156&amp;namskra=0\">Icelandic nature<\/a><\/p>\n<p>Courses spring 2017<\/p>\n<p>JAR 617 G J\u00f6klajar\u00f0fr\u00e6\u00f0i \/<a href=\"https:\/\/ugla.hi.is\/kennsluskra\/index.php?tab=nam&amp;chapter=namskeid&amp;id=09604920160&amp;namskra=0\">Glacial Geology<\/a><\/p>\n<p>UMV 203 G Jar\u00f0fr\u00e6\u00f0i fyrir verkfr\u00e6\u00f0inga \/<a href=\"https:\/\/ugla.hi.is\/kennsluskra\/index.php?tab=nam&amp;chapter=namskeid&amp;id=08114120160&amp;namskra=0\"> Geology for Engineers<\/a><\/p>\n<p>Courses fall 2017<\/p>\n<p>LAN 101 G N\u00e1tt\u00farulandfr\u00e6\u00f0i \/ <a href=\"https:\/\/ugla.hi.is\/kennsluskra\/index.php?tab=nam&amp;chapter=namskeid&amp;id=09631320156&amp;namskra=0\">Physical geography<\/a><\/p>\n<p>LAN 107G N\u00e1tt\u00fara \u00cdslands \/ <a href=\"https:\/\/ugla.hi.is\/kennsluskra\/index.php?tab=nam&amp;chapter=namskeid&amp;id=70620120156&amp;namskra=0\">Icelandic nature<\/a><\/p>\n<p>Courses spring 2018<\/p>\n<p>UMV 203 G Jar\u00f0fr\u00e6\u00f0i fyrir verkfr\u00e6\u00f0inga \/<a href=\"https:\/\/ugla.hi.is\/kennsluskra\/index.php?tab=nam&amp;chapter=namskeid&amp;id=08114120160&amp;namskra=0\"> Geology for Engineers<\/a><\/p>\n<p>Courses fall 2018<\/p>\n<p>LAN 107G N\u00e1tt\u00fara \u00cdslands \/ <a href=\"https:\/\/ugla.hi.is\/kennsluskra\/index.php?tab=nam&amp;chapter=namskeid&amp;id=70620120156&amp;namskra=0\">Icelandic nature<\/a><\/p>\n<p>Courses spring 2019<\/p>\n<p>UMV 203 G Jar\u00f0fr\u00e6\u00f0i fyrir verkfr\u00e6\u00f0inga \/<a href=\"https:\/\/ugla.hi.is\/kennsluskra\/index.php?tab=nam&amp;chapter=namskeid&amp;id=08114120160&amp;namskra=0\"> Geology for Engineers<\/a><\/p>\n<p>Courses fall 2019<\/p>\n<p>LAN 107G N\u00e1tt\u00fara \u00cdslands \/ <a href=\"https:\/\/ugla.hi.is\/kennsluskra\/index.php?tab=nam&amp;chapter=namskeid&amp;id=70620120156&amp;namskra=0\">Icelandic nature<\/a><\/p>\n<p>Courses spring 2020<\/p>\n<p>UMV 203 G Jar\u00f0fr\u00e6\u00f0i fyrir verkfr\u00e6\u00f0inga \/<a href=\"https:\/\/ugla.hi.is\/kennsluskra\/index.php?tab=nam&amp;chapter=namskeid&amp;id=08114120160&amp;namskra=0\"> Geology for Engineers<\/a><\/p>\n<p>Courses fall 2020<\/p>\n<p>LAN 107G N\u00e1tt\u00fara \u00cdslands \/ <a href=\"https:\/\/ugla.hi.is\/kennsluskra\/index.php?tab=nam&amp;chapter=namskeid&amp;id=70620120156&amp;namskra=0\">Icelandic nature<\/a><\/p>\n<p>LAN 552G N\u00e1tt\u00faruv\u00e1: Atbur\u00f0ir og e\u00f0li \u00feeirra \/ <a href=\"https:\/\/ugla.hi.is\/kennsluskra\/index.php?tab=nam&amp;chapter=namskeid&amp;id=70952520216&amp;namskra=0\">Natural hazards: Physical Processes<\/a><\/p>\n<p>LAN 119F N\u00e1tt\u00faruv\u00e1: Atbur\u00f0ir og e\u00f0li \u00feeirra \/ <a href=\"https:\/\/ugla.hi.is\/kennsluskra\/index.php?tab=nam&amp;chapter=namskeid&amp;id=08114120160&amp;namskra=0\">Natural hazards: Physical Processes<\/a><\/p>\n<p>Courses spring 2021<\/p>\n<p>UMV 203 G Jar\u00f0fr\u00e6\u00f0i fyrir verkfr\u00e6\u00f0inga \/ <a href=\"https:\/\/ugla.hi.is\/kennsluskra\/index.php?tab=nam&amp;chapter=namskeid&amp;id=08114120160&amp;namskra=0\">Geology for Engineers<\/a><\/p>\n<p>Courses fall 2021<\/p>\n<p>LAN 107G N\u00e1tt\u00fara \u00cdslands \/ <a href=\"https:\/\/ugla.hi.is\/kennsluskra\/index.php?tab=nam&amp;chapter=namskeid&amp;id=70620120156&amp;namskra=0\">Icelandic nature<\/a><\/p>\n<p>LAN 552G N\u00e1tt\u00faruv\u00e1: Atbur\u00f0ir og e\u00f0li \u00feeirra \/<a href=\"https:\/\/ugla.hi.is\/kennsluskra\/index.php?tab=nam&amp;chapter=namskeid&amp;id=70952520216&amp;namskra=0\"> Natural hazards: Physical Processes<\/a><\/p>\n<p>LAN 119F N\u00e1tt\u00faruv\u00e1: Atbur\u00f0ir og e\u00f0li \u00feeirra \/ <a href=\"https:\/\/ugla.hi.is\/kennsluskra\/index.php?tab=nam&amp;chapter=namskeid&amp;id=08114120160&amp;namskra=0\">Natural hazards: Physical Porscesses<\/a><\/p>\n<p>Courses spring 2022<\/p>\n<p>UMV 203 G Jar\u00f0fr\u00e6\u00f0i fyrir verkfr\u00e6\u00f0inga \/<a href=\"https:\/\/ugla.hi.is\/kennsluskra\/index.php?tab=nam&amp;chapter=namskeid&amp;id=08114120160&amp;namskra=0\"> Geology for Engineers<\/a><\/p>\n<p>&nbsp;<\/p>\n<p><strong>Other teaching<\/strong><\/p>\n<p>2000\u00a0\u00a0\u00a0\u00a0\u00a0\u00a0\u00a0\u00a0\u00a0\u00a0\u00a0\u00a0\u00a0\u00a0\u00a0\u00a0\u00a0\u00a0\u00a0 Teaching at the University of Iceland. Part of the coarse Environmental Geology, Rapid mass movements 09.60.48.<\/p>\n<p>2000 \u2013 2001\u00a0\u00a0\u00a0\u00a0\u00a0\u00a0\u00a0 Teaching geology at the Comprehensive school (Junior College) of Northwestern Iceland.<\/p>\n<p>2003\u00a0\u00a0\u00a0\u00a0\u00a0\u00a0\u00a0\u00a0\u00a0\u00a0\u00a0\u00a0\u00a0\u00a0\u00a0\u00a0\u00a0\u00a0\u00a0 Teaching geology at\u00a0Farsk\u00f3linn \u2013 The Center of Lifelong Learning in North-western Iceland.<\/p>\n<p>2001 \u2013 2012\u00a0\u00a0\u00a0\u00a0\u00a0\u00a0\u00a0 Teaching various short courses in geology of Iceland, glacial geology of Iceland and natural hazards in Iceland at the Holar University College.<\/p>\n<p>2007\u00a0- 2008\u00a0\u00a0\u00a0\u00a0\u00a0\u00a0\u00a0\u00a0Teaching general geology at the Agricultural University of Iceland.<\/p>\n<p>2009 \u2013 2010\u00a0\u00a0\u00a0\u00a0\u00a0\u00a0\u00a0 Teaching four courses in use of GPS and orientation at the Farsk\u00f3linn \u2013 Center of Lifelong Learning in North-western Iceland.<\/p>\n","protected":false},"excerpt":{"rendered":"<p>Course fall 2013 JAR 109G Saga l\u00edfs og jar\u00f0ar 1 \/ Historical Geology and Paleontology 1 Courses spring 2014 JAR 209 G Saga l\u00edfs og jar\u00f0ar 2 \/ Historical Geology and Paleontology 2 JAR 617 Rof, setmyndun og landm\u00f3tun j\u00f6kla &hellip; <a href=\"https:\/\/uni.hi.is\/steinis\/teaching\/\">Halda \u00e1fram a\u00f0 lesa <span class=\"meta-nav\">&rarr;<\/span><\/a><\/p>\n","protected":false},"author":1405,"featured_media":0,"parent":0,"menu_order":0,"comment_status":"closed","ping_status":"closed","template":"","meta":{"footnotes":""},"class_list":["post-50","page","type-page","status-publish","hentry"],"_links":{"self":[{"href":"https:\/\/uni.hi.is\/steinis\/wp-json\/wp\/v2\/pages\/50","targetHints":{"allow":["GET"]}}],"collection":[{"href":"https:\/\/uni.hi.is\/steinis\/wp-json\/wp\/v2\/pages"}],"about":[{"href":"https:\/\/uni.hi.is\/steinis\/wp-json\/wp\/v2\/types\/page"}],"author":[{"embeddable":true,"href":"https:\/\/uni.hi.is\/steinis\/wp-json\/wp\/v2\/users\/1405"}],"replies":[{"embeddable":true,"href":"https:\/\/uni.hi.is\/steinis\/wp-json\/wp\/v2\/comments?post=50"}],"version-history":[{"count":11,"href":"https:\/\/uni.hi.is\/steinis\/wp-json\/wp\/v2\/pages\/50\/revisions"}],"predecessor-version":[{"id":123,"href":"https:\/\/uni.hi.is\/steinis\/wp-json\/wp\/v2\/pages\/50\/revisions\/123"}],"wp:attachment":[{"href":"https:\/\/uni.hi.is\/steinis\/wp-json\/wp\/v2\/media?parent=50"}],"curies":[{"name":"wp","href":"https:\/\/api.w.org\/{rel}","templated":true}]}}