{"id":67,"date":"2016-02-05T09:06:59","date_gmt":"2016-02-05T09:06:59","guid":{"rendered":"http:\/\/uni.hi.is\/steinis\/?page_id=67"},"modified":"2026-03-25T15:06:38","modified_gmt":"2026-03-25T15:06:38","slug":"supervision","status":"publish","type":"page","link":"https:\/\/uni.hi.is\/steinis\/supervision\/","title":{"rendered":"Supervision"},"content":{"rendered":"<p><strong>Supervision<\/strong><\/p>\n<p><strong>BS degree<\/strong><\/p>\n<p>1997\u00a0\u00a0\u00a0\u00a0\u00a0\u00a0\u00a0\u00a0\u00a0\u00a0\u00a0\u00a0\u00a0\u00a0\u00a0\u00a0\u00a0\u00a0\u00a0 Supervising Gr\u00e9ta Bj\u00f6rk Kristj\u00e1nsd\u00f3ttir in her B.Sc. study at the University of Iceland. Geological evidence of snow avalanche deposit.<\/p>\n<p>2001 \u00a0\u00a0\u00a0\u00a0\u00a0\u00a0\u00a0\u00a0\u00a0\u00a0\u00a0\u00a0\u00a0\u00a0\u00a0\u00a0\u00a0\u00a0 Supervising Thomas Chareyron, a student in geology from the University of Savoie, France.\u00a0 Study of mass movement processes on slope above manmade structures in the Vestfir\u00f0ir area.<\/p>\n<p>2004\u00a0\u00a0\u00a0\u00a0\u00a0\u00a0\u00a0\u00a0\u00a0\u00a0\u00a0\u00a0\u00a0\u00a0\u00a0\u00a0\u00a0\u00a0\u00a0 Supervising Helgi P\u00e1ll J\u00f3nsson in his B.Sc. study at the University of Iceland. Tephra chronology in the Skagafj\u00f6r\u00f0ur district.<\/p>\n<p>2014 \u00a0\u00a0\u00a0\u00a0\u00a0\u00a0\u00a0\u00a0\u00a0\u00a0\u00a0\u00a0\u00a0\u00a0\u00a0\u00a0\u00a0\u00a0 Supervising Doris Hermle in here master study at the Univeristy of Innsbruck. Quantification of glacier volume and velocity changes of Mors\u00e1rj\u00f6kull south Iceland.<\/p>\n<p>2016\u00a0\u00a0\u00a0\u00a0\u00a0\u00a0\u00a0\u00a0\u00a0\u00a0\u00a0\u00a0\u00a0\u00a0\u00a0\u00a0\u00a0\u00a0\u00a0 Supervising Alexander \u00c1g\u00fast Sverrisson and Andri Berg Hallsson in their B.Sc. study at the University of Iceland. Natural hazards in M\u00fdrdalssveit.<\/p>\n<p>2017\u00a0\u00a0\u00a0\u00a0\u00a0\u00a0\u00a0\u00a0\u00a0\u00a0\u00a0\u00a0\u00a0\u00a0\u00a0\u00a0\u00a0\u00a0\u00a0 Supervising Sigur\u00f0ur Ragnarsson in his B.Sc. study at the University of Iceland. \u00c1hrif berghrunsfl\u00f3\u00f0sins fr\u00e1 2007 \u00e1 hra\u00f0asvi\u00f0 Mors\u00e1rj\u00f6kuls.<\/p>\n<p>2019 \u2013 2020 \u00a0\u00a0\u00a0\u00a0\u00a0\u00a0 Supervising El\u00edsabet Atlad\u00f3ttir in her B.Sc. study at the Univeristy of Iceland. Ve\u00f0ura\u00f0dragandi og a\u00f0st\u00e6\u00f0ur snj\u00f3fl\u00f3\u00f0ahrinu \u00ed Skar\u00f0sdal vori\u00f0 2018.<\/p>\n<p>2021\u00a0\u00a0\u00a0\u00a0\u00a0\u00a0\u00a0\u00a0\u00a0\u00a0\u00a0\u00a0\u00a0\u00a0\u00a0\u00a0\u00a0\u00a0\u00a0 Supervising El\u00edas Arnar in his B.Sc. study at the Univeristy of Iceland. Geomorphological mapping of a paraglacial slope instability at the southeastern Tindfjallaj\u00f6kull glacier, Iceland.<\/p>\n<p>2022\u00a0\u00a0\u00a0\u00a0\u00a0\u00a0\u00a0\u00a0\u00a0\u00a0\u00a0\u00a0\u00a0\u00a0\u00a0\u00a0\u00a0\u00a0\u00a0 Supervising J\u00f3hanna Mar\u00eda Stein\u00fe\u00f3rsd\u00f3ttir in her B.Sc. study at the University of Iceland. Landslide hazard in southern part of the Eyjafj\u00f6r\u00f0ur fjord. Mapping landslide hazards with Fuzzy Logic.<\/p>\n<p>2025\u00a0\u00a0\u00a0\u00a0\u00a0\u00a0\u00a0\u00a0\u00a0\u00a0\u00a0\u00a0\u00a0\u00a0\u00a0\u00a0\u00a0\u00a0\u00a0 Supervising Helgi Birkis Huginsson at the University of Iceland in his B.Sc. study. Strandrof og sprungumyndun \u00e1 Ofanleitishamri, Heimaey.<\/p>\n<p><strong>Master degree<\/strong><\/p>\n<p>2009 \u2013 2011 \u00a0\u00a0\u00a0\u00a0\u00a0\u00a0 Supervising Helgi P\u00e1ll J\u00f3nsson in his master study at the University of Iceland. Volcanic Park at the Reykjanesskagi peninsula SW Iceland.<\/p>\n<p>2021 \u2013 2022\u00a0\u00a0\u00a0\u00a0\u00a0\u00a0\u00a0 Supervising Nathan Smail in his master study at the University of Iceland. The Geomorphological Legacy of the Rockslide and Outburst Flood in Steinsholtsdalur in 1967.<\/p>\n<p>2021 \u2013 2023\u00a0\u00a0\u00a0\u00a0\u00a0\u00a0\u00a0 Supervising Brynja Arnard\u00f3ttir in her master study at the University of Iceland. The Geomorphology of the Mt. Hlei\u00f0argar\u00f0sfjall and Mt. Torfufell Landslides.<\/p>\n<p>2021 \u2013 2023 \u00a0\u00a0\u00a0\u00a0\u00a0\u00a0 Supervising Shinah Toschka in her master study at the University of Iceland. Crevasse pattern evolution in response to paraglacial processes at three outlet glaciers Tungnakv\u00edslarj\u00f6kull, Steinsholtsj\u00f6kull and S\u00f3lheimaj\u00f6kull in South Iceland from 1945 to 2022.<\/p>\n<p>2021 \u2013 (2023)\u00a0\u00a0\u00a0\u00a0\u00a0 Supervising \u00c1slaug J\u00f3na Rafnsd\u00f3ttir in her master study at the University of Iceland. The H\u00edtardalur landslide (preliminary title).<\/p>\n<p>2022 \u2013 (2023)\u00a0\u00a0\u00a0\u00a0\u00a0 Supervising \u00c1slaug Erl\u00edn \u00deorsteinsd\u00f3ttir in her master study at the University of Iceland. Umgj\u00f6r\u00f0 og utanumhald utanum vi\u00f0brag\u00f0sa\u00f0ila \u00e1 t\u00edmum eldgosa vi\u00f0 Geldingadali og Grindav\u00edk (preliminary title).<\/p>\n<p>2022 \u2013 2023\u00a0\u00a0\u00a0\u00a0\u00a0\u00a0\u00a0 Supervising El\u00edas Arnar in his master study at the University of Iceland.\u00a0 Displacement Measurements of Three Slow Moving Landslides at Almenningar, North Iceland. A Feature Tracking Application.<\/p>\n<p>2022 \u2013 2023\u00a0\u00a0\u00a0\u00a0\u00a0\u00a0\u00a0 Supervising Alexandra Von Der Esch in her master study at the University of Iceland. Electrical Resistivity Tomography and Ground Penetrating Radar Measurements for Permafrost Detection on Strandartindur, Sey\u00f0isfj\u00f6r\u00f0ur - East Iceland.<\/p>\n<p>2022 \u2013 2023\u00a0\u00a0\u00a0\u00a0\u00a0\u00a0\u00a0 Supervising L\u00e9a Jeanne Dumon in her master study at the University of Iceland. Slope processes inventory around the Torfaj\u00f6kull central volcano, South Iceland, using aerial photographs from 1958 to 2022.<\/p>\n<p>2022 \u2013 (2023)\u00a0\u00a0\u00a0\u00a0\u00a0 Supervising G\u00edsli Bjarki Gu\u00f0munds. Gr\u00f6ndal in his master thesis at the University of Iceland. Slope stability on the northern side of Eskifj\u00f6r\u00f0ur, East Iceland (Preliminary title).<\/p>\n<p>2023 \u2013 2023\u00a0\u00a0\u00a0\u00a0\u00a0\u00a0\u00a0 Co-supervising \u00c1sa D\u00f6gg A\u00f0alsteinsd\u00f3ttir, University of W\u00fcrzburg. Slope deformation detection using Sentinel-1 InSAR timeseries: Three sites in Tr\u00f6llaskagi, Iceland analyzed.<\/p>\n<p>2022 \u2013 2024\u00a0\u00a0\u00a0\u00a0\u00a0\u00a0\u00a0 Supervising Ylse Anna De Vries in her master thesis at the University of Iceland. Geodetic and seismic observations of endogenous earthquakes and faulting at the Tungnakv\u00edslarj\u00f6kull landslide in south Iceland.<\/p>\n<p>2023 \u2013 2024\u00a0\u00a0\u00a0\u00a0\u00a0\u00a0\u00a0 Co-supervising J\u00f8rgen Natvig L\u00f8vseth in his master thesis at the NTNU. Norwegian University of Science and Technology. Faculty of Engineering. Department of Geoscience and Petroleum. The Almenningar landslides, northwestern Iceland - detailed characterization of fine-grained material and landslide properties.<\/p>\n<p>2025 \u2013 (2027)\u00a0\u00a0\u00a0\u00a0\u00a0 Supervising Ann\u00fd Gr\u00e9ta \u00deorgeirsd\u00f3ttir. Project under consideration.<\/p>\n<p>&nbsp;<\/p>\n<p><strong>PhD degree<\/strong><\/p>\n<p>2014 \u2013 2018 \u00a0\u00a0\u00a0\u00a0\u00a0\u00a0 Supervising Costanza Morion in here PhD study at the Open University in England. The hidden hazard of melting ground ice in Northern Iceland (co supervision).<\/p>\n<p>2018 \u2013 2021 \u00a0\u00a0\u00a0\u00a0\u00a0\u00a0 Supervising Greta Wells in here PhD study at the University of Houston, Texas. Reconstructing Holocene J\u00f6kulhlaups along the Hv\u00edt\u00e1 River and Gullfoss Waterfall, Iceland (co supervision).<\/p>\n<p>2020 \u2013 2024\u00a0\u00a0\u00a0\u00a0\u00a0\u00a0\u00a0 Supervising Daniel Ben-Yehoshua in his PhD study at the University of Iceland. Investigating a potential landslide from Sv\u00ednafellshei\u00f0i (main supervision).<\/p>\n<p><strong>Post Doc<\/strong><\/p>\n<p>2022 \u2013 2025 \u00a0\u00a0\u00a0\u00a0\u00a0\u00a0 Greta Wells will work on here 3 years post doc project \u201cFuture glacial lake evolution and j\u00f6kulhlaup hazards in Iceland\u201d<\/p>\n","protected":false},"excerpt":{"rendered":"<p>Supervision BS degree 1997\u00a0\u00a0\u00a0\u00a0\u00a0\u00a0\u00a0\u00a0\u00a0\u00a0\u00a0\u00a0\u00a0\u00a0\u00a0\u00a0\u00a0\u00a0\u00a0 Supervising Gr\u00e9ta Bj\u00f6rk Kristj\u00e1nsd\u00f3ttir in her B.Sc. study at the University of Iceland. Geological evidence of snow avalanche deposit. 2001 \u00a0\u00a0\u00a0\u00a0\u00a0\u00a0\u00a0\u00a0\u00a0\u00a0\u00a0\u00a0\u00a0\u00a0\u00a0\u00a0\u00a0\u00a0 Supervising Thomas Chareyron, a student in geology from the University of Savoie, France.\u00a0 Study of &hellip; <a href=\"https:\/\/uni.hi.is\/steinis\/supervision\/\">Halda \u00e1fram a\u00f0 lesa <span class=\"meta-nav\">&rarr;<\/span><\/a><\/p>\n","protected":false},"author":1405,"featured_media":0,"parent":0,"menu_order":0,"comment_status":"closed","ping_status":"closed","template":"","meta":{"footnotes":""},"class_list":["post-67","page","type-page","status-publish","hentry"],"_links":{"self":[{"href":"https:\/\/uni.hi.is\/steinis\/wp-json\/wp\/v2\/pages\/67","targetHints":{"allow":["GET"]}}],"collection":[{"href":"https:\/\/uni.hi.is\/steinis\/wp-json\/wp\/v2\/pages"}],"about":[{"href":"https:\/\/uni.hi.is\/steinis\/wp-json\/wp\/v2\/types\/page"}],"author":[{"embeddable":true,"href":"https:\/\/uni.hi.is\/steinis\/wp-json\/wp\/v2\/users\/1405"}],"replies":[{"embeddable":true,"href":"https:\/\/uni.hi.is\/steinis\/wp-json\/wp\/v2\/comments?post=67"}],"version-history":[{"count":6,"href":"https:\/\/uni.hi.is\/steinis\/wp-json\/wp\/v2\/pages\/67\/revisions"}],"predecessor-version":[{"id":130,"href":"https:\/\/uni.hi.is\/steinis\/wp-json\/wp\/v2\/pages\/67\/revisions\/130"}],"wp:attachment":[{"href":"https:\/\/uni.hi.is\/steinis\/wp-json\/wp\/v2\/media?parent=67"}],"curies":[{"name":"wp","href":"https:\/\/api.w.org\/{rel}","templated":true}]}}