{"id":26,"date":"2019-08-15T20:38:28","date_gmt":"2019-08-15T20:38:28","guid":{"rendered":"http:\/\/uni.hi.is\/sunnaks\/?page_id=26"},"modified":"2021-09-06T09:37:00","modified_gmt":"2021-09-06T09:37:00","slug":"media","status":"publish","type":"page","link":"https:\/\/uni.hi.is\/sunnaks\/media\/","title":{"rendered":"Media"},"content":{"rendered":"<p>My work has been disseminated in various media outlets including:<\/p>\n<p><a href=\"https:\/\/demotrends.org\/2021\/07\/12\/parenting-culture-gender-equality-iceland\/\">Parenting culture and gender equality: the case of\u00a0iceland<\/a> (DEMOTRENDS)<\/p>\n<p><a href=\"https:\/\/www.mbl.is\/born\/frettir\/2021\/06\/18\/konur_sem_velja_ad_eignast_eitt_barn\/\">Konur sem velja a\u00f0 eignast eitt barn<\/a> (MBL)<\/p>\n<p><a href=\"https:\/\/stundin.is\/grein\/13287\/segir-auknar-krofur-til-kvenna-studla-ad-laekkandi-faedingartidni\/\">Segir \u00ed\u00feyngjandi kr\u00f6fur til kvenna stu\u00f0la a\u00f0 l\u00e6kkandi f\u00e6\u00f0ingart\u00ed\u00f0ni<\/a> (Stundin)<\/p>\n<p data-qa=\"Headline\"><a href=\"https:\/\/www.bbc.com\/worklife\/article\/20200225-the-parenting-style-sweeping-europe\">American parenting styles sweep Europe<\/a> (BBC)<\/p>\n<p class=\"c-headline o-dreifaltigkeit__headline rf-o-headline\" data-qa=\"Headline\"><a href=\"https:\/\/www.welt.de\/gesundheit\/plus199550692\/Baby-Immunsystem-Ist-Muttermilch-wirklich-ein-Superfood-fuer-das-Kind.html\">Ist Muttermilch wirklich ein \u201eSuperfood\u201c f\u00fcr das Kind?<\/a> (Die Welt)<\/p>\n<p><a href=\"https:\/\/stundin.is\/grein\/8962\/\">G\u00f3\u00f0ar m\u00e6\u00f0ur, sl\u00e6mar m\u00e6\u00f0ur og saklaus b\u00f6rn<\/a> (Stundin)<\/p>\n<p><a href=\"https:\/\/www.ruv.is\/spila\/ras-1\/eggjahljod\/20190422\">Eggjahlj\u00f3\u00f0<\/a> (R\u00fav)<\/p>\n<p><a href=\"http:\/\/www.skepticalob.com\/2018\/06\/its-not-the-end-of-the-breastfeeding-wars-but-its-the-end-of-the-beginning.html\">The Skeptical OB<\/a><\/p>\n<p><a href=\"https:\/\/www.mbl.is\/greinasafn\/grein\/1676031\/?item_num=7&amp;searchid=5f6179078a04127d2bdb41984cb16013331c5e5a\">Kr\u00f6furnar eru allar \u00e1 m\u00e6\u00f0urnar<\/a> (Morgunbla\u00f0i\u00f0)<\/p>\n<p><a href=\"https:\/\/www.aargauerzeitung.ch\/leben\/leben\/wie-sich-muetter-auf-facebook-in-den-still-wahnsinn-treiben-132173933\">Wie sich M\u00fctter auf Facebook in den Still-Wahnsinn treiben<\/a> (Aargauer Zeitung)<\/p>\n<p><a href=\"https:\/\/www.derstandard.at\/story\/2000073325555\/wenn-stillen-nicht-die-beste-option-ist\">Wenn Stillen nicht die beste Option ist<\/a> (Der standard)<\/p>\n<p><a href=\"https:\/\/kjarninn.is\/hladvarp\/samtal-vid-samfelagid\/2018-01-07-samtal-vid-samfelagid-ogun-og-andof\/\">Samtal vi\u00f0 samf\u00e9lagi\u00f0<\/a> (Hla\u00f0varp f\u00e9lagsfr\u00e6\u00f0innar)<\/p>\n<p><a href=\"https:\/\/www.mbl.is\/frettir\/innlent\/2017\/08\/17\/daemdar_fyrir_ad_geta_ekki_gefid_brjost\/\">D\u00e6md\u00adar fyr\u00adir a\u00f0 geta ekki gefi\u00f0 brj\u00f3st<\/a> (Mbl.is)<\/p>\n<p><a href=\"https:\/\/knuz.wordpress.com\/2017\/01\/09\/thegar-natturan-bregst-brjostagjof-og-ogun-maedra\/\">\u00deegar n\u00e1tt\u00faran bregst: brj\u00f3stagj\u00f6f og \u00f6gun m\u00e6\u00f0ra<\/a> (Kn\u00faz \u2013 Fem\u00edn\u00edskt vefrit)<\/p>\n<p><a href=\"https:\/\/www.visir.is\/g\/2015151109843\">Erfi\u00f0leikar \u00edslenskra kvenna vi\u00f0 brj\u00f3stagj\u00f6f: Endurteknar s\u00fdkingar og innfallnar geirv\u00f6rtur<\/a> (V\u00edsir.is)<\/p>\n<p>&nbsp;<\/p>\n","protected":false},"excerpt":{"rendered":"<p>My work has been disseminated in various media outlets including: Parenting culture and gender equality: the case of\u00a0iceland (DEMOTRENDS) Konur sem velja a\u00f0 eignast eitt barn (MBL) Segir \u00ed\u00feyngjandi kr\u00f6fur til kvenna stu\u00f0la a\u00f0 l\u00e6kkandi f\u00e6\u00f0ingart\u00ed\u00f0ni (Stundin) American parenting styles &hellip; <a href=\"https:\/\/uni.hi.is\/sunnaks\/media\/\">Continue reading <span class=\"meta-nav\">&rarr;<\/span><\/a><\/p>\n","protected":false},"author":1519,"featured_media":0,"parent":0,"menu_order":0,"comment_status":"closed","ping_status":"closed","template":"","meta":{"footnotes":""},"class_list":["post-26","page","type-page","status-publish","hentry"],"_links":{"self":[{"href":"https:\/\/uni.hi.is\/sunnaks\/wp-json\/wp\/v2\/pages\/26","targetHints":{"allow":["GET"]}}],"collection":[{"href":"https:\/\/uni.hi.is\/sunnaks\/wp-json\/wp\/v2\/pages"}],"about":[{"href":"https:\/\/uni.hi.is\/sunnaks\/wp-json\/wp\/v2\/types\/page"}],"author":[{"embeddable":true,"href":"https:\/\/uni.hi.is\/sunnaks\/wp-json\/wp\/v2\/users\/1519"}],"replies":[{"embeddable":true,"href":"https:\/\/uni.hi.is\/sunnaks\/wp-json\/wp\/v2\/comments?post=26"}],"version-history":[{"count":8,"href":"https:\/\/uni.hi.is\/sunnaks\/wp-json\/wp\/v2\/pages\/26\/revisions"}],"predecessor-version":[{"id":83,"href":"https:\/\/uni.hi.is\/sunnaks\/wp-json\/wp\/v2\/pages\/26\/revisions\/83"}],"wp:attachment":[{"href":"https:\/\/uni.hi.is\/sunnaks\/wp-json\/wp\/v2\/media?parent=26"}],"curies":[{"name":"wp","href":"https:\/\/api.w.org\/{rel}","templated":true}]}}