{"id":19,"date":"2013-06-25T21:31:08","date_gmt":"2013-06-25T21:31:08","guid":{"rendered":"http:\/\/uni.hi.is\/svala\/?page_id=19"},"modified":"2019-11-09T07:40:00","modified_gmt":"2019-11-09T07:40:00","slug":"ritgerdir","status":"publish","type":"page","link":"https:\/\/uni.hi.is\/svala\/ritgerdir\/","title":{"rendered":"<!--:en-->Ritger\u00f0ir<!--:-->"},"content":{"rendered":"<p style=\"text-align: center\"><!--:en--><\/p>\n<table class=\" aligncenter\">\n<tbody>\n<tr id=\"\">\n<td><\/td>\n<td><\/td>\n<td>\n<table border=\"1\" width=\"643\" cellspacing=\"0\" cellpadding=\"0\">\n<tbody>\n<tr>\n<td width=\"542\"><a href=\"http:\/\/skemman.is\/item\/view\/1946\/17090\">N\u00fdli\u00f0i \u00ed fyrirt\u00e6ki: r\u00e1\u00f0ning, m\u00f3ttaka og \u00fej\u00e1lfun<\/a><\/td>\n<td width=\"101\">Brynjar J\u00f3hannsson<\/td>\n<\/tr>\n<tr>\n<td width=\"542\"><a href=\"http:\/\/skemman.is\/item\/view\/1946\/16928\">Frammist\u00f6\u00f0ustj\u00f3rnun. Innlei\u00f0ing \u00e1 frammist\u00f6\u00f0umati hj\u00e1 \u00c1TVR<\/a><\/td>\n<td width=\"101\">R\u00edkey J\u00f3na Eir\u00edksd\u00f3ttir<\/td>\n<\/tr>\n<tr>\n<td width=\"542\"><a href=\"http:\/\/skemman.is\/item\/view\/1946\/14993\">Notkun frammist\u00f6\u00f0umats hj\u00e1 \u00edslenskum r\u00e1\u00f0uneytum<\/a><\/td>\n<td width=\"101\">Angelien Schalk<\/td>\n<\/tr>\n<tr>\n<td width=\"542\"><a href=\"http:\/\/skemman.is\/item\/view\/1946\/14605\">\u201e\u00deetta var bara eins og \u00fea\u00f0 v\u00e6ri veri\u00f0 a\u00f0 drepa okkur h\u00e6gt og \u00e6tti ekki a\u00f0 segja okkur \u00fea\u00f0 fyrr en a\u00f0 vi\u00f0 v\u00e6rum dau\u00f0 sko.\u201c Sameining Landsp\u00edtala og St. J\u00f3sefssp\u00edtala<\/a><\/td>\n<td width=\"101\">Elsa Mogensen<\/td>\n<\/tr>\n<tr>\n<td width=\"542\"><a href=\"http:\/\/skemman.is\/item\/view\/1946\/14603\">Faglegt r\u00e1\u00f0ningarferli. R\u00e1\u00f0ningar \u00e1 vegum sveitarf\u00e9laga utan h\u00f6fu\u00f0borgarsv\u00e6\u00f0isins<\/a><\/td>\n<td width=\"101\">Gu\u00f0bj\u00f6rg Jutta Agnarsd\u00f3ttir<\/td>\n<\/tr>\n<tr>\n<td width=\"542\"><a href=\"http:\/\/skemman.is\/item\/view\/1946\/14535\">Hvatning og starfs\u00e1n\u00e6gja. Starfsmenn B\u00edla- og t\u00e6kjafj\u00e1rm\u00f6gnunar Landsbankans hf.<\/a><\/td>\n<td width=\"101\">\u00cdris Bj\u00f6rg J\u00f3hannsd\u00f3ttir<\/td>\n<\/tr>\n<tr>\n<td width=\"542\"><a href=\"http:\/\/skemman.is\/item\/view\/1946\/14491\">Samruni Reiknistofu bankanna og Teris. Upplifun starfsmanna og v\u00e6ntingar<\/a><\/td>\n<td width=\"101\">Unnur \u00ddr Konr\u00e1\u00f0sd\u00f3ttir<\/td>\n<\/tr>\n<tr>\n<td width=\"542\"><a href=\"http:\/\/skemman.is\/item\/view\/1946\/13759\">A\u00f0l\u00f6gun starfsmanna \u00ed kj\u00f6lfar r\u00f3tt\u00e6kra breytinga: Stu\u00f0ningur og vi\u00f0n\u00e1m starfsmanna \u00ed ferlinu<\/a><\/td>\n<td width=\"101\">Rut Vilhj\u00e1lmsd\u00f3ttir<\/td>\n<\/tr>\n<tr>\n<td width=\"542\"><a href=\"http:\/\/skemman.is\/item\/view\/1946\/13631\">Vi\u00f0horf og upplifun starfsmanna \u00datib\u00faa\u00fej\u00f3nustu \u00cdslandsbanka af innlei\u00f0ingu s\u00fdnilegrar stj\u00f3rnunar<\/a><\/td>\n<td width=\"101\">Anna Bj\u00f6rk Haraldsd\u00f3ttir<\/td>\n<\/tr>\n<tr>\n<td width=\"542\"><a href=\"http:\/\/skemman.is\/item\/view\/1946\/13121\">Hvatning og starfs\u00e1n\u00e6gja sumarstarfsmanna \u00cdslandsbanka<\/a><\/td>\n<td width=\"101\">Steinunn Bj\u00f6rnsd\u00f3ttir<\/td>\n<\/tr>\n<tr>\n<td width=\"542\"><a href=\"http:\/\/skemman.is\/item\/view\/1946\/13135\">Heimkoman. Upplifun \u00edslenskra \u00fatsendra starfsmanna \u00e1 heimkomunni og undirb\u00faningur hennar<\/a><\/td>\n<td width=\"101\">Au\u00f0ur Bj\u00f6rnsd\u00f3ttir<\/td>\n<\/tr>\n<tr>\n<td width=\"542\"><a href=\"http:\/\/skemman.is\/item\/view\/1946\/13128\">Starfsmannaval. R\u00e1\u00f0ningarferli\u00f0 me\u00f0 augum mannau\u00f0sstj\u00f3rnunar<\/a><\/td>\n<td width=\"101\">Birna Margr\u00e9t Gu\u00f0mundsd\u00f3ttir<\/td>\n<\/tr>\n<tr>\n<td width=\"542\"><a href=\"http:\/\/skemman.is\/item\/view\/1946\/12250\">Icelandic Culture From the Perspective of Foreigners<\/a><\/td>\n<td width=\"101\">Meyer, Sophie Christin<\/td>\n<\/tr>\n<tr>\n<td width=\"542\"><a href=\"http:\/\/skemman.is\/item\/view\/1946\/11310\">Ver\u00f0leikar hversdagsmannsins. Frammist\u00f6\u00f0umat \u00ed launakerfi Reykjav\u00edkurborgar<\/a><\/td>\n<td width=\"101\">\u00deorbj\u00f6rg Atla Sigr\u00ed\u00f0ard\u00f3ttir<\/td>\n<\/tr>\n<tr>\n<td width=\"542\"><a href=\"http:\/\/skemman.is\/item\/view\/1946\/11290\">Mannau\u00f0sstj\u00f3rnun hj\u00e1 r\u00edkinu. Vi\u00f0horf stj\u00f3rnenda heilsug\u00e6slust\u00f6\u00f0va h\u00f6fu\u00f0borgarsv\u00e6\u00f0isins til mannau\u00f0sm\u00e1la stofnunarinnar<\/a><\/td>\n<td width=\"101\">Sigr\u00fan Alda Magn\u00fasd\u00f3ttir<\/td>\n<\/tr>\n<tr>\n<td width=\"542\"><a href=\"http:\/\/skemman.is\/item\/view\/1946\/11228\">\u00cdmynd og a\u00f0dr\u00e1ttarafl. CCP sem m\u00f6gulegur framt\u00ed\u00f0arvinnusta\u00f0ur nemenda vi\u00f0 H\u00e1sk\u00f3la \u00cdslands og Listah\u00e1sk\u00f3la \u00cdslands<\/a><\/td>\n<td width=\"101\">Olga Huld P\u00e9tursd\u00f3ttir<\/td>\n<\/tr>\n<tr>\n<td width=\"542\"><a href=\"http:\/\/skemman.is\/item\/view\/1946\/11222\">Endurgj\u00f6f og hvatning starfsmanna<\/a><\/td>\n<td width=\"101\">Sigurborg J\u00f3nsd\u00f3ttir<\/td>\n<\/tr>\n<tr>\n<td width=\"542\"><a href=\"http:\/\/skemman.is\/item\/view\/1946\/11260\">The influence of national culture to negotiating style<\/a><\/td>\n<td width=\"101\">Judita Virbickaite<\/td>\n<\/tr>\n<tr>\n<td width=\"542\"><a href=\"http:\/\/skemman.is\/item\/view\/1946\/11261\">Sveigjanleiki \u00ed starfi og jafnv\u00e6gi milli vinnu og einkal\u00edfs. Samanbur\u00f0ur \u00e1 v\u00e6ntingum \u00edslenskra og mex\u00edk\u00f3skra h\u00e1sk\u00f3lanemenda til sveigjanleika \u00ed starfi og jafnv\u00e6gis milli vinnu og einkal\u00edfs<\/a><\/td>\n<td width=\"101\">Krist\u00edn Helga Waage<\/td>\n<\/tr>\n<tr>\n<td width=\"542\"><a href=\"http:\/\/skemman.is\/item\/view\/1946\/11198\">Hvatning stj\u00f3rnenda<\/a><\/td>\n<td width=\"101\">L\u00edsa Mar\u00eda Mark\u00fasd\u00f3ttir<\/td>\n<\/tr>\n<tr>\n<td width=\"542\"><a href=\"http:\/\/skemman.is\/item\/view\/1946\/11106\">Frammist\u00f6\u00f0umat. Vi\u00f0horf starfsmanna til frammist\u00f6\u00f0umats<\/a><\/td>\n<td width=\"101\">Andrea P\u00e9tursd\u00f3ttir<\/td>\n<\/tr>\n<tr>\n<td width=\"542\"><a href=\"http:\/\/skemman.is\/item\/view\/1946\/10585\">\u00c1rangurstenging launa. Er komi\u00f0 n\u00f3g af \u00fev\u00ed g\u00f3\u00f0a?<\/a><\/td>\n<td width=\"101\">Sveinn Arnar Stef\u00e1nsson<\/td>\n<\/tr>\n<tr>\n<td width=\"542\"><a href=\"http:\/\/skemman.is\/item\/view\/1946\/10126\">Kulnun \u00ed starfi me\u00f0al tannl\u00e6kna<\/a><\/td>\n<td width=\"101\">\u00d3skar Marin\u00f3 Sigur\u00f0sson<\/td>\n<\/tr>\n<tr>\n<td width=\"542\"><a href=\"http:\/\/skemman.is\/item\/view\/1946\/10110\">\u201eA\u00f0 eiga samskipti er lykillinn.\" A\u00f0l\u00f6gun maka \u00cdslendinga \u00ed \u00de\u00fdskalandi<\/a><\/td>\n<td width=\"101\">Arna \u00d3sk Arnarsd\u00f3ttir<\/td>\n<\/tr>\n<tr>\n<td width=\"542\"><a href=\"http:\/\/skemman.is\/item\/view\/1946\/10136\">Vinnut\u00edminn. Frelsi til a\u00f0 velja<\/a><\/td>\n<td width=\"101\">S\u00f3lveig Bjarney Dan\u00edelsd\u00f3ttir<\/td>\n<\/tr>\n<tr>\n<td width=\"542\"><a href=\"http:\/\/skemman.is\/item\/view\/1946\/8069\">A\u00f0 meta og a\u00f0 vera metinn: Upplifun stj\u00f3rnenda \u00e1 n\u00fdju fyrirkomulagi starfsmannasamtala og frammist\u00f6\u00f0umats<\/a><\/td>\n<td width=\"101\">Unnur \u00ddr Konr\u00e1\u00f0sd\u00f3ttir<\/td>\n<\/tr>\n<tr>\n<td width=\"542\"><a href=\"http:\/\/skemman.is\/item\/view\/1946\/8068\">Eru ekki allir \u00ed stu\u00f0i? Starfs\u00e1n\u00e6gja og starfs\u00f6ryggi rafvirkja \u00e1 \u00cdslandi<\/a><\/td>\n<td width=\"101\">\u00c1sd\u00eds Hannesd\u00f3ttir<\/td>\n<\/tr>\n<tr>\n<td width=\"542\"><a href=\"http:\/\/skemman.is\/item\/view\/1946\/7987\">R\u00e1\u00f0ningarferli leiksk\u00f3la<\/a><\/td>\n<td width=\"101\">Eva \u00d3sk Eggertsd\u00f3ttir<\/td>\n<\/tr>\n<tr>\n<td width=\"542\"><a href=\"http:\/\/skemman.is\/item\/view\/1946\/7954\">Hvatning og endurgj\u00f6f<\/a><\/td>\n<td width=\"101\">Karen \u00d3sk Gylfad\u00f3ttir<\/td>\n<\/tr>\n<tr>\n<td width=\"542\"><a href=\"http:\/\/skemman.is\/item\/view\/1946\/7891\">Hvatning starfsmanna Hvassaleitissk\u00f3la og starfsmanna Marels<\/a><\/td>\n<td width=\"101\">L\u00e1ra Hafli\u00f0ad\u00f3ttir<\/td>\n<\/tr>\n<tr>\n<td width=\"542\"><a href=\"http:\/\/skemman.is\/item\/view\/1946\/5375\">Eru tengsl milli starfs\u00fej\u00e1lfunar og starfs\u00e1n\u00e6gju?<\/a><\/td>\n<td width=\"101\">Gu\u00f0j\u00f3n \u00c1g\u00fast G\u00fastafsson<\/td>\n<\/tr>\n<tr>\n<td width=\"542\"><a href=\"http:\/\/skemman.is\/item\/view\/1946\/5107\">Eru frammist\u00f6\u00f0usamt\u00f6l \u00e1hugaver\u00f0 e\u00f0a \u00ed\u00feyngjandi? Upplifun millistj\u00f3rnenda<\/a><\/td>\n<td width=\"101\">Ragnhei\u00f0ur Kristinsd\u00f3ttir<\/td>\n<\/tr>\n<tr>\n<td width=\"542\"><a href=\"http:\/\/skemman.is\/item\/view\/1946\/5001\">\u00c1hrif b\u00f3nuskerfis \u00ed \u00fej\u00f3nustuver S\u00edmans<\/a><\/td>\n<td width=\"101\">Ari Hr\u00f3bjartsson<\/td>\n<\/tr>\n<\/tbody>\n<\/table>\n<\/td>\n<\/tr>\n<\/tbody>\n<\/table>\n<p><!--:--><\/p>\n","protected":false},"excerpt":{"rendered":"<p>N\u00fdli\u00f0i \u00ed fyrirt\u00e6ki: r\u00e1\u00f0ning, m\u00f3ttaka og \u00fej\u00e1lfun Brynjar J\u00f3hannsson Frammist\u00f6\u00f0ustj\u00f3rnun. Innlei\u00f0ing \u00e1 frammist\u00f6\u00f0umati hj\u00e1 \u00c1TVR R\u00edkey J\u00f3na Eir\u00edksd\u00f3ttir Notkun frammist\u00f6\u00f0umats hj\u00e1 \u00edslenskum r\u00e1\u00f0uneytum Angelien Schalk \u201e\u00deetta var bara eins og \u00fea\u00f0 v\u00e6ri veri\u00f0 a\u00f0 drepa okkur h\u00e6gt og \u00e6tti ekki a\u00f0 segja okkur \u00fea\u00f0 fyrr en a\u00f0 vi\u00f0 v\u00e6rum dau\u00f0 sko.\u201c Sameining Landsp\u00edtala og St. [&hellip;]<\/p>\n","protected":false},"author":128,"featured_media":0,"parent":0,"menu_order":4,"comment_status":"closed","ping_status":"closed","template":"","meta":{"footnotes":""},"class_list":["post-19","page","type-page","status-publish","hentry"],"_links":{"self":[{"href":"https:\/\/uni.hi.is\/svala\/wp-json\/wp\/v2\/pages\/19","targetHints":{"allow":["GET"]}}],"collection":[{"href":"https:\/\/uni.hi.is\/svala\/wp-json\/wp\/v2\/pages"}],"about":[{"href":"https:\/\/uni.hi.is\/svala\/wp-json\/wp\/v2\/types\/page"}],"author":[{"embeddable":true,"href":"https:\/\/uni.hi.is\/svala\/wp-json\/wp\/v2\/users\/128"}],"replies":[{"embeddable":true,"href":"https:\/\/uni.hi.is\/svala\/wp-json\/wp\/v2\/comments?post=19"}],"version-history":[{"count":8,"href":"https:\/\/uni.hi.is\/svala\/wp-json\/wp\/v2\/pages\/19\/revisions"}],"predecessor-version":[{"id":21,"href":"https:\/\/uni.hi.is\/svala\/wp-json\/wp\/v2\/pages\/19\/revisions\/21"}],"wp:attachment":[{"href":"https:\/\/uni.hi.is\/svala\/wp-json\/wp\/v2\/media?parent=19"}],"curies":[{"name":"wp","href":"https:\/\/api.w.org\/{rel}","templated":true}]}}