{"id":36,"date":"2013-06-27T12:25:50","date_gmt":"2013-06-27T12:25:50","guid":{"rendered":"http:\/\/uni.hi.is\/svala\/?page_id=36"},"modified":"2014-04-29T11:03:33","modified_gmt":"2014-04-29T11:03:33","slug":"kennsla","status":"publish","type":"page","link":"https:\/\/uni.hi.is\/svala\/kennsla\/","title":{"rendered":"<!--:en-->Kennsla<!--:-->"},"content":{"rendered":"<h3>N\u00e1mskei\u00f0 kennd 2013 - 2014<\/h3>\n<ul>\n<li><a href=\"https:\/\/ugla.hi.is\/kennsluskra\/index.php?tab=nam&amp;chapter=namskeid&amp;id=04431820140&amp;lang=is\" target=\"_blank\">VI\u00d0407G - Vinnulag og a\u00f0fer\u00f0afr\u00e6\u00f0i<\/a><\/li>\n<li><a href=\"https:\/\/ugla.hi.is\/kennsluskra\/index.php?tab=nam&amp;chapter=namskeid&amp;id=04443320140&amp;lang=is\" target=\"_blank\">VI\u00d0225F - Reikningsskilakenningar<\/a><\/li>\n<li><a href=\"https:\/\/ugla.hi.is\/kennsluskra\/index.php?tab=nam&amp;chapter=namskeid&amp;id=04451220140&amp;lang=is\" target=\"_blank\">MBA202F - \u00der\u00f3un mannau\u00f0s<\/a><\/li>\n<li><a href=\"https:\/\/ugla.hi.is\/kennsluskra\/index.php?tab=nam&amp;chapter=namskeid&amp;id=04452920140&amp;lang=is\" target=\"_blank\">MBA405F - Breytingastj\u00f3rnun<\/a><\/li>\n<li><a href=\"https:\/\/ugla.hi.is\/kennsluskra\/index.php?tab=nam&amp;chapter=namskeid&amp;id=70070320140&amp;lang=is\" target=\"_blank\">VI\u00d0243F - Breytingastj\u00f3rnun<\/a><\/li>\n<li><a href=\"https:\/\/ugla.hi.is\/kennsluskra\/index.php?tab=nam&amp;chapter=namskeid&amp;id=70431920140&amp;lang=is\" target=\"_blank\">VI\u00d0612G - VMV - Inngangur a\u00f0 mannau\u00f0sstj\u00f3rnun<\/a><\/li>\n<li><a href=\"https:\/\/ugla.hi.is\/kennsluskra\/index.php?tab=nam&amp;chapter=namskeid&amp;id=70705520140&amp;lang=is\" target=\"_blank\">VI\u00d0019G - VMV - Inngangur a\u00f0 mannau\u00f0sstj\u00f3rnun<\/a><\/li>\n<\/ul>\n<h3>\u00c1\u00e6tlu\u00f0 n\u00e1mskei\u00f0<\/h3>\n<ul>\n<li><a href=\"https:\/\/ugla.hi.is\/kennsluskra\/index.php?tab=nam&amp;chapter=namskeid&amp;id=04452920150&amp;lang=is\" target=\"_blank\">MBA405F - Breytingastj\u00f3rnun<\/a><\/li>\n<li><a href=\"https:\/\/ugla.hi.is\/kennsluskra\/index.php?tab=nam&amp;chapter=namskeid&amp;id=70070320150&amp;lang=is\" target=\"_blank\">VI\u00d0243F - Breytingastj\u00f3rnun<\/a><\/li>\n<li><a href=\"https:\/\/ugla.hi.is\/kennsluskra\/index.php?tab=nam&amp;chapter=namskeid&amp;id=70431920150&amp;lang=is\" target=\"_blank\">VI\u00d0612G - VMV - Inngangur a\u00f0 mannau\u00f0sstj\u00f3rnun<\/a><\/li>\n<li><a href=\"https:\/\/ugla.hi.is\/kennsluskra\/index.php?tab=nam&amp;chapter=namskeid&amp;id=70705520150&amp;lang=is\" target=\"_blank\">VI\u00d0019G - VMV - Inngangur a\u00f0 mannau\u00f0sstj\u00f3rnun<\/a><\/li>\n<li><a href=\"https:\/\/ugla.hi.is\/kennsluskra\/index.php?tab=nam&amp;chapter=namskeid&amp;id=04070720146&amp;lang=is\" target=\"_blank\">VI\u00d0102F - Mannau\u00f0sstj\u00f3rnun<\/a><\/li>\n<li><a href=\"https:\/\/ugla.hi.is\/kennsluskra\/index.php?tab=nam&amp;chapter=namskeid&amp;id=04440920146&amp;lang=is\" target=\"_blank\">VI\u00d0509G - Inngangur a\u00f0 mannau\u00f0sstj\u00f3rnun<\/a><\/li>\n<li><a href=\"https:\/\/ugla.hi.is\/kennsluskra\/index.php?tab=nam&amp;chapter=namskeid&amp;id=04451220146&amp;lang=is\" target=\"_blank\">MBA110F - \u00der\u00f3un mannau\u00f0s<\/a><\/li>\n<\/ul>\n<p><!--:--><\/p>\n","protected":false},"excerpt":{"rendered":"<p>N\u00e1mskei\u00f0 kennd 2013 - 2014 VI\u00d0407G - Vinnulag og a\u00f0fer\u00f0afr\u00e6\u00f0i VI\u00d0225F - Reikningsskilakenningar MBA202F - \u00der\u00f3un mannau\u00f0s MBA405F - Breytingastj\u00f3rnun VI\u00d0243F - Breytingastj\u00f3rnun VI\u00d0612G - VMV - Inngangur a\u00f0 mannau\u00f0sstj\u00f3rnun VI\u00d0019G - VMV - Inngangur a\u00f0 mannau\u00f0sstj\u00f3rnun \u00c1\u00e6tlu\u00f0 n\u00e1mskei\u00f0 MBA405F - Breytingastj\u00f3rnun VI\u00d0243F - Breytingastj\u00f3rnun VI\u00d0612G - VMV - Inngangur a\u00f0 mannau\u00f0sstj\u00f3rnun VI\u00d0019G - VMV [&hellip;]<\/p>\n","protected":false},"author":128,"featured_media":0,"parent":0,"menu_order":2,"comment_status":"closed","ping_status":"closed","template":"","meta":{"footnotes":""},"class_list":["post-36","page","type-page","status-publish","hentry"],"_links":{"self":[{"href":"https:\/\/uni.hi.is\/svala\/wp-json\/wp\/v2\/pages\/36","targetHints":{"allow":["GET"]}}],"collection":[{"href":"https:\/\/uni.hi.is\/svala\/wp-json\/wp\/v2\/pages"}],"about":[{"href":"https:\/\/uni.hi.is\/svala\/wp-json\/wp\/v2\/types\/page"}],"author":[{"embeddable":true,"href":"https:\/\/uni.hi.is\/svala\/wp-json\/wp\/v2\/users\/128"}],"replies":[{"embeddable":true,"href":"https:\/\/uni.hi.is\/svala\/wp-json\/wp\/v2\/comments?post=36"}],"version-history":[{"count":8,"href":"https:\/\/uni.hi.is\/svala\/wp-json\/wp\/v2\/pages\/36\/revisions"}],"predecessor-version":[{"id":66,"href":"https:\/\/uni.hi.is\/svala\/wp-json\/wp\/v2\/pages\/36\/revisions\/66"}],"wp:attachment":[{"href":"https:\/\/uni.hi.is\/svala\/wp-json\/wp\/v2\/media?parent=36"}],"curies":[{"name":"wp","href":"https:\/\/api.w.org\/{rel}","templated":true}]}}