{"id":62,"date":"2014-04-29T10:55:17","date_gmt":"2014-04-29T10:55:17","guid":{"rendered":"http:\/\/uni.hi.is\/svala\/?page_id=62"},"modified":"2014-04-29T10:59:43","modified_gmt":"2014-04-29T10:59:43","slug":"rannsoknir","status":"publish","type":"page","link":"https:\/\/uni.hi.is\/svala\/rannsoknir\/","title":{"rendered":"Ranns\u00f3knir"},"content":{"rendered":"<p>S\u00ed\u00f0an er \u00ed vinnslu...<\/p>\n","protected":false},"excerpt":{"rendered":"<p>S\u00ed\u00f0an er \u00ed vinnslu...<\/p>\n","protected":false},"author":128,"featured_media":0,"parent":0,"menu_order":3,"comment_status":"closed","ping_status":"closed","template":"","meta":{"footnotes":""},"class_list":["post-62","page","type-page","status-publish","hentry"],"_links":{"self":[{"href":"https:\/\/uni.hi.is\/svala\/wp-json\/wp\/v2\/pages\/62","targetHints":{"allow":["GET"]}}],"collection":[{"href":"https:\/\/uni.hi.is\/svala\/wp-json\/wp\/v2\/pages"}],"about":[{"href":"https:\/\/uni.hi.is\/svala\/wp-json\/wp\/v2\/types\/page"}],"author":[{"embeddable":true,"href":"https:\/\/uni.hi.is\/svala\/wp-json\/wp\/v2\/users\/128"}],"replies":[{"embeddable":true,"href":"https:\/\/uni.hi.is\/svala\/wp-json\/wp\/v2\/comments?post=62"}],"version-history":[{"count":1,"href":"https:\/\/uni.hi.is\/svala\/wp-json\/wp\/v2\/pages\/62\/revisions"}],"predecessor-version":[{"id":63,"href":"https:\/\/uni.hi.is\/svala\/wp-json\/wp\/v2\/pages\/62\/revisions\/63"}],"wp:attachment":[{"href":"https:\/\/uni.hi.is\/svala\/wp-json\/wp\/v2\/media?parent=62"}],"curies":[{"name":"wp","href":"https:\/\/api.w.org\/{rel}","templated":true}]}}