{"id":190,"date":"2013-03-03T21:15:09","date_gmt":"2013-03-03T21:15:09","guid":{"rendered":"http:\/\/uni.hi.is\/sye\/?page_id=190"},"modified":"2022-09-22T14:08:29","modified_gmt":"2022-09-22T14:08:29","slug":"aaetlud-namskeid","status":"publish","type":"page","link":"https:\/\/uni.hi.is\/sye\/kennsla\/aaetlud-namskeid\/","title":{"rendered":"<!--:en-->\u00c1\u00e6tlu\u00f0 n\u00e1mskei\u00f0<!--:-->"},"content":{"rendered":"<p><!--:en--><\/p>\n<p>Vor 2023:<br \/>\n\u00cdSL205G \u00cdslensk b\u00f3kmenntasaga til 1900<br \/>\n\u00cdSL613M Umhverfishugv\u00edsindi<\/p>\n<p><!--:--><\/p>\n","protected":false},"excerpt":{"rendered":"<p>Vor 2023: \u00cdSL205G \u00cdslensk b\u00f3kmenntasaga til 1900 \u00cdSL613M Umhverfishugv\u00edsindi<\/p>\n","protected":false},"author":124,"featured_media":0,"parent":9,"menu_order":1,"comment_status":"closed","ping_status":"closed","template":"onecolumn-page.php","meta":{"footnotes":""},"class_list":["post-190","page","type-page","status-publish","hentry"],"_links":{"self":[{"href":"https:\/\/uni.hi.is\/sye\/wp-json\/wp\/v2\/pages\/190","targetHints":{"allow":["GET"]}}],"collection":[{"href":"https:\/\/uni.hi.is\/sye\/wp-json\/wp\/v2\/pages"}],"about":[{"href":"https:\/\/uni.hi.is\/sye\/wp-json\/wp\/v2\/types\/page"}],"author":[{"embeddable":true,"href":"https:\/\/uni.hi.is\/sye\/wp-json\/wp\/v2\/users\/124"}],"replies":[{"embeddable":true,"href":"https:\/\/uni.hi.is\/sye\/wp-json\/wp\/v2\/comments?post=190"}],"version-history":[{"count":9,"href":"https:\/\/uni.hi.is\/sye\/wp-json\/wp\/v2\/pages\/190\/revisions"}],"predecessor-version":[{"id":1097,"href":"https:\/\/uni.hi.is\/sye\/wp-json\/wp\/v2\/pages\/190\/revisions\/1097"}],"up":[{"embeddable":true,"href":"https:\/\/uni.hi.is\/sye\/wp-json\/wp\/v2\/pages\/9"}],"wp:attachment":[{"href":"https:\/\/uni.hi.is\/sye\/wp-json\/wp\/v2\/media?parent=190"}],"curies":[{"name":"wp","href":"https:\/\/api.w.org\/{rel}","templated":true}]}}