{"id":252,"date":"2013-03-10T20:26:42","date_gmt":"2013-03-10T20:26:42","guid":{"rendered":"http:\/\/uni.hi.is\/sye\/?page_id=252"},"modified":"2023-11-06T17:08:40","modified_gmt":"2023-11-06T17:08:40","slug":"eldri-namskeid-2","status":"publish","type":"page","link":"https:\/\/uni.hi.is\/sye\/kennsla\/eldri-namskeid-2\/","title":{"rendered":"<!--:en-->Kennd n\u00e1mskei\u00f0<!--:-->"},"content":{"rendered":"<p><!--:en-->N\u00e1mskei\u00f0 \u00ed H\u00e1sk\u00f3la \u00cdslands sem \u00e9g hef s\u00e9\u00f0 um einn e\u00f0a me\u00f0 \u00f6\u00f0rum:<\/p>\n<p>Umhverfishugv\u00edsindi (2023)<br \/>\nBerklar, depur\u00f0 og deyjandi sk\u00e1ld (2022)<br \/>\nAt\u00f3mlj\u00f3\u00f0 og al\u00fe\u00fd\u00f0umenning: Sj\u00f6tti \u00e1ratugurinn \u00e1 \u00cdslandi (2021)<br \/>\n\u00c1stin \u00ed aldanna r\u00e1s (2021)<br \/>\nGr\u00edmur Thomsen og 19. \u00f6ldin (2020)<br \/>\nSmi\u00f0ja: Lj\u00f3\u00f0heimar (2019)<br \/>\nSmi\u00f0ja: \u00c1 vegum lj\u00f3\u00f0sins (2017)<br \/>\nY\u00f0ar einl\u00e6gur vin: Sendibr\u00e9f, s\u00f6gur og kv\u00e6\u00f0i fr\u00e1 19. \u00f6ld (2017)<br \/>\nA\u00f0fer\u00f0ir og vinnubr\u00f6g\u00f0 (2017, 2019, 2023)<br \/>\n\u00cdslenskar \u00fej\u00f3\u00f0s\u00f6gur og \u00fej\u00f3\u00f0tr\u00fa \u00a0(2017)<br \/>\n\u00cdslenskar b\u00f3kmenntir II: N\u00fat\u00edminn nemur land (2017)<br \/>\nD\u00e6gurlagatextar og al\u00fe\u00fd\u00f0umenning (2007, 2009, 2012, 2015)<br \/>\nN\u00e1tt\u00fara, ma\u00f0ur og t\u00e6kni: Saga hrifningar og \u00f3tta fr\u00e1 19. \u00f6ld til n\u00fat\u00edmans (2008, 2012, 2019)<br \/>\n\u00cdslensk b\u00f3kmenntasaga\/\u00cdslensk b\u00f3kmenntasaga til 1900 \u00a0(2009, 2010, 2012, 2013, 2015, 2016, 2017, 2019, 2020, 2021, 2022, 2023)<br \/>\nS\u00e1lmar og s\u00e6ringar: Lj\u00f3\u00f0ager\u00f0 1600\u20131800 (2006, 2012)<br \/>\nLj\u00f3\u00f0ager\u00f0 fr\u00e1 n\u00fdr\u00f3mant\u00edk til p\u00f3stm\u00f3dernisma (2010)<br \/>\n\u00dej\u00f3\u00f0ard\u00fdrlingar (2010)<br \/>\nR\u00f3mant\u00edk\/R\u00f3mant\u00edkin \u00e1 \u00cdslandi (2005, 2010, 2014)<br \/>\nRitstj\u00f3rn og fr\u00e6\u00f0ileg skrif (2006, 2009)<br \/>\n17. \u00f6ldin og Sj\u00f3n (2009)<br \/>\nFer\u00f0ir \u00ed b\u00f3kmenntum (2009)<br \/>\nHugur, tunga, h\u00f6nd og prent: Sk\u00e1ldskapur og mi\u00f0lun hans fr\u00e1 1600\u20131900 (2009)<br \/>\nM\u00e1lstofa: J\u00f3nas Hallgr\u00edmsson (2007)<br \/>\nStraumar og stefnur \u00ed b\u00f3kmenntafr\u00e6\u00f0i (2003, 2006, 2020, 2021, 2023)<br \/>\nM\u00f3dernismi (2006)<br \/>\nN\u00e1tt\u00fara og b\u00f3kmenntir (2006)<br \/>\nM\u00e1lstofa \u00ed n\u00fat\u00edmab\u00f3kmenntum: Sj\u00f3n og Gu\u00f0r\u00fan Eva M\u00ednervud\u00f3ttir (2005)<br \/>\nB\u00f3kmenntafr\u00e6\u00f0i (1993, 1994, 1995, 1996, 1997, 2004, 2005)<br \/>\nIcelandic Medieval Literature (2004, 2005)<br \/>\nL\u00edkaminn \u00ed lj\u00f3\u00f0um og s\u00f6gum (2004)<br \/>\nB\u00f3kmenntagreining (2003)<br \/>\nLj\u00f3\u00f0ager\u00f0 19. og 20. aldar (2001, 2003)<br \/>\nM\u00e1lstofa: Gunnar Gunnarsson (2003)<br \/>\nSk\u00e1lds\u00f6gur (2002)<br \/>\nOr\u00f0 \u00ed uppreisn: Lj\u00f3\u00f0list og textager\u00f0 1960\u20132000 (2002)<br \/>\nHeimurinn og \u00e9g: Lj\u00f3\u00f0ager\u00f0 \u00e1 20. \u00f6ld (2001)<br \/>\nLj\u00f3\u00f0 og heimspeki (1999)<br \/>\nEddur og \u00edslensk r\u00f3mant\u00edk (1997)<br \/>\nB\u00f3kmenntir s\u00ed\u00f0ari alda (1994, 1995, 2000, 2001, 2002, 2003)<br \/>\nInngangur a\u00f0 b\u00f3kmenntafr\u00e6\u00f0i I (1997, 1998, 1999 og 2000)<br \/>\nInngangur a\u00f0 b\u00f3kmenntafr\u00e6\u00f0i II (1997, 1998, 1999 og 2000)<br \/>\nHighlights of Icelandic Literature (1999, 2000 og 2001)<!--:--><\/p>\n","protected":false},"excerpt":{"rendered":"<p>N\u00e1mskei\u00f0 \u00ed H\u00e1sk\u00f3la \u00cdslands sem \u00e9g hef s\u00e9\u00f0 um einn e\u00f0a me\u00f0 \u00f6\u00f0rum: Umhverfishugv\u00edsindi (2023) Berklar, depur\u00f0 og deyjandi sk\u00e1ld (2022) At\u00f3mlj\u00f3\u00f0 og al\u00fe\u00fd\u00f0umenning: Sj\u00f6tti \u00e1ratugurinn \u00e1 \u00cdslandi (2021) \u00c1stin \u00ed aldanna r\u00e1s (2021) Gr\u00edmur Thomsen og 19. \u00f6ldin (2020) &hellip; <a href=\"https:\/\/uni.hi.is\/sye\/kennsla\/eldri-namskeid-2\/\">Halda \u00e1fram a\u00f0 lesa <span class=\"meta-nav\">&rarr;<\/span><\/a><\/p>\n","protected":false},"author":124,"featured_media":0,"parent":9,"menu_order":1,"comment_status":"closed","ping_status":"closed","template":"onecolumn-page.php","meta":{"footnotes":""},"class_list":["post-252","page","type-page","status-publish","hentry"],"_links":{"self":[{"href":"https:\/\/uni.hi.is\/sye\/wp-json\/wp\/v2\/pages\/252","targetHints":{"allow":["GET"]}}],"collection":[{"href":"https:\/\/uni.hi.is\/sye\/wp-json\/wp\/v2\/pages"}],"about":[{"href":"https:\/\/uni.hi.is\/sye\/wp-json\/wp\/v2\/types\/page"}],"author":[{"embeddable":true,"href":"https:\/\/uni.hi.is\/sye\/wp-json\/wp\/v2\/users\/124"}],"replies":[{"embeddable":true,"href":"https:\/\/uni.hi.is\/sye\/wp-json\/wp\/v2\/comments?post=252"}],"version-history":[{"count":17,"href":"https:\/\/uni.hi.is\/sye\/wp-json\/wp\/v2\/pages\/252\/revisions"}],"predecessor-version":[{"id":1125,"href":"https:\/\/uni.hi.is\/sye\/wp-json\/wp\/v2\/pages\/252\/revisions\/1125"}],"up":[{"embeddable":true,"href":"https:\/\/uni.hi.is\/sye\/wp-json\/wp\/v2\/pages\/9"}],"wp:attachment":[{"href":"https:\/\/uni.hi.is\/sye\/wp-json\/wp\/v2\/media?parent=252"}],"curies":[{"name":"wp","href":"https:\/\/api.w.org\/{rel}","templated":true}]}}