{"id":260,"date":"2013-03-10T21:08:06","date_gmt":"2013-03-10T21:08:06","guid":{"rendered":"http:\/\/uni.hi.is\/sye\/?page_id=260"},"modified":"2026-01-02T07:34:31","modified_gmt":"2026-01-02T07:34:31","slug":"handleidsla","status":"publish","type":"page","link":"https:\/\/uni.hi.is\/sye\/kennsla\/handleidsla\/","title":{"rendered":"<!--:en-->Handlei\u00f0sla og andm\u00e6li<!--:-->"},"content":{"rendered":"<p><!--:en--><\/p>\n<h2 align=\"center\">Doktorsritger\u00f0ir<\/h2>\n<p>\u00c9g er \u00ed doktorsnefnd Einars Einarssonar (sagnfr\u00e6\u00f0i, lei\u00f0beinandi: Gu\u00f0mundur H\u00e1lfdanarson), Jonasar Koesling (\u00edslenskar b\u00f3kmenntir, lei\u00f0beinandi: Emily Lethbridge), Krist\u00ednar \u00d6nnu Hermannsd\u00f3ttur (almenn b\u00f3kmenntafr\u00e6\u00f0i, lei\u00f0beinandi: Gunn\u00fe\u00f3runn Gu\u00f0mundsd\u00f3ttir) og Magneu J. Matth\u00edasd\u00f3ttur (\u00fe\u00fd\u00f0ingafr\u00e6\u00f0i, lei\u00f0beinandi: Gauti Kristmannsson).<\/p>\n<p>\u00c9g var \u00ed doktorsnefnd Johnny F. Lindholm sem var\u00f0i doktorsritger\u00f0 s\u00edna, <em>Sandheds Veje: Lutherske Strejflys over \u00d3lafur J\u00f3nsson \u00e1 S\u00f6ndums Digtning<\/em>, vi\u00f0 H\u00e1sk\u00f3la \u00cdslands 29. apr\u00edl 2022 (lei\u00f0beinandi: Margr\u00e9t Eggertsd\u00f3ttir).<\/p>\n<p>\u00c9g var \u00ed doktorsnefnd Helgu Birgisd\u00f3ttur sem var\u00f0i doktorsritger\u00f0 s\u00edna, <em>Saga Nonna: \u00cdmyndir og a\u00f0dr\u00e1ttarafl \u00ed Nonnab\u00f3kum J\u00f3ns Sveinssonar<\/em>, vi\u00f0 H\u00e1sk\u00f3la \u00cdslands 16. n\u00f3vember 2021 (lei\u00f0beinandi: Dagn\u00fd Kristj\u00e1nsd\u00f3ttir).<\/p>\n<p>\u00c9g var \u00ed doktorsnefnd Katelin Marit Parsons sem var\u00f0i doktorsritger\u00f0 s\u00edna, <em>Songs for the End of the World. The Poetry of Gu\u00f0mundur Erlendsson of Fell in Sl\u00e9ttuhl\u00ed\u00f0<\/em>, vi\u00f0 H\u00e1sk\u00f3la \u00cdslands 27. n\u00f3vember 2020 (lei\u00f0beinandi: Margr\u00e9t Eggertsd\u00f3ttir).<\/p>\n<p>\u00c9g var andm\u00e6landi Atla Antonssonar sem var\u00f0i doktorsritger\u00f0 s\u00edna, <i><span lang=\"IS\">Kvika \u00fej\u00f3\u00f0arinnar. \u00de\u00e6ttir \u00far menningars\u00f6gu \u00edslenskra eldgosa fr\u00e1 \u00e1tj\u00e1ndu \u00f6ld til okkar daga<\/span><\/i>, vi\u00f0 H\u00e1sk\u00f3la \u00cdslands 24. j\u00fan\u00ed 2024 (lei\u00f0beinandi: Gu\u00f0ni El\u00edsson).<\/p>\n<p>\u00c9g var andm\u00e6landi Simons Halink sem var\u00f0i doktorsritger\u00f0 s\u00edna, <em>Asgard Revisited. Old Norse Mythology and Icelandic National Culture 1820\u20131918<\/em>, vi\u00f0 h\u00e1sk\u00f3lann \u00ed Groningen 11. okt\u00f3ber 2017 (lei\u00f0beinendur: C.W. Bosch og J.T. Leerssen).<\/p>\n<p>\u00c9g var \u00ed doktorsnefnd Krist\u00ednar Bragad\u00f3ttur sem var\u00f0i doktorsritger\u00f0 s\u00edna,\u00a0<em>\u00cdslenskar b\u00e6kur erlendis. B\u00f3kas\u00f6fnun Willards Fiskes (1831\u20131904)<\/em>, vi\u00f0 H\u00e1sk\u00f3la \u00cdslands 16. j\u00fan\u00ed 2017 (lei\u00f0beinandi: M\u00e1r J\u00f3nsson).<\/p>\n<p>\u00c9g var andm\u00e6landi \u00de\u00f3runnar Sigur\u00f0ard\u00f3ttur sem var\u00f0i doktorsritger\u00f0 s\u00edna, <i>Hei\u00f0ur og huggun. Erfilj\u00f3\u00f0, harmlj\u00f3\u00f0 og huggunarkv\u00e6\u00f0i \u00e1 17. \u00f6ld<\/i>, vi\u00f0 H\u00e1sk\u00f3la \u00cdslands 7. mars 2014.<\/p>\n<p>\u00c9g var lei\u00f0beinandi Kristj\u00e1ns J\u00f3hanns J\u00f3nssonar sem var\u00f0i doktorsritger\u00f0 s\u00edna,\u00a0<i>Heimsborgari og \u00fej\u00f3\u00f0sk\u00e1ld. Um \u00feversagnakennt hlutverk Gr\u00edms Thomsen \u00ed \u00edslenskri menningu<\/i>, vi\u00f0 H\u00e1sk\u00f3la \u00cdslands 21. september 2012.<\/p>\n<p>\u00c9g var \u00ed doktorsnefnd og andm\u00e6landi Fern Nevjinsky sem var\u00f0i doktorsritger\u00f0 s\u00edna,\u00a0<i>D\u00e9sir et passion dans l\u2019\u0153uvre dramatique de J\u00f3hann Sigurj\u00f3nsson<\/i>, vi\u00f0 H\u00e1sk\u00f3la \u00cdslands 11. september 2009 (sameiginleg doktorsgr\u00e1\u00f0a fr\u00e1 Sorbonneh\u00e1sk\u00f3la \u00ed Par\u00eds).<\/p>\n<p>\u00c9g var forma\u00f0ur d\u00f3mnefndar og andm\u00e6landi Sveins Einarssonar sem var\u00f0i doktorsritger\u00f0 s\u00edna,\u00a0<i>A People\u2019s Theatre Comes of Age. A Study of the Icelandic Theatre 1860\u20131920<\/i>, vi\u00f0 H\u00e1sk\u00f3la \u00cdslands 25. n\u00f3vember 2006.<\/p>\n<h2 align=\"center\">M.A.-ritger\u00f0ir undir minni handlei\u00f0slu<\/h2>\n<p>A\u00f0albj\u00f6rg Bragad\u00f3ttir:\u00a0<i>\u201e\u00deetta land skamma stund bj\u00f3 m\u00e9r sta\u00f0. \u00c9g er str\u00e1 \u00ed \u00feess mold. \u00c9g er \u00fea\u00f0.\u201c Um s\u00e9rst\u00f6\u00f0u lj\u00f3\u00f0ager\u00f0ar Kristj\u00e1ns Einarssonar fr\u00e1 Dj\u00fapal\u00e6k<\/i>\u00a0(ma\u00ed 2009).<\/p>\n<p>\u00c1sta Sigurj\u00f3nsd\u00f3ttir: <em>\u201eS\u00f6kkvist heljar hundur.\u201c \u00der\u00edr J\u00f3nar, dj\u00f6fullinn og hugmyndaheimur l\u00faterskunnar \u00e1 17. \u00f6ld<\/em> (jan\u00faar 2014).<\/p>\n<p>\u00c1sta Svanhv\u00edt Sindrad\u00f3ttir:\u00a0<span class=\"normaltextrun\"><i><span lang=\"IS\">Margur er kn\u00e1r \u00fe\u00f3tt hann s\u00e9 sm\u00e1r. Sm\u00e1s\u00f6gur \u00c1stu Sigur\u00f0ard\u00f3ttur \u00ed b\u00f3kmenntakennslu\u00a0<\/span><\/i><span lang=\"IS\">(september 2020).<\/span><\/span><i><\/i><\/p>\n<p>Dr\u00f6fn J\u00f3nasd\u00f3ttir:\u00a0<em>Saga lj\u00f3\u00f0akennslu \u00ed grunnsk\u00f3lum fr\u00e1 1901 til 2014<\/em> (ma\u00ed 2014).<\/p>\n<p>Erna Gu\u00f0r\u00fan \u00c1rnad\u00f3ttir: <em>Eldklerkurinn. S\u00e9ra J\u00f3n Steingr\u00edmsson<\/em> (ma\u00ed 2023).<\/p>\n<p>Gu\u00f0bj\u00f6rn Sigurmundsson:\u00a0<i>Sigf\u00fas Da\u00f0ason og umheimurinn<\/i>\u00a0(september 2013).<\/p>\n<p>(Me\u00f0lei\u00f0beinandi, en a\u00f0allei\u00f0beinandi var Margr\u00e9t Eggertsd\u00f3ttir): Harpa Hreinsd\u00f3ttir:\u00a0<i>Lj\u00f3\u00f0abr\u00e9f Bjarna Gissurarsonar \u00ed Lbs 838, 4to<\/i>\u00a0(ma\u00ed 2007).<\/p>\n<p>Helga Birgisd\u00f3ttir:\u00a0<i>\u00deegar neglt var fyrir s\u00f3lina, kr\u00edurnar r\u00f6tu\u00f0u ekki heim og einn ma\u00f0ur \u00e1tti s\u00e9r draum. Vistr\u00fdni og verk Andra Sn\u00e6s Magnasonar<\/i>\u00a0(ma\u00ed 2007).<\/p>\n<p>(Lei\u00f0beinandi\u00a0\u00e1samt Eir\u00edki R\u00f6gnvaldssyni): Helgi Kristinn Gr\u00edmsson:\u00a0<i>Liljur og l\u00fap\u00ednur vallarins. Athugun \u00e1 m\u00e1li og st\u00edl N\u00fdja testamentisins \u00ed bibl\u00edu\u00fatg\u00e1funni 2007, me\u00f0 hli\u00f0sj\u00f3n af bibl\u00edu\u00fatg\u00e1funni 1981 og eldri \u00fatg\u00e1fum\u00a0<\/i>(jan\u00faar 2017).<\/p>\n<p>J\u00f3n\u00edna Gu\u00f0mundsd\u00f3ttir:\u00a0<i>A\u00f0 leita s\u00e9r sta\u00f0ar \u00e1 lj\u00f3\u00f0vegum. Um sta\u00f0arlj\u00f3\u00f0 J\u00f3nasar Hallgr\u00edmssonar, Snorra Hjartarsonar og Hannesar P\u00e9turssonar<\/i>\u00a0(ma\u00ed 2010).<\/p>\n<p>Ragnhei\u00f0ur Harpa Leifsd\u00f3ttir: <em>Stilling. Lj\u00f3\u00f0ahandrit<\/em> (ma\u00ed 2017).<\/p>\n<p>Sigr\u00ed\u00f0ur Egilsd\u00f3ttir:\u00a0<i>Sk\u00e1ldskapurinn \u00ed n\u00e1tt\u00farunni. Birtingarmyndir n\u00e1tt\u00farunnar \u00ed nokkrum sk\u00e1lds\u00f6gum Halld\u00f3rs Laxness<\/i>\u00a0(ma\u00ed 2011).<\/p>\n<p>Sigr\u00ed\u00f0ur \u00d3l\u00f6f \u00de\u00f3ra Sigur\u00f0ard\u00f3ttir:\u00a0<i>\u201e...\u00e9g lif\u00f0i \u00ed l\u00f6ngunarfullum og endalausum draumum.\u201c Um birtingarmyndir sj\u00e1lfsins \u00ed sj\u00e1lfs\u00e6vis\u00f6gulegum skrifum Benedikts Gr\u00f6ndals<\/i>\u00a0(ma\u00ed 2011).<\/p>\n<p>Sigurl\u00edn Bjarney G\u00edslad\u00f3ttir: <em>Jar\u00f0eldar og Hekla \u00ed n\u00e1tt\u00farus\u00fdn 17. aldar. Hugarfarsk\u00f6nnun<\/em> (ma\u00ed 2015).<\/p>\n<p>(Lei\u00f0beinandi \u00e1samt \u00c1rmanni Jakobssyni): Stefan\u00eda P\u00e1lsd\u00f3ttir: <em>Tv\u00f6 sm\u00ed\u00f0i: Lj\u00f3\u00f0verki\u00f0 Bl\u00fdhjarta og sveigurinn Skyggnur<\/em> (ma\u00ed 2020).<\/p>\n<p>Valur Sn\u00e6r Gunnarsson:\u00a0<i>Klofi\u00f0 land, klofi\u00f0 sj\u00e1lf. Leonard Cohen og leitin a\u00f0 kanad\u00edskri b\u00f3kmenntahef\u00f0<\/i>\u00a0(ma\u00ed 2012).<\/p>\n<p>\u00deorsteinn \u00c1rnason Surmeli:\u00a0<em>\u00cd hj\u00e1verkum teikna\u00f0. Um myndir vi\u00f0 Nj\u00e1lu \u00ed sagnahandriti fr\u00e1 19. \u00f6ld<\/em>\u00a0(ma\u00ed 2013).<\/p>\n<p>\u00deorsteinn G. \u00deorsteinsson:\u00a0<i>Tveggja heima s\u00fdn. Lj\u00f3\u00f0ager\u00f0 fj\u00f6gurra sk\u00e1lda fr\u00e1 sj\u00e1lfst\u00e6\u00f0isbar\u00e1ttu til al\u00feingish\u00e1t\u00ed\u00f0ar<\/i>\u00a0(ma\u00ed 2010).<\/p>\n<h2 align=\"center\">B.A.-ritger\u00f0ir undir minni handlei\u00f0slu<\/h2>\n<p align=\"center\">(10 einingar nema anna\u00f0 s\u00e9 teki\u00f0 fram)<\/p>\n<p>Alda Bj\u00f6rk Gu\u00f0mundsd\u00f3ttir:\u00a0<i>\u00cdslensk t\u00edmarita\u00fatg\u00e1fa \u00e1 18. og 19. \u00f6ld. Efnist\u00f6k fj\u00f6gurra t\u00edmarita sko\u00f0u\u00f0<\/i>\u00a0(ma\u00ed 2003). Ritger\u00f0in fjallar um b\u00f3kmenntaefni \u00ed\u00a0<i>Ritum Hins \u00edslenska l\u00e6rd\u00f3mslistaf\u00e9lags<\/i>,\u00a0<i>Fj\u00f6lni<\/i>,\u00a0<i>Nor\u00f0urfara<\/i>\u00a0og\u00a0<i>N\u00fdjum f\u00e9lagsritum<\/i>.<\/p>\n<p>Arn\u00f3r Hauksson:\u00a0<i>Slappa\u00f0u af. D\u00e6gurlagatextar \u00deorsteins Eggertssonar<\/i>\u00a0(ma\u00ed 2002).<\/p>\n<p>\u00c1rni Berg\u00fe\u00f3r Steinarsson:\u00a0<i>Tr\u00faarhugmyndir og sp\u00edritismi \u00ed \u00edslenskum n\u00fat\u00edmab\u00f3kmenntum<\/i>\u00a0(ma\u00ed 2006).<\/p>\n<p>\u00c1sd\u00eds Helga \u00d3skarsd\u00f3ttir: <em>\u201e\u00c9g er v\u00e6ngst\u00fdf\u00f0ur fugl.\u201c Um n\u00e1tt\u00farus\u00fdn \u00ed lj\u00f3\u00f0um Erlu \u2013 Gu\u00f0finnu \u00deorsteinsd\u00f3ttur<\/em> (ma\u00ed 2015).<\/p>\n<p>\u00c1str\u00f3s Hind R\u00fanarsd\u00f3ttir: <em>\u201e\u00dea\u00f0 er svo kalt a\u00f0 k\u00fara \u00ed j\u00f6r\u00f0.\u201c \u00c1st, dau\u00f0i og berklar \u00ed lj\u00f3\u00f0um \u00d3lafar Sigur\u00f0ard\u00f3ttur fr\u00e1 Hl\u00f6\u00f0um<\/em> (ma\u00ed 2024).<\/p>\n<p>Berglind Steinsd\u00f3ttir:\u00a0<i>Er k\u00edmni g\u00e1fa? Athuganir \u00e1 fyndni og hvernig h\u00fan n\u00fdtist Hvunndagshetju Au\u00f0ar Haralds<\/i>\u00a0(september 1994).<\/p>\n<p>D\u00edsa R\u00fan J\u00f3hannsd\u00f3ttir: <em>\u201eGr\u00e9tu \u00fe\u00e1 \u00ed lautu g\u00f3\u00f0ir bl\u00f3m\u00e1lfar.\u201c Um tilfinningatj\u00e1ningu og n\u00e1tt\u00farutengingu \u00ed verkum Bjarna Thorarensen og J\u00f3nasar Hallgr\u00edmssonar<\/em> (j\u00fan\u00ed 2025).<\/p>\n<p>El\u00edsabet H. Einarsd\u00f3ttir: <i>\u201eN\u00fa er \u00ed Dritv\u00edk daufleg vist.\u201c \u00der\u00f3un \u00edslenskra sj\u00f3mannalj\u00f3\u00f0a fr\u00e1 930\u20132006<\/i>\u00a0(september 2006).<\/p>\n<p>Gu\u00f0bj\u00f6rg Lilja P\u00e9tursd\u00f3ttir:\u00a0<i>N\u00e1tt\u00farulj\u00f3\u00f0 Steingr\u00edms Thorsteinssonar. Um hafi\u00f0, sveitina og h\u00e1fj\u00f6llin<\/i>\u00a0(ma\u00ed 2006).<\/p>\n<p>Gu\u00f0bj\u00f6rg Sigurgeirsd\u00f3ttir:\u00a0<i>D\u00e6gurl\u00f6g um sj\u00f3menn. Fr\u00e1 danst\u00f3nlist til bar\u00e1ttus\u00f6ngva<\/i>\u00a0(ma\u00ed 2007).<\/p>\n<p>Gu\u00f0mundur Fri\u00f0bjarnarson: <em>\u201e\u00de\u00f3 a\u00f0 \u00e6vi\u00e1rin hverfi.\u201c Um d\u00e6gurlagatexta J\u00f3nasar \u00c1rnasonar<\/em> (jan\u00faar 2014).<\/p>\n<p>Gu\u00f0r\u00fan Brj\u00e1nsd\u00f3ttir: <em>\u201eEinhvers sta\u00f0ar \u00e1 milli Schuberts og Sigvalda Kaldal\u00f3ns.\u201c Um s\u00f6gu og e\u00f0li \u00edslenskra eins\u00f6ngslaga<\/em> (ma\u00ed 2018).<\/p>\n<p>Haf\u00fe\u00f3r F. Sigmundsson:\u00a0<i>Eitthva\u00f0 mun hann Eggert minn svamla. Vi\u00f0t\u00f6kur og mynd Eggerts \u00d3lafssonar \u00ed lj\u00f3\u00f0um sk\u00e1lda \u00e1 18. og 19. \u00f6ld<\/i>\u00a0(ma\u00ed 1995).<\/p>\n<p>Hans Orri Kristj\u00e1nsson:\u00a0<i>Death, Travel and Pocahontas. The imagery on Neil Young\u2019s album Rust Never Sleeps<\/i>\u00a0(september 2008).<\/p>\n<p>Haukur \u00deorgeirsson:\u00a0<i>Gunnarsslagur og Valagaldur Kr\u00e1ku. Eddukv\u00e6\u00f0i fr\u00e1 18. \u00f6ld<\/i>\u00a0(september 2008). (20 eininga ritger\u00f0.) Ritger\u00f0in hlaut verkefnastyrk FS og var eina ritger\u00f0in \u00ed H\u00cd sem hlaut \u00fe\u00e1 vi\u00f0urkenningu hausti\u00f0 2008.<\/p>\n<p>H\u00e1kon Orri Gunnarsson: <em>\u00c1st, einmanaleiki og sj\u00e1lfsleit \u00ed verkinu Violet Bent Backwards Over the Grass. R\u00fdnt \u00ed hugverk L\u00f6nu Del Rey<\/em> (jan\u00faar 2025).<\/p>\n<p>Helga Gu\u00f0r\u00fan Eysteinsd\u00f3ttir: <em>\u201e\u00dev\u00ed skal helgu\u00f0 \u00e1st vor \u00f6ll \u00e6ttarj\u00f6r\u00f0 og fe\u00f0ratungu.\u201c Frumort lj\u00f3\u00f0 og \u00fe\u00fd\u00f0ingar Bjarna fr\u00e1 Vogi \u00ed lj\u00f3si r\u00f3mant\u00edkur og \u00fe\u00fdskrar menningar<\/em> (febr\u00faar 2016).<\/p>\n<p>Helga Krist\u00edn Gilsd\u00f3ttir:\u00a0<i>Augun, t\u00e1rin og fl\u00edsin. Mennskan og m\u00f6rk hennar \u00ed \u00feremur sk\u00e1lds\u00f6gum Sj\u00f3ns<\/i>\u00a0(ma\u00ed 2011).<\/p>\n<p>Hj\u00e1lmar Ben\u00f3n\u00fdsson: <em>Hrakningar \u00e1 fj\u00f6llum. H\u00e1leit or\u00f0r\u00e6\u00f0a \u00ed s\u00f6gunum A\u00f0ventu og Harmi englanna<\/em> (september 2023).<\/p>\n<p>Hl\u00edf Ingibj\u00f6rnsd\u00f3ttir:\u00a0<i>\u00cdsland, sta\u00f0ur \u00ed b\u00f3k. Hugmyndin um \u00cdsland \u00ed textum Giacomo Leopardi, Giorgio Manganelli og Valeria Vigan\u00f2<\/i>\u00a0(ma\u00ed 2010).<\/p>\n<p>H\u00f3lmsteinn Ei\u00f0ur H\u00f3lmsteinsson: <em>\u201e\u00de\u00fa vaknar morgun einn og s\u00e9r til ve\u00f0urs.\u201c Um ve\u00f0urfar \u00ed lj\u00f3\u00f0um J\u00f3ns \u00d3skars<\/em> (ma\u00ed 2018).<\/p>\n<p>Hugr\u00fan Lind Hafsteinsd\u00f3ttir:\u00a0<em>\u201e\u00d3 s\u00f3l! \u00c9g til \u00fe\u00edn fl\u00fd.\u201c\u00a0<\/em><em>Birtingarmyndir n\u00e1tt\u00farunnar \u00ed lj\u00f3\u00f0um Helgu Sigur\u00f0ard\u00f3ttur fr\u00e1 Malar\u00e1si<\/em> (jan\u00faar 2021).<\/p>\n<p>Hugr\u00fan Ragnarsd\u00f3ttir: <em>Fj\u00f3rar greinar. Um b\u00f3kab\u00f6rn \u00ed Vesturfaras\u00f6gum B\u00f6\u00f0vars Gu\u00f0mundssonar<\/em> (ma\u00ed 2023).<\/p>\n<p>Inga L\u00f3a Hannesd\u00f3ttir:\u00a0<i>\u201e...Heimsins bezti sta\u00f0ur\u201c. Sk\u00e1ldab\u00e6rinn Hverager\u00f0i<\/i>\u00a0(jan\u00faar 2004).<\/p>\n<p>Katr\u00edn Jakobsd\u00f3ttir:\u00a0<i>Gl\u00e6purinn sem ekki fannst. Saga og \u00fer\u00f3un \u00edslenskra gl\u00e6pasagna<\/i>\u00a0(september 1999). Ritger\u00f0in var gefin \u00fat sem 4. riti\u00f0 \u00ed ritr\u00f6\u00f0inni\u00a0<i>Ung fr\u00e6\u00f0i<\/i>\u00a0\u00e1 vegum B\u00f3kmenntafr\u00e6\u00f0istofnunar H.\u00cd. 2001.<\/p>\n<p>Katr\u00edn Alfa Snorrad\u00f3ttir:\u00a0<em>Reyni a\u00f0 brosa. Um sk\u00e1ldskap Evu Hj\u00e1lmarsd\u00f3ttur fr\u00e1 Stakkahl\u00ed\u00f0 \u00ed Lo\u00f0mundarfir\u00f0i <\/em>(ma\u00ed 2021).<\/p>\n<p>Kjartan Gl\u00famur Kjartansson:\u00a0<i>L\u00edf, dau\u00f0i og r\u00f3mant\u00edk<\/i>\u00a0(ma\u00ed 2004).<\/p>\n<p>Krist\u00edn Arna Hauksd\u00f3ttir:\u00a0<i>T\u00fdndi sonurinn. N\u00e1tt\u00faruger\u00f0ar kven\u00edmyndir og sj\u00e1lfsleit \u00ed lj\u00f3\u00f0um Dav\u00ed\u00f0s Stef\u00e1nssonar<\/i>\u00a0(ma\u00ed 2002).<\/p>\n<p>Krist\u00edn \u00de\u00f3rarinsd\u00f3ttir:\u00a0<i>\u201eOg l\u00edf mitt st\u00f3\u00f0 kyrrt eins og kringl\u00f3tt sm\u00e1mynt.\u201c L\u00edf og listsk\u00f6pun Steins Steinarr \u00e1 tilur\u00f0ar\u00e1rum T\u00edmans og vatnsins<\/i>\u00a0(ma\u00ed 2005). (20 eininga ritger\u00f0.) Grein sem unnin var upp \u00far ritger\u00f0inni birtist \u00ed vorhefti\u00a0<i>Sk\u00edrnis<\/i>\u00a02008.<\/p>\n<p>Kristmundur Gu\u00f0mundsson:\u00a0<i>Og upp r\u00edsa i\u00f0jagr\u00e6nir Fr\u00e6bbblar. Um or\u00f0r\u00e6\u00f0u \u00edslenska og breska p\u00f6nksins<\/i>\u00a0(ma\u00ed 2008).<\/p>\n<p>L\u00e1ra Halla Sigur\u00f0ard\u00f3ttir:\u00a0<i>\u00de\u00fa \u00e6skuskari \u00e1 \u00cdslands str\u00f6nd. Um \u00e6skul\u00fd\u00f0ss\u00f6ngva og s\u00e1lma sr. Fri\u00f0riks Fri\u00f0rikssonar<\/i>\u00a0(jan\u00faar 2013).<\/p>\n<p>Lilja D\u00f6gg Eldon:\u00a0<i>Sumar \u00ed sveit. \u00deroskasaga og sveitas\u00e6la \u00ed Svaninum<\/i>\u00a0(ma\u00ed 2003).<\/p>\n<p>Linda \u00c1sd\u00edsard\u00f3ttir:\u00a0<i>\u00c1lfar, fj\u00f6ll og menn. H\u00e1leit s\u00fdn \u00ed b\u00f3kinni \u00cdslendingar<\/i>\u00a0(ma\u00ed 2005). Grein sem unnin var upp \u00far ritger\u00f0inni birtist \u00ed hausthefti\u00a0<i>Sk\u00edrnis\u00a0<\/i>2005.<\/p>\n<p>L\u00edney Gylfad\u00f3ttir: <em>\u201e\u00c9g er s\u00e1 sem les \u00ed lj\u00f3\u00f0in.\u201c Textager\u00f0 \u00feungarokkssveitarinnar Sk\u00e1lmaldar<\/em> (jan\u00faar 2018).<\/p>\n<p>Magn\u00fas Orri A\u00f0alsteinsson: <em>\u201eN\u00e6turnar \u00ed Keflav\u00edk \u00fe\u00e6r sitja enn \u00ed m\u00e9r.\u201c Um s\u00e9rst\u00f6\u00f0u lj\u00f3\u00f0a og lj\u00f3\u00f0heims kef LAV\u00cdKur<\/em> (apr\u00edl 2024).<\/p>\n<p>Magn\u00fas M\u00e1r Magn\u00fasson: <em>Hi\u00f0 sk\u00e1ldlega, hi\u00f0 n\u00e1kv\u00e6ma og Erlendur: Samanbur\u00f0ur \u00e1 skrifum Halld\u00f3rs Laxness og \u00de\u00f3rbergs \u00de\u00f3r\u00f0arsonar um Erlend \u00ed Unuh\u00fasi<\/em> (ma\u00ed 2024).<\/p>\n<p>Olga Alexandersd\u00f3ttir Markelova:\u00a0<i>Samspil gamallar og n\u00fdrrar hef\u00f0ar \u00ed kve\u00f0skap Megasar<\/i>\u00a0(ma\u00ed 2004). Ritger\u00f0in birtist \u00e1 r\u00fassnesku \u00ed t\u00edmaritinu\u00a0<i>Text i context<\/i>\u00a02004 (http:\/\/poetics.nm.ru). Grein sem unnin var upp \u00far ritger\u00f0inni birtist \u00ed\u00a0<i>T\u00edmariti M\u00e1ls og menningar<\/i>\u00a02005.<\/p>\n<p>Ragnhei\u00f0ur Dav\u00ed\u00f0sd\u00f3ttir: <em>Kvennas\u00f6gur. Samanbur\u00f0ur \u00e1 \u00de\u00f3rub\u00f3kum Ragnhei\u00f0ar J\u00f3nsd\u00f3ttur og Karitasb\u00f3kum Krist\u00ednar Marju Baldursd\u00f3ttur<\/em> (ma\u00ed 2013).<\/p>\n<p>Ragnhildur \u00derastard\u00f3ttir: <em>Fr\u00e1 Rottweiler hundum til Reykjav\u00edkurd\u00e6tra. Um birtingarmyndir kvenna \u00ed \u00edslensku rappi<\/em> (ma\u00ed 2019).<\/p>\n<p>Sigr\u00ed\u00f0ur G. P\u00e1lmad\u00f3ttir:\u00a0<i>S\u00ed\u00f0asta \u00fej\u00f3\u00f0sk\u00e1ldi\u00f0. L\u00edf og list Dav\u00ed\u00f0s Stef\u00e1nssonar fr\u00e1 Fagrask\u00f3gi\u00a0<\/i>(ma\u00ed 2005).<\/p>\n<p>Sigr\u00ed\u00f0ur The\u00f3d\u00f3ra P\u00e9tursd\u00f3ttir:\u00a0<i>\u201eH\u00fan var sjaldan k\u00f6llu\u00f0 ,sk\u00e1ldkona\u2018 ... H\u00fan var fr\u00fa Theodora.\u201c Um sk\u00e1ldskap Theodoru Thoroddsen<\/i>\u00a0(ma\u00ed 2010).<\/p>\n<p>Sigurbj\u00f6rg R\u00fan J\u00f3nsd\u00f3ttir:\u00a0<i>Undan pilsfaldinum. Um<\/i>\u00a0<i>\u00e1st og \u00e1stleysi \u00ed lj\u00f3\u00f0um \u00edslenskra kvenna<\/i>\u00a0(ma\u00ed 2004).<\/p>\n<p>Silja Hrund Barkard\u00f3ttir:\u00a0<i>Gandrei\u00f0 \u2013 \u201egirnilegri til fr\u00f3\u00f0leiks en heiln\u00e6mis, sem epli\u00f0 Evu\u201c<\/i>\u00a0(jan\u00faar 2004). 20 eininga ritger\u00f0 sem fjallar um 17. aldar riti\u00f0\u00a0<i>Gandrei\u00f0<\/i>\u00a0eftir J\u00f3n Da\u00f0ason \u00e1 Arnarb\u00e6li.<\/p>\n<p>Solveig Brynja Gr\u00e9tarsd\u00f3ttir:\u00a0<i>Eg skal kve\u00f0a um eina \u00feig. Um \u00e1starlj\u00f3\u00f0 P\u00e1ls \u00d3lafssonar<\/i>\u00a0(jan\u00faar 2004). Grein sem unnin var upp \u00far ritger\u00f0inni birtist \u00ed\u00a0<i>M\u00edmi\u00a0<\/i>2007.<\/p>\n<p>Snorri M\u00e1sson: <em>Karnival\u00edsk sendibr\u00e9f br\u00e9fask\u00e1ldsins Konr\u00e1\u00f0s G\u00edslasonar \u00e1rin 1837\u20131844<\/em> (20 einingar, ma\u00ed 2020).<\/p>\n<p>Stefan\u00eda Helga Sk\u00falad\u00f3ttir:\u00a0<i>Seg\u00f0u m\u00e9r s\u00f6guna aftur...<\/i>\u00a0<i>S\u00f6gulegt yfirlit yfir \u00edslensku sm\u00e1s\u00f6guna \u00e1 19. og 20. \u00f6ld<\/i>\u00a0(ma\u00ed 2004).<\/p>\n<p>Svanhv\u00edt Lilja Ing\u00f3lfsd\u00f3ttir:\u00a0<i>\u201eAllt er verbalt.\u201c Um notkun tungum\u00e1lsins \u00ed \u00edslensku rappi<\/i>\u00a0(ma\u00ed 2006). Grein sem unnin var upp \u00far ritger\u00f0inni birtist \u00ed\u00a0<i>M\u00edmi<\/i>\u00a02007.<\/p>\n<p>Valur Gunnarsson:\u00a0<i>\u201eSk\u00edtsama um allt, fr\u00e1 h\u00e6gri e\u00f0a vinstri.\u201c P\u00f3lit\u00edkin og p\u00f6nki\u00f0<\/i>\u00a0(jan\u00faar 2010). (20 eininga ritger\u00f0.)<\/p>\n<p>Kendra Jean Willson:\u00a0<i>J\u00f3nas og Hl\u00e9bar\u00f0inn. Lj\u00f3\u00f0stafir og vi\u00f0t\u00f6kur lj\u00f3\u00f0a\u00fe\u00fd\u00f0inga<\/i>\u00a0(ma\u00ed 2007). Grein sem unnin var upp \u00far ritger\u00f0inni birtist \u00ed\u00a0<i>J\u00f3ni \u00e1 B\u00e6gis\u00e1<\/i>\u00a02008.<\/p>\n<p>\u00deorsteinn Mar Gunnlaugsson:\u00a0<i>\u00cd forgar\u00f0i v\u00edtis. Er S\u00e6lir eru einfaldir gotnesk hrollvekja?<\/i>\u00a0(september 2003).<\/p>\n<p>\u00de\u00f3runn Kristj\u00e1nsd\u00f3ttir:\u00a0<i>\u201eF\u00fdsir oft eyrun illt a\u00f0 heyra.\u201c Um gr\u00f3teskar birtingarmyndir Gr\u00fdlu \u00ed \u00feremur kv\u00e6\u00f0um fr\u00e1 17. \u00f6ld<\/i>\u00a0(september 2007).<!--:--><\/p>\n","protected":false},"excerpt":{"rendered":"<p>Doktorsritger\u00f0ir \u00c9g er \u00ed doktorsnefnd Einars Einarssonar (sagnfr\u00e6\u00f0i, lei\u00f0beinandi: Gu\u00f0mundur H\u00e1lfdanarson), Jonasar Koesling (\u00edslenskar b\u00f3kmenntir, lei\u00f0beinandi: Emily Lethbridge), Krist\u00ednar \u00d6nnu Hermannsd\u00f3ttur (almenn b\u00f3kmenntafr\u00e6\u00f0i, lei\u00f0beinandi: Gunn\u00fe\u00f3runn Gu\u00f0mundsd\u00f3ttir) og Magneu J. Matth\u00edasd\u00f3ttur (\u00fe\u00fd\u00f0ingafr\u00e6\u00f0i, lei\u00f0beinandi: Gauti Kristmannsson). \u00c9g var \u00ed doktorsnefnd Johnny F. &hellip; <a href=\"https:\/\/uni.hi.is\/sye\/kennsla\/handleidsla\/\">Halda \u00e1fram a\u00f0 lesa <span class=\"meta-nav\">&rarr;<\/span><\/a><\/p>\n","protected":false},"author":124,"featured_media":0,"parent":9,"menu_order":1,"comment_status":"closed","ping_status":"closed","template":"onecolumn-page.php","meta":{"footnotes":""},"class_list":["post-260","page","type-page","status-publish","hentry"],"_links":{"self":[{"href":"https:\/\/uni.hi.is\/sye\/wp-json\/wp\/v2\/pages\/260","targetHints":{"allow":["GET"]}}],"collection":[{"href":"https:\/\/uni.hi.is\/sye\/wp-json\/wp\/v2\/pages"}],"about":[{"href":"https:\/\/uni.hi.is\/sye\/wp-json\/wp\/v2\/types\/page"}],"author":[{"embeddable":true,"href":"https:\/\/uni.hi.is\/sye\/wp-json\/wp\/v2\/users\/124"}],"replies":[{"embeddable":true,"href":"https:\/\/uni.hi.is\/sye\/wp-json\/wp\/v2\/comments?post=260"}],"version-history":[{"count":45,"href":"https:\/\/uni.hi.is\/sye\/wp-json\/wp\/v2\/pages\/260\/revisions"}],"predecessor-version":[{"id":1184,"href":"https:\/\/uni.hi.is\/sye\/wp-json\/wp\/v2\/pages\/260\/revisions\/1184"}],"up":[{"embeddable":true,"href":"https:\/\/uni.hi.is\/sye\/wp-json\/wp\/v2\/pages\/9"}],"wp:attachment":[{"href":"https:\/\/uni.hi.is\/sye\/wp-json\/wp\/v2\/media?parent=260"}],"curies":[{"name":"wp","href":"https:\/\/api.w.org\/{rel}","templated":true}]}}