{"id":307,"date":"2013-03-11T09:10:10","date_gmt":"2013-03-11T09:10:10","guid":{"rendered":"http:\/\/uni.hi.is\/sye\/?page_id=307"},"modified":"2021-01-22T12:55:36","modified_gmt":"2021-01-22T12:55:36","slug":"about","status":"publish","type":"page","link":"https:\/\/uni.hi.is\/sye\/english\/about\/","title":{"rendered":"<!--:en-->About<!--:-->"},"content":{"rendered":"<p><!--:en--><\/p>\n<h3 style=\"text-align: center\"><\/h3>\n<p style=\"text-align: left\">Welcome to my homepage. I am Professor of Icelandic literature at\u00a0the Faculty of Icelandic and Comparative Cultural Studies, School of Humanities, University of Iceland (address: \u00c1rnagar\u00f0ur, Su\u00f0urgata, 101 Reykjav\u00edk, Iceland). Visiting hours are by appointment (tel.: +354 525 4419, email: sye@hi.is).<\/p>\n<h2 style=\"text-align: center\" align=\"center\">Research and teaching area<\/h2>\n<p style=\"text-align: left\" align=\"center\">My research and teaching area is modern Icelandic literature (1600\u20131900), including the reception of medieval literature, romanticism, literature and the environment (ecocriticism) and nationalism. For my publications, see the annotated <a href=\"http:\/\/uni.hi.is\/sye\/rit-og-fyrirlestrar\/bibliography\/\">bibliography<\/a> on this page. My present and planned university courses can be seen <a href=\"https:\/\/english.hi.is\/staff\/sye\">here.<\/a><\/p>\n<h2 style=\"text-align: center\" align=\"center\">Research projects<\/h2>\n<p style=\"text-align: left\" align=\"center\">During the last decade I have conducted two independent research projects, which have resulted in the publication of two monographs. In 2014, I concluded an ecocritical\u00a0study of romantic and post-romantic Icelandic poetry with the publication of my book, <em>The Nature of Poetry<\/em>, which was nominated for the Icelandic Literary Prize. I then embarked on a study of national discourse and hybridity in literature and the arts, which is the subject of my 2019 book, <em>Iceland in the Aegean<\/em>. I have also worked with other researchers on four collective projects, which have been concluded during the last decade: 1)\u00a0<a href=\"https:\/\/sigurdurmalari.hi.is\/?page_id=166\"><i>Inventing Culture. Defining Sources of Theory and Inspiration and the Long-Term Results of Culture Creation by Icelandic Intellectuals 1857\u20131874<\/i><\/a>. 2)\u00a0<a href=\"http:\/\/njalssaga.wordpress.com\/\"><i>The Variance of Nj\u00e1l's Saga<\/i><\/a>. 3) <em><a href=\"http:\/\/2017.is\">The influence of the reformation in Iceland<\/a><\/em>. 4) <em><a href=\"https:\/\/vefir.hi.is\/culturalsaints\/\">Cultural Saints of the European Nation States<\/a><\/em>. Presently I am working with five other researchers on a new history of Icelandic literature, which will be published soon.<\/p>\n<div>\n<h2 align=\"center\"><a href=\"http:\/\/uni.hi.is\/sye\/files\/2013\/03\/L1070985.jpg\"><img loading=\"lazy\" decoding=\"async\" class=\"alignnone wp-image-719 size-medium\" src=\"http:\/\/uni.hi.is\/sye\/files\/2013\/03\/L1070985-200x300.jpg\" alt=\"\" width=\"200\" height=\"300\" srcset=\"https:\/\/uni.hi.is\/sye\/files\/2013\/03\/L1070985-200x300.jpg 200w, https:\/\/uni.hi.is\/sye\/files\/2013\/03\/L1070985-683x1024.jpg 683w\" sizes=\"auto, (max-width: 200px) 100vw, 200px\" \/><\/a><\/h2>\n<h2 align=\"center\">Education<\/h2>\n<\/div>\n<p style=\"text-align: left\" align=\"center\">B.A. in Comparative Literature, University of Iceland, 1984; M. Phil. in Scottish Literature, University of St Andrews, Scotland, 1992; M.A. in Icelandic Literature, University of Iceland, 1993; Dr. Phil. in Icelandic Literature, University of Iceland, 2000.<\/p>\n<h2 align=\"center\">Professional work<\/h2>\n<p style=\"text-align: left\" align=\"center\">Editor at the publishing house of Svart \u00e1 hv\u00edtu, 1987\u20131989; teacher at The Reykjav\u00edk Grammar School, 1985\u20131986 and 1993\u20132000; Adjunct (2001\u20132005), Lecturer (2005), Senior Lecturer (2005\u20132008) and Professor (from 2008) at the Department of Icelandic at The University of Iceland; Co-editor of\u00a0<i>Sk\u00edrnir<\/i>, the periodical of The Icelandic Literary Society, 2000\u20132005; Head of the Department of Icelandic at the University of Iceland,\u00a02012\u20132013; Chair\u00a0of the Faculty of Icelandic and Comparative Cultural Studies, 2014\u20132016;\u00a0Chairman of The Institute of Literary Research at The University of Iceland, 2006\u20132008 and 2017\u20132020; member of the postgraduate committee of the Faculty of Icelandic and Comparative Cultural Studies, 2019\u20132021.<\/p>\n<p><!--:--><\/p>\n","protected":false},"excerpt":{"rendered":"<p>Welcome to my homepage. I am Professor of Icelandic literature at\u00a0the Faculty of Icelandic and Comparative Cultural Studies, School of Humanities, University of Iceland (address: \u00c1rnagar\u00f0ur, Su\u00f0urgata, 101 Reykjav\u00edk, Iceland). Visiting hours are by appointment (tel.: +354 525 4419, email: &hellip; <a href=\"https:\/\/uni.hi.is\/sye\/english\/about\/\">Halda \u00e1fram a\u00f0 lesa <span class=\"meta-nav\">&rarr;<\/span><\/a><\/p>\n","protected":false},"author":124,"featured_media":0,"parent":306,"menu_order":1,"comment_status":"closed","ping_status":"closed","template":"onecolumn-page.php","meta":{"footnotes":""},"class_list":["post-307","page","type-page","status-publish","hentry"],"_links":{"self":[{"href":"https:\/\/uni.hi.is\/sye\/wp-json\/wp\/v2\/pages\/307","targetHints":{"allow":["GET"]}}],"collection":[{"href":"https:\/\/uni.hi.is\/sye\/wp-json\/wp\/v2\/pages"}],"about":[{"href":"https:\/\/uni.hi.is\/sye\/wp-json\/wp\/v2\/types\/page"}],"author":[{"embeddable":true,"href":"https:\/\/uni.hi.is\/sye\/wp-json\/wp\/v2\/users\/124"}],"replies":[{"embeddable":true,"href":"https:\/\/uni.hi.is\/sye\/wp-json\/wp\/v2\/comments?post=307"}],"version-history":[{"count":64,"href":"https:\/\/uni.hi.is\/sye\/wp-json\/wp\/v2\/pages\/307\/revisions"}],"predecessor-version":[{"id":1070,"href":"https:\/\/uni.hi.is\/sye\/wp-json\/wp\/v2\/pages\/307\/revisions\/1070"}],"up":[{"embeddable":true,"href":"https:\/\/uni.hi.is\/sye\/wp-json\/wp\/v2\/pages\/306"}],"wp:attachment":[{"href":"https:\/\/uni.hi.is\/sye\/wp-json\/wp\/v2\/media?parent=307"}],"curies":[{"name":"wp","href":"https:\/\/api.w.org\/{rel}","templated":true}]}}