{"id":42,"date":"2010-10-15T11:30:25","date_gmt":"2010-10-15T11:30:25","guid":{"rendered":"http:\/\/uni.hi.is\/sye\/stjornun\/"},"modified":"2022-02-07T07:27:11","modified_gmt":"2022-02-07T07:27:11","slug":"stjornun","status":"publish","type":"page","link":"https:\/\/uni.hi.is\/sye\/stjornun\/","title":{"rendered":"Stj\u00f3rnun"},"content":{"rendered":"<p>Stj\u00f3rnarforma\u00f0ur B\u00f3kmennta- og listfr\u00e6\u00f0astofnunar\u00a02017\u20132020 og gegndi einnig starfi forst\u00f6\u00f0umanns stofnunarinnar 2006\u20132008. Forseti\u00a0\u00cdslensku- og menningardeildar\u00a02014\u20132016.\u00a0Fulltr\u00fai Hugv\u00edsindasvi\u00f0s \u00ed\u00a0stj\u00f3rn meistara- og doktorsn\u00e1ms \u00ed\u00a0umhverfis- og au\u00f0lindafr\u00e6\u00f0i\u00a02013\u20132023 og fulltr\u00fai svi\u00f0sins \u00ed\u00a0sj\u00e1lfb\u00e6rni- og umhverfisnefnd\u00a02012\u20132015. Forma\u00f0ur kennslunefndar Hugv\u00edsindasvi\u00f0s 2009\u20132014\u00a0og \u00e1tti \u00fe\u00e1 einnig s\u00e6ti \u00ed kennslum\u00e1lanefnd h\u00e1sk\u00f3lar\u00e1\u00f0s. N\u00e1msbrautarforma\u00f0ur \u00edslensku 2012\u20132013. Seta \u00ed framhaldsn\u00e1msnefnd \u00cdslensku- og menningardeildar 2019\u20132021.<\/p>\n<p><!--:--><\/p>\n","protected":false},"excerpt":{"rendered":"<p>Stj\u00f3rnarforma\u00f0ur B\u00f3kmennta- og listfr\u00e6\u00f0astofnunar\u00a02017\u20132020 og gegndi einnig starfi forst\u00f6\u00f0umanns stofnunarinnar 2006\u20132008. Forseti\u00a0\u00cdslensku- og menningardeildar\u00a02014\u20132016.\u00a0Fulltr\u00fai Hugv\u00edsindasvi\u00f0s \u00ed\u00a0stj\u00f3rn meistara- og doktorsn\u00e1ms \u00ed\u00a0umhverfis- og au\u00f0lindafr\u00e6\u00f0i\u00a02013\u20132023 og fulltr\u00fai svi\u00f0sins \u00ed\u00a0sj\u00e1lfb\u00e6rni- og umhverfisnefnd\u00a02012\u20132015. Forma\u00f0ur kennslunefndar Hugv\u00edsindasvi\u00f0s 2009\u20132014\u00a0og \u00e1tti \u00fe\u00e1 einnig s\u00e6ti \u00ed kennslum\u00e1lanefnd h\u00e1sk\u00f3lar\u00e1\u00f0s. N\u00e1msbrautarforma\u00f0ur &hellip; <a href=\"https:\/\/uni.hi.is\/sye\/stjornun\/\">Halda \u00e1fram a\u00f0 lesa <span class=\"meta-nav\">&rarr;<\/span><\/a><\/p>\n","protected":false},"author":124,"featured_media":0,"parent":0,"menu_order":2,"comment_status":"closed","ping_status":"closed","template":"onecolumn-page.php","meta":{"footnotes":""},"class_list":["post-42","page","type-page","status-publish","hentry"],"_links":{"self":[{"href":"https:\/\/uni.hi.is\/sye\/wp-json\/wp\/v2\/pages\/42","targetHints":{"allow":["GET"]}}],"collection":[{"href":"https:\/\/uni.hi.is\/sye\/wp-json\/wp\/v2\/pages"}],"about":[{"href":"https:\/\/uni.hi.is\/sye\/wp-json\/wp\/v2\/types\/page"}],"author":[{"embeddable":true,"href":"https:\/\/uni.hi.is\/sye\/wp-json\/wp\/v2\/users\/124"}],"replies":[{"embeddable":true,"href":"https:\/\/uni.hi.is\/sye\/wp-json\/wp\/v2\/comments?post=42"}],"version-history":[{"count":33,"href":"https:\/\/uni.hi.is\/sye\/wp-json\/wp\/v2\/pages\/42\/revisions"}],"predecessor-version":[{"id":1084,"href":"https:\/\/uni.hi.is\/sye\/wp-json\/wp\/v2\/pages\/42\/revisions\/1084"}],"wp:attachment":[{"href":"https:\/\/uni.hi.is\/sye\/wp-json\/wp\/v2\/media?parent=42"}],"curies":[{"name":"wp","href":"https:\/\/api.w.org\/{rel}","templated":true}]}}