{"id":492,"date":"2014-01-08T13:47:55","date_gmt":"2014-01-08T13:47:55","guid":{"rendered":"http:\/\/uni.hi.is\/sye\/?page_id=492"},"modified":"2023-11-06T17:10:40","modified_gmt":"2023-11-06T17:10:40","slug":"um-kennslu-mina","status":"publish","type":"page","link":"https:\/\/uni.hi.is\/sye\/kennsla\/um-kennslu-mina\/","title":{"rendered":"<!--:en-->Um kennslu m\u00edna<!--:-->"},"content":{"rendered":"<p><!--:en-->Kennslusvi\u00f0 mitt er \u00edslenskar b\u00f3kmenntir 17., 18. og 19. aldar og flest n\u00e1mskei\u00f0 m\u00edn fjalla um b\u00f3kmenntir \u00e1 \u00fev\u00ed skei\u00f0i. \u00c9g hef auk \u00feess kennt b\u00f3kmenntir 20. og 21. aldar \u00ed \u00fdmsum n\u00e1mskei\u00f0um og haft umsj\u00f3n me\u00f0 lokaritger\u00f0um um \u00fea\u00f0 efni. N\u00e1mskei\u00f0in eru einkum af tvennum toga. Annars vegar eru b\u00f3kmenntas\u00f6guleg yfirlitsn\u00e1mskei\u00f0 og hins vegar n\u00e1mskei\u00f0 e\u00f0a m\u00e1lstofur \u00fear sem fari\u00f0 er n\u00e1nar \u00ed einst\u00f6k t\u00edmabil, stefnur, yrkisefni e\u00f0a h\u00f6funda. H\u00e6gt er a\u00f0 sj\u00e1 \u00e1\u00e6tlu\u00f0 og kennd n\u00e1mskei\u00f0 m\u00edn \u00ed felliglugganum h\u00e9r a\u00f0 ofan (undir heitinu Kennsla).<\/p>\n<p>Me\u00f0al n\u00fdjunga sem \u00e9g hef brydda\u00f0 upp \u00e1 \u00ed h\u00e1sk\u00f3lakennslu eru n\u00e1mskei\u00f0 um d\u00e6gurlagatexta og al\u00fe\u00fd\u00f0umenningu, um l\u00edkamann \u00ed b\u00f3kmenntum og um samband n\u00e1tt\u00faru og b\u00f3kmennta, en \u00fea\u00f0 efni er oft kennt vi\u00f0 vistr\u00fdni.<\/p>\n<p>\u00c9g hef gaman af \u00fev\u00ed a\u00f0 kenna n\u00e1mskei\u00f0 me\u00f0 \u00f6\u00f0rum og hef \u00e1 undanf\u00f6rnum \u00e1rum \u00e1tt gott samstarf vi\u00f0 \u00fdmsa samkennara m\u00edna, fr\u00e6\u00f0imenn og rith\u00f6funda. Me\u00f0al \u00feeirra eru A\u00f0alhei\u00f0ur Gu\u00f0mundsd\u00f3ttir, \u00c1rmann Jakobsson, \u00c1sd\u00eds Egilsd\u00f3ttir, \u00c1sta Krist\u00edn Benediktsd\u00f3ttir, \u00c1str\u00e1\u00f0ur Eysteinsson, Benedikt Hjartarson, Dagn\u00fd Kristj\u00e1nsd\u00f3ttir, Daisy Neijmann, Eir\u00edkur R\u00f6gnvaldsson, Helga Kress, H\u00f6skuldur \u00der\u00e1insson, J\u00f3n Karl Helgason, Margr\u00e9t Eggertsd\u00f3ttir, Valur Sn\u00e6r Gunnarsson og \u00deorvar\u00f0ur \u00c1rnason.<\/p>\n<p>Auk \u00feess s\u00e1 \u00e9g\u00a0um \u00e1rabil um \u00fdmis n\u00e1mskei\u00f0 um b\u00f3kmenntas\u00f6gu og lj\u00f3\u00f0aheimspeki me\u00f0 m\u00ednum g\u00f3\u00f0a samstarfsmanni Matth\u00edasi Vi\u00f0ari S\u00e6mundssyni sem\u00a0d\u00f3 langt fyrir aldur fram \u00e1ri\u00f0 2004.<\/p>\n<p>\u00c9g hef l\u00e6rt miki\u00f0 af \u00fev\u00ed a\u00f0 kenna me\u00f0 \u00f6llu \u00feessu g\u00f3\u00f0a f\u00f3lki en \u00feeir sem \u00e9g l\u00e6ri \u00fe\u00f3 einna mest af eru nemendur m\u00ednir, enda l\u00edt \u00e9g ekki \u00e1 kennslu \u00e1 h\u00e1sk\u00f3lastigi sem einhli\u00f0a mi\u00f0lun heldur gagnkv\u00e6ma og gagnr\u00fdna \u00feekkingarsk\u00f6pun sem fram fer\u00a0milli kennara og nemenda.<\/p>\n<p>\u00c9g hef haft umsj\u00f3n me\u00f0 m\u00f6rgum lokaritger\u00f0um vi\u00f0 H\u00e1sk\u00f3la \u00cdslands. Sumar \u00feeirra er h\u00e6gt a\u00f0 sj\u00e1\u00a0<a href=\"http:\/\/skemman.is\/browse\/advisor\/Sveinn+Yngvi+Egilsson+1959\" target=\"_blank\" rel=\"noopener\">h\u00e9r<\/a>\u00a0\u00ed Skemmunni. En allar eru \u00fe\u00e6r skr\u00e1\u00f0ar undir\u00a0Handlei\u00f0slu\u00a0(sj\u00e1 felligluggann h\u00e9r a\u00f0 ofan).<!--:--><\/p>\n","protected":false},"excerpt":{"rendered":"<p>Kennslusvi\u00f0 mitt er \u00edslenskar b\u00f3kmenntir 17., 18. og 19. aldar og flest n\u00e1mskei\u00f0 m\u00edn fjalla um b\u00f3kmenntir \u00e1 \u00fev\u00ed skei\u00f0i. \u00c9g hef auk \u00feess kennt b\u00f3kmenntir 20. og 21. aldar \u00ed \u00fdmsum n\u00e1mskei\u00f0um og haft umsj\u00f3n me\u00f0 lokaritger\u00f0um um \u00fea\u00f0 &hellip; <a href=\"https:\/\/uni.hi.is\/sye\/kennsla\/um-kennslu-mina\/\">Halda \u00e1fram a\u00f0 lesa <span class=\"meta-nav\">&rarr;<\/span><\/a><\/p>\n","protected":false},"author":124,"featured_media":0,"parent":9,"menu_order":1,"comment_status":"closed","ping_status":"closed","template":"onecolumn-page.php","meta":{"footnotes":""},"class_list":["post-492","page","type-page","status-publish","hentry"],"_links":{"self":[{"href":"https:\/\/uni.hi.is\/sye\/wp-json\/wp\/v2\/pages\/492","targetHints":{"allow":["GET"]}}],"collection":[{"href":"https:\/\/uni.hi.is\/sye\/wp-json\/wp\/v2\/pages"}],"about":[{"href":"https:\/\/uni.hi.is\/sye\/wp-json\/wp\/v2\/types\/page"}],"author":[{"embeddable":true,"href":"https:\/\/uni.hi.is\/sye\/wp-json\/wp\/v2\/users\/124"}],"replies":[{"embeddable":true,"href":"https:\/\/uni.hi.is\/sye\/wp-json\/wp\/v2\/comments?post=492"}],"version-history":[{"count":17,"href":"https:\/\/uni.hi.is\/sye\/wp-json\/wp\/v2\/pages\/492\/revisions"}],"predecessor-version":[{"id":1126,"href":"https:\/\/uni.hi.is\/sye\/wp-json\/wp\/v2\/pages\/492\/revisions\/1126"}],"up":[{"embeddable":true,"href":"https:\/\/uni.hi.is\/sye\/wp-json\/wp\/v2\/pages\/9"}],"wp:attachment":[{"href":"https:\/\/uni.hi.is\/sye\/wp-json\/wp\/v2\/media?parent=492"}],"curies":[{"name":"wp","href":"https:\/\/api.w.org\/{rel}","templated":true}]}}