{"id":5,"date":"2010-10-15T10:41:06","date_gmt":"2010-10-15T10:41:06","guid":{"rendered":"http:\/\/uni.hi.is\/sye\/?page_id=5"},"modified":"2022-06-21T09:46:35","modified_gmt":"2022-06-21T09:46:35","slug":"um-mig","status":"publish","type":"page","link":"https:\/\/uni.hi.is\/sye\/","title":{"rendered":""},"content":{"rendered":"<p style=\"text-align: center;\"><!--:en--><\/p>\n<p style=\"text-align: center;\"><a href=\"http:\/\/uni.hi.is\/sye\/files\/2019\/10\/SYE-0919.png\"><img loading=\"lazy\" decoding=\"async\" class=\"alignnone size-medium wp-image-960\" src=\"http:\/\/uni.hi.is\/sye\/files\/2019\/10\/SYE-0919-253x300.png\" alt=\"\" width=\"253\" height=\"300\" srcset=\"https:\/\/uni.hi.is\/sye\/files\/2019\/10\/SYE-0919-253x300.png 253w, https:\/\/uni.hi.is\/sye\/files\/2019\/10\/SYE-0919-768x910.png 768w, https:\/\/uni.hi.is\/sye\/files\/2019\/10\/SYE-0919-864x1024.png 864w\" sizes=\"auto, (max-width: 253px) 100vw, 253px\" \/><\/a><\/p>\n<p style=\"text-align: left;\">Velkomin \u00e1 heimas\u00ed\u00f0una m\u00edna. \u00c9g er pr\u00f3fessor \u00ed \u00edslenskum b\u00f3kmenntum vi\u00f0 H\u00e1sk\u00f3la \u00cdslands og hef a\u00f0setur \u00e1 4. h\u00e6\u00f0 \u00c1rnagar\u00f0s vi\u00f0 Su\u00f0urg\u00f6tu (s\u00edmi 525 4419, netfang: sye@hi.is). Vi\u00f0talst\u00edmar eru eftir samkomulagi.<\/p>\n<p>Kennslusvi\u00f0 mitt er \u00edslenskar b\u00f3kmenntir 17., 18. og 19. aldar og flest n\u00e1mskei\u00f0 m\u00edn fjalla um b\u00f3kmenntir fr\u00e1 \u00fev\u00ed skei\u00f0i. \u00c9g hef auk \u00feess kennt b\u00f3kmenntir 20. og 21. aldar \u00ed \u00fdmsum n\u00e1mskei\u00f0um og haft umsj\u00f3n me\u00f0 lokaritger\u00f0um um \u00fea\u00f0 efni.<\/p>\n<p>Ranns\u00f3knir m\u00ednar eru a\u00f0allega \u00e1 svi\u00f0i \u00edslenskra b\u00f3kmennta s\u00ed\u00f0ari alda og hafa m.a. beinst a\u00f0 vi\u00f0t\u00f6kum fornmennta, r\u00f3mant\u00edk, b\u00f3kmenntum og umhverfi (vistr\u00fdni) og \u00fej\u00f3\u00f0ernisfr\u00e6\u00f0um. Doktorsritger\u00f0 m\u00edn, <em>Arfur og umbylting: Ranns\u00f3kn \u00e1 \u00edslenskri r\u00f3mant\u00edk<\/em> (1999),\u00a0fjallar um vi\u00f0t\u00f6kur fornmennta \u00e1 19. \u00f6ld. Fr\u00e6\u00f0iriti\u00f0\u00a0<em>N\u00e1tt\u00fara lj\u00f3\u00f0sins: Umhverfi \u00edslenskra sk\u00e1lda<\/em>\u00a0(2014) fjallar\u00a0um vistr\u00fdni og var tilnefnt til \u00cdslensku b\u00f3kmenntaver\u00f0launanna \u00ed flokki fr\u00e6\u00f0irita og rita almenns efnis. N\u00fdjasta fr\u00e6\u00f0irit mitt, <em>\u00cdsland \u00ed Eyjahafinu<\/em> (2019),\u00a0fjallar um \u00fej\u00f3\u00f0lega or\u00f0r\u00e6\u00f0u og menningarbl\u00f6ndun \u00ed b\u00f3kmenntum og listum fr\u00e1 18. og fram \u00e1 20. \u00f6ld.<\/p>\n<p>\u00c9g fjalla n\u00e1nar um kennslu og ranns\u00f3knir m\u00ednar \u00e1 heimas\u00ed\u00f0unni, eins og sj\u00e1 m\u00e1 \u00e1 bor\u00f0anum h\u00e9r a\u00f0 ofan og felligluggum undir honum. \u00cd ritaskr\u00e1nni, sem er \u00ed felliglugga undir Ranns\u00f3knum, er a\u00f0 finna tengla \u00ed rafr\u00e6nar \u00fatg\u00e1fur \u00e1 \u00fdmsum verkum m\u00ednum. H\u00e6gt er a\u00f0 n\u00e1lgast veffyrirlestra og anna\u00f0 efni af \u00fev\u00ed tagi \u00ed felliglugga undir Mi\u00f0lun. H\u00e9r \u00e1 s\u00ed\u00f0unni er einnig a\u00f0 finna uppl\u00fdsingar um feril minn, menntun og stj\u00f3rnun.<\/p>\n<p>&nbsp;<\/p>\n<p><!--:--><\/p>\n","protected":false},"excerpt":{"rendered":"<p>Velkomin \u00e1 heimas\u00ed\u00f0una m\u00edna. \u00c9g er pr\u00f3fessor \u00ed \u00edslenskum b\u00f3kmenntum vi\u00f0 H\u00e1sk\u00f3la \u00cdslands og hef a\u00f0setur \u00e1 4. h\u00e6\u00f0 \u00c1rnagar\u00f0s vi\u00f0 Su\u00f0urg\u00f6tu (s\u00edmi 525 4419, netfang: sye@hi.is). Vi\u00f0talst\u00edmar eru eftir samkomulagi. Kennslusvi\u00f0 mitt er \u00edslenskar b\u00f3kmenntir 17., 18. og 19. &hellip; <a href=\"https:\/\/uni.hi.is\/sye\/\">Halda \u00e1fram a\u00f0 lesa <span class=\"meta-nav\">&rarr;<\/span><\/a><\/p>\n","protected":false},"author":124,"featured_media":0,"parent":0,"menu_order":0,"comment_status":"closed","ping_status":"closed","template":"onecolumn-page.php","meta":{"footnotes":""},"class_list":["post-5","page","type-page","status-publish","hentry"],"_links":{"self":[{"href":"https:\/\/uni.hi.is\/sye\/wp-json\/wp\/v2\/pages\/5","targetHints":{"allow":["GET"]}}],"collection":[{"href":"https:\/\/uni.hi.is\/sye\/wp-json\/wp\/v2\/pages"}],"about":[{"href":"https:\/\/uni.hi.is\/sye\/wp-json\/wp\/v2\/types\/page"}],"author":[{"embeddable":true,"href":"https:\/\/uni.hi.is\/sye\/wp-json\/wp\/v2\/users\/124"}],"replies":[{"embeddable":true,"href":"https:\/\/uni.hi.is\/sye\/wp-json\/wp\/v2\/comments?post=5"}],"version-history":[{"count":76,"href":"https:\/\/uni.hi.is\/sye\/wp-json\/wp\/v2\/pages\/5\/revisions"}],"predecessor-version":[{"id":1091,"href":"https:\/\/uni.hi.is\/sye\/wp-json\/wp\/v2\/pages\/5\/revisions\/1091"}],"wp:attachment":[{"href":"https:\/\/uni.hi.is\/sye\/wp-json\/wp\/v2\/media?parent=5"}],"curies":[{"name":"wp","href":"https:\/\/api.w.org\/{rel}","templated":true}]}}