{"id":506,"date":"2014-01-08T14:04:32","date_gmt":"2014-01-08T14:04:32","guid":{"rendered":"http:\/\/uni.hi.is\/sye\/?page_id=506"},"modified":"2021-01-22T12:53:05","modified_gmt":"2021-01-22T12:53:05","slug":"almennt","status":"publish","type":"page","link":"https:\/\/uni.hi.is\/sye\/rannsoknir\/almennt\/","title":{"rendered":"<!--:en-->Um ranns\u00f3knir m\u00ednar<!--:-->"},"content":{"rendered":"<p><!--:en-->Ranns\u00f3knir m\u00ednar eru a\u00f0allega \u00e1 svi\u00f0i \u00edslenskra b\u00f3kmennta s\u00ed\u00f0ari alda og hafa beinst a\u00f0 vi\u00f0t\u00f6kum fornmennta, r\u00f3mant\u00edk, b\u00f3kmenntum og umhverfi (vistr\u00fdni) og \u00fej\u00f3\u00f0legri or\u00f0r\u00e6\u00f0u \u00ed b\u00f3kmenntum og listum.<\/p>\n<p>Doktorsritger\u00f0 m\u00edn,\u00a0<em>Arfur og umbylting: Ranns\u00f3kn \u00e1 \u00edslenskri r\u00f3mant\u00edk\u00a0<\/em>(1999), fjallar um\u00a0\u00fea\u00f0 hvernig \u00edslensk sk\u00e1ld 19. aldar unnu \u00far arfinum og v\u00edsu\u00f0u um lei\u00f0 \u00ed samt\u00ed\u00f0 s\u00edna. \u00c9g hef ritst\u00fdrt greinasafni \u00fdmissa h\u00f6funda um J\u00f3nas Hallgr\u00edmsson (<em>Undir Hraundranga<\/em>, 2007) og gefi\u00f0 fr\u00e6\u00f0ilegar greinar m\u00ednar \u00fat \u00e1 b\u00f3k (<em>Textar og t\u00falkun<\/em>, 2011).\u00a0\u00c9g hef unni\u00f0 a\u00f0 fr\u00e6\u00f0ilegum \u00fatg\u00e1fum \u00e1 b\u00f3kmenntatextum, m.a. \u00e1 verkum J\u00f3nasar Hallgr\u00edmssonar (<em>Ritverk<\/em>, 1989) og G\u00edsla Brynj\u00falfssonar (<em>Lj\u00f3\u00f0 og laust m\u00e1l<\/em>, 2003), en einnig \u00e1 Reykjab\u00f3kartexta Nj\u00e1lu (<em>Brennu-Nj\u00e1lssaga<\/em>, 2003, 2. \u00fatg. 2004).<\/p>\n<p>\u00c9g hef um \u00e1rabil rannsaka\u00f0 or\u00f0r\u00e6\u00f0u og umhverfi \u00ed lj\u00f3\u00f0ager\u00f0 s\u00ed\u00f0ari alda. Um \u00fea\u00f0 efni fjalla \u00e9g \u00ed fr\u00e6\u00f0iriti m\u00ednu\u00a0<em>N\u00e1tt\u00fara lj\u00f3\u00f0sins: Umhverfi \u00edslenskra sk\u00e1lda<\/em>\u00a0(2014). Birtingarmyndir \u00fej\u00f3\u00f0ernisins \u00ed b\u00f3kmenntum og listum hafa veri\u00f0 helsta vi\u00f0fangsefni mitt a\u00f0 undanf\u00f6rnu og um \u00fe\u00e6r fjalla \u00e9g \u00ed n\u00fdjasta fr\u00e6\u00f0iriti m\u00ednu,\u00a0<em>\u00cdsland \u00ed Eyjahafinu<\/em>\u00a0(2019). \u00c9g hef teki\u00f0 \u00fe\u00e1tt \u00ed \u00fdmsum ranns\u00f3knarverkefnum me\u00f0 \u00f6\u00f0rum fr\u00e6\u00f0im\u00f6nnum. Me\u00f0al \u00feeirra eru samanbur\u00f0arranns\u00f3kn \u00e1 evr\u00f3pskum \u00fej\u00f3\u00f0sk\u00e1ldum (<a href=\"https:\/\/vefir.hi.is\/culturalsaints\/\">Cultural Saints of the European Nation States<\/a>),\u00a0ranns\u00f3kn \u00e1 vi\u00f0t\u00f6kum Nj\u00e1lu (<a href=\"http:\/\/njalssaga.wordpress.com\/\">Breytileiki Nj\u00e1ls s\u00f6gu<\/a>), ranns\u00f3kn \u00e1 \u00e1hrifum L\u00fathers \u00e1 \u00cdslandi (<a href=\"http:\/\/2017.is\">2017.is<\/a>) og ranns\u00f3kn \u00e1 menningarstarfi Sigur\u00f0ar Gu\u00f0mundssonar m\u00e1lara og Kv\u00f6ldf\u00e9lagsins (<a href=\"https:\/\/sigurdurmalari.hi.is\/\">Menningarsk\u00f6pun<\/a>). \u00c9g vinn n\u00fa \u00e1samt fimm \u00f6\u00f0rum fr\u00e6\u00f0im\u00f6nnum a\u00f0 ritun n\u00fdrrar \u00edslenskrar b\u00f3kmenntas\u00f6gu sem er v\u00e6ntanleg \u00e1 n\u00e6stu misserum.<\/p>\n<p>\u00c9g greini yfirleitt fr\u00e1 fyrstu ni\u00f0urst\u00f6\u00f0um ranns\u00f3kna minna \u00e1 m\u00e1l\u00feingum og r\u00e1\u00f0stefnum (sj\u00e1 fyrirlestraskr\u00e1 \u00ed felliglugga undir Mi\u00f0lun) en lokani\u00f0urst\u00f6\u00f0ur birti \u00e9g \u00e1 prenti eins og sj\u00e1 m\u00e1 \u00e1\u00a0ritaskr\u00e1\u00a0minni (felligluggi undir Ranns\u00f3knum).<!--:--><\/p>\n","protected":false},"excerpt":{"rendered":"<p>Ranns\u00f3knir m\u00ednar eru a\u00f0allega \u00e1 svi\u00f0i \u00edslenskra b\u00f3kmennta s\u00ed\u00f0ari alda og hafa beinst a\u00f0 vi\u00f0t\u00f6kum fornmennta, r\u00f3mant\u00edk, b\u00f3kmenntum og umhverfi (vistr\u00fdni) og \u00fej\u00f3\u00f0legri or\u00f0r\u00e6\u00f0u \u00ed b\u00f3kmenntum og listum. Doktorsritger\u00f0 m\u00edn,\u00a0Arfur og umbylting: Ranns\u00f3kn \u00e1 \u00edslenskri r\u00f3mant\u00edk\u00a0(1999), fjallar um\u00a0\u00fea\u00f0 hvernig \u00edslensk &hellip; <a href=\"https:\/\/uni.hi.is\/sye\/rannsoknir\/almennt\/\">Halda \u00e1fram a\u00f0 lesa <span class=\"meta-nav\">&rarr;<\/span><\/a><\/p>\n","protected":false},"author":124,"featured_media":0,"parent":10,"menu_order":1,"comment_status":"closed","ping_status":"closed","template":"onecolumn-page.php","meta":{"footnotes":""},"class_list":["post-506","page","type-page","status-publish","hentry"],"_links":{"self":[{"href":"https:\/\/uni.hi.is\/sye\/wp-json\/wp\/v2\/pages\/506","targetHints":{"allow":["GET"]}}],"collection":[{"href":"https:\/\/uni.hi.is\/sye\/wp-json\/wp\/v2\/pages"}],"about":[{"href":"https:\/\/uni.hi.is\/sye\/wp-json\/wp\/v2\/types\/page"}],"author":[{"embeddable":true,"href":"https:\/\/uni.hi.is\/sye\/wp-json\/wp\/v2\/users\/124"}],"replies":[{"embeddable":true,"href":"https:\/\/uni.hi.is\/sye\/wp-json\/wp\/v2\/comments?post=506"}],"version-history":[{"count":19,"href":"https:\/\/uni.hi.is\/sye\/wp-json\/wp\/v2\/pages\/506\/revisions"}],"predecessor-version":[{"id":1069,"href":"https:\/\/uni.hi.is\/sye\/wp-json\/wp\/v2\/pages\/506\/revisions\/1069"}],"up":[{"embeddable":true,"href":"https:\/\/uni.hi.is\/sye\/wp-json\/wp\/v2\/pages\/10"}],"wp:attachment":[{"href":"https:\/\/uni.hi.is\/sye\/wp-json\/wp\/v2\/media?parent=506"}],"curies":[{"name":"wp","href":"https:\/\/api.w.org\/{rel}","templated":true}]}}