{"id":553,"date":"2014-01-08T16:00:12","date_gmt":"2014-01-08T16:00:12","guid":{"rendered":"http:\/\/uni.hi.is\/sye\/?page_id=553"},"modified":"2022-12-13T07:16:42","modified_gmt":"2022-12-13T07:16:42","slug":"vidtol-2","status":"publish","type":"page","link":"https:\/\/uni.hi.is\/sye\/fyrirlestrar-2\/vidtol-2\/","title":{"rendered":"<!--:en-->Vi\u00f0t\u00f6l<!--:-->"},"content":{"rendered":"<p><!--:en-->\u201e<a href=\"http:\/\/uni.hi.is\/sye\/files\/2014\/01\/spjallid29122013.mp3\">Spjalli\u00f0: Fornb\u00f3kmenntirnar og vi\u00f0<\/a>\u201c \u00ed umsj\u00f3n \u00c6vars Kjartanssonar og G\u00edsla Sigur\u00f0ssonar (vi\u00f0tal \u00ed R\u00daV 29. desember 2013)<!--:--><\/p>\n<p><a href=\"https:\/\/www.ruv.is\/utvarp\/spila\/samtal\/23817\/7hsp67?fbclid=IwAR0komWmxrG3whzzoGyz9qLM6eHm_i9qDYcEpIn4oRVwFgSOuylNNxK1rHU\">\u201eSamtal: Tilfinningar\u201c<\/a> \u00ed umsj\u00f3n Torfa Tuliniusar og \u00c6vars Kjartanssonar (vi\u00f0tal \u00ed R\u00daV 26. apr\u00edl. 2020)<\/p>\n<p><a href=\"https:\/\/hringbraut.frettabladid.is\/sjonvarp\/heima-er-bezt\/heima-er-bezt-sveinn-yngvi-egilsson\/\">Samtal um Gr\u00edm Thomsen<\/a> \u00ed \u00fe\u00e6ttinum \u201eHeima er best\u201c \u00ed umsj\u00f3n Sigurj\u00f3ns M. Egilssonar (Hringbraut 14. n\u00f3vember 2022)<\/p>\n","protected":false},"excerpt":{"rendered":"<p>\u201eSpjalli\u00f0: Fornb\u00f3kmenntirnar og vi\u00f0\u201c \u00ed umsj\u00f3n \u00c6vars Kjartanssonar og G\u00edsla Sigur\u00f0ssonar (vi\u00f0tal \u00ed R\u00daV 29. desember 2013) \u201eSamtal: Tilfinningar\u201c \u00ed umsj\u00f3n Torfa Tuliniusar og \u00c6vars Kjartanssonar (vi\u00f0tal \u00ed R\u00daV 26. apr\u00edl. 2020) Samtal um Gr\u00edm Thomsen \u00ed \u00fe\u00e6ttinum \u201eHeima er &hellip; <a href=\"https:\/\/uni.hi.is\/sye\/fyrirlestrar-2\/vidtol-2\/\">Halda \u00e1fram a\u00f0 lesa <span class=\"meta-nav\">&rarr;<\/span><\/a><\/p>\n","protected":false},"author":124,"featured_media":0,"parent":161,"menu_order":1,"comment_status":"closed","ping_status":"closed","template":"onecolumn-page.php","meta":{"footnotes":""},"class_list":["post-553","page","type-page","status-publish","hentry"],"_links":{"self":[{"href":"https:\/\/uni.hi.is\/sye\/wp-json\/wp\/v2\/pages\/553","targetHints":{"allow":["GET"]}}],"collection":[{"href":"https:\/\/uni.hi.is\/sye\/wp-json\/wp\/v2\/pages"}],"about":[{"href":"https:\/\/uni.hi.is\/sye\/wp-json\/wp\/v2\/types\/page"}],"author":[{"embeddable":true,"href":"https:\/\/uni.hi.is\/sye\/wp-json\/wp\/v2\/users\/124"}],"replies":[{"embeddable":true,"href":"https:\/\/uni.hi.is\/sye\/wp-json\/wp\/v2\/comments?post=553"}],"version-history":[{"count":8,"href":"https:\/\/uni.hi.is\/sye\/wp-json\/wp\/v2\/pages\/553\/revisions"}],"predecessor-version":[{"id":1107,"href":"https:\/\/uni.hi.is\/sye\/wp-json\/wp\/v2\/pages\/553\/revisions\/1107"}],"up":[{"embeddable":true,"href":"https:\/\/uni.hi.is\/sye\/wp-json\/wp\/v2\/pages\/161"}],"wp:attachment":[{"href":"https:\/\/uni.hi.is\/sye\/wp-json\/wp\/v2\/media?parent=553"}],"curies":[{"name":"wp","href":"https:\/\/api.w.org\/{rel}","templated":true}]}}