{"id":557,"date":"2014-01-08T16:04:59","date_gmt":"2014-01-08T16:04:59","guid":{"rendered":"http:\/\/uni.hi.is\/sye\/?page_id=557"},"modified":"2014-01-09T20:22:10","modified_gmt":"2014-01-09T20:22:10","slug":"ferilskra-2","status":"publish","type":"page","link":"https:\/\/uni.hi.is\/sye\/ferilskra-2\/","title":{"rendered":"<!--:en-->Ferilskr\u00e1<!--:-->"},"content":{"rendered":"<p><!--:en--><a href=\"http:\/\/uni.hi.is\/sye\/files\/2013\/03\/Sveinn_Yngvi.jpg\"><img loading=\"lazy\" decoding=\"async\" class=\"alignright\" alt=\"Sveinn_Yngvi\" src=\"http:\/\/uni.hi.is\/sye\/files\/2013\/03\/Sveinn_Yngvi-300x295.jpg\" width=\"300\" height=\"295\" \/><\/a><\/p>\n<p>Ritstj\u00f3rnarst\u00f6rf hj\u00e1 b\u00f3ka\u00fatg\u00e1funni Sv\u00f6rtu \u00e1 hv\u00edtu 1987\u20131989;\u00a0kennari \u00ed Menntask\u00f3lanum \u00ed Reykjav\u00edk 1985\u20131986 og 1993\u20132000;\u00a0stundakennari (1993\u20132001), a\u00f0junkt (2001\u20132005), lektor (2005),\u00a0d\u00f3sent (2005\u20132008) og pr\u00f3fessor (fr\u00e1 2008)\u00a0vi\u00f0 H\u00e1sk\u00f3la \u00cdslands.\u00a0Ritstj\u00f3ri<em id=\"__mceDel\">\u00a0Sk\u00edrnis, t\u00edmarits Hins \u00edslenska b\u00f3kmenntaf\u00e9lags\u00a0<\/em>2000\u20132005.<!--:--><\/p>\n","protected":false},"excerpt":{"rendered":"<p>Ritstj\u00f3rnarst\u00f6rf hj\u00e1 b\u00f3ka\u00fatg\u00e1funni Sv\u00f6rtu \u00e1 hv\u00edtu 1987\u20131989;\u00a0kennari \u00ed Menntask\u00f3lanum \u00ed Reykjav\u00edk 1985\u20131986 og 1993\u20132000;\u00a0stundakennari (1993\u20132001), a\u00f0junkt (2001\u20132005), lektor (2005),\u00a0d\u00f3sent (2005\u20132008) og pr\u00f3fessor (fr\u00e1 2008)\u00a0vi\u00f0 H\u00e1sk\u00f3la \u00cdslands.\u00a0Ritstj\u00f3ri\u00a0Sk\u00edrnis, t\u00edmarits Hins \u00edslenska b\u00f3kmenntaf\u00e9lags\u00a02000\u20132005.<\/p>\n","protected":false},"author":124,"featured_media":0,"parent":0,"menu_order":0,"comment_status":"closed","ping_status":"closed","template":"onecolumn-page.php","meta":{"footnotes":""},"class_list":["post-557","page","type-page","status-publish","hentry"],"_links":{"self":[{"href":"https:\/\/uni.hi.is\/sye\/wp-json\/wp\/v2\/pages\/557","targetHints":{"allow":["GET"]}}],"collection":[{"href":"https:\/\/uni.hi.is\/sye\/wp-json\/wp\/v2\/pages"}],"about":[{"href":"https:\/\/uni.hi.is\/sye\/wp-json\/wp\/v2\/types\/page"}],"author":[{"embeddable":true,"href":"https:\/\/uni.hi.is\/sye\/wp-json\/wp\/v2\/users\/124"}],"replies":[{"embeddable":true,"href":"https:\/\/uni.hi.is\/sye\/wp-json\/wp\/v2\/comments?post=557"}],"version-history":[{"count":2,"href":"https:\/\/uni.hi.is\/sye\/wp-json\/wp\/v2\/pages\/557\/revisions"}],"predecessor-version":[{"id":565,"href":"https:\/\/uni.hi.is\/sye\/wp-json\/wp\/v2\/pages\/557\/revisions\/565"}],"wp:attachment":[{"href":"https:\/\/uni.hi.is\/sye\/wp-json\/wp\/v2\/media?parent=557"}],"curies":[{"name":"wp","href":"https:\/\/api.w.org\/{rel}","templated":true}]}}