{"id":559,"date":"2014-01-08T16:05:34","date_gmt":"2014-01-08T16:05:34","guid":{"rendered":"http:\/\/uni.hi.is\/sye\/?page_id=559"},"modified":"2014-01-09T20:22:30","modified_gmt":"2014-01-09T20:22:30","slug":"menntun-2","status":"publish","type":"page","link":"https:\/\/uni.hi.is\/sye\/menntun-2\/","title":{"rendered":"<!--:en-->Menntun<!--:-->"},"content":{"rendered":"<p><!--:en-->\u00c9g lauk st\u00fadentspr\u00f3fi (N\u00e1tt\u00farufr\u00e6\u00f0ideild I)\u00a0fr\u00e1 Menntask\u00f3lanum \u00ed Reykjav\u00edk 1979, B.A.-pr\u00f3fi \u00ed almennri b\u00f3kmenntafr\u00e6\u00f0i fr\u00e1 H\u00e1sk\u00f3la \u00cdslands 1984, meistarapr\u00f3fi \u00ed skoskum b\u00f3kmenntum fr\u00e1 h\u00e1sk\u00f3lanum \u00ed St. Andrews 1992, meistarapr\u00f3fi \u00ed \u00edslenskum b\u00f3kmenntum fr\u00e1 H\u00e1sk\u00f3la \u00cdslands 1993 og\u00a0doktorspr\u00f3fi \u00ed \u00edslenskum b\u00f3kmenntum fr\u00e1 sama sk\u00f3la 2000.\u00a0Auk \u00feess lauk \u00e9g\u00a0pr\u00f3fi\u00a0\u00ed uppeldisfr\u00e6\u00f0i til kennslur\u00e9ttinda\u00a0fr\u00e1 H\u00e1sk\u00f3la \u00cdslands 1993.<!--:--><\/p>\n","protected":false},"excerpt":{"rendered":"<p>\u00c9g lauk st\u00fadentspr\u00f3fi (N\u00e1tt\u00farufr\u00e6\u00f0ideild I)\u00a0fr\u00e1 Menntask\u00f3lanum \u00ed Reykjav\u00edk 1979, B.A.-pr\u00f3fi \u00ed almennri b\u00f3kmenntafr\u00e6\u00f0i fr\u00e1 H\u00e1sk\u00f3la \u00cdslands 1984, meistarapr\u00f3fi \u00ed skoskum b\u00f3kmenntum fr\u00e1 h\u00e1sk\u00f3lanum \u00ed St. Andrews 1992, meistarapr\u00f3fi \u00ed \u00edslenskum b\u00f3kmenntum fr\u00e1 H\u00e1sk\u00f3la \u00cdslands 1993 og\u00a0doktorspr\u00f3fi \u00ed \u00edslenskum b\u00f3kmenntum fr\u00e1 &hellip; <a href=\"https:\/\/uni.hi.is\/sye\/menntun-2\/\">Halda \u00e1fram a\u00f0 lesa <span class=\"meta-nav\">&rarr;<\/span><\/a><\/p>\n","protected":false},"author":124,"featured_media":0,"parent":0,"menu_order":0,"comment_status":"closed","ping_status":"closed","template":"onecolumn-page.php","meta":{"footnotes":""},"class_list":["post-559","page","type-page","status-publish","hentry"],"_links":{"self":[{"href":"https:\/\/uni.hi.is\/sye\/wp-json\/wp\/v2\/pages\/559","targetHints":{"allow":["GET"]}}],"collection":[{"href":"https:\/\/uni.hi.is\/sye\/wp-json\/wp\/v2\/pages"}],"about":[{"href":"https:\/\/uni.hi.is\/sye\/wp-json\/wp\/v2\/types\/page"}],"author":[{"embeddable":true,"href":"https:\/\/uni.hi.is\/sye\/wp-json\/wp\/v2\/users\/124"}],"replies":[{"embeddable":true,"href":"https:\/\/uni.hi.is\/sye\/wp-json\/wp\/v2\/comments?post=559"}],"version-history":[{"count":2,"href":"https:\/\/uni.hi.is\/sye\/wp-json\/wp\/v2\/pages\/559\/revisions"}],"predecessor-version":[{"id":563,"href":"https:\/\/uni.hi.is\/sye\/wp-json\/wp\/v2\/pages\/559\/revisions\/563"}],"wp:attachment":[{"href":"https:\/\/uni.hi.is\/sye\/wp-json\/wp\/v2\/media?parent=559"}],"curies":[{"name":"wp","href":"https:\/\/api.w.org\/{rel}","templated":true}]}}