{"id":8,"date":"2010-09-06T10:48:12","date_gmt":"2010-09-06T10:48:12","guid":{"rendered":"https:\/\/uni.hi.is\/the\/about\/"},"modified":"2021-11-12T21:16:35","modified_gmt":"2021-11-12T21:16:35","slug":"about","status":"publish","type":"page","link":"https:\/\/uni.hi.is\/the\/","title":{"rendered":"About"},"content":{"rendered":"<p><span style=\"font-size: 12pt;font-family: verdana, geneva, sans-serif;color: #000000\"><a href=\"https:\/\/uni.hi.is\/the\/files\/2018\/03\/einarsd_fish_2012.jpg\"><img loading=\"lazy\" decoding=\"async\" class=\"alignright wp-image-41\" src=\"http:\/\/uni.hi.is\/einarsd\/files\/2018\/03\/einarsd_fish_2012-300x286.jpg\" alt=\"\" width=\"172\" height=\"164\" srcset=\"https:\/\/uni.hi.is\/the\/files\/2018\/03\/einarsd_fish_2012-300x286.jpg 300w, https:\/\/uni.hi.is\/the\/files\/2018\/03\/einarsd_fish_2012.jpg 354w\" sizes=\"auto, (max-width: 172px) 100vw, 172px\" \/><\/a><span style=\"font-family: georgia,palatino,serif;font-size: 14pt\"><strong><span style=\"color: #000000\">\u00deorger\u00f0ur<\/span>\u00a0Jenn\u00fdjard\u00f3ttir Einarsd\u00f3ttir<br \/>\n<\/strong><\/span><\/span><span style=\"color: #000000;font-family: georgia,palatino,serif;font-size: 12pt\"><strong><span style=\"font-size: 14pt\">Thorgerdur Jennyardottir Einarsdottir<\/span><br \/>\n<\/strong><\/span><\/p>\n<p><span style=\"color: #000000;font-family: georgia,palatino,serif;font-size: 12pt\">Professor in Gender Studies at the University of Iceland. Background in the social sciences; received PhD in sociology from the University of G\u00f6teborg in 1997. H<\/span><span style=\"font-family: georgia,palatino,serif\"><span style=\"color: #000000;font-size: 12pt\">as led the gender studies program at the University of Iceland from 2000. Has published widely on a broad range of gender issues (<a href=\"https:\/\/uni.hi.is\/the\/cv\/\">see CV<\/a>).<br \/>\nEmail: <strong>the@hi.is<\/strong><\/span><\/span><\/p>\n<p><span style=\"color: #000000;font-family: georgia,palatino,serif;font-size: 14pt\"><strong>Most recent publications<br \/>\n<\/strong><\/span>2021: <a href=\"https:\/\/uni.hi.is\/the\/files\/2021\/11\/Matthiasdottir-Einarsdottir-2021-Female-enterprise-on-a-transnational-border.pdf\">\"Female enterprise on a transnational border: the entrepreneurial agency of an East Icelandic businesswoman, P\u00e1l\u00edna Waage (1864\u20131935)\"<\/a>, with Sigr\u00eddur Matth\u00edasd\u00f3ttir, <em>Scandinavian Economic History Review<\/em>, DOI: 10.1080\/03585522.2021.1984296.<\/p>\n<p>2021: <a href=\"https:\/\/www.tandfonline.com\/doi\/pdf\/10.1080\/26379112.2021.1950739\">\"When Discourse is Hijacked: An Implicit and Performative Resistance Strategy to Gender Equality in Higher Education\"<\/a>, with Thomas Brorsen Smidt and Gyda Margr\u00e9t P\u00e9tursd\u00f3ttir, <em>Journal of Women and Gender in Higher Education<\/em>, 14:2, 143-165.<\/p>\n<p>2020: <a href=\"https:\/\/rua.ua.es\/dspace\/bitstream\/10045\/107618\/1\/Feminismos_35_07.pdf\">\"Jumpstart, potentials and hindrances: Collaboration projects in gender mainstreaming and gender budgeting\"<\/a> <em>Feminismo\/s<\/em>, 35 (junio 2020): 179-205.<br \/>\nMonographic dossier \/ Dossier monogr\u00e1fico: A critical practice of thinking otherwise: Bacchi, Gender and Public Policy Analysis, coord. Angela O\u2019Hagan, DOI: 10.14198\/fem.2020.35.07<\/p>\n<p>2020: <a href=\"https:\/\/www.tandfonline.com\/doi\/pdf\/10.1080\/21568235.2018.1541753\">\"Expanding gendered sites of resistance in the neoliberal academy\"<\/a>,\u00a0 with Thomas Brorsen Smidt, Fredrik Bondestam and Gyda Marg\u00e9t P\u00e9tursd\u00f3ttir, <em>European Journal of Higher Education<\/em>, 10(2), 115-129.<\/p>\n<p>2020: <a href=\"https:\/\/www.tandfonline.com\/doi\/pdf\/10.1080\/08038740.2020.1745884?needAccess=true\">\"All that Glitters is Not Gold: Shrinking and Bending Gender Equality in Rankings and Nation Branding\"<\/a>, <i>NORA, Nordic Journal of Feminist and Gender Research<\/i> published online: <span style=\"font-size: medium\">16 Apr 2020.\u00a0<\/span><\/p>\n<p>2020<span style=\"font-size: medium\">: <a href=\"https:\/\/www.tandfonline.com\/doi\/pdf\/10.1080\/07294360.2019.1666257?needAccess=true\">\u201cGendered inequalities in competitive grant funding: an overlooked dimension of gendered power relations in academia\u201d<\/a>, with Finnborg S. Stein\u00fe\u00f3rsd\u00f3ttir, Gy\u00f0a M. P\u00e9tursd\u00f3ttir and Susan Himmelweit, <em>Higher Education Research &amp; Development<\/em>, 39(2), 362\u2013375.<\/span><\/p>\n<p>2020: <a href=\"https:\/\/www.sciencedirect.com\/science\/article\/pii\/S0956522118302732\">\u201cNetworks, homogeneity and gender in Icelandic business elites\u201d<\/a>, with Gu\u00f0bj\u00f6rg Linda Rafnsd\u00f3ttir, Margr\u00e9t Sigr\u00fan Sigur\u00f0ard\u00f3ttir and Magn\u00fas \u00de\u00f3r Torfason, <em>Scandinavian Journal of Management<\/em>, 36(1).<\/p>\n<p>Last update November 11, 2021<\/p>\n<p>&nbsp;<\/p>\n<p>&nbsp;<\/p>\n","protected":false},"excerpt":{"rendered":"<p>\u00deorger\u00f0ur\u00a0Jenn\u00fdjard\u00f3ttir Einarsd\u00f3ttir Thorgerdur Jennyardottir Einarsdottir Professor in Gender Studies at the University of Iceland. Background in the social sciences; received PhD in sociology from the University of G\u00f6teborg in 1997. Has led the gender studies program at the University of &hellip; <a href=\"https:\/\/uni.hi.is\/the\/\">Halda \u00e1fram a\u00f0 lesa <span class=\"meta-nav\">&rarr;<\/span><\/a><\/p>\n","protected":false},"author":1019,"featured_media":0,"parent":0,"menu_order":1,"comment_status":"closed","ping_status":"open","template":"","meta":{"footnotes":""},"class_list":["post-8","page","type-page","status-publish","hentry"],"_links":{"self":[{"href":"https:\/\/uni.hi.is\/the\/wp-json\/wp\/v2\/pages\/8","targetHints":{"allow":["GET"]}}],"collection":[{"href":"https:\/\/uni.hi.is\/the\/wp-json\/wp\/v2\/pages"}],"about":[{"href":"https:\/\/uni.hi.is\/the\/wp-json\/wp\/v2\/types\/page"}],"author":[{"embeddable":true,"href":"https:\/\/uni.hi.is\/the\/wp-json\/wp\/v2\/users\/1019"}],"replies":[{"embeddable":true,"href":"https:\/\/uni.hi.is\/the\/wp-json\/wp\/v2\/comments?post=8"}],"version-history":[{"count":19,"href":"https:\/\/uni.hi.is\/the\/wp-json\/wp\/v2\/pages\/8\/revisions"}],"predecessor-version":[{"id":201,"href":"https:\/\/uni.hi.is\/the\/wp-json\/wp\/v2\/pages\/8\/revisions\/201"}],"wp:attachment":[{"href":"https:\/\/uni.hi.is\/the\/wp-json\/wp\/v2\/media?parent=8"}],"curies":[{"name":"wp","href":"https:\/\/api.w.org\/{rel}","templated":true}]}}