{"id":2,"date":"2010-09-08T11:14:42","date_gmt":"2010-09-08T11:14:42","guid":{"rendered":""},"modified":"2017-01-06T13:53:58","modified_gmt":"2017-01-06T13:53:58","slug":"about","status":"publish","type":"page","link":"https:\/\/uni.hi.is\/thorstur\/about\/","title":{"rendered":"Um"},"content":{"rendered":"<p>\u00c9g er pr\u00f3fessor\u00a0\u00ed Umhverfis-og au\u00f0lindafr\u00e6\u00f0i vi\u00f0 H\u00e1sk\u00f3la \u00cdslands. \u00datskrifa\u00f0ist me\u00f0 Ph.D. \u00e1ri\u00f0 2000 fr\u00e1 University of Washington \u00ed Seattle, Washington, BNA sem jar\u00f0e\u00f0lisfr\u00e6\u00f0ingur, .<\/p>\n<p>\u00c9g hef \u00e1huga \u00e1 j\u00f6klum, ve\u00f0urfari, loftg\u00e6\u00f0um, gr\u00f3\u00f0ureldum og m\u00f6rgu fleiru\u00a0\ud83d\ude42<\/p>\n<p>H\u00e9r er \u00e6tlunin a\u00f0 birta stuttar fr\u00e9ttir af ranns\u00f3knum m\u00ednum, \u00fev\u00ed sem \u00feeim tengist og \u00f6\u00f0ru \u00e1hugaver\u00f0ur \u00e1 svi\u00f0i umhverfis- og au\u00f0lindafr\u00e6\u00f0i. Einnig bendi \u00e9g \u00e1 vefs\u00ed\u00f0u m\u00edna:<\/p>\n<p><a title=\"Research.turdus.net\" href=\"http:\/\/research.turdus.net\/\" target=\"_blank\">http:\/\/notendur.hi.is\/thorstur\/research<\/a><\/p>\n<p>&nbsp;<\/p>\n<p>English<\/p>\n<p><span style=\"line-height: 1.5em\">I am a Professor in Environment and Natural Resources at the University of Iceland.<\/span><\/p>\n<p>I am interested in most things related to the environment, but particularly air quality recently.<\/p>\n<p>&nbsp;<\/p>\n<p><span style=\"font-size: 1.5em;line-height: 1.5em\">Specialization \/ Research Area<\/span><\/p>\n<p>Air pollution, dispersion, sources and public health; particulate matter, H2S, ... Climate change. Fabric development in strongly anisotropic materials. The effects of plastic anisotropy on deformation, such as folding and flow instabilities. Characterizing fabric using sonic and\/or thin section measurements. The role of till in the fast flow of ice streams, and inferring bed conditions of ice streams and sheets from surface topography and velocity. Wave power and erosion.<\/p>\n","protected":false},"excerpt":{"rendered":"<p>\u00c9g er pr\u00f3fessor\u00a0\u00ed Umhverfis-og au\u00f0lindafr\u00e6\u00f0i vi\u00f0 H\u00e1sk\u00f3la \u00cdslands. \u00datskrifa\u00f0ist me\u00f0 Ph.D. \u00e1ri\u00f0 2000 fr\u00e1 University of Washington \u00ed Seattle, Washington, BNA sem jar\u00f0e\u00f0lisfr\u00e6\u00f0ingur, . \u00c9g hef \u00e1huga \u00e1 j\u00f6klum, ve\u00f0urfari, loftg\u00e6\u00f0um, gr\u00f3\u00f0ureldum og m\u00f6rgu fleiru\u00a0\ud83d\ude42 H\u00e9r er \u00e6tlunin a\u00f0 birta stuttar fr\u00e9ttir af ranns\u00f3knum m\u00ednum, \u00fev\u00ed sem \u00feeim tengist og \u00f6\u00f0ru \u00e1hugaver\u00f0ur \u00e1 svi\u00f0i umhverfis- [&hellip;]<\/p>\n","protected":false},"author":295,"featured_media":0,"parent":0,"menu_order":0,"comment_status":"closed","ping_status":"open","template":"","meta":{"footnotes":""},"class_list":["post-2","page","type-page","status-publish","hentry"],"_links":{"self":[{"href":"https:\/\/uni.hi.is\/thorstur\/wp-json\/wp\/v2\/pages\/2","targetHints":{"allow":["GET"]}}],"collection":[{"href":"https:\/\/uni.hi.is\/thorstur\/wp-json\/wp\/v2\/pages"}],"about":[{"href":"https:\/\/uni.hi.is\/thorstur\/wp-json\/wp\/v2\/types\/page"}],"author":[{"embeddable":true,"href":"https:\/\/uni.hi.is\/thorstur\/wp-json\/wp\/v2\/users\/295"}],"replies":[{"embeddable":true,"href":"https:\/\/uni.hi.is\/thorstur\/wp-json\/wp\/v2\/comments?post=2"}],"version-history":[{"count":2,"href":"https:\/\/uni.hi.is\/thorstur\/wp-json\/wp\/v2\/pages\/2\/revisions"}],"predecessor-version":[{"id":16,"href":"https:\/\/uni.hi.is\/thorstur\/wp-json\/wp\/v2\/pages\/2\/revisions\/16"}],"wp:attachment":[{"href":"https:\/\/uni.hi.is\/thorstur\/wp-json\/wp\/v2\/media?parent=2"}],"curies":[{"name":"wp","href":"https:\/\/api.w.org\/{rel}","templated":true}]}}