{"id":11,"date":"2010-11-18T16:00:47","date_gmt":"2010-11-18T16:00:47","guid":{"rendered":"http:\/\/uni.hi.is\/thuridur\/kennsluferill\/"},"modified":"2019-07-23T16:30:39","modified_gmt":"2019-07-23T16:30:39","slug":"kennsluferill","status":"publish","type":"page","link":"https:\/\/uni.hi.is\/thuridur\/en\/kennsluferill\/","title":{"rendered":"(\u00cdslenska) Kennsluferill"},"content":{"rendered":"<p>2019\u2013 Full professor at the University of Iceland, School of Education<\/p>\n<p>2013\u20132019\u00a0 Associate professor\/senior lecturer at the University of Iceland, School of Education<\/p>\n<p>2008\u20132013 Assistant professor \/ lecturer at the University of Iceland, School of Education<\/p>\n<p>&nbsp;<\/p>\n<p>&nbsp;<\/p>\n<p>1979-1999 Teacher in Icelandic language and literature at Hamrahl\u00ed\u00f0 College, Reykjav\u00edk<\/p>","protected":false},"excerpt":{"rendered":"<p>2019\u2013 Full professor at the University of Iceland, School of Education 2013\u20132019\u00a0 Associate professor\/senior lecturer at the University of Iceland, School of Education 2008\u20132013 Assistant professor \/ lecturer at the University of Iceland, School of Education &nbsp; &nbsp; 1979-1999 Teacher in Icelandic language and literature at Hamrahl\u00ed\u00f0 College, Reykjav\u00edk<\/p>\n","protected":false},"author":504,"featured_media":0,"parent":0,"menu_order":0,"comment_status":"closed","ping_status":"closed","template":"","meta":{"footnotes":""},"class_list":["post-11","page","type-page","status-publish","hentry"],"_links":{"self":[{"href":"https:\/\/uni.hi.is\/thuridur\/en\/wp-json\/wp\/v2\/pages\/11","targetHints":{"allow":["GET"]}}],"collection":[{"href":"https:\/\/uni.hi.is\/thuridur\/en\/wp-json\/wp\/v2\/pages"}],"about":[{"href":"https:\/\/uni.hi.is\/thuridur\/en\/wp-json\/wp\/v2\/types\/page"}],"author":[{"embeddable":true,"href":"https:\/\/uni.hi.is\/thuridur\/en\/wp-json\/wp\/v2\/users\/504"}],"replies":[{"embeddable":true,"href":"https:\/\/uni.hi.is\/thuridur\/en\/wp-json\/wp\/v2\/comments?post=11"}],"version-history":[{"count":8,"href":"https:\/\/uni.hi.is\/thuridur\/en\/wp-json\/wp\/v2\/pages\/11\/revisions"}],"predecessor-version":[{"id":261,"href":"https:\/\/uni.hi.is\/thuridur\/en\/wp-json\/wp\/v2\/pages\/11\/revisions\/261"}],"wp:attachment":[{"href":"https:\/\/uni.hi.is\/thuridur\/en\/wp-json\/wp\/v2\/media?parent=11"}],"curies":[{"name":"wp","href":"https:\/\/api.w.org\/{rel}","templated":true}]}}