{"id":29,"date":"2010-11-18T16:19:42","date_gmt":"2010-11-18T16:19:42","guid":{"rendered":"http:\/\/uni.hi.is\/thuridur\/fyrirlestrar\/erindi-a-mal%c3%beingum-og-fundum\/"},"modified":"2019-07-23T15:41:33","modified_gmt":"2019-07-23T15:41:33","slug":"erindi-a-mal%c3%beingum-og-fundum","status":"publish","type":"page","link":"https:\/\/uni.hi.is\/thuridur\/en\/fyrirlestrar\/erindi-a-mal%c3%beingum-og-fundum\/","title":{"rendered":"(\u00cdslenska) Erindi \u00e1 m\u00e1l\u00feingum og fundum"},"content":{"rendered":"<p class=\"qtranxs-available-languages-message qtranxs-available-languages-message-en\">Sorry, this entry is only available in <a href=\"https:\/\/uni.hi.is\/thuridur\/is\/wp-json\/wp\/v2\/pages\/29\" class=\"qtranxs-available-language-link qtranxs-available-language-link-is\" title=\"\u00cdslenska\">\u00cdslenska<\/a>.<\/p>","protected":false},"excerpt":{"rendered":"<p>Sorry, this entry is only available in \u00cdslenska.<\/p>\n","protected":false},"author":504,"featured_media":0,"parent":23,"menu_order":0,"comment_status":"closed","ping_status":"closed","template":"","meta":{"footnotes":""},"class_list":["post-29","page","type-page","status-publish","hentry"],"_links":{"self":[{"href":"https:\/\/uni.hi.is\/thuridur\/en\/wp-json\/wp\/v2\/pages\/29","targetHints":{"allow":["GET"]}}],"collection":[{"href":"https:\/\/uni.hi.is\/thuridur\/en\/wp-json\/wp\/v2\/pages"}],"about":[{"href":"https:\/\/uni.hi.is\/thuridur\/en\/wp-json\/wp\/v2\/types\/page"}],"author":[{"embeddable":true,"href":"https:\/\/uni.hi.is\/thuridur\/en\/wp-json\/wp\/v2\/users\/504"}],"replies":[{"embeddable":true,"href":"https:\/\/uni.hi.is\/thuridur\/en\/wp-json\/wp\/v2\/comments?post=29"}],"version-history":[{"count":4,"href":"https:\/\/uni.hi.is\/thuridur\/en\/wp-json\/wp\/v2\/pages\/29\/revisions"}],"predecessor-version":[{"id":255,"href":"https:\/\/uni.hi.is\/thuridur\/en\/wp-json\/wp\/v2\/pages\/29\/revisions\/255"}],"up":[{"embeddable":true,"href":"https:\/\/uni.hi.is\/thuridur\/en\/wp-json\/wp\/v2\/pages\/23"}],"wp:attachment":[{"href":"https:\/\/uni.hi.is\/thuridur\/en\/wp-json\/wp\/v2\/media?parent=29"}],"curies":[{"name":"wp","href":"https:\/\/api.w.org\/{rel}","templated":true}]}}