{"id":11,"date":"2010-11-18T16:00:47","date_gmt":"2010-11-18T16:00:47","guid":{"rendered":"http:\/\/uni.hi.is\/thuridur\/kennsluferill\/"},"modified":"2019-07-23T16:30:39","modified_gmt":"2019-07-23T16:30:39","slug":"kennsluferill","status":"publish","type":"page","link":"https:\/\/uni.hi.is\/thuridur\/kennsluferill\/","title":{"rendered":"Kennsluferill"},"content":{"rendered":"<p>2019\u2013 Pr\u00f3fessor vi\u00f0 Menntav\u00edsindasvi\u00f0 H\u00e1sk\u00f3la \u00cdslands, Deild faggreinakennslu.<\/p>\n<p>2013\u20132019\u00a0 D\u00f3sent vi\u00f0 Menntav\u00edsindasvi\u00f0 H\u00e1sk\u00f3la \u00cdslands<\/p>\n<p>2008\u20132013 Lektor vi\u00f0 Menntav\u00edsindasvi\u00f0 H\u00e1sk\u00f3la \u00cdslands<\/p>\n<p>2006\u20132008 Lektor vi\u00f0 KH\u00cd. Kennslugreinar: a\u00f0fer\u00f0afr\u00e6\u00f0i ranns\u00f3kna og kenningar \u00ed menntunarfr\u00e6\u00f0um.<\/p>\n<p>2002-2003 Kennsla vi\u00f0 KH\u00cd sem yfirvinna \u00ed starfi s\u00e9rfr\u00e6\u00f0ings vi\u00f0 Ranns\u00f3knarstofnun KH\u00cd. Kennslugreinar: a\u00f0fer\u00f0afr\u00e6\u00f0i ranns\u00f3kna \u2013 eigindlegar a\u00f0fer\u00f0ir \u00ed grunndeild og leshringur um uppl\u00fdsingat\u00e6kni \u00ed n\u00e1mi og kennslu \u00ed framhaldsdeild.<\/p>\n<p>2001\u20132002 A\u00f0j\u00fankt \u00ed 50% starfi vi\u00f0 KH\u00cd. Kennslugreinar \u00edslenska, a\u00f0fer\u00f0afr\u00e6\u00f0i ranns\u00f3kna og kennslufr\u00e6\u00f0i \u00ed uppl\u00fdsinga- og samskiptat\u00e6kni.<\/p>\n<p>2001\u00a0Stundakennari vi\u00f0 KH\u00cd \u00e1 n\u00e1mskei\u00f0i um barnab\u00f3kmenntir \u00ed leiksk\u00f3laskor KH\u00cd.<\/p>\n<p>2000-2001 Stundakennari vi\u00f0 n\u00e1msbraut \u00ed t\u00f6lvu- og uppl\u00fdsingat\u00e6kni \u00ed framhaldsdeild KH\u00cd.<\/p>\n<p>1999-2000 Stundakennari vi\u00f0 KH\u00cd \u00e1 n\u00e1mskei\u00f0i um barna- og unglingab\u00f3kmenntir \u00ed fjarsk\u00f3la KH\u00cd, grunnsk\u00f3laskor.<\/p>\n<p>2000. Umsj\u00f3narma\u00f0ur n\u00e1mskei\u00f0sins N\u00e1m og kennsla \u00e1 Neti \u00ed framhaldsdeild KH\u00cd, t\u00f6lvu-og uppl\u00fdsingat\u00e6knibraut \u00e1 vormisseri.<\/p>\n<p>1998\u00a0Stundakennari \u00ed barnab\u00f3kmenntun \u00ed fjarsk\u00f3la KH\u00cd. Tilraunakennsla me\u00f0 n\u00fdtingu \u00e1 veraldarvefnum \u00ed n\u00e1mi og kennslu<\/p>\n<p>1995-1998 Allm\u00f6rg n\u00e1mskei\u00f0 fyrir starfsf\u00f3lk \u00e1 leiksk\u00f3lum: A\u00f0 mi\u00f0la menningararfinum me\u00f0 \u00fev\u00ed a\u00f0 segja b\u00f6rnum s\u00f6gur.<\/p>\n<p>1994 Haustmisseri, stundakennari \u00ed ritger\u00f0asm\u00ed\u00f0 vi\u00f0 KH\u00cd<\/p>\n<p>1983-ca. 1990 Stundakennari u.\u00fe.b. a\u00f0ra hverja \u00f6nn \u00ed barna- og unglingab\u00f3kmenntum vi\u00f0 Kennarah\u00e1sk\u00f3la \u00cdslands.<\/p>\n<p>1993\u00a0Vormisseri Stundakennari \u00ed ritger\u00f0asm\u00ed\u00f0 \u00ed fjarsk\u00f3la KH\u00cd, kennt gegnum Interneti\u00f0<\/p>\n<p>1981-1982 Stundakennari \u00ed \u00edslensku og barnab\u00f3kmenntum vi\u00f0 F\u00f3stursk\u00f3la \u00cdslands<\/p>\n<p>1979-1999 \u00cdslenskukennari vi\u00f0 Menntask\u00f3lann vi\u00f0 Hamrahl\u00ed\u00f0 \u00fear af deildarstj\u00f3ri\u00a0 \u00ed \u00edslensku \u00e1rin 1986-1988 og 1994-1996.<\/p>\n<p>1977-1978 Stundakennari \u00ed \u00edslensku vi\u00f0 Fj\u00f6lbrautask\u00f3la Su\u00f0urnesja<\/p>","protected":false},"excerpt":{"rendered":"<p>2019\u2013 Pr\u00f3fessor vi\u00f0 Menntav\u00edsindasvi\u00f0 H\u00e1sk\u00f3la \u00cdslands, Deild faggreinakennslu. 2013\u20132019\u00a0 D\u00f3sent vi\u00f0 Menntav\u00edsindasvi\u00f0 H\u00e1sk\u00f3la \u00cdslands 2008\u20132013 Lektor vi\u00f0 Menntav\u00edsindasvi\u00f0 H\u00e1sk\u00f3la \u00cdslands 2006\u20132008 Lektor vi\u00f0 KH\u00cd. Kennslugreinar: a\u00f0fer\u00f0afr\u00e6\u00f0i ranns\u00f3kna og kenningar \u00ed menntunarfr\u00e6\u00f0um. 2002-2003 Kennsla vi\u00f0 KH\u00cd sem yfirvinna \u00ed starfi s\u00e9rfr\u00e6\u00f0ings vi\u00f0 Ranns\u00f3knarstofnun KH\u00cd. Kennslugreinar: a\u00f0fer\u00f0afr\u00e6\u00f0i ranns\u00f3kna \u2013 eigindlegar a\u00f0fer\u00f0ir \u00ed grunndeild og leshringur um uppl\u00fdsingat\u00e6kni [&hellip;]<\/p>\n","protected":false},"author":504,"featured_media":0,"parent":0,"menu_order":0,"comment_status":"closed","ping_status":"closed","template":"","meta":{"footnotes":""},"class_list":["post-11","page","type-page","status-publish","hentry"],"_links":{"self":[{"href":"https:\/\/uni.hi.is\/thuridur\/wp-json\/wp\/v2\/pages\/11","targetHints":{"allow":["GET"]}}],"collection":[{"href":"https:\/\/uni.hi.is\/thuridur\/wp-json\/wp\/v2\/pages"}],"about":[{"href":"https:\/\/uni.hi.is\/thuridur\/wp-json\/wp\/v2\/types\/page"}],"author":[{"embeddable":true,"href":"https:\/\/uni.hi.is\/thuridur\/wp-json\/wp\/v2\/users\/504"}],"replies":[{"embeddable":true,"href":"https:\/\/uni.hi.is\/thuridur\/wp-json\/wp\/v2\/comments?post=11"}],"version-history":[{"count":8,"href":"https:\/\/uni.hi.is\/thuridur\/wp-json\/wp\/v2\/pages\/11\/revisions"}],"predecessor-version":[{"id":261,"href":"https:\/\/uni.hi.is\/thuridur\/wp-json\/wp\/v2\/pages\/11\/revisions\/261"}],"wp:attachment":[{"href":"https:\/\/uni.hi.is\/thuridur\/wp-json\/wp\/v2\/media?parent=11"}],"curies":[{"name":"wp","href":"https:\/\/api.w.org\/{rel}","templated":true}]}}