{"id":19,"date":"2010-11-18T16:12:53","date_gmt":"2010-11-18T16:12:53","guid":{"rendered":"http:\/\/uni.hi.is\/thuridur\/veggspjold\/"},"modified":"2021-06-14T16:26:07","modified_gmt":"2021-06-14T16:26:07","slug":"veggspjold","status":"publish","type":"page","link":"https:\/\/uni.hi.is\/thuridur\/fyrirlestrar\/veggspjold\/","title":{"rendered":"Veggspj\u00f6ld"},"content":{"rendered":"<p>S\u00f3lveig Jakobsd\u00f3ttir og\u00a0 \u00deur\u00ed\u00f0ur J\u00f3hannsd\u00f3ttir. (2010, j\u00fan\u00ed). <em>Merging online and \"traditional\" courses and student groups: a natural trend or a temporary tactic - why and how?<\/em> Veggspjald \u00e1 r\u00e1\u00f0stefnu European Distance and E-Learning Network (EDEN) Valencia, Sp\u00e1ni<\/p>\n<p>\u00deur\u00ed\u00f0ur J\u00f3hannsd\u00f3ttir og S\u00f3lveig Jakobsd\u00f3ttir. (2010, okt\u00f3ber). <em>Samkennsla sta\u00f0nema og fjarnema \u00e1 Menntav\u00edsindasvi\u00f0i H\u00cd.<\/em> Veggspjald \u00e1 Menntakviku, r\u00e1\u00f0stefnu Menntav\u00edsindasvi\u00f0s H\u00e1sk\u00f3la \u00cdslands, Reykjav\u00edk.<\/p>\n<p>\u00deur\u00ed\u00f0ur J\u00f3hannsd\u00f3ttir og Torfi Hjartarson. (2004, mars). <em>Kennslufr\u00e6\u00f0i netn\u00e1ms og vefur um<br \/>\nbarna- og unglingab\u00f3kmenntir<\/em>. Veggspjald \u00e1 UT-r\u00e1\u00f0stefnu menntam\u00e1la r\u00e1\u00f0uneytisins. Fj\u00f6lbrautask\u00f3lanum \u00ed Gar\u00f0ab\u00e6, 6. mars.<\/p>\n<p>Allyson Macdonald, Torfi Hjartarson og \u00deur\u00ed\u00f0ur J\u00f3hannsd\u00f3ttir. (2005, mars). <em>Nokkur lykilatri\u00f0i var\u00f0andi \u00e1rangursr\u00edka n\u00fdtingu uppl\u00fdsinga- og samskiptat\u00e6kni \u00ed grunnsk\u00f3la<\/em>. Veggspjald \u00e1 UT-r\u00e1\u00f0stefnu menntam\u00e1lar\u00e1\u00f0uneytisins \u00e1 H\u00f3tel S\u00f6gu, Reykjav\u00edk, 4. mars.<\/p>","protected":false},"excerpt":{"rendered":"<p>S\u00f3lveig Jakobsd\u00f3ttir og\u00a0 \u00deur\u00ed\u00f0ur J\u00f3hannsd\u00f3ttir. (2010, j\u00fan\u00ed). Merging online and \"traditional\" courses and student groups: a natural trend or a temporary tactic - why and how? Veggspjald \u00e1 r\u00e1\u00f0stefnu European Distance and E-Learning Network (EDEN) Valencia, Sp\u00e1ni \u00deur\u00ed\u00f0ur J\u00f3hannsd\u00f3ttir og S\u00f3lveig Jakobsd\u00f3ttir. (2010, okt\u00f3ber). Samkennsla sta\u00f0nema og fjarnema \u00e1 Menntav\u00edsindasvi\u00f0i H\u00cd. Veggspjald \u00e1 Menntakviku, r\u00e1\u00f0stefnu [&hellip;]<\/p>\n","protected":false},"author":504,"featured_media":0,"parent":23,"menu_order":4,"comment_status":"closed","ping_status":"closed","template":"","meta":{"footnotes":""},"class_list":["post-19","page","type-page","status-publish","hentry"],"_links":{"self":[{"href":"https:\/\/uni.hi.is\/thuridur\/wp-json\/wp\/v2\/pages\/19","targetHints":{"allow":["GET"]}}],"collection":[{"href":"https:\/\/uni.hi.is\/thuridur\/wp-json\/wp\/v2\/pages"}],"about":[{"href":"https:\/\/uni.hi.is\/thuridur\/wp-json\/wp\/v2\/types\/page"}],"author":[{"embeddable":true,"href":"https:\/\/uni.hi.is\/thuridur\/wp-json\/wp\/v2\/users\/504"}],"replies":[{"embeddable":true,"href":"https:\/\/uni.hi.is\/thuridur\/wp-json\/wp\/v2\/comments?post=19"}],"version-history":[{"count":2,"href":"https:\/\/uni.hi.is\/thuridur\/wp-json\/wp\/v2\/pages\/19\/revisions"}],"predecessor-version":[{"id":337,"href":"https:\/\/uni.hi.is\/thuridur\/wp-json\/wp\/v2\/pages\/19\/revisions\/337"}],"up":[{"embeddable":true,"href":"https:\/\/uni.hi.is\/thuridur\/wp-json\/wp\/v2\/pages\/23"}],"wp:attachment":[{"href":"https:\/\/uni.hi.is\/thuridur\/wp-json\/wp\/v2\/media?parent=19"}],"curies":[{"name":"wp","href":"https:\/\/api.w.org\/{rel}","templated":true}]}}