{"id":2,"date":"2010-11-18T14:20:29","date_gmt":"2010-11-18T14:20:29","guid":{"rendered":""},"modified":"2021-07-19T13:50:05","modified_gmt":"2021-07-19T13:50:05","slug":"about","status":"publish","type":"page","link":"https:\/\/uni.hi.is\/thuridur\/about\/","title":{"rendered":"Hver \u00e9g er"},"content":{"rendered":"<p>\u00c9g heiti \u00deur\u00ed\u00f0ur J\u00f3na J\u00f3hannsd\u00f3ttir og er f\u00e6dd \u00e1 Dalv\u00edk 12. febr\u00faar 1952. \u00c9g t\u00f3k st\u00fadentspr\u00f3f fr\u00e1 Menntask\u00f3lanum \u00e1 Akureyri \u00e1ri\u00f0 1972, B.A. pr\u00f3f \u00ed \u00edslensku og f\u00e9lagsfr\u00e6\u00f0i 1978 fr\u00e1 H\u00e1sk\u00f3la \u00cdslands, dipl\u00f3ma \u00ed kennslufr\u00e6\u00f0i 1990 fr\u00e1 H\u00cd og M.Ed. pr\u00f3f \u00ed uppeldis- og menntunarfr\u00e6\u00f0um \u00e1ri\u00f0 2001 fr\u00e1 Kennarah\u00e1sk\u00f3la \u00cdslands og doktorspr\u00f3fi \u00ed uppeldis- og menntunarfr\u00e6\u00f0um fr\u00e1 H\u00e1sk\u00f3la \u00cdslands \u00e1ri\u00f0 2010.<\/p>\n<p>\u00c9g var \u00edslenskukennari \u00ed Menntask\u00f3lanum vi\u00f0 Hamrahl\u00ed\u00f0 fr\u00e1 1979-1998 og s\u00e9rfr\u00e6\u00f0ingur vi\u00f0 Ranns\u00f3knarstofnun Kennarah\u00e1sk\u00f3la \u00cdslands \u00e1rin 2002-2005 me\u00f0 ranns\u00f3knir \u00e1 \u00e1hrifum uppl\u00fdsinga- og samskiptat\u00e6kni \u00e1 n\u00e1m og kennslu sem meginvi\u00f0fangsefni. \u00c1ri\u00f0 2006var\u00f0 \u00e9g lektor vi\u00f0 Kennarah\u00e1sk\u00f3la \u00cdslands, s\u00ed\u00f0ar Menntav\u00edsindasvi\u00f0 H\u00e1sk\u00f3la \u00cdslands, d\u00f3sent fr\u00e1\u00a0 2013\u20132019 og pr\u00f3fessor fr\u00e1 2019. Fr\u00e1 2014-2018 var \u00e9g forma\u00f0ur n\u00e1msbrautarinnar Kennslufr\u00e6\u00f0i framhaldssk\u00f3la og h\u00e1sk\u00f3la, sem fr\u00e1 2018 var\u00f0 Kennslufr\u00e6\u00f0i framhaldssk\u00f3la.<\/p>\n<p>Ma\u00f0urinn minn er \u00de\u00f3r\u00f3lfur H. Hafsta\u00f0 jar\u00f0fr\u00e6\u00f0ingur hj\u00e1 \u00cdslenskum orkuranns\u00f3knum. D\u00e6tur okkar eru \u00c1sd\u00eds sp\u00e6nskukennari \u00ed framhaldssk\u00f3la og Hrafnhildur grunnsk\u00f3lakennari. Barnab\u00f6rnin fj\u00f6gur heita Ronja, Hugi, Embla Rebekka og \u00de\u00f3r\u00f3lfur Magni.<\/p>","protected":false},"excerpt":{"rendered":"<p>\u00c9g heiti \u00deur\u00ed\u00f0ur J\u00f3na J\u00f3hannsd\u00f3ttir og er f\u00e6dd \u00e1 Dalv\u00edk 12. febr\u00faar 1952. \u00c9g t\u00f3k st\u00fadentspr\u00f3f fr\u00e1 Menntask\u00f3lanum \u00e1 Akureyri \u00e1ri\u00f0 1972, B.A. pr\u00f3f \u00ed \u00edslensku og f\u00e9lagsfr\u00e6\u00f0i 1978 fr\u00e1 H\u00e1sk\u00f3la \u00cdslands, dipl\u00f3ma \u00ed kennslufr\u00e6\u00f0i 1990 fr\u00e1 H\u00cd og M.Ed. pr\u00f3f \u00ed uppeldis- og menntunarfr\u00e6\u00f0um \u00e1ri\u00f0 2001 fr\u00e1 Kennarah\u00e1sk\u00f3la \u00cdslands og doktorspr\u00f3fi \u00ed uppeldis- og [&hellip;]<\/p>\n","protected":false},"author":504,"featured_media":0,"parent":0,"menu_order":1,"comment_status":"closed","ping_status":"open","template":"","meta":{"footnotes":""},"class_list":["post-2","page","type-page","status-publish","hentry"],"_links":{"self":[{"href":"https:\/\/uni.hi.is\/thuridur\/wp-json\/wp\/v2\/pages\/2","targetHints":{"allow":["GET"]}}],"collection":[{"href":"https:\/\/uni.hi.is\/thuridur\/wp-json\/wp\/v2\/pages"}],"about":[{"href":"https:\/\/uni.hi.is\/thuridur\/wp-json\/wp\/v2\/types\/page"}],"author":[{"embeddable":true,"href":"https:\/\/uni.hi.is\/thuridur\/wp-json\/wp\/v2\/users\/504"}],"replies":[{"embeddable":true,"href":"https:\/\/uni.hi.is\/thuridur\/wp-json\/wp\/v2\/comments?post=2"}],"version-history":[{"count":24,"href":"https:\/\/uni.hi.is\/thuridur\/wp-json\/wp\/v2\/pages\/2\/revisions"}],"predecessor-version":[{"id":415,"href":"https:\/\/uni.hi.is\/thuridur\/wp-json\/wp\/v2\/pages\/2\/revisions\/415"}],"wp:attachment":[{"href":"https:\/\/uni.hi.is\/thuridur\/wp-json\/wp\/v2\/media?parent=2"}],"curies":[{"name":"wp","href":"https:\/\/api.w.org\/{rel}","templated":true}]}}