{"id":1300,"date":"2020-05-28T15:44:07","date_gmt":"2020-05-28T15:44:07","guid":{"rendered":"https:\/\/uni.hi.is\/tobi\/?page_id=1300"},"modified":"2020-05-28T16:05:48","modified_gmt":"2020-05-28T16:05:48","slug":"maxi-plume","status":"publish","type":"page","link":"https:\/\/uni.hi.is\/tobi\/maxi-plume\/","title":{"rendered":"MAXI-Plume"},"content":{"rendered":"<h1>Project MAXI-Plume<\/h1>\n<div id=\"attachment_1302\" style=\"width: 484px\" class=\"wp-caption aligncenter\"><a href=\"https:\/\/uni.hi.is\/tobi\/files\/2020\/05\/Gos_11mai2010_mtg_2-scaled.jpg\"><img loading=\"lazy\" decoding=\"async\" aria-describedby=\"caption-attachment-1302\" class=\"wp-image-1302 size-large\" src=\"https:\/\/uni.hi.is\/tobi\/files\/2020\/05\/Gos_11mai2010_mtg_2-1024x683.jpg\" alt=\"\" width=\"474\" height=\"316\" srcset=\"https:\/\/uni.hi.is\/tobi\/files\/2020\/05\/Gos_11mai2010_mtg_2-1024x683.jpg 1024w, https:\/\/uni.hi.is\/tobi\/files\/2020\/05\/Gos_11mai2010_mtg_2-300x200.jpg 300w, https:\/\/uni.hi.is\/tobi\/files\/2020\/05\/Gos_11mai2010_mtg_2-768x512.jpg 768w, https:\/\/uni.hi.is\/tobi\/files\/2020\/05\/Gos_11mai2010_mtg_2-1536x1024.jpg 1536w, https:\/\/uni.hi.is\/tobi\/files\/2020\/05\/Gos_11mai2010_mtg_2-2048x1365.jpg 2048w\" sizes=\"auto, (max-width: 474px) 100vw, 474px\" \/><\/a><p id=\"caption-attachment-1302\" class=\"wp-caption-text\">(In)famous: the ash plume during the 2010 eruption of Eyjafjallaj\u00f6kull volcano brought chaos on Northern and Central Europe skies. [Photo taken by Magn\u00fas Tumi Gu\u00f0mundsson].<\/p><\/div>\n<h2>\"MAXI-Plume\" in a nutshell<\/h2>\n<p>MAXI-Plume stands for \"<strong>Ma<\/strong>ss flu<strong>x<\/strong> <strong>i<\/strong>nvestigations on ash <strong>plume<\/strong>s\" and is the acronym for a 3-years research project carried out at the Institute of Earth Sciences at University of Iceland since 01. 06.2020. MAXI-Plume is supported by an Icelandic Research Fund (IRF) postdoc grant by The Icelandic Centre for Research (<a href=\"http:\/\/rannis.is\">RANN\u00cdS<\/a>).<\/p>\n<p>MAXI-Plume is focused on ash injection by volcanic plumes generated during explosive eruptions in Iceland. By integrating monitoring, geological field studies, models and experiments, MAXI-Plume addresses still open questions crucial for understanding plume dynamics: the link between magma fragmentation in the conduit and resulting source conditions, and wind entrainment. Both factors control the evolution of a plume.<\/p>\n<p>In particular, MAXI-Plume focusses on the mass flux at the vent, i.e. the mass of tephra and volcanic gases released per time. Within MAXI-Plume the mass flux of the most recent explosive Icelandic eruptions (e.g., Eyjafjallaj\u00f6kull 2010, Gr\u00edmsv\u00f6tn 2004\/11) is quantified by merging results of measurements on ash deposits with newly developed techniques using video analysis. The values obtained serve as a data base for comparing and fine-tuning existing plume models, in particular by adjusting the parameter describing wind entrainment. Complementary experiments help to investigate the dependencies of plume dynamics on wind entrainment processes.<\/p>\n<p>The ultimate goal of MAXI-Plume is to enhance real-time mass flux assessment in future eruption scenarios.<\/p>\n<p><a href=\"https:\/\/uni.hi.is\/tobi\/volcanic-ash-plumes\/\">-&gt; Theoretical Background: Volcanic Ash Plumes<\/a><\/p>\n<p><a href=\"https:\/\/uni.hi.is\/tobi\/maxi-plume-objectives\/\">-&gt; Objectives and Work Packages<\/a><\/p>\n<p><a href=\"https:\/\/uni.hi.is\/tobi\/collaboration-partners\/\">-&gt; Collaboration Partners<\/a><\/p>\n<p>&nbsp;<\/p>\n","protected":false},"excerpt":{"rendered":"<p>Project MAXI-Plume \"MAXI-Plume\" in a nutshell MAXI-Plume stands for \"Mass flux investigations on ash plumes\" and is the acronym for a 3-years research project carried out at the Institute of Earth Sciences at University of Iceland since 01. 06.2020. MAXI-Plume &hellip; <a href=\"https:\/\/uni.hi.is\/tobi\/maxi-plume\/\">Continue reading <span class=\"meta-nav\">&rarr;<\/span><\/a><\/p>\n","protected":false},"author":1272,"featured_media":0,"parent":0,"menu_order":0,"comment_status":"closed","ping_status":"closed","template":"","meta":{"footnotes":""},"class_list":["post-1300","page","type-page","status-publish","hentry"],"_links":{"self":[{"href":"https:\/\/uni.hi.is\/tobi\/wp-json\/wp\/v2\/pages\/1300","targetHints":{"allow":["GET"]}}],"collection":[{"href":"https:\/\/uni.hi.is\/tobi\/wp-json\/wp\/v2\/pages"}],"about":[{"href":"https:\/\/uni.hi.is\/tobi\/wp-json\/wp\/v2\/types\/page"}],"author":[{"embeddable":true,"href":"https:\/\/uni.hi.is\/tobi\/wp-json\/wp\/v2\/users\/1272"}],"replies":[{"embeddable":true,"href":"https:\/\/uni.hi.is\/tobi\/wp-json\/wp\/v2\/comments?post=1300"}],"version-history":[{"count":9,"href":"https:\/\/uni.hi.is\/tobi\/wp-json\/wp\/v2\/pages\/1300\/revisions"}],"predecessor-version":[{"id":1387,"href":"https:\/\/uni.hi.is\/tobi\/wp-json\/wp\/v2\/pages\/1300\/revisions\/1387"}],"wp:attachment":[{"href":"https:\/\/uni.hi.is\/tobi\/wp-json\/wp\/v2\/media?parent=1300"}],"curies":[{"name":"wp","href":"https:\/\/api.w.org\/{rel}","templated":true}]}}