{"id":1305,"date":"2020-05-28T15:42:12","date_gmt":"2020-05-28T15:42:12","guid":{"rendered":"https:\/\/uni.hi.is\/tobi\/?page_id=1305"},"modified":"2022-03-18T15:51:07","modified_gmt":"2022-03-18T15:51:07","slug":"volcanic-ash-plumes","status":"publish","type":"page","link":"https:\/\/uni.hi.is\/tobi\/volcanic-ash-plumes\/","title":{"rendered":"Volcanic Ash Plumes"},"content":{"rendered":"<h1>Volcanic ash plumes and mass flux<\/h1>\n<p><div id=\"attachment_1306\" style=\"width: 484px\" class=\"wp-caption aligncenter\"><a href=\"https:\/\/uni.hi.is\/tobi\/files\/2020\/05\/Gosmokkur_11-mai-2010_mtg-scaled.jpg\"><img loading=\"lazy\" decoding=\"async\" aria-describedby=\"caption-attachment-1306\" class=\"wp-image-1306 size-large\" src=\"https:\/\/uni.hi.is\/tobi\/files\/2020\/05\/Gosmokkur_11-mai-2010_mtg-677x1024.jpg\" alt=\"\" width=\"474\" height=\"717\" srcset=\"https:\/\/uni.hi.is\/tobi\/files\/2020\/05\/Gosmokkur_11-mai-2010_mtg-677x1024.jpg 677w, https:\/\/uni.hi.is\/tobi\/files\/2020\/05\/Gosmokkur_11-mai-2010_mtg-198x300.jpg 198w, https:\/\/uni.hi.is\/tobi\/files\/2020\/05\/Gosmokkur_11-mai-2010_mtg-768x1161.jpg 768w, https:\/\/uni.hi.is\/tobi\/files\/2020\/05\/Gosmokkur_11-mai-2010_mtg-1016x1536.jpg 1016w, https:\/\/uni.hi.is\/tobi\/files\/2020\/05\/Gosmokkur_11-mai-2010_mtg-1354x2048.jpg 1354w, https:\/\/uni.hi.is\/tobi\/files\/2020\/05\/Gosmokkur_11-mai-2010_mtg-scaled.jpg 1693w\" sizes=\"auto, (max-width: 474px) 100vw, 474px\" \/><\/a><p id=\"caption-attachment-1306\" class=\"wp-caption-text\">Another picture of the Eyjafjallaj\u00f6kull 2010 ash plume. Note the \"curtain\" like fallout of tephra on the downwind sector. [Photo taken by Magn\u00fas Tumi Gu\u00f0mundsson]<\/p><\/div>Who, when given the task to sketch a volcano, could resist drawing a big threatening mushroom-shaped cloud above its top? This characteristic feature is a phenomenon\u00a0 known as \"volcanic ash plume.\"<\/p>\n<p>An engineer would describe volcanic ash plumes as hot turbulent multiphase flows made of volcanic gases and \"pyroclastic\" particles, which originate during explosive eruptions as the result of magma fragmentation. Volcanic ash plumes form when the eruptive mixture issues from the volcanic vent and, depending on the fluid dynamic conditions at the source, can become buoyant during the ascent into the atmosphere due to its expansion and the entrainment of external air. These eruption columns can inject potentially hazardous amounts of ash into the atmosphere and are - due to the inherent complexities - very challenging to describe. This makes the study of eruption plumes one of the most exciting problems in volcanology.<\/p>\n<p>Why should people bother with describing ash plumes by more or less complex mathematical and physical models? Let me convince you that knowing what is going on is always better than \"getting surprised\":<\/p>\n<p>Under certain conditions eruptive columns can get instable and collapse under their own weight. As a result the mass of hot ash, gas and steam pounds its way from the impact site with high velocities as swift and deadly \"pyroclastic density currents\" or \"PDCs\".<\/p>\n<p><strong>For phycisists among the readers<\/strong>: in a collapsing column potential energy is transformed into kinetic energy. To give you an idea of the mass, consider that a typical value for the mass flux of a medium sized eruption is 10<sup>8<\/sup> kg\/s.<\/p>\n<p><strong>For non-phycisists<\/strong>: imagine a 25 kg cement bag thrown out from a helicopter hovering at 500m above you and impacting right in front of your feet. Now imagine the same scene happening again, but this time the mass of the \"cement\" plunging to earth is 4 million times as big - then you get an idea of what happens if only a second of a \"medium sized\" ash colummn gets instable and collapses...<\/p>\n<p>The snapshot below shows a column collapse in a large-scale simulation shooting ash into the atmosphere with a big gun. It was filmed during a series of experiments conducted in 2008 in a quary at Spinazzola, lead by University of Bari in collaboration with Physikalisch Vulkanologisches Labor, Uni W\u00fcrzburg [1-3]. In the depicted experiment we used 300 kg of ash (equivalent to 12 \"cement bags\").<\/p>\n<div id=\"attachment_1310\" style=\"width: 650px\" class=\"wp-caption aligncenter\"><a href=\"https:\/\/uni.hi.is\/tobi\/files\/2020\/05\/bfgboom1.png\"><img loading=\"lazy\" decoding=\"async\" aria-describedby=\"caption-attachment-1310\" class=\"wp-image-1310 size-full\" src=\"https:\/\/uni.hi.is\/tobi\/files\/2020\/05\/bfgboom1.png\" alt=\"\" width=\"640\" height=\"480\" srcset=\"https:\/\/uni.hi.is\/tobi\/files\/2020\/05\/bfgboom1.png 640w, https:\/\/uni.hi.is\/tobi\/files\/2020\/05\/bfgboom1-300x225.png 300w\" sizes=\"auto, (max-width: 640px) 100vw, 640px\" \/><\/a><p id=\"caption-attachment-1310\" class=\"wp-caption-text\">No country for lazy lizzards - snapshot from a collapse run taken in 2008 during the Spinazzola large-scale ash plume experiments. Note the \"tentacles\" shooting towards the ground. Once when hitting it, pyroclastic density currents are rushing down the blue hill.<\/p><\/div>\n<p>From these experiments, it was possible to derive a stability criterium - and predict when a column is stable or about to collapse. (Pretty cool, eh? The lizzards at the site would have been happy to have had a warning system.)<\/p>\n<div id=\"attachment_1370\" style=\"width: 484px\" class=\"wp-caption aligncenter\"><a href=\"https:\/\/uni.hi.is\/tobi\/files\/2020\/05\/DSC_0011-scaled.jpg\"><img loading=\"lazy\" decoding=\"async\" aria-describedby=\"caption-attachment-1370\" class=\"wp-image-1370 size-large\" src=\"https:\/\/uni.hi.is\/tobi\/files\/2020\/05\/DSC_0011-1024x681.jpg\" alt=\"\" width=\"474\" height=\"315\" srcset=\"https:\/\/uni.hi.is\/tobi\/files\/2020\/05\/DSC_0011-1024x681.jpg 1024w, https:\/\/uni.hi.is\/tobi\/files\/2020\/05\/DSC_0011-300x199.jpg 300w, https:\/\/uni.hi.is\/tobi\/files\/2020\/05\/DSC_0011-768x511.jpg 768w, https:\/\/uni.hi.is\/tobi\/files\/2020\/05\/DSC_0011-1536x1021.jpg 1536w, https:\/\/uni.hi.is\/tobi\/files\/2020\/05\/DSC_0011-2048x1362.jpg 2048w\" sizes=\"auto, (max-width: 474px) 100vw, 474px\" \/><\/a><p id=\"caption-attachment-1370\" class=\"wp-caption-text\">Matchbox truck on a miniature \"street\" at the foot of the blue hill. The \"street\" is formed by cardboard boxes (simulating \"houses\"). This picture was taken just before the experiment.<\/p><\/div>\n<div id=\"attachment_1371\" style=\"width: 484px\" class=\"wp-caption aligncenter\"><a href=\"https:\/\/uni.hi.is\/tobi\/files\/2020\/05\/DSC_0041-scaled.jpg\"><img loading=\"lazy\" decoding=\"async\" aria-describedby=\"caption-attachment-1371\" class=\"wp-image-1371 size-large\" src=\"https:\/\/uni.hi.is\/tobi\/files\/2020\/05\/DSC_0041-1024x681.jpg\" alt=\"\" width=\"474\" height=\"315\" srcset=\"https:\/\/uni.hi.is\/tobi\/files\/2020\/05\/DSC_0041-1024x681.jpg 1024w, https:\/\/uni.hi.is\/tobi\/files\/2020\/05\/DSC_0041-300x199.jpg 300w, https:\/\/uni.hi.is\/tobi\/files\/2020\/05\/DSC_0041-768x511.jpg 768w, https:\/\/uni.hi.is\/tobi\/files\/2020\/05\/DSC_0041-1536x1021.jpg 1536w, https:\/\/uni.hi.is\/tobi\/files\/2020\/05\/DSC_0041-2048x1362.jpg 2048w\" sizes=\"auto, (max-width: 474px) 100vw, 474px\" \/><\/a><p id=\"caption-attachment-1371\" class=\"wp-caption-text\">Same truck, same \"street\" after the PDC rushed through. The wires and hoses are for measuring pressure and particle concentrations.<\/p><\/div>\n<p>Of course the 'gun' we used had the advantage that we knew a lot of things in beforehand (\"vent\" diameter, conduit geometry, input energy, grain size distribution,...). In a real volcano the boundary conditions are certainly more obscure and complicated.<\/p>\n<p>But back to <strong>volcanic ash plumes<\/strong> and their hazards. Even when being perfectly stable and convectively rising, ash injected into the atmosphere by volcanic plumes can cause tremendous problems, e.g. by affecting the climate (as experienced in the Tambora eruption 1815, which resulted in 1816 being <a href=\"https:\/\/en.wikipedia.org\/wiki\/Year_Without_a_Summer\">\"the year without summer\"<\/a>). Furthermore, even when living tens of km away from the eruption site, living being's health might get negatively affected by inhaling fine volcanic \"ash\", depending on wind direction and fallout conditions. \"Ash\" is a term which describes pyroclasts with a grain size of smaller than 2mm. Ash grains are chemically and morphologically very similar to grinded glass dust, which explains why it is not particularly healthy to inhale them.<\/p>\n<div id=\"attachment_1317\" style=\"width: 484px\" class=\"wp-caption aligncenter\"><a href=\"https:\/\/uni.hi.is\/tobi\/files\/2020\/05\/2004-11-02MTG45-scaled.jpg\"><img loading=\"lazy\" decoding=\"async\" aria-describedby=\"caption-attachment-1317\" class=\"wp-image-1317 size-large\" src=\"https:\/\/uni.hi.is\/tobi\/files\/2020\/05\/2004-11-02MTG45-1024x768.jpg\" alt=\"\" width=\"474\" height=\"356\" srcset=\"https:\/\/uni.hi.is\/tobi\/files\/2020\/05\/2004-11-02MTG45-1024x768.jpg 1024w, https:\/\/uni.hi.is\/tobi\/files\/2020\/05\/2004-11-02MTG45-300x225.jpg 300w, https:\/\/uni.hi.is\/tobi\/files\/2020\/05\/2004-11-02MTG45-768x576.jpg 768w, https:\/\/uni.hi.is\/tobi\/files\/2020\/05\/2004-11-02MTG45-1536x1152.jpg 1536w, https:\/\/uni.hi.is\/tobi\/files\/2020\/05\/2004-11-02MTG45-2048x1536.jpg 2048w\" sizes=\"auto, (max-width: 474px) 100vw, 474px\" \/><\/a><p id=\"caption-attachment-1317\" class=\"wp-caption-text\">The 2004 ash plume of Gr\u00edmsv\u00f6tn (a subglacial volcano). Due to favourable wind conditions the European air traffic was barely affected by this eruption, other than the Eyjafjallaj\u00f6kull eruption, six years later. [Photo taken by Magn\u00fas T. Gu\u00f0mundsson]<\/p><\/div>\n<p>&nbsp;<\/p>\n<p>In modern times (well, okay - let's better say \"<a href=\"https:\/\/en.wikipedia.org\/wiki\/British_Airways_Flight_9\">since the 80s<\/a>\") , it turned out that atmospheric volcanic ash can pose a serious threat for aviation and air-travel infrastructure. Glassy volcanic ash particles can stall jet turbines and scratch the front windows to opaqueness. This potential hazard was the reason why the relatively modest sized 2010 Eyjafjallaj\u00f6kull eruption caused ~100.000 cancelled flights and left ~7 million flight passengers stranded, causing economic losses of &gt;$5 billion [4]. It was this particular incident which raised awareness in the political spheres of the \"wealthier economies\", and lead to an increased demand for model forecasts capable to display the location of ash clouds with contours of ash concentration. Decision makers hoped that such \"concentration charts\"\u00a0 could then be used to provide a basis to determine no-fly zones. However, after 2 years of evaluation, the International Volcanic Ash Task Force had to come to the sobering conclusion that the accuracy of model-based cloud concentrations was not reliable enough to justify the use of such \u201cconcentration charts\u201d and recommended to discontinue their issuance [5-7].<\/p>\n<p>One of the crucial problems limiting the accuracy of concentration forecasts is the significant uncertainty in characterizing the source conditions of explosive eruptions and some of the fundamental processes taking place during the plume evolution (e.g. entrainment of external air into the clouds).<\/p>\n<p><div id=\"attachment_1373\" style=\"width: 484px\" class=\"wp-caption aligncenter\"><a href=\"https:\/\/uni.hi.is\/tobi\/files\/2020\/05\/2010-05-11MTG149-scaled.jpg\"><img loading=\"lazy\" decoding=\"async\" aria-describedby=\"caption-attachment-1373\" class=\"wp-image-1373 size-large\" src=\"https:\/\/uni.hi.is\/tobi\/files\/2020\/05\/2010-05-11MTG149-1024x683.jpg\" alt=\"\" width=\"474\" height=\"316\" srcset=\"https:\/\/uni.hi.is\/tobi\/files\/2020\/05\/2010-05-11MTG149-1024x683.jpg 1024w, https:\/\/uni.hi.is\/tobi\/files\/2020\/05\/2010-05-11MTG149-300x200.jpg 300w, https:\/\/uni.hi.is\/tobi\/files\/2020\/05\/2010-05-11MTG149-768x512.jpg 768w, https:\/\/uni.hi.is\/tobi\/files\/2020\/05\/2010-05-11MTG149-1536x1024.jpg 1536w, https:\/\/uni.hi.is\/tobi\/files\/2020\/05\/2010-05-11MTG149-2048x1365.jpg 2048w\" sizes=\"auto, (max-width: 474px) 100vw, 474px\" \/><\/a><p id=\"caption-attachment-1373\" class=\"wp-caption-text\">Close-up picture on the Eyjafjallaj\u00f6kull ash plume from above, indicating the complex dynamics behind these highly turbulent multiphase flows, which are composed of ash, gas and steam. [Photo: courtesy of Magn\u00fas T. Gu\u00f0mundsson]<\/p><\/div>In other words: we cannot predict the ash concentration in the atmosphere if we do not know how much ash per time is injected by taking\u00a0 the volcanic ash plume \"lift\".<\/p>\n<p>In general we distinguish two major groups of\u00a0 parameters which are relevant to model the atmospheric ash concentration: atmospheric parameters (such as wind and moisture along the vertical profile) and the above mentioned \"source conditions\". The latter are parameters which characterize the flow conditions at the vent and comprise, e.g., the vent geometry, the mass flux (also known as \"mass eruption rate\" or \"MER\"), which is the mass of ejected material per time, and particles\u2019 properties (grain size distribution, density, shape and mass\/volumetric concentration).<\/p>\n<p>As you might have guessed from the acronym of MAXI-Plume - and from the fact that it has so many different designations - it is the<strong> mass flux<\/strong>, which is considered to be the most important source parameter for a model-based description of volcanic plumes.<\/p>\n<p>Unfortunately, the mass flux is also the parameter most difficult to obtain.<\/p>\n<p><div id=\"attachment_1374\" style=\"width: 484px\" class=\"wp-caption aligncenter\"><a href=\"https:\/\/uni.hi.is\/tobi\/files\/2020\/05\/2004-11-02MTG36-scaled.jpg\"><img loading=\"lazy\" decoding=\"async\" aria-describedby=\"caption-attachment-1374\" class=\"wp-image-1374 size-large\" src=\"https:\/\/uni.hi.is\/tobi\/files\/2020\/05\/2004-11-02MTG36-1024x768.jpg\" alt=\"\" width=\"474\" height=\"356\" srcset=\"https:\/\/uni.hi.is\/tobi\/files\/2020\/05\/2004-11-02MTG36-1024x768.jpg 1024w, https:\/\/uni.hi.is\/tobi\/files\/2020\/05\/2004-11-02MTG36-300x225.jpg 300w, https:\/\/uni.hi.is\/tobi\/files\/2020\/05\/2004-11-02MTG36-768x576.jpg 768w, https:\/\/uni.hi.is\/tobi\/files\/2020\/05\/2004-11-02MTG36-1536x1152.jpg 1536w, https:\/\/uni.hi.is\/tobi\/files\/2020\/05\/2004-11-02MTG36-2048x1536.jpg 2048w\" sizes=\"auto, (max-width: 474px) 100vw, 474px\" \/><\/a><p id=\"caption-attachment-1374\" class=\"wp-caption-text\">Punching through the clouds: Ash plume of the 2004 Gr\u00edmsv\u00f6tn eruption. [Photo: courtesy of Magn\u00fas T. Gu\u00f0mundsson]<\/p><\/div><a href=\"http:\/\/uni.hi.is\/tobi\/mass-flux-mer\/\">-&gt; How to assess the mass flux of a volcanic ash plume<\/a><\/p>\n<h2><span style=\"text-decoration: underline\">References and annotations<\/span>:<\/h2>\n<p>[1]: Dellino, P. et al. Conduit flow experiments help constraining the regime of explosive eruptions. J. Geophys. Res. Sol. Earth 115 B4 (2010).<\/p>\n<p>[2]: Dellino, P. et al. Volcanic jets, plumes, and collapsing fountains: evidence from large-scale experiments, with particular emphasis on the entrainment rate. Bull. Volcanol. 76 (6) 834 (2014).<\/p>\n<p>[3]: <a href=\"https:\/\/www.intechopen.com\/books\/updates-in-volcanology-from-volcano-modelling-to-volcano-geology\/investigating-source-conditions-and-controlling-parameters-of-explosive-eruptions-some-experimental-\">Dioguardi, F., D\u00fcrig, T., Engwell, S., Gudmundsson, M.T., Loughlin, S. C. Investigating Source Conditions and ControllingParameters of Explosive Eruptions: Some Experimental-Observational-Modelling Case Studies. in: <i>Updates in Volcanology-From Volcano Modelling to Volcano Geology<\/i>. Editor: K. Nemeth;\u00a0 InTech, Zagreb (2016).<\/a><\/p>\n<p>[4]: Grindle, T. J. &amp; Burcham, F. W. Even minor volcanic ash encounters can cause major damage to aircraft. ICAO Journal 57, 12\u201314 (2002).<\/p>\n<p>[5]: International Civil Aviation Organization. International Volcanic Ash Task Force, Third Meeting, List of Recommendations (2012).<\/p>\n<p>[6]: Mastin, L. G. Testing the accuracy of a 1-D volcanic plume model in estimating mass eruption rate. J. Geophys. Res. Atmos. 119, 2474\u20132495 (2014).<\/p>\n<p>[7]: Reichardt, U., Ulfarsson, G.F., P\u00e9tursd\u00f3ttir, G. Developing scenarios to explore impacts and weaknesses in aviation response exercises for volcanic ash eruptions in Europe. J. Airtr. Man. 79, 101684 (2019).<\/p>\n","protected":false},"excerpt":{"rendered":"<p>Volcanic ash plumes and mass flux Who, when given the task to sketch a volcano, could resist drawing a big threatening mushroom-shaped cloud above its top? This characteristic feature is a phenomenon\u00a0 known as \"volcanic ash plume.\" An engineer would &hellip; <a href=\"https:\/\/uni.hi.is\/tobi\/volcanic-ash-plumes\/\">Continue reading <span class=\"meta-nav\">&rarr;<\/span><\/a><\/p>\n","protected":false},"author":1272,"featured_media":0,"parent":0,"menu_order":0,"comment_status":"closed","ping_status":"closed","template":"","meta":{"footnotes":""},"class_list":["post-1305","page","type-page","status-publish","hentry"],"_links":{"self":[{"href":"https:\/\/uni.hi.is\/tobi\/wp-json\/wp\/v2\/pages\/1305","targetHints":{"allow":["GET"]}}],"collection":[{"href":"https:\/\/uni.hi.is\/tobi\/wp-json\/wp\/v2\/pages"}],"about":[{"href":"https:\/\/uni.hi.is\/tobi\/wp-json\/wp\/v2\/types\/page"}],"author":[{"embeddable":true,"href":"https:\/\/uni.hi.is\/tobi\/wp-json\/wp\/v2\/users\/1272"}],"replies":[{"embeddable":true,"href":"https:\/\/uni.hi.is\/tobi\/wp-json\/wp\/v2\/comments?post=1305"}],"version-history":[{"count":23,"href":"https:\/\/uni.hi.is\/tobi\/wp-json\/wp\/v2\/pages\/1305\/revisions"}],"predecessor-version":[{"id":1720,"href":"https:\/\/uni.hi.is\/tobi\/wp-json\/wp\/v2\/pages\/1305\/revisions\/1720"}],"wp:attachment":[{"href":"https:\/\/uni.hi.is\/tobi\/wp-json\/wp\/v2\/media?parent=1305"}],"curies":[{"name":"wp","href":"https:\/\/api.w.org\/{rel}","templated":true}]}}