{"id":1357,"date":"2020-05-28T15:45:50","date_gmt":"2020-05-28T15:45:50","guid":{"rendered":"https:\/\/uni.hi.is\/tobi\/?page_id=1357"},"modified":"2020-05-29T09:21:23","modified_gmt":"2020-05-29T09:21:23","slug":"collaboration-partners","status":"publish","type":"page","link":"https:\/\/uni.hi.is\/tobi\/collaboration-partners\/","title":{"rendered":"Collaboration Partners"},"content":{"rendered":"<h1>Researchers collaborating on MAXI-Plume:<\/h1>\n<table style=\"border-collapse: collapse;width: 100%\">\n<tbody>\n<tr>\n<td style=\"width: 50%\">Tobias D\u00fcrig (principal investigator)<\/td>\n<td style=\"width: 50%\">University of Iceland<\/td>\n<\/tr>\n<tr>\n<td style=\"width: 50%\">Magn\u00fas T. Gu\u00f0mundsson<\/td>\n<td style=\"width: 50%\">University of Iceland<\/td>\n<\/tr>\n<tr>\n<td style=\"width: 50%\">\u00deorvaldur \u00de\u00f3r\u00f0arson<\/td>\n<td style=\"width: 50%\">University of Iceland<\/td>\n<\/tr>\n<tr>\n<td style=\"width: 50%\">G\u00fa\u00f0run Larsen<\/td>\n<td style=\"width: 50%\">University of Iceland<\/td>\n<\/tr>\n<tr>\n<td style=\"width: 50%\">\u00a0J\u00f3nas Gu\u00f0nason<\/td>\n<td style=\"width: 50%\">Landsvirkjun, Iceland<\/td>\n<\/tr>\n<tr>\n<td style=\"width: 50%\">Halld\u00f3r Bj\u00f6rnsson<\/td>\n<td style=\"width: 50%\">Icelandic Met Office<\/td>\n<\/tr>\n<tr>\n<td style=\"width: 50%\">Sara Barsotti<\/td>\n<td style=\"width: 50%\">Icelandic Met Office<\/td>\n<\/tr>\n<tr>\n<td style=\"width: 50%\">Melissa Pfeiffer<\/td>\n<td style=\"width: 50%\">Icelandic Met Office<\/td>\n<\/tr>\n<tr>\n<td style=\"width: 50%\">Roberto Sulpizio<\/td>\n<td style=\"width: 50%\">University of Bari (Italy)<\/td>\n<\/tr>\n<tr>\n<td style=\"width: 50%\">Pierfrancesco Dellino<\/td>\n<td style=\"width: 50%\">University of Bari (Italy)<\/td>\n<\/tr>\n<tr>\n<td style=\"width: 50%\">Susan C. Loughlin<\/td>\n<td style=\"width: 50%\">British Geological Survey (UK)<\/td>\n<\/tr>\n<tr>\n<td style=\"width: 50%\">Fabio Dioguardi<\/td>\n<td style=\"width: 50%\">British Geological Survey (UK)<\/td>\n<\/tr>\n<tr>\n<td style=\"width: 50%\">Mark J. Woodhouse<\/td>\n<td style=\"width: 50%\">University of Bristol (UK)<\/td>\n<\/tr>\n<\/tbody>\n<\/table>\n","protected":false},"excerpt":{"rendered":"<p>Researchers collaborating on MAXI-Plume: Tobias D\u00fcrig (principal investigator) University of Iceland Magn\u00fas T. Gu\u00f0mundsson University of Iceland \u00deorvaldur \u00de\u00f3r\u00f0arson University of Iceland G\u00fa\u00f0run Larsen University of Iceland \u00a0J\u00f3nas Gu\u00f0nason Landsvirkjun, Iceland Halld\u00f3r Bj\u00f6rnsson Icelandic Met Office Sara Barsotti Icelandic Met &hellip; <a href=\"https:\/\/uni.hi.is\/tobi\/collaboration-partners\/\">Continue reading <span class=\"meta-nav\">&rarr;<\/span><\/a><\/p>\n","protected":false},"author":1272,"featured_media":0,"parent":0,"menu_order":0,"comment_status":"closed","ping_status":"closed","template":"","meta":{"footnotes":""},"class_list":["post-1357","page","type-page","status-publish","hentry"],"_links":{"self":[{"href":"https:\/\/uni.hi.is\/tobi\/wp-json\/wp\/v2\/pages\/1357","targetHints":{"allow":["GET"]}}],"collection":[{"href":"https:\/\/uni.hi.is\/tobi\/wp-json\/wp\/v2\/pages"}],"about":[{"href":"https:\/\/uni.hi.is\/tobi\/wp-json\/wp\/v2\/types\/page"}],"author":[{"embeddable":true,"href":"https:\/\/uni.hi.is\/tobi\/wp-json\/wp\/v2\/users\/1272"}],"replies":[{"embeddable":true,"href":"https:\/\/uni.hi.is\/tobi\/wp-json\/wp\/v2\/comments?post=1357"}],"version-history":[{"count":3,"href":"https:\/\/uni.hi.is\/tobi\/wp-json\/wp\/v2\/pages\/1357\/revisions"}],"predecessor-version":[{"id":1407,"href":"https:\/\/uni.hi.is\/tobi\/wp-json\/wp\/v2\/pages\/1357\/revisions\/1407"}],"wp:attachment":[{"href":"https:\/\/uni.hi.is\/tobi\/wp-json\/wp\/v2\/media?parent=1357"}],"curies":[{"name":"wp","href":"https:\/\/api.w.org\/{rel}","templated":true}]}}