{"id":185,"date":"2014-06-06T15:18:08","date_gmt":"2014-06-06T15:18:08","guid":{"rendered":"http:\/\/uni.hi.is\/tobi\/?page_id=185"},"modified":"2014-06-15T12:22:18","modified_gmt":"2014-06-15T12:22:18","slug":"flugfux","status":"publish","type":"page","link":"https:\/\/uni.hi.is\/tobi\/field-trips-2014\/flugfux\/","title":{"rendered":"Luftbilder"},"content":{"rendered":"<p style=\"text-align: center\">\u00a0<a href=\"http:\/\/uni.hi.is\/tobi\/files\/2014\/06\/crew.jpg\"><img loading=\"lazy\" decoding=\"async\" class=\"aligncenter  wp-image-263\" alt=\"crew\" src=\"http:\/\/uni.hi.is\/tobi\/files\/2014\/06\/crew-1024x576.jpg\" width=\"474\" height=\"266\" srcset=\"https:\/\/uni.hi.is\/tobi\/files\/2014\/06\/crew-1024x576.jpg 1024w, https:\/\/uni.hi.is\/tobi\/files\/2014\/06\/crew-300x168.jpg 300w, https:\/\/uni.hi.is\/tobi\/files\/2014\/06\/crew.jpg 1920w\" sizes=\"auto, (max-width: 474px) 100vw, 474px\" \/><\/a><\/p>\n<p>\u00a0<strong><span style=\"text-decoration: underline\">way points:<\/span><\/strong><\/p>\n<ul>\n<li><a title=\"Geysir \/ Strokkur\" href=\"http:\/\/uni.hi.is\/tobi\/flugfux\/geysir-strokkur\/\" target=\"_blank\">Geysir<\/a><\/li>\n<li><a title=\"Gulfoss\" href=\"http:\/\/uni.hi.is\/tobi\/flugfux\/gulfoss\/\" target=\"_blank\">Gulfoss<\/a><\/li>\n<li><a title=\"Sy\u00f0ri-H\u00e1ganga\" href=\"http:\/\/uni.hi.is\/tobi\/flugfux\/sydri-haganga\/\" target=\"_blank\">Sy\u00f0ri -H\u00e1ganga<\/a><\/li>\n<li><a title=\"Kverkfj\u00f6ll\" href=\"http:\/\/uni.hi.is\/tobi\/flugfux\/kverkfjoll\/\" target=\"_blank\">Kverkfj\u00f6ll<\/a><\/li>\n<li><a title=\"Gr\u00edmsv\u00f6tn\" href=\"http:\/\/uni.hi.is\/tobi\/flugfux\/grimsvotn\/\" target=\"_blank\">Gr\u00edmsv\u00f6tn<\/a><\/li>\n<li><a title=\"P\u00e1lsfjall\" href=\"http:\/\/uni.hi.is\/tobi\/flugfux\/palsfjall\/\" target=\"_blank\">P\u00e1lsfjall<\/a><\/li>\n<li><a title=\"Hekla\" href=\"http:\/\/uni.hi.is\/tobi\/flugfux\/hekla\/\" target=\"_blank\">Hekla<\/a><\/li>\n<li><a title=\"Keri\u00f0\" href=\"http:\/\/uni.hi.is\/tobi\/flugfux\/kerid\/\" target=\"_blank\">Keri\u00f0<\/a><\/li>\n<li><a title=\"Reykjav\u00edk\" href=\"http:\/\/uni.hi.is\/tobi\/flugfux\/reykjavik\/\" target=\"_blank\">Reykjav\u00edk<\/a><\/li>\n<\/ul>\n","protected":false},"excerpt":{"rendered":"<p>\u00a0 \u00a0way points: Geysir Gulfoss Sy\u00f0ri -H\u00e1ganga Kverkfj\u00f6ll Gr\u00edmsv\u00f6tn P\u00e1lsfjall Hekla Keri\u00f0 Reykjav\u00edk<\/p>\n","protected":false},"author":1272,"featured_media":0,"parent":274,"menu_order":0,"comment_status":"closed","ping_status":"closed","template":"","meta":{"footnotes":""},"class_list":["post-185","page","type-page","status-publish","hentry"],"_links":{"self":[{"href":"https:\/\/uni.hi.is\/tobi\/wp-json\/wp\/v2\/pages\/185","targetHints":{"allow":["GET"]}}],"collection":[{"href":"https:\/\/uni.hi.is\/tobi\/wp-json\/wp\/v2\/pages"}],"about":[{"href":"https:\/\/uni.hi.is\/tobi\/wp-json\/wp\/v2\/types\/page"}],"author":[{"embeddable":true,"href":"https:\/\/uni.hi.is\/tobi\/wp-json\/wp\/v2\/users\/1272"}],"replies":[{"embeddable":true,"href":"https:\/\/uni.hi.is\/tobi\/wp-json\/wp\/v2\/comments?post=185"}],"version-history":[{"count":4,"href":"https:\/\/uni.hi.is\/tobi\/wp-json\/wp\/v2\/pages\/185\/revisions"}],"predecessor-version":[{"id":273,"href":"https:\/\/uni.hi.is\/tobi\/wp-json\/wp\/v2\/pages\/185\/revisions\/273"}],"up":[{"embeddable":true,"href":"https:\/\/uni.hi.is\/tobi\/wp-json\/wp\/v2\/pages\/274"}],"wp:attachment":[{"href":"https:\/\/uni.hi.is\/tobi\/wp-json\/wp\/v2\/media?parent=185"}],"curies":[{"name":"wp","href":"https:\/\/api.w.org\/{rel}","templated":true}]}}