{"id":274,"date":"2014-06-06T18:11:44","date_gmt":"2014-06-06T18:11:44","guid":{"rendered":"http:\/\/uni.hi.is\/tobi\/?page_id=274"},"modified":"2016-01-28T14:25:35","modified_gmt":"2016-01-28T14:25:35","slug":"field-trips-2014","status":"publish","type":"page","link":"https:\/\/uni.hi.is\/tobi\/field-trips-2014\/","title":{"rendered":"Field missions 2014\/15"},"content":{"rendered":"<div id='gallery-1' class='gallery galleryid-274 gallery-columns-3 gallery-size-thumbnail'><dl class='gallery-item'>\n\t\t\t<dt class='gallery-icon portrait'>\n\t\t\t\t<img loading=\"lazy\" decoding=\"async\" width=\"150\" height=\"150\" src=\"https:\/\/uni.hi.is\/tobi\/files\/2014\/08\/DSC_1618-e1408658593430-150x150.jpg\" class=\"attachment-thumbnail size-thumbnail\" alt=\"\" \/>\n\t\t\t<\/dt><\/dl><dl class='gallery-item'>\n\t\t\t<dt class='gallery-icon landscape'>\n\t\t\t\t<img loading=\"lazy\" decoding=\"async\" width=\"150\" height=\"150\" src=\"https:\/\/uni.hi.is\/tobi\/files\/2014\/06\/flugfux-150x150.jpg\" class=\"attachment-thumbnail size-thumbnail\" alt=\"\" \/>\n\t\t\t<\/dt><\/dl><dl class='gallery-item'>\n\t\t\t<dt class='gallery-icon landscape'>\n\t\t\t\t<img loading=\"lazy\" decoding=\"async\" width=\"150\" height=\"150\" src=\"https:\/\/uni.hi.is\/tobi\/files\/2014\/07\/DSC_1382-150x150.jpg\" class=\"attachment-thumbnail size-thumbnail\" alt=\"\" \/>\n\t\t\t<\/dt><\/dl><br style=\"clear: both\" \/>\n\t\t<\/div>\n\n<p><span style=\"text-decoration: underline\">Videos:<\/span><\/p>\n<ul>\n<li><a href=\"http:\/\/vimeo.com\/111939204\">Volcanology (Trailer)<br \/>\n<\/a><\/li>\n<li><a href=\"https:\/\/vimeo.com\/127598410\" target=\"_blank\">Lava Inspection Flight Night (December 2014)<br \/>\n<\/a><\/li>\n<li><a href=\"https:\/\/vimeo.com\/117924026\" target=\"_blank\">Lava Inspection Flight Day (January 2015)<\/a><\/li>\n<\/ul>\n<p><span style=\"text-decoration: underline\">Links to photo galleries<\/span>:<\/p>\n<ul>\n<li><a title=\"Large-scale experiments in W\u00fcrzburg, 2014\" href=\"http:\/\/uni.hi.is\/tobi\/field-trips-2014\/large-scale-experiments-in-wurzburg-2014\/\" target=\"_blank\">Large-scale experiments \"3FG\" in W\u00fcrzburg, Germany (May 2014)<\/a><\/li>\n<\/ul>\n<ul>\n<li><a title=\"May Day pics\u2026\" href=\"http:\/\/uni.hi.is\/tobi\/field-trips-2014\/may-day-pics\/\" target=\"_blank\">Field trip to Geysir\/Gulfoss (May 2014)<\/a><\/li>\n<\/ul>\n<ul>\n<li style=\"text-align: left\"><a title=\"Strokkur (June 2014)\" href=\"http:\/\/uni.hi.is\/tobi\/field-trips-2014\/strokkur-june-2014\/\" target=\"_blank\">Electric field measurements Strokkur (June 2014)<\/a><\/li>\n<\/ul>\n<ul>\n<li><a title=\"Luftbilder\" href=\"http:\/\/uni.hi.is\/tobi\/field-trips-2014\/flugfux\/\" target=\"_blank\">Flight to Gr\u00edmsv\u00f6tn (June 2014)<\/a><\/li>\n<\/ul>\n<ul>\n<li><a title=\"Field work at M\u00fdrdalsj\u00f6kull\" href=\"http:\/\/uni.hi.is\/tobi\/field-trips-2014\/fieldwork-at-myrdalsjokull\/\" target=\"_blank\">Field work at M\u00fdrdalsj\u00f6kull (June 2014)<\/a><\/li>\n<\/ul>\n<ul>\n<li><a title=\"Kr\u00fdsuv\u00edk\" href=\"http:\/\/uni.hi.is\/tobi\/field-trips-2014\/krysuvik\/\">Kr\u00fdsuv\u00edk (June 2014)<\/a><\/li>\n<\/ul>\n<ul>\n<li><a title=\"Askja (July 2014)\" href=\"http:\/\/uni.hi.is\/tobi\/field-trips-2014\/askja-july-2014\/\">Surveillance mission at Askja (July 2014)<\/a><\/li>\n<\/ul>\n<ul>\n<li><a title=\"Field trip to the South, Hj\u00f6rleifsh\u00f6fda, Skaft\u00e1rtunga, Einhyrningur\u2026 (August 2014)\" href=\"http:\/\/uni.hi.is\/tobi\/field-trips-2014\/field-trip-to-the-south-hjorleifshofda-skaftartunga-einhyrningur-august-2014\/\">Field trip to Hj\u00f6rleifsh\u00f6fda, Skaft\u00e1rtunga, Einhyrningur\u2026 (August 2014)<\/a><\/li>\n<\/ul>\n<ul>\n<li><a title=\"Reconnaissance flight mission with the TF-SIF: B\u00e1r\u00f0arbunga campaign, 20\/08\/2014\" href=\"http:\/\/uni.hi.is\/tobi\/field-trips-2014\/reconnaissance-flight-mission-with-the-tf-sif-bardarbunga-campaign-20082014\/\">Reconaissance flight to B\u00e1r\u00f0arbunga (August 2014)<\/a><\/li>\n<\/ul>\n<ul>\n<li><a title=\"Flight Missions Nornahraun\" href=\"http:\/\/uni.hi.is\/tobi\/why_we_fly\/\">Inspection flights B\u00e1r\u00f0arbunga &amp; Holuhraun (\u201cNornahraun\u201d) eruption (August 2014 - February 2015)<\/a><\/li>\n<\/ul>\n<ul>\n<li><a title=\"Vatnaj\u00f6kull spring trip (June 2015)\" href=\"http:\/\/uni.hi.is\/tobi\/field-trips-2014\/vatnajokull-spring-trip-june-2015\/\">Vatnaj\u00f6kull spring trip (June 2015)<\/a><\/li>\n<\/ul>\n<ul>\n<li><a title=\"Vatnaj\u00f6kull spring trip (June 2015)\" href=\"http:\/\/uni.hi.is\/tobi\/checking-e-sensors-in-the-highlands\/\" target=\"_blank\">Checking E-sensors in the Highlands (October 2015)<\/a><\/li>\n<\/ul>\n","protected":false},"excerpt":{"rendered":"<p>Videos: Volcanology (Trailer) Lava Inspection Flight Night (December 2014) Lava Inspection Flight Day (January 2015) Links to photo galleries: Large-scale experiments \"3FG\" in W\u00fcrzburg, Germany (May 2014) Field trip to Geysir\/Gulfoss (May 2014) Electric field measurements Strokkur (June 2014) Flight &hellip; <a href=\"https:\/\/uni.hi.is\/tobi\/field-trips-2014\/\">Continue reading <span class=\"meta-nav\">&rarr;<\/span><\/a><\/p>\n","protected":false},"author":1272,"featured_media":0,"parent":0,"menu_order":0,"comment_status":"closed","ping_status":"closed","template":"","meta":{"footnotes":""},"class_list":["post-274","page","type-page","status-publish","hentry"],"_links":{"self":[{"href":"https:\/\/uni.hi.is\/tobi\/wp-json\/wp\/v2\/pages\/274","targetHints":{"allow":["GET"]}}],"collection":[{"href":"https:\/\/uni.hi.is\/tobi\/wp-json\/wp\/v2\/pages"}],"about":[{"href":"https:\/\/uni.hi.is\/tobi\/wp-json\/wp\/v2\/types\/page"}],"author":[{"embeddable":true,"href":"https:\/\/uni.hi.is\/tobi\/wp-json\/wp\/v2\/users\/1272"}],"replies":[{"embeddable":true,"href":"https:\/\/uni.hi.is\/tobi\/wp-json\/wp\/v2\/comments?post=274"}],"version-history":[{"count":39,"href":"https:\/\/uni.hi.is\/tobi\/wp-json\/wp\/v2\/pages\/274\/revisions"}],"predecessor-version":[{"id":1180,"href":"https:\/\/uni.hi.is\/tobi\/wp-json\/wp\/v2\/pages\/274\/revisions\/1180"}],"wp:attachment":[{"href":"https:\/\/uni.hi.is\/tobi\/wp-json\/wp\/v2\/media?parent=274"}],"curies":[{"name":"wp","href":"https:\/\/api.w.org\/{rel}","templated":true}]}}