{"id":367,"date":"2014-07-28T17:29:59","date_gmt":"2014-07-28T17:29:59","guid":{"rendered":"http:\/\/uni.hi.is\/tobi\/?page_id=367"},"modified":"2014-07-28T17:29:59","modified_gmt":"2014-07-28T17:29:59","slug":"krysuvik","status":"publish","type":"page","link":"https:\/\/uni.hi.is\/tobi\/field-trips-2014\/krysuvik\/","title":{"rendered":"Kr\u00fdsuv\u00edk"},"content":{"rendered":"<p>FLIR imaging and temperature measurements at Kr\u00fdsuv\u00edk. (Photos are courtesy of Hannah Iona Reynolds.)<b><br \/>\n<\/b><\/p>\n<div id='gallery-1' class='gallery galleryid-367 gallery-columns-3 gallery-size-thumbnail'><dl class='gallery-item'>\n\t\t\t<dt class='gallery-icon landscape'>\n\t\t\t\t<a href='https:\/\/uni.hi.is\/tobi\/field-trips-2014\/krysuvik\/a002\/'><img loading=\"lazy\" decoding=\"async\" width=\"150\" height=\"150\" src=\"https:\/\/uni.hi.is\/tobi\/files\/2014\/07\/A002-150x150.jpg\" class=\"attachment-thumbnail size-thumbnail\" alt=\"\" \/><\/a>\n\t\t\t<\/dt><\/dl><dl class='gallery-item'>\n\t\t\t<dt class='gallery-icon landscape'>\n\t\t\t\t<a href='https:\/\/uni.hi.is\/tobi\/field-trips-2014\/krysuvik\/a001\/'><img loading=\"lazy\" decoding=\"async\" width=\"150\" height=\"150\" src=\"https:\/\/uni.hi.is\/tobi\/files\/2014\/07\/A001-150x150.jpg\" class=\"attachment-thumbnail size-thumbnail\" alt=\"\" \/><\/a>\n\t\t\t<\/dt><\/dl><dl class='gallery-item'>\n\t\t\t<dt class='gallery-icon landscape'>\n\t\t\t\t<a href='https:\/\/uni.hi.is\/tobi\/field-trips-2014\/krysuvik\/a003\/'><img loading=\"lazy\" decoding=\"async\" width=\"150\" height=\"150\" src=\"https:\/\/uni.hi.is\/tobi\/files\/2014\/07\/A003-150x150.jpg\" class=\"attachment-thumbnail size-thumbnail\" alt=\"\" \/><\/a>\n\t\t\t<\/dt><\/dl><br style=\"clear: both\" \/><dl class='gallery-item'>\n\t\t\t<dt class='gallery-icon landscape'>\n\t\t\t\t<a href='https:\/\/uni.hi.is\/tobi\/field-trips-2014\/krysuvik\/a004\/'><img loading=\"lazy\" decoding=\"async\" width=\"150\" height=\"150\" src=\"https:\/\/uni.hi.is\/tobi\/files\/2014\/07\/A004-150x150.jpg\" class=\"attachment-thumbnail size-thumbnail\" alt=\"\" \/><\/a>\n\t\t\t<\/dt><\/dl><dl class='gallery-item'>\n\t\t\t<dt class='gallery-icon landscape'>\n\t\t\t\t<a href='https:\/\/uni.hi.is\/tobi\/field-trips-2014\/krysuvik\/a005\/'><img loading=\"lazy\" decoding=\"async\" width=\"150\" height=\"150\" src=\"https:\/\/uni.hi.is\/tobi\/files\/2014\/07\/A005-150x150.jpg\" class=\"attachment-thumbnail size-thumbnail\" alt=\"\" \/><\/a>\n\t\t\t<\/dt><\/dl><dl class='gallery-item'>\n\t\t\t<dt class='gallery-icon landscape'>\n\t\t\t\t<a href='https:\/\/uni.hi.is\/tobi\/field-trips-2014\/krysuvik\/a006\/'><img loading=\"lazy\" decoding=\"async\" width=\"150\" height=\"150\" src=\"https:\/\/uni.hi.is\/tobi\/files\/2014\/07\/A006-150x150.jpg\" class=\"attachment-thumbnail size-thumbnail\" alt=\"\" \/><\/a>\n\t\t\t<\/dt><\/dl><br style=\"clear: both\" \/><dl class='gallery-item'>\n\t\t\t<dt class='gallery-icon landscape'>\n\t\t\t\t<a href='https:\/\/uni.hi.is\/tobi\/field-trips-2014\/krysuvik\/a007\/'><img loading=\"lazy\" decoding=\"async\" width=\"150\" height=\"150\" src=\"https:\/\/uni.hi.is\/tobi\/files\/2014\/07\/A007-150x150.jpg\" class=\"attachment-thumbnail size-thumbnail\" alt=\"\" \/><\/a>\n\t\t\t<\/dt><\/dl><dl class='gallery-item'>\n\t\t\t<dt class='gallery-icon landscape'>\n\t\t\t\t<a href='https:\/\/uni.hi.is\/tobi\/field-trips-2014\/krysuvik\/a009\/'><img loading=\"lazy\" decoding=\"async\" width=\"150\" height=\"150\" src=\"https:\/\/uni.hi.is\/tobi\/files\/2014\/07\/A009-150x150.jpg\" class=\"attachment-thumbnail size-thumbnail\" alt=\"\" \/><\/a>\n\t\t\t<\/dt><\/dl><dl class='gallery-item'>\n\t\t\t<dt class='gallery-icon portrait'>\n\t\t\t\t<a href='https:\/\/uni.hi.is\/tobi\/field-trips-2014\/krysuvik\/a008\/'><img loading=\"lazy\" decoding=\"async\" width=\"150\" height=\"150\" src=\"https:\/\/uni.hi.is\/tobi\/files\/2014\/07\/A008-150x150.jpg\" class=\"attachment-thumbnail size-thumbnail\" alt=\"\" \/><\/a>\n\t\t\t<\/dt><\/dl><br style=\"clear: both\" \/><dl class='gallery-item'>\n\t\t\t<dt class='gallery-icon landscape'>\n\t\t\t\t<a href='https:\/\/uni.hi.is\/tobi\/field-trips-2014\/krysuvik\/a010\/'><img loading=\"lazy\" decoding=\"async\" width=\"150\" height=\"150\" src=\"https:\/\/uni.hi.is\/tobi\/files\/2014\/07\/A010-150x150.jpg\" class=\"attachment-thumbnail size-thumbnail\" alt=\"\" \/><\/a>\n\t\t\t<\/dt><\/dl>\n\t\t\t<br style='clear: both' \/>\n\t\t<\/div>\n\n<p>&nbsp;<\/p>\n","protected":false},"excerpt":{"rendered":"<p>FLIR imaging and temperature measurements at Kr\u00fdsuv\u00edk. (Photos are courtesy of Hannah Iona Reynolds.) &nbsp;<\/p>\n","protected":false},"author":1272,"featured_media":0,"parent":274,"menu_order":0,"comment_status":"closed","ping_status":"closed","template":"","meta":{"footnotes":""},"class_list":["post-367","page","type-page","status-publish","hentry"],"_links":{"self":[{"href":"https:\/\/uni.hi.is\/tobi\/wp-json\/wp\/v2\/pages\/367","targetHints":{"allow":["GET"]}}],"collection":[{"href":"https:\/\/uni.hi.is\/tobi\/wp-json\/wp\/v2\/pages"}],"about":[{"href":"https:\/\/uni.hi.is\/tobi\/wp-json\/wp\/v2\/types\/page"}],"author":[{"embeddable":true,"href":"https:\/\/uni.hi.is\/tobi\/wp-json\/wp\/v2\/users\/1272"}],"replies":[{"embeddable":true,"href":"https:\/\/uni.hi.is\/tobi\/wp-json\/wp\/v2\/comments?post=367"}],"version-history":[{"count":1,"href":"https:\/\/uni.hi.is\/tobi\/wp-json\/wp\/v2\/pages\/367\/revisions"}],"predecessor-version":[{"id":378,"href":"https:\/\/uni.hi.is\/tobi\/wp-json\/wp\/v2\/pages\/367\/revisions\/378"}],"up":[{"embeddable":true,"href":"https:\/\/uni.hi.is\/tobi\/wp-json\/wp\/v2\/pages\/274"}],"wp:attachment":[{"href":"https:\/\/uni.hi.is\/tobi\/wp-json\/wp\/v2\/media?parent=367"}],"curies":[{"name":"wp","href":"https:\/\/api.w.org\/{rel}","templated":true}]}}