{"id":971,"date":"2015-04-04T19:29:51","date_gmt":"2015-04-04T19:29:51","guid":{"rendered":"http:\/\/uni.hi.is\/tobi\/?page_id=971"},"modified":"2025-01-09T15:53:20","modified_gmt":"2025-01-09T15:53:20","slug":"proceedings-and-conference-abstracts","status":"publish","type":"page","link":"https:\/\/uni.hi.is\/tobi\/my-publications\/proceedings-and-conference-abstracts\/","title":{"rendered":"Proceedings and Conference Abstracts"},"content":{"rendered":"<p>&nbsp;<\/p>\n<ul>\n<li>Baxter, R.J.M., White, J.D.L., D\u00fcrig, T., Paredes-Mari\u00f1o, J., Cronin, S., Cassidy, M., Park, S.-H. (<strong>2025<\/strong>): <em>Damage Fractures as evidence of Fuel-Coolant-Interaction amplified fragmentation. Insights and comparisons from the 2022 Hunga and 1883 Krakatau eruptions<\/em>, submitted for IAVCEI General Assembly, 29 Jun - 4 Jul 2025, Geneva.<br \/>\n.<\/li>\n<li>Baxter, R.J.M., White, J.D.L., D\u00fcrig, T., Murch, A., Beagly, J., Auer, A., Cronin, S., Fierstein, J. (<strong>2025<\/strong>): <em>Cracking the code: Empirical analysis of damage fracture occurrence, abundance and morphological complexity for natural and experimental volcanic ash particles,<\/em> submitted for IAVCEI General Assembly, 29 Jun - 4 Jul 2025, Geneva.<br \/>\n.<\/li>\n<li>D\u00fcrig, T. (<strong>2024<\/strong>): <em>Shooting distance based on shot pellet patterns<\/em>. Workshop on Chemographic Methods and Shooting Distance Determination (DK,FI, IS, SE), March 19th-21st, 2024, Wiesbaden.<br \/>\n.<\/li>\n<li>D\u00fcrig, T. (<strong>2024<\/strong>): <em>Strategien zur Distanzbestimmung bei Sch\u00fcssen aus Schrotwaffen<\/em>. Gemeinsames Symposium der kriminaltechnischen AG \"Waffen und Ballistik\" (Schusswaffensymposium), 14.5. -16.5., Stralsund.<br \/>\n.<\/li>\n<li>D\u00fcrig, T. (<strong>2024<\/strong>): <em>Versuche zu gesteigerten M\u00fcndungsenergien bei Diabolos \"RWS Meisterkugeln, 0.452g\"<\/em>. Gemeinsames Symposium der kriminaltechnischen AG \"Waffen und Ballistik\" (Schusswaffensymposium), 14.5. -16.5., Stralsund.<br \/>\n.<\/li>\n<li>Baxter, R.J.M., White, J.D.L., D\u00fcrig, T., Murch, A., Beagly, J., Auer, A., Cronin, S. (<strong>2024<\/strong>): <em>Cracking the code: Empirical analysis of damage fracture occurrence, abundance and morphological complexity for natural and experimental volcanic ash particles<\/em>, GSNZ anual conference 2025.<br \/>\n.<\/li>\n<li>Comida, P.P., Ross P.S., Zimanowski, B., B\u00fcttner, R., D\u00fcrig, T., Sonder, I. (<strong>2024<\/strong>): <em>Lava fountains: liquid jet breakup regimes and juvenile ash morphologies<\/em>, IAVCEI \u2013 1st International Monogenetic Conference, San Pedro de Atacama, Chile, 2024.<br \/>\n.<\/li>\n<li>Dioguardi, F., Corradini, S., D\u00fcrig, T., Guerrieri, L., Merucci, L., Stelitano, D (<strong>2024<\/strong>): <em>Fine tuning eruption source parameters to improve ash dispersion simulations: an example of Eyjafjallaj\u00f6kull 2010<\/em>. Rittmann conference, S03, 2024.<br \/>\n.<\/li>\n<li>Pedersen, G.B.M., Belart, J.M.C., \u00d3skarsson, B.V., Gunnarson, S.R., Gudmundsson, M.T., Valsson, G., Reynolds, H.I., H\u00f6gnad\u00f3ttir, T.,\u00a0 Pinel, V., Parks, M.M., Drouin, V., Askew, R.A.,\u00a0 D\u00fcrig, T., \u00derastarson, R.H. (<strong>2024<\/strong>): Volume, effusion rates and lava hazards of the 2021, 2022 and 2023 Reykjanes fires: <em>Lessons learned from near real-time photogrammetric monitoring<\/em>, EGU conference, Vienna, 2024.<br \/>\n.<\/li>\n<li>D\u00fcrig, T., White, J.D.L., Zimanowski, B., B\u00fcttner, R., Mele, D., Dellino, P., Schmidt L.S. (<strong>2023<\/strong>): <em>Induced fuel-coolant interaction: how thermohydraulic explosion mechanisms work in deep-sea settings and how we can identify them. <\/em>Abstract 350, IAVCEI General Assembly, 30 Jan - 3 Feb, Rotorua, New Zealand (<em>invited talk<\/em>).<br \/>\n.<\/li>\n<li>D\u00fcrig, T., Gudmundsson, M.T., Dioguardi, F., Schmidt L.S. (<strong>2023<\/strong>): <em>Strategies to improve the real-time mass eruption rate prediction quality of simple and fast plume models. <\/em>Abstract 351, IAVCEI General Assembly, 30 Jan - 3 Feb, Rotorua, New Zealand.<br \/>\n.<\/li>\n<li>Ross<sup>\u00a0<\/sup> P.-S., <span style=\"text-decoration: underline\">D\u00fcrig T.<\/span>, Comida P.P., Lefebvre, N., White J.D.L., Andronico, D., Thivet, S., Eychenne, J., Gurioli, L. (<strong>2023<\/strong>): <em>Assessing primary magma fragmentation through standardized juvenile particle studies<\/em>. Abstract 187, IAVCEI General Assembly, 30 Jan - 3 Feb, Rotorua, New Zealand.<br \/>\n.<\/li>\n<li>Paredes-Mari\u00f1o J., White J.D.L., <span style=\"text-decoration: underline\">D\u00fcrig T.<\/span>, Baxter R., Kula T., Cronin S., Ukstins I., Wu J., Adams D., Brenna M., Brooks-Clarke I. (<strong>2023<\/strong>): <em>Understanding Characteristics of the volcanic ash from Hunga Eruption: A tale of extreme<br \/>\nfragmentation<\/em>. Abstract 1226, IAVCEI General Assembly, 30 Jan - 3 Feb, Rotorua, New Zealand.<br \/>\n.<\/li>\n<li>Hjartard\u00f3ttir A.R., <span style=\"text-decoration: underline\">D\u00fcrig T.<\/span>, Parks M., Drouin V., Eyj\u00f3lfsson V., Reynolds H.I., Jensen E.H., \u00d3skarsson B.V., Belart J., Ruch J., Gies N., Pedersen G.B.M., Einarsson P. (<strong>2023<\/strong>): <em>The relationship between pre-existing strike-slip faults and eruptive vent openings during the 2021 Fagradalsfjall eruption, Iceland<\/em>. Abstract 1033, IAVCEI General Assembly, 30 Jan - 3 Feb, Rotorua, New Zealand.<br \/>\n.<\/li>\n<li>Cole, R., White, J.D.L., Baxter, R.J.M. Bowman, M.H., <span style=\"text-decoration: underline\">D\u00fcrig, T.<\/span>, Fleming, M., Pooley, B. et al. (<strong>2023<\/strong>): <em>A novel experimental apparatus to investigate flow localisation and thermal feedbacks during volcanic fissure eruptions<\/em>. Abstract 1028, IAVCEI General Assembly, 30 Jan - 3 Feb, Rotorua, New Zealand.<br \/>\n.<\/li>\n<li>Baxter, R.J.M., White, J.D.L., <span style=\"text-decoration: underline\">D\u00fcrig, T.<\/span>, Paredes-Mari\u00f1o, J., Cronin, S., Ukstins, I., Huebsch, M., Brenna, M. (<strong>2023<\/strong>): <em>Particle Morphology created by high-energy, fuel-coolant fragmentation (FCI) during Tonga's 2022 Hunga eruption<\/em>. Abstract 1228, IAVCEI General Assembly, 30 Jan - 3 Feb, Rotorua, New Zealand.<br \/>\n.<\/li>\n<li>Murch, A.P.,<span style=\"text-decoration: underline\">D\u00fcrig, T.<\/span>, White, J.D.L., Nichols, A.R.L.(<strong>2023<\/strong>):<br \/>\n<em>A record of fragmentation, decompression, and hydration during the<\/em><br \/>\n<em>subaqueous 2012 Havre eruption<\/em>. Abstract 937, IAVCEI General Assembly, 30 Jan - 3 Feb, Rotorua, New Zealand.<br \/>\n.<\/li>\n<li>Hjartard\u00f3ttir A.R., <span style=\"text-decoration: underline\">D\u00fcrig T<\/span>., Parks M., Drouin V., Eyj\u00f3lfsson V., Reynolds H.I., Jensen E.H., \u00d3skarsson B.V., Belart J., Ruch J., Gies N., Pedersen G.B.M., Einarsson P. (<strong>2022<\/strong>): <em>Eruptive vent openings during the 2021 Fagradalsfjall eruption, Iceland, and their relationship with pre-existing fractures<\/em>. EGU General Assembly Conference Abstracts, EGU22-10330.<br \/>\n.<\/li>\n<li>Paredes-Mari\u00f1o J., White J.D.L., <span style=\"text-decoration: underline\">D\u00fcrig T.<\/span>, Baxter R., Kula T., Cronin S., Ukstins I., Wu J., Adams D., Brenna M., Brooks-Clarke I. (<strong>2022<\/strong>): <em>Understanding fragmentation mechanism (s) during the 15 January 2022 Hunga Volcano (Tonga) eruption through particle characteristics<\/em>. EGU General Assembly Conference Abstracts, EGU 22-13587.<br \/>\n.<\/li>\n<li>Pedersen, G.B.M., Gudmundsson, M.T., \u00d3skarsson, B.V., Berlart, J.M.C., Gies, N.,H\u00f6gnad\u00f3ttir, Th., Hjartard\u00f3ttir, A.R., <span style=\"text-decoration: underline\">D\u00fcrig, T<\/span>., Reynolds, H.I., Valsson, G., Hamilton, C., Gunnarsson, A.,Pinel, V., Berthier, E., Einarsson, P. and Oddsson B. (<strong>2021<\/strong>): V<em>olume, Discharge Rate and Lava Transport at the Fagradalsfjall Eruption 2021: Results from Near-Real Time Photogrammetric Monitoring<\/em>. AGU Fall Conference 2021, V35F-01.<br \/>\n.<\/li>\n<li>D\u00fcrig, T. (<strong>2021<\/strong>): <em>The effect of wind on volcanic ash columns and impact on monitoring strategies with wind-affected plume models \u2013 demonstrated for Eyjafjallaj\u00f6kull 2010. Jar\u00f0fr\u00e6\u00f0af\u00e9lag \u00cdslands<\/em> (Geoscience Society of Iceland), Spring conference 12. mars 2021.<br \/>\n.<\/li>\n<li>White, J.D.L., <span style=\"text-decoration: underline\">D\u00fcrig, T<\/span>., Murch, A., Zimanowski, B., B\u00fcttner, R., Mele, D., Dellino, P. and Carey, R.J. (<strong>2019<\/strong>): <em>Induced Fuel Coolant Interaction\u2013making ash from viscous magma and seawater in the 2012 Havre eruption<\/em>; American Geophysical Union Fall Meeting 2019, San Francisco, <span class=\"FinalNumber\"><span class=\"finalNumber\">V53B-04<\/span><br \/>\n.<\/span><\/li>\n<li>D\u00fcrig, T., White, J.D.L., Murch, A., Mele, D., Dellino, P., Spitznagel, N., Zimanowski, B., B\u00fcttner, R. and Carey, R.J. (<strong>2019<\/strong>): <em>Driving mechanisms for production of ash during the ~1 km-deep Havre 2012 eruption, Kermadec arc \u2013 particles indicate high-rate fracturing and fuel-coolant interactions<\/em>; Geophysical Research Abstracts. Vol. 21, EGU2019-7178<br \/>\n.<\/li>\n<li>Murch, A., <span style=\"text-decoration: underline\">D\u00fcrig, T.<\/span>, and Nichols A. (<strong>2019<\/strong>): <em>Ash generation in the 2012 deep subaqueous Havre eruption: implications from particle water content and quench pressure<\/em>; Geophysical Research Abstracts. Vol. 21, EGU2019-11496<br \/>\n.<\/li>\n<li>Verolino, A., White, J.D.L., and <span style=\"text-decoration: underline\">D\u00fcrig, T.<\/span> (<strong>2019<\/strong>): <em>Black Point: a peculiar Surtseyan emergent basaltic volcano in the Mono Basin<\/em>; Geophysical Research Abstracts. Vol. 21, EGU2019-11404<br \/>\n.<\/li>\n<li>Cole. R., White, J.D.L., <span style=\"text-decoration: underline\">D\u00fcrig, T.<\/span>, B\u00fcttner, R., Zimanowski, B. and Bowman, H. (<strong>2019<\/strong>): <em>Dynamic interaction of molten andesite and ice raises heat transfer and meltwater production rates compared to static<\/em>; Geophysical Research Abstracts. Vol. 21, EGU2019-11180<br \/>\n.<\/li>\n<li>D\u00fcrig, T., White, J.D.L., Murch, A., Mele, D., Zimanowski, B., B\u00fcttner, R.<span id=\"ms-rterangepaste-end\"><\/span>, Spitznagel, N. and Dellino, P. (<strong>2018<\/strong>): <em>Deep submarine explosive eruptions? Exploring the driving mechanisms for production of ash during the ~1 km-deep Havre 2012 eruption, Kermadec arc<\/em>; American Geophysical Union Fall Meeting 2018, Washington DC, <a href=\"https:\/\/agu.confex.com\/agu\/fm18\/meetingapp.cgi\/Paper\/402087\"><span class=\"FinalNumber\">V23J-0179 <\/span><\/a> (Invited)<br \/>\n.<\/li>\n<li>D\u00fcrig, T., White, J.D.L., Murch, A., Mele, D., Zimanowski, B., B\u00fcttner, R.<span id=\"ms-rterangepaste-end\"><\/span>, Spitznagel, N., Dellino, P. and Carey, R.J. (<strong>2018<\/strong>): <em>Deep submarine ash deposits: explosive eruption, extreme quench fragmentation, or both? Fingerprints of ash-forming processes during the ~1 km-deep eruption of Havre, Kermadec arc<\/em>;\u00a0Geoscience Society New Zealand\u00a0Annual Conference 2018, Napier (keynote)<br \/>\n.<\/li>\n<li>D\u00fcrig, T., White, J.D.L., Murch, A., Mele, D., Dellino, P., Spitznagel, N., Zimanowski, B., B\u00fcttner, R. and Carrey, R.J. (<strong>2018<\/strong>): <em>Exploring the driving mechanisms of the Havre 2012 eruption \u2013 a case study for deep submarine explosive eruptions<\/em>;\u00a0 Geophysical Research Abstracts. Vol. 20, EGU2018-10435-1<\/li>\n<li>D\u00fcrig, T., Gudmundsson, M.T., Arason, Th., Bj\u00f6rnsson, H., Barsotti, S., Ofeigsson, B., Pfeffer, M., Walter, T., Witt, T., Woodhouse, M., Phillips, J., Zimanowski, B., Marzano, F., Ripepe, M., Picciotti, E., Prata, F., Thomas, H., Bonadonna, C., Galle, B., Aiuppa, A., Sigmarsson, O., H\u00f6skuldsson, A., and Sigmundsson, F. (<strong>2016<\/strong>):\u00a0 <em>REFIR \u2013 The operational FutureVolc multi-parameter system providing a best estimate of mass eruption rate during ongoing eruptions in near real-time<\/em>;\u00a0 Geophysical Research Abstracts. Vol. 18, EGU2016-13437-1<\/li>\n<\/ul>\n<ul>\n<li>Gudmundsson, M.T., <span style=\"text-decoration: underline\">D\u00fcrig, T<\/span>., Larsen, G. (2016): Estimates of mass eruption rates in Icelandic eruptions 1913-2015; Geophysical Research Abstracts. Vol. 18, EGU2016-15709<\/li>\n<\/ul>\n<ul>\n<li>Pedersen, G., H\u00f6skuldsson, A., Riishuus, M.S., J\u00f3nsd\u00f3ttir, I., Th\u00f3rdarson, Th., <span style=\"text-decoration: underline\">D\u00fcrig, T.<\/span>, Gudmundsson, M.T., Dumont, S. and the IES eruption team (<strong>2016<\/strong>):<br \/>\n<em>Emplacement dynamics and lava field evolution of the flood basalt eruption at Holuhraun, Iceland: Observations from field and remote sensing data; <\/em>Geophysical Research Abstracts. Vol. 18, EGU2016-13961<\/li>\n<\/ul>\n<ul>\n<li>Dragosics, M., Meinander, O., J\u00f3nsd\u00f3ttir, T., <span style=\"text-decoration: underline\">D\u00fcrig, T<\/span>., De Leeuw, G., P\u00e1lsson, F., Dagsson-Waldhauserov\u00e1, P., and Thorsteinsson, Th. (<strong>2016<\/strong>): <em>Insulation effects of Icelandic dust and volcanic aerosols on snow and ice;<\/em> Geophysical Research Abstracts. Vol. 18, EGU2016-211<\/li>\n<\/ul>\n<ul>\n<li>Bj\u00f6rnsson, H., Petersen, G.N., Arason, P., J\u00f3nasd\u00f3ttir, E.B., \u00d3lafsson, H., Pfeffer, M.A., Barsotti, S., Palmason, B., von L\u00f6wis, S., and <span style=\"text-decoration: underline\"><span class=\"co_emphasize_searchterm\">D\u00fcrig, T. <\/span><\/span>(<strong>2015<\/strong>): <em>Interaction Between the Eruption at Holuhraun and the Ambient Atmosphere<\/em>; Geophysical Research Abstracts, Vol. 17, EGU2015-6330<\/li>\n<\/ul>\n<ul>\n<li>D\u00fcrig, T., Gudmundsson, M., H\u00f6gnad\u00f3ttir, Th., J\u00f3nsd\u00f3ttir, I., Gudbj\u00f6rnsson, S., L\u00e1russon, \u00d6., H\u00f6skuldsson, A., Thordarson, Th., Riishuus, M., and Magn\u00fasson, E. (<strong>2015<\/strong>): <em>Estimation of lava flow field volumes and volumetric effusion rates from airborne radar profiling and other data: Monitoring of the Nornahraun (Holuhraun) 2014\/15 eruption in Iceland<\/em>; Geophysical Research Abstracts, Vol. 17, EGU2015-8519<\/li>\n<\/ul>\n<ul>\n<li>Gudmundsson, M., <span style=\"text-decoration: underline\">D\u00fcrig, T.<\/span>, H\u00f6skuldsson, A., Thordarson, Th., Larsen, G., Oladottir, B., H\u00f6gnad\u00f3ttir, Th., Oddsson B., Bj\u00f6rnsson, H., and Gudmundsdottir, E. (<strong>2015<\/strong>):\u00a0 <em>Eruption rates in explosive eruptions: Ground truth and models<\/em>; Geophysical Research Abstracts, Vol. 17, EGU2015-13265<\/li>\n<\/ul>\n<ul>\n<li>Montanaro, C., Scheu, B., Gudmundsson, M.T., Reynolds, H.I., <span style=\"text-decoration: underline\">D\u00fcrig, T.<\/span>, Strehlow, K., Rott, S., and Dingwell, D.B. (<strong>2015<\/strong>): <em>A multidisciplinary approach to unravel hydrothermal explosions: a case-study from Gengissig lake (Kverkfj\u00f6ll volcano, Iceland)<\/em>; Geophysical Research Abstracts, Vol. 17, EGU2015-12841<\/li>\n<\/ul>\n<ul>\n<li>Gudmundsson, M.T., J\u00f3nsd\u00f3ttir, K., Roberts, M., \u00d3feigsson, B.G., H\u00f6gnad\u00f3ttir, Th., Magn\u00fasson, E., Jarosch, A.H., P\u00e1lsson, F., Einarsson, P., Sigmundsson, F., Drouin, V.,Hj\u00f6rleifsd\u00f3ttir, V., Reynolds, H.I., <span style=\"text-decoration: underline\"><span class=\"co_emphasize_searchterm\">D\u00fcrig<\/span>, T.<\/span>, Vogfj\u00f6rd, K., Hensch, M., Munoz-Cobo Belart, J., and Oddsson, B. (<strong>2015<\/strong>): <em>The 2014-2015 slow collapse of the B\u00e1r\u00f0arbunga caldera, Iceland<\/em>; Geophysical Research Abstracts, Vol. 17, EGU2015-12521<\/li>\n<\/ul>\n<ul>\n<li>J\u00f3nsd\u00f3ttir, I., Thordarson, Th., H\u00f6skuldsson, A., Davis, A., Schneider, D., Wright, R., Kestay, L., Hamilton, C., Harris, A., Coppola, D., Gu\u00f0mundsson, M.T., <span style=\"text-decoration: underline\">D\u00fcrig, T.<\/span>, Pedersen, G., Drouin, V., H\u00f6skuldsson, F., S\u00edmonarson, H., Arnarson, G.O., Einarsson, M.\u00d6., and Riishuus, M. (<strong>2015<\/strong>): <em>Real-time satellite monitoring of Nornahraun lava flow NE Iceland<\/em>; Geophysical Research Abstracts, Vol. 17, EGU2015-12612<\/li>\n<\/ul>\n<ul>\n<li>J\u00f3nasd\u00f3ttir, E.B., Petersen, G.N., Bj\u00f6rnsson, H., Pfeffer, M.A., Barsotti, S., Johannsson, Th., and <span style=\"text-decoration: underline\">D\u00fcrig, T.<\/span> (<strong>2015<\/strong>): T<em>he 2014 Holuhraun volcanic eruption gas emission: a case study of an extreme SO2 concentration event<\/em>; Geophysical Research Abstracts, Vol. 17, EGU2015-10946<\/li>\n<\/ul>\n<ul>\n<li>Pedersen, G.B.M., H\u00f6skuldsson, A., Riishuus, M., J\u00f3nsd\u00f3ttir, I., Gudmundsson, M.T., Sigmundsson, F., \u00d3skarsson, B.V., Drouin, V., Gallagher, C., Askew, R., Moreland, W.M., <span style=\"text-decoration: underline\"><span class=\"co_emphasize_searchterm\">D\u00fcrig<\/span>, T.<\/span>, Dumont, S. and Thordarson, Th. (<strong>2015<\/strong>): <em>Nornahraun lava morphology and mode of emplacement<\/em>; Geophysical Research Abstracts, Vol. 17, EGU2015-11958<\/li>\n<\/ul>\n<ul>\n<li>Pedersen, G.B.M., H\u00f6skuldsson, A., Riishuus, M., J\u00f3nsd\u00f3ttir, I., Gudmundsson, M.T., Sigmundsson, F., \u00d3skarsson, B.V., <span style=\"text-decoration: underline\">D\u00fcrig, T.<\/span>, Drouin, V., Gallagher, C., Askew, R., Moreland, W.M., Dumont, S., Davies, A., Keszthelyi, L., Hamilton, C., Th\u00f3rdarson, Th. (<strong>2015<\/strong>): <em>Nornahraun Lava Morphology and Emplacement: A New Terrestrial Analogue for Planetary Lava Flows<\/em>; Lunar and Planetary Science Conference, Vol. 46, p.1845<\/li>\n<\/ul>\n<ul>\n<li>D\u00fcrig, T., Gudmundsson, M., Karmann, S., Zimanowski, B., Dellino, P., Rietze, M., and B\u00fcttner, R. (<strong>2014<\/strong>): <em>Dynamics of Individual Eruptive Pulses and their Contribution to the Total Mass Flux - Case Study of the 2nd Explosive Phase of the 2010 Eyjafjallaj\u00f6kull Eruption (Iceland)<\/em>; AGU Fall Meeting 15-19 December 2014 (San Francisco); <a href=\"https:\/\/agu.confex.com\/agu\/fm14\/meetingapp.cgi#Paper\/16845\">V53E-08<\/a><\/li>\n<\/ul>\n<ul>\n<li>Montanaro, C., Scheu, B., Gudmundsson, M.T., Reynolds, H.I., <span style=\"text-decoration: underline\">D\u00fcrig, T.<\/span>, Strehlow, K., Rott, S., and Dingwell, D.B. (<strong>2014<\/strong>): <em>Steam-driven explosions at Gengissig lake (Kverkfj\u00f6ll volcano, Iceland): constraints from field and experimental data<\/em>; AGU Fall Meeting 15-19 December 2014 (San Francisco); <a href=\"https:\/\/agu.confex.com\/agu\/fm14\/webprogrampreliminary\/Paper12168.html\">V11B-4714<\/a><\/li>\n<\/ul>\n<ul>\n<li>D\u00fcrig, T. and IES Eruption Team (<strong>2014<\/strong>): <em>Exploring the third dimension of Nornahraun: Methods to quantify the thickness of the lava field and first results<\/em>; <a href=\"http:\/\/www.jfi.is\/2014\/11\/18\/dagskra-haustradstefnu-jfi-22-november-2014\/\" target=\"_blank\" rel=\"noopener noreferrer\"><span class=\"site-description\">Geoscience Society of Iceland (Jar\u00f0fr\u00e6\u00f0af\u00e9lag \u00cdslands) Fall Conference<\/span><\/a><\/li>\n<\/ul>\n<ul>\n<li>D\u00fcrig, T., Gudmundsson, M., Karmann, S., Zimanowski, B., Dellino, P., Rietze, M., and B\u00fcttner, R. (<strong>2014<\/strong>): <em>Dynamics of eruptive pulses \u2013 A case study of the second explosive phase of the 2010 Eyjafjallaj\u00f6kull eruption (Iceland)<\/em>; Geophysical Research Abstracts, Vol. 16, EGU2014-4083-1<\/li>\n<\/ul>\n<ul>\n<li>Andrews, R., White, J.D.L., <span style=\"text-decoration: underline\">D\u00fcrig, T.<\/span>, and Zimanowski, B. (<strong>2014<\/strong>): <em>Discrete blasts in granular material yield two-stage process of cavitation and granular fountaining<\/em>; Geophysical Research Abstracts, Vol. 16, EGU2014-2846<\/li>\n<\/ul>\n<ul>\n<li>Dioguardi, F., <span style=\"text-decoration: underline\">D\u00fcrig, T.<\/span>, B\u00fcttner, R., Dellino, P.,and Zimanowski, B. (<strong>2011<\/strong>):<br \/>\n<em>Specific Kinetic Energy (SKE) Released to Pyroclastic Particles During Magmatic Fragmentation: Theory and Experiments<\/em>; Conferenza A. Rittmann \u201cPER GIOVANI RICERCATORI\u201d,Miscellanea 9<\/li>\n<\/ul>\n<p>&nbsp;<\/p>\n","protected":false},"excerpt":{"rendered":"<p>&nbsp; Baxter, R.J.M., White, J.D.L., D\u00fcrig, T., Paredes-Mari\u00f1o, J., Cronin, S., Cassidy, M., Park, S.-H. (2025): Damage Fractures as evidence of Fuel-Coolant-Interaction amplified fragmentation. Insights and comparisons from the 2022 Hunga and 1883 Krakatau eruptions, submitted for IAVCEI General Assembly, &hellip; <a href=\"https:\/\/uni.hi.is\/tobi\/my-publications\/proceedings-and-conference-abstracts\/\">Continue reading <span class=\"meta-nav\">&rarr;<\/span><\/a><\/p>\n","protected":false},"author":1272,"featured_media":0,"parent":5,"menu_order":0,"comment_status":"closed","ping_status":"closed","template":"","meta":{"footnotes":""},"class_list":["post-971","page","type-page","status-publish","hentry"],"_links":{"self":[{"href":"https:\/\/uni.hi.is\/tobi\/wp-json\/wp\/v2\/pages\/971","targetHints":{"allow":["GET"]}}],"collection":[{"href":"https:\/\/uni.hi.is\/tobi\/wp-json\/wp\/v2\/pages"}],"about":[{"href":"https:\/\/uni.hi.is\/tobi\/wp-json\/wp\/v2\/types\/page"}],"author":[{"embeddable":true,"href":"https:\/\/uni.hi.is\/tobi\/wp-json\/wp\/v2\/users\/1272"}],"replies":[{"embeddable":true,"href":"https:\/\/uni.hi.is\/tobi\/wp-json\/wp\/v2\/comments?post=971"}],"version-history":[{"count":28,"href":"https:\/\/uni.hi.is\/tobi\/wp-json\/wp\/v2\/pages\/971\/revisions"}],"predecessor-version":[{"id":1890,"href":"https:\/\/uni.hi.is\/tobi\/wp-json\/wp\/v2\/pages\/971\/revisions\/1890"}],"up":[{"embeddable":true,"href":"https:\/\/uni.hi.is\/tobi\/wp-json\/wp\/v2\/pages\/5"}],"wp:attachment":[{"href":"https:\/\/uni.hi.is\/tobi\/wp-json\/wp\/v2\/media?parent=971"}],"curies":[{"name":"wp","href":"https:\/\/api.w.org\/{rel}","templated":true}]}}