{"id":12,"date":"2012-11-03T09:17:04","date_gmt":"2012-11-03T09:17:04","guid":{"rendered":"http:\/\/uni.hi.is\/tomas\/?page_id=12"},"modified":"2020-09-08T21:40:57","modified_gmt":"2020-09-08T21:40:57","slug":"publications","status":"publish","type":"page","link":"https:\/\/uni.hi.is\/tomas\/en\/publications\/","title":{"rendered":"Publications"},"content":{"rendered":"<p>ISI t\u00edmarit<\/p>\n<p>Ver\u00f3nica M\u00e9ndez, Jos\u00e9 A Alves, B\u00f6\u00f0var \u00de\u00f3risson, Alina Marca, T\u00f3mas G Gunnarsson, Jennifer A Gill 2020. Individual variation in migratory behavior in a subarctic partial migrant shorebird. Behavioral Ecology. https:\/\/doi.org\/10.1093\/beheco\/araa010<\/p>\n<p>Bing-Run Zhu, Chris J. Hassell, Yvonne I. Verkuil, T\u00f3mas G. Gunnarsson, Jos C. E. W. Hooijmeijer, Zhengwang Zhang &amp;Theunis Piersma 2020. Size, shape and sex differences in three subspecies of Black-tailed Godwits Limosa limosa. Bird Study. https:\/\/doi.org\/10.1080\/00063657.2020.1733930<\/p>\n<p>Rebecca A. Laidlaw  T\u00f3mas G. Gunnarsson  Ver\u00f3nica M\u00e9ndez  Camilo Carneiro  B\u00f6\u00f0var \u00de\u00f3risson  Adam Wentworth  Jennifer A. Gill  Jos\u00e9 A. Alves 2020. Vegetation structure influences predation rates of early nests in subarctic breeding waders. Ibis. https:\/\/doi.org\/10.1111\/ibi.12827<\/p>\n<p>J.A., Gill, J.A. Alves &amp; T.G. Gunnarsson 2019. Mechanisms driving phenological and range change in migratory species. Philosophical Transactions of the Royal Society B 374 (1781), 20180047. <\/p>\n<p>C.A. Morrison, J.A. Alves, T.G. Gunnarsson, B. \u00de\u00f3risson &amp; J.A. Gill 2019. Why do earlier\u2010arriving migratory birds have better breeding success? Ecology and Evolution. https:\/\/doi.org\/10.1002\/ece3.5441<\/p>\n<p>J.A. Alves, T.G. Gunnarsson, W.J. Sutherland, P.M. Potts &amp; J.A. Gill 2019. Linking warming effects on phenology, demography, and range expansion in a migratory bird population. Ecology and evolution 9 (5), 2365-2375. <\/p>\n<p>C. Carneiro, T.G. Gunnarsson &amp; J.A. Alves 2019. Why are whimbrels not advancing their arrival dates into Iceland? Exploring seasonal and sex-specific variation in consistency of individual timing during the annual cycle. Frontiers in Ecology and Evolution 7, 248. https:\/\/doi.org\/10.3389\/fevo.2019.00248    <\/p>\n<p>C. Carneiro, T.G. Gunnarsson &amp; J.A. Alves 2019. Faster migration in autumn than in spring: seasonal migration patterns and non\u2010breeding distribution of Icelandic whimbrels Numenius phaeopus islandicus. Journal of avian biology 50 (1). https:\/\/doi.org\/10.1111\/jav.01938<\/p>\n<p>Lilja J\u00f3hannesd\u00f3ttir, Jennifer A Gill, Jose A. Alves, Sigmundur H. Brink, Olafur Arnalds, Ver\u00f3nica M\u00e9ndez, T\u00f3mas Gr\u00e9tar Gunnarsson 2019.  Interacting effects of agriculture and landscape on breeding wader populations. Agriculture Ecosystems &amp; Environment 272:246-253., DOI:10.1016\/j.agee.2018.11.024<\/p>\n<p>Lilja J\u00f3hannesd\u00f3ttir, Jennifer A. Gill, Jos\u00e9 A. Alves, T\u00f3mas Gr\u00e9tar Gunnarsson 2019. Icelandic meadow-breeding waders: status, threats and conservation challenges. Wader Study. DOI:10.18194\/ws.00140<\/p>\n<p>Alves, J., Gunnarsson, T., Sutherland, W.J., Potts, P. &amp; Gill, J. 2018. Linking warming effects on phenology, demography and range expansion in a migratory bird population. Ecology and Evolution.<\/p>\n<p>Carneiro, C., Gunnarsson, T.G. &amp; Alves, J.A. 2018. Faster migration in autumn than in spring: seasonal migration patterns and non\u2010breeding distribution of Icelandic Whimbrels Numenius phaeopus islandicus. Journal of Avian Biology.<\/p>\n<p>M\u00e9ndez, V., Alves, J.A., Gill, J.A. &amp; Gunnarsson, T.G. 2018. Patterns and processes shorebird survival rates: a global review. Ibis. DOI: 10.1111\/ibi.12586.<\/p>\n<p>\u00de\u00f3risson, B., M\u00e9ndez, V., Alves, J.A., Gill, J.A., Skarph\u00e9\u00f0insson, K.H., Auhage, S.N., Vignisson, S.R., Benediktsson, G.\u00d6., Brynj\u00f3lfsson, B., Gallo, C., Sturlaugsd\u00f3ttir, H., Leifsson, P. &amp; Gunnarsson, T.G. 2018. Population size of Oystercatchers Haematopus ostralegus wintering in Iceland. Bird Study. 65 (2). 274-278.<\/p>\n<p>J\u00f3hannesd\u00f3ttir, L., Alves, J.A., Gill, J.A. &amp; Gunnarsson, T.G. 2017. Reconciling biodiversity conservation and agricultural expansion in the sub-arctic environment of Iceland. Ecology and Society. https:\/\/doi.org\/10.5751\/ES-08956-220116<\/p>\n<p>Gunnarsson, T.G., J\u00f3hannesd\u00f3ttir, L., Alves, J.A. &amp; Gill, J.A. 2017. Effects of spring temperature and volcanic eruptions on wader productivity. Ibis, doi: 10.1111\/ibi.12449<\/p>\n<p>Davidsdottir, B., Gunnarsson, T.G., Halldorsson, G. and Sigurdsson, B.D. 2016. Avian abundance and communities in areas revegetated with exotic versus native plant species. Icelandic Agricultural Sciences 29, 21-37, doi: 10.16886\/IAS.2016.03<\/p>\n<p>Alves, J.A., Dias, M.P., Mendez, V., Katr\u00ednard\u00f3ttir, B., &amp; Gunnarsson, T.G.2016. Very rapid long-distance sea crossing by a migratory bird. Scientific Reports, 6: 38154<\/p>\n<p>Katrinardottir, B., Alves, J.A., Sigurjonsdottir, H., Hersteinsson, P. &amp; Gunnarsson, T.G. 2015. The effects of habitat type and volcanic eruptions on the breeding demography of Icelandic Whimbrels Numenius phaeopus. PLOS One http:\/\/dx.doi.org\/10.1371\/journal.pone.0131395.<\/p>\n<p>Gunnarsson, T.G., Arnalds, O., Appleton, G., Mend\u00e9s, V. &amp; Gill, J.A. 2015. Ecosystem recharge by volcanic dust drives broad-scale variation in bird abundance. Ecology and Evolution. DOI: 10.1002\/ece3.1523<\/p>\n<p>Gudjonsson, H., Jonsson, J.E., Stefansson, H.W., Snaethorsson, A.O. &amp; Gunnarsson, T.G. 2015. Annual and large-scale variation in breeding output of Greylag geese (Anser anser) in Iceland. Bird Study. DOI:10.1080\/00063657.2015.1034655<\/p>\n<p>Gill, J.A., Alves, J.A., Sutherland, W.J., Appleton, G.F., Potts, P.M. &amp; Gunnarsson, T.G. 2014. Why is timing of bird migration advancing when individuals are not?  Proceedings of the Royal Society of London B.  281, 20132161.<\/p>\n<p>Johannesdottir, L., Arnalds, O., Brink, S. &amp; Gunnarsson. Identifying important bird habitats in a sub-arctic area undergoing rapid land-use change. Bird Study 61: 544-552.<\/p>\n<p>Catry, T., Alves, J.A., Gill, J.A., Gunnarsson, T.G. &amp; Granadeiro. J.P. 2014. Individual specialization in a shorebird population with narrow foraging niche. Acta Oecologica 56-65.<\/p>\n<p>Vigfusdottir, F., Gunnarsson, T.G. &amp; Gill, J.A. 2013. Annual and between-colony variation in productivity of Arctic Terns in West Iceland. Bird Study 60: 289-297.<\/p>\n<p>Alves, J.A., Gunnarsson, T.G., Potts, P.M, Sutherland, W.J. &amp; Gill, J.A. 2013. Sex-biases in distribution and resource use at different spatial scales in a migratory shorebird. Ecology and Evolution. DOI: 10.1002\/ece3.503<\/p>\n<p>Jonsson, J.E., Gardarsson, A., Gill, J.A., Petursdottir, U.K., Petersen, A. &amp; Gunnarsson T.G. 2013. Relationships between long-term demography and weather in a sub-arctic population of common eider. PLOS One.  DOI: 10.1371\/journal.pone.0067093.<\/p>\n<p>Gunnarsson, T.G., Sutherland, W.J., Alves, J.A., Potts, P.M. &amp; Gill, J.A. 2012. Rapid changes in phenotype distribution during range expansion in a migratory bird. Proceedings of the Royal Society of London B. 279: 411-416.<\/p>\n<p>Alves, J. A., Gunnarsson, T.G., Daniel B. Hayhow, Graham F. Appleton, Peter M. Potts, William Sutherland, and Jennifer A. Gill. 2013. Costs, benefits and fitness consequences of different migratory strategies. Ecology 94:11\u201317. http:\/\/dx.doi.org\/10.1890\/12-0737.1<\/p>\n<p>Sutherland, W.J., Alves, J.A., Amano, T., Chang, C.H., Davidson, N.C., Finlayson, C.M., Gill, J.A., Gill, R.E., Gonz\u00e1lez, P.M., Gunnarsson, T.G., Kleijn, D., Spray, C.J., Sz\u00e9kely, T., Thompson, D.B.A. 2012. A horizon scanning assessment of the current and potential future natural and anthropogenic issues facing migratory shorebirds. Ibis 154: 663-679.<\/p>\n<p>Catry, T., Alves, J.A., Gill, J.A., Gunnarsson, T.G., Granadeiro, J.P. 2012. Sex Promotes Spatial and Dietary Segregation in a Migratory Shorebird during the Non-Breeding Season. PLoS ONE 7(3): e33811. doi:10.1371\/journal.pone.0033811<\/p>\n<p>Lopes, R.J., Alves, J.A., Gill, J.A., Gunnarsson, T.G., Hooijmeijer J.C.E.W., Louren\u00e7o, P.M., Masero, J.M., Piersma, T., Potts, P.M., Raba\u00e7al, B.,Reis, S., S\u00e1nchez-Guzman, J.M., Santiago-Quesada, F. &amp; A. Villegas. (2012). Do different subspecies of Black-tailed Godwit Limosa limosa overlap in Iberian wintering and staging areas? Validation with genetic markers. Journal of Ornithology -DOI: 10.1007\/s10336-012-0865-8.<\/p>\n<p>Alves, J.A., Gunnarsson, T.G., Potts, P.M., G\u00e9linaud, G., Sutherland, W.J. &amp; Gill, J.A. 2012. Overtaking on migration: does longer distance migration always incur a penalty? Oikos 121: 464-470. Online September 2011.<\/p>\n<p>Gunnarsson, T.G. &amp; Tomasson, G. 2011. Flexible spring arrival of migratory birds at northern latitudes under rapid temperature changes. Bird Study 58:1-12.<\/p>\n<p>Jonsson, J.E., Gill, J.A., Gardarsson, A., Petersen, A. &amp; Gunnarsson T.G. 2009. Weather effects on breeding parameters in a sub-arctic, capital breeding resident: long-term data from Iceland. Climate Research 38: 237-248.<\/p>\n<p>Ratikainen, I.I., Gill, J.A., Gunnarsson, T.G., Sutherland, W.J. &amp; Kokko, H. 2008. When density dependence is not instantaneous: theoretical developments and management implications. Ecology Letters 11:1-184-198.<\/p>\n<p>Gunnarsson, T.G., Gill, J.A., Atkinson, P.W., G\u00e9linaud, G., Potts, P.M., Croger, R. E., Gudmundsson, G.A., Appleton, G.F. &amp; Sutherland, W.J. 2006. Population-scale drivers of individual arrival times in migratory birds. Journal of Animal Ecology 75: 1119-1127.<\/p>\n<p>Gunnarsson, T.G., Jennifer A. Gill, Graham F. Appleton, Hersir G\u00edslason, Arnthor Gardarsson , Andrew R. Watkinson &amp; William J. Sutherland 2006. Large-scale habitat associations of birds in lowland Iceland: Implications for conservation. Biological Conservation 128: 265-275.<\/p>\n<p>Kokko, H. Gunnarsson, T.G., Morrell, L.J. &amp; Gill, J.A. 2006. Why do female migratory birds arrive later than males? Journal of Animal Ecology 75: 1293-1303.<\/p>\n<p>Gunnarsson, T.G., Gill, J.A. Newton, J. &amp; Sutherland, W.J. 2006. Demographic and fitness consequences of migratory connectivity. Journal of ornithology 147: 53-53.<\/p>\n<p>Gunnarsson, T.G., Gill, J.A., Petersen, A., Appleton, G. &amp; Sutherland. W.J. 2005. A double buffer effect in a migratory shorebird population. Journal of Animal Ecology 74: 965-971.<\/p>\n<p>Gunnarsson, T.G., Gill, J.A., Newton, J., Potts, P.M. &amp; Sutherland, W.J. 2005. Seasonal matching of habitat quality and fitness in a migratory bird. Proceedings of the Royal Society of London B 272: 2319-2323.<\/p>\n<p>Gunnarsson, T.G., Gill, J.A., Sigurbj\u00f6rnsson, \u00de. &amp; Sutherland, W.J. 2004. Arrival synchrony in migratory birds. Nature 431: 646.<\/p>\n<p>Gill, J.A., Norris, K., Potts, P.M., Gunnarsson, T.G., Atkinson, P.W. &amp; Sutherland, W.J. 2001. The buffer effect and large-scale population regulation in migratory birds. Nature 412: 436-438.<\/p>\n<p>Alves, J.A., Gunnarsson, T.G., Potts, P.M., G\u00e9linaud, G., Sutherland, W.J. &amp; Gill, J.A. 2012. Overtaking on migration: does longer distance migration always incur a penalty? Oikos 121: 464-470. Online September 2011.<\/p>\n<p>Gunnarsson, T.G. &amp; Tomasson, G. 2011. Flexible spring arrival of migratory birds at northern latitudes under rapid temperature changes. Bird Study 58:1-12.<\/p>\n<p>Gunnarsson, T.G., Gill, J.A., Goodacre, S., G\u00e9linaud, G., Atkinson, P.W., Hewitt, G., Potts, P.M. &amp; Sutherland, W.J. 2006. Sexing birds: a comparison of behavioural, molecular, biometric and field-based techniques. Bird Study 53:193-198.<\/p>\n<p>Gunnarsson, T.G., Potts, P.M., Gill, J.A., Croger, R. E., Gelinaud, G., Atkinsson, P.W. Gardarsson, A. &amp; Sutherland, W.J. 2005. Estimating population size in Icelandic Black-tailed Godwits Limosa limosa islandica by colour-marking. Bird Study 52: 153-158.<\/p>\n<p>\u00d6nnur ritr\u00fdnd t\u00edmarit<\/p>\n<p>T\u00f3mas G. Gunnarsson og B\u00f6\u00f0var \u00de\u00f3risson. 2019. Talningar \u00e1 \u00cdslenskum m\u00f3fuglum. N\u00e1tt\u00farufr\u00e6\u00f0ingurinn. \u00cd prentun. [Counting waders and associated species in Iceland\u2013 in Icelandic with English abstract and legends]<\/p>\n<p>Gunnarsson, T.G. &amp; G.A. Gu\u00f0mundsson. 2016. Migration and non-breeding distribution of Icelandic Whimbrels Numenius phaeopus islandicus as revealed by ringing recoveries. Wader Study 123(1): 44\u201348.<\/p>\n<p>Alves, J.A., Gunnarsson, T.G. &amp; Gill, J.A. 2016. Estudiando la ecologia de las agujas colinegras de Islandia: expansi\u00f3n poblacional, migraci\u00f3n y guerra de sexos. El Indiferente 22, 155-167.<\/p>\n<p>Katrinardottir, B.,  P\u00e1lsson, S., Gunnarsson, T.G. &amp; Sigurjonsdottir, H. 2013. Sexing Icelandic Whimbrels Numenius phaeopus islandicus with DNA and biometrics. Ringing &amp; Migration 28: 43-46.<\/p>\n<p>Thorisson, B., Eyjolfsson, V., Gardarsson, A., Albertsdottir, H.B. &amp; Gunnarsson, T.G. 2012. The non-breeding distribution of Icelandic Common Ringed Plovers. Wader Study Group Bulletin \u2013 International Journal of Shorebird Science 119: 97\u2013101.<\/p>\n<p>Gillings, S., Avontins, A., Crowe, O., Dalakchieva, S., Devos, K., Elts, J., Green, M., Gunnarsson, T.G., Kleefstra, R., Kubelka, V., Lehtiniemi, T., Meissner, W., Pakstyte, E., Rasmussen, L., Szimuly, G. &amp; Wahl, J. 2012. Results of a coordinated count of Eurasian Golden Plovers Pluvialis apricaria in Europe during October 2008. Wader Study Group Bulletin \u2013 International Journal of Shorebird Science 119: 125\u2013128.<\/p>\n<p>J\u00f3nsson, J.A. &amp; Gunnarsson, T.G. 2010. Predator chases by breeding waders: interspecific comparison of tree species nesting in Iceland. Wader Study Group bulletin \u2013 The International Journal of shorebird science 117: 145-149.<\/p>\n<p>Gunnarsson, T.G. 2010 Contrasting the flexibility of schedules in related species with different migration strategies: Black-tailed Godwits and Whimbrels breeding in Iceland. Wader Study Group bulletin \u2013 The International Journal of shorebird science 117: 46-50.<\/p>\n<p>Gunnarsson, T.G. 2009. Numbers of Eurasian Golden Plovers (Pluvialis apricaria) in Iceland in late October. Wader Study Group bulletin \u2013 The International Journal of shorebird science 116: 157-159.<\/p>\n<p>Gunnarsson T.G. &amp; Indridadottir G.H. 2009. Effects of sandplain revegetation on avian abundance and diversity at Skogasandur and Myrdalssandur, South-Iceland. Conservation Evidence 6: 94-104.<\/p>\n<p>Jennifer A. Gill, Rowena H.W. Langston, Jos\u00e9 Alves, Pierrick Bocher, Nuno Cidraes Vieira, Nicola Crockford, Guillaume G\u00e9linaud, Niko Groen, T\u00f3mas G. Gunnarsson, Becca Hayhow, Jos Hooijmeier, Rosemarie Kentie, David Kleijn, Pedro Louren\u00e7o, Jos\u00e9 Masero, Francis Meunier, Peter M. Potts, Maja Roodbergen, Hans Schekkerman, Eddy Wymenga, Theunis Piersma 2007. Contrasting populations trends in two black-tailed godwit populations: a review of causes and recommendations. International Wader Study Group Bulletin 114: 43-50.<\/p>\n<p>Gunnarsson, T.G. 2006. Monitoring large-scale wader productivity during autumn passage in Iceland. International Wader Study Group Bulletin 109: 21-29.<\/p>\n<p>T\u00f3mas Gr\u00e9tar Gunnarsson 2009. Fuglar og loftslagsbreytingar. Bliki 30: 61-64. [Birds and climate change \u2013 in Icelandic] <\/p>\n<p>Votlendi og va\u00f0fuglar \u00ed lj\u00f3si landn\u00fdtingar. N\u00e1tt\u00farufr\u00e6\u00f0ingurinn 79: 14-26. [Waders and wetlands in the light of land use \u2013 in Icelandic]<\/p>\n<p>T\u00f3mas Gr\u00e9tar Gunnarsson 2009. Fugla\u00fe\u00fafur. Bliki 30: 58-59. [Hummock formation by birds \u2013 in Icelandic]<\/p>\n<p>J\u00f3n Einar J\u00f3nsson , \u00c6var Petersen, Arn\u00fe\u00f3r Gar\u00f0arsson og T\u00f3mas Gr\u00e9tar Gunnarsson. 2009. \u00c6\u00f0arendur (Somatereae): \u00e1stand og stj\u00f3rnun stofna og framt\u00ed\u00f0arhorfur. N\u00e1tt\u00farufr\u00e6\u00f0ingurinn 78: 46\u201356. [Eider ducks: status and regulation of populations and prospects\u2013 in Icelandic]<\/p>\n<p>T\u00f3mas Gr\u00e9tar Gunnarsson, Graham F. Appleton, Arn\u00fe\u00f3r Gar\u00f0arsson, Hersir G\u00edslason og Jennifer A. Gill 2008. B\u00fasv\u00e6\u00f0aval og vernd gr\u00e1g\u00e6sa \u00e1 l\u00e1glendi. Bliki 29: 1-8. [Habitat selection and conservation of Greylag geese in lowland Iceland\u2013 in Icelandic]<\/p>\n<p>T\u00f3mas Gr\u00e9tar Gunnarsson, Graham F. Appleton, Hersir G\u00edslason, Arn\u00fe\u00f3r Gar\u00f0arsson, Philip W. Atkinson &amp; Jennifer A. Gill 2007. B\u00fasv\u00e6\u00f0aval og stofnst\u00e6r\u00f0 \u00fe\u00fafutittlings \u00e1 l\u00e1glendi \u00cdslands. Bliki 28: 19-24. [Habitat selection and population size of Meadow pipits in lowland Iceland\u2013 in Icelandic]<\/p>\n<p>T\u00f3mas Gr\u00e9tar Gunnarsson, H\u00f6skuldur B\u00fai J\u00f3nsson, B\u00f6\u00f0var \u00de\u00f3risson og Hersir G\u00edslason 2007. Lundavarp \u00ed Gr\u00edmsey \u00e1 Steingr\u00edmsfir\u00f0i. Bliki 28: 51-55. [Population size of puffins in Gr\u00edmsey NW-Iceland \u2013 in Icelandic]<\/p>\n<p>T\u00f3mas Gr\u00e9tar Gunnarsson, Vigf\u00fas Eyj\u00f3lfsson &amp; B\u00f6\u00f0var \u00de\u00f3risson 2006. \u00deyngdarbreytingar sandl\u00f3a \u00e1 varpt\u00edma. Bliki 27:7-12. [Mass changes of Common ringed plovers during incubation\u2013 in Icelandic]<\/p>\n<p>T\u00f3mas Gr\u00e9tar Gunnarsson &amp; Arn\u00fe\u00f3r Gar\u00f0arsson 2005. Varpsta\u00f0aval \u00e1lfta. Bliki 26:1-4. [Nest site selection of Whooper swans in South Iceland \u2013 in Icelandic]<\/p>\n<p>T\u00f3mas Gr\u00e9tar Gunnarsson &amp; B\u00f6\u00f0var \u00de\u00f3risson 2004. Fj\u00f6lgun ja\u00f0rakans \u00ed \u00d6nundarfir\u00f0i og D\u00fdrafir\u00f0i milli 1979 og 2003. Bliki 25: 61-65.<\/p>\n<p>T\u00f3mas Gr\u00e9tar Gunnarsson 2003. Varpvistfr\u00e6\u00f0i \u00e1lfta \u00ed uppsveitum \u00c1rness\u00fdslu sumari\u00f0 1996. Bliki. 24:13-24. [Breeding biology of whooper swans in South Iceland in 1996\u2013 in Icelandic]<\/p>\n<p>T\u00f3mas Gr\u00e9tar Gunnarsson 2003. Varp\u00e1rangur hettum\u00e1fa \u00ed sunnlensku varpi. Bliki 24:53-59. [Breeding success of Black-headed gulls in a South Iceland colony \u2013 in Icelandic]<\/p>\n<p>T\u00f3mas Gr\u00e9tar Gunnarsson 2002. Gildi langt\u00edmastofnranns\u00f3kna. N\u00e1tt\u00farufr\u00e6\u00f0ingurinn 70: 223-230. [The value of long term population studies: a review \u2013 in Icelandic]<\/p>\n<p>T\u00f3mas Gr\u00e9tar Gunnarsson 2001. Fuglar \u00ed \u00d6lfus\u00e1r\u00f3si. Bliki 22:1-13. [Bird passage through Olfusa estuary South Iceland \u2013 in Icelandic]<\/p>\n<p>T\u00f3mas Gr\u00e9tar Gunnarsson 2001. Er sp\u00f3inn vel a\u00f0 s\u00e9r? Bliki 22:62. [Is the whimbrel intelligent? \u2013 in Icelandic]<\/p>\n<p>T\u00f3mas Gr\u00e9tar Gunnarsson 2001. B\u00fastnir en soltnir. Bliki 22:63. [On feather raising in birds\u2013 in Icelandic]<\/p>\n<p>T\u00f3mas Gr\u00e9tar Gunnarsson, Potts, P.M. Gill, J.A. &amp; Croger, R. 2001. Ranns\u00f3knir \u00e1 \u00edslenskum ja\u00f0rak\u00f6num. Bliki 22:55-62. [Studies of Icelandic Black-tailed godwits \u2013 in Icelandic]<\/p>\n<p>T\u00f3mas Gr\u00e9tar Gunnarsson 2000. Fuglal\u00edf \u00e1 uppgr\u00e6ddu landi. Bliki 20: 60-62. [Avifauna in an area of soil reclamation\u2013 in Icelandic]<\/p>\n<p>T\u00f3mas Gr\u00e9tar Gunnarsson 2000. Fuglshamir skreppa saman \u00ed geymslu. Bliki 20:63. [Bird skins shrink when stored\u2013 in Icelandic]<\/p>\n<p>T\u00f3mas Gr\u00e9tar Gunnarsson 1987. Gr\u00e1\u00ferastavarp \u00ed Laugar\u00e1si \u00ed Biskupstungum. Bliki 8: 65. [Breeding fieldfares in Laugaras South Iceland\u2013 in Icelandic]<\/p>\n<p>B\u00f3karkafli<\/p>\n<p>Gunnarsson, T.G. 2009. Iceland \u2013 A Shorebird Maternity Unit. Pp 59-69 in: Shorebirds of Ireland. Jim Wilson &amp; Mark Carmody. Collins Press, Cork Ireland. Pp 200.<\/p>\n<p>Pr\u00f3fritger\u00f0ir<\/p>\n<p>PhD thesis. T\u00f3mas Gr\u00e9tar Gunnarsson 2004. Linking breeding and wintering processes in a migratory bird. University of East Anglia, Norwich UK. Accepted without comments. Thesis shortlisted for the United Nations UNEP\/CMS prize for outstanding contribution on the biology of migratory animals.<\/p>\n<p>MSc thesis. T\u00f3mas Gr\u00e9tar Gunnarsson 2000. Stofnvistfr\u00e6\u00f0i sp\u00f3a \u00e1 Su\u00f0urlandi M.S. ritger\u00f0. H\u00e1sk\u00f3li \u00cdslands (133 bls.). With distinction. (Population ecology of the Whimbrel in South Iceland, in Icelandic with English summary).<\/p>\n<p>BSc thesis. Varpvistfr\u00e6\u00f0i \u00e1lfta \u00ed uppsveitum \u00c1rness\u00fdslu. B.S. ritger\u00f0. H\u00e1sk\u00f3li \u00cdslands. With distinction. Breeding biology of Whooper Swans in South Iceland in 1996. University of Iceland.<br \/>\n<\/p>","protected":false},"excerpt":{"rendered":"<p>ISI t\u00edmarit Ver\u00f3nica M\u00e9ndez, Jos\u00e9 A Alves, B\u00f6\u00f0var \u00de\u00f3risson, Alina Marca, T\u00f3mas G Gunnarsson, Jennifer A Gill 2020. Individual variation in migratory behavior in a subarctic partial migrant shorebird. Behavioral Ecology. https:\/\/doi.org\/10.1093\/beheco\/araa010 Bing-Run Zhu, Chris J. Hassell, Yvonne I. Verkuil, T\u00f3mas G. Gunnarsson, Jos C. E. W. Hooijmeijer, Zhengwang Zhang &amp;Theunis Piersma 2020. Size, shape [&hellip;]<\/p>\n","protected":false},"author":1145,"featured_media":0,"parent":0,"menu_order":0,"comment_status":"closed","ping_status":"closed","template":"","meta":{"footnotes":""},"class_list":["post-12","page","type-page","status-publish","hentry"],"_links":{"self":[{"href":"https:\/\/uni.hi.is\/tomas\/en\/wp-json\/wp\/v2\/pages\/12","targetHints":{"allow":["GET"]}}],"collection":[{"href":"https:\/\/uni.hi.is\/tomas\/en\/wp-json\/wp\/v2\/pages"}],"about":[{"href":"https:\/\/uni.hi.is\/tomas\/en\/wp-json\/wp\/v2\/types\/page"}],"author":[{"embeddable":true,"href":"https:\/\/uni.hi.is\/tomas\/en\/wp-json\/wp\/v2\/users\/1145"}],"replies":[{"embeddable":true,"href":"https:\/\/uni.hi.is\/tomas\/en\/wp-json\/wp\/v2\/comments?post=12"}],"version-history":[{"count":109,"href":"https:\/\/uni.hi.is\/tomas\/en\/wp-json\/wp\/v2\/pages\/12\/revisions"}],"predecessor-version":[{"id":1042,"href":"https:\/\/uni.hi.is\/tomas\/en\/wp-json\/wp\/v2\/pages\/12\/revisions\/1042"}],"wp:attachment":[{"href":"https:\/\/uni.hi.is\/tomas\/en\/wp-json\/wp\/v2\/media?parent=12"}],"curies":[{"name":"wp","href":"https:\/\/api.w.org\/{rel}","templated":true}]}}