{"id":2,"date":"2012-11-02T14:19:49","date_gmt":"2012-11-02T14:19:49","guid":{"rendered":"http:\/\/uni.hi.is\/tomas\/?page_id=2"},"modified":"2020-09-19T10:16:27","modified_gmt":"2020-09-19T10:16:27","slug":"cv","status":"publish","type":"page","link":"https:\/\/uni.hi.is\/tomas\/cv\/","title":{"rendered":"Ferill"},"content":{"rendered":"<p><a href=\"https:\/\/uni.hi.is\/tomas\/files\/2020\/09\/tomas-scaled.jpg\"><img loading=\"lazy\" decoding=\"async\" class=\"size-large wp-image-1000 aligncenter\" src=\"https:\/\/uni.hi.is\/tomas\/files\/2020\/09\/tomas-300x142.jpg\" alt=\"\" width=\"300\" height=\"142\" srcset=\"https:\/\/uni.hi.is\/tomas\/files\/2020\/09\/tomas-300x142.jpg 300w, https:\/\/uni.hi.is\/tomas\/files\/2020\/09\/tomas-1024x485.jpg 1024w, https:\/\/uni.hi.is\/tomas\/files\/2020\/09\/tomas-768x363.jpg 768w, https:\/\/uni.hi.is\/tomas\/files\/2020\/09\/tomas-1536x727.jpg 1536w, https:\/\/uni.hi.is\/tomas\/files\/2020\/09\/tomas-2048x969.jpg 2048w\" sizes=\"auto, (max-width: 300px) 100vw, 300px\" \/><\/a><\/p>\n<p>T\u00f3mas Gr\u00e9tar Gunnarsson (ID-100374-3749)<\/p>\n<p>Born 1974 in Iceland<\/p>\n<p>Tel: 00354-5255460<\/p>\n<p>E-mail: tomas@hi.is<\/p>\n<p>Orchid ID: https:\/\/orcid.org\/0000-0001-7692-0637<\/p>\n<p>Google scholar profile: https:\/\/scholar.google.is\/citations?user=g0xLMUUAAAAJ&amp;hl=en&amp;oi=ao<\/p>\n<p>Current position<br \/>\nDirector\/Research professor<\/p>\n<p>South Iceland Research Centre, University of Iceland. Lindarbraut 4, IS-840, Laugarvatn, Iceland<br \/>\nProfessional focus<\/p>\n<p>Education<br \/>\n2005 PhD in Ecology, University of East Anglia, UK<br \/>\n2000 MS in Ecology, University of Iceland H\u00e1sk\u00f3li \u00cdslands<br \/>\n1997 BS in Biology, University of Iceland<\/p>\n<p>Academic employment<br \/>\n2009- Director, South Iceland Research Centre, University of Iceland<br \/>\n2006-2008 Director, West Iceland Research Centre, University of Iceland<br \/>\n2006-2008 Post doctoral research associate, University of Cambridge, UK<br \/>\n2005-2006 Post doctoral research associate, University of East Anglia, UK<br \/>\n2001 Research specialist, Institute of Biology, University of Iceland<br \/>\n1997-2000 Research assistant, Institute of Biology, University of Iceland<\/p>\n<p>Selected professional experience and service<br \/>\n2020-2021 Steering committee for revision of Iceland\u2018s policy and project execution plan for the<br \/>\nConvention of Biological Diversity (CBD).<br \/>\n2019-2020 Steering committe on the development of a ten year Icelandic national plan in forestry<br \/>\naccording to legislation 33\/2019.<br \/>\n2018-2021 Member of Expert panel 1 on Master plan for Nature conservation and Energy utilization<br \/>\n(http:\/\/www.ramma.is\/english), 4th round. Ranking the environmental impact of energy<br \/>\nharnessing options (hydro, geothermal, wind) across Iceland.<br \/>\n2014-2017 Member of Expert panel 1 on Master plan for Nature conservation and Energy utilization<br \/>\n(http:\/\/www.ramma.is\/english), 3rd round. Ranking the environmental impact of energy<br \/>\nharnessing options (hydro, geothermal, wind) across Iceland.<br \/>\n2016- Board member in Kirkjub\u00e6jarstofa knowledge centre on behalf of the University of<br \/>\nIceland.<br \/>\n2014- Elected fellow of the International Ornithological Union (internationalornithology.org\/)<br \/>\n2010-2011 On a revision committee for the Icelandic Wildlife act (laws 64\/1994) appointed by the<br \/>\nminister of environment. Served on behalf of conservation NGO\u2018s.<br \/>\n2009-2020 Founder and board member of the Icelandic Ecological Society.<br \/>\n2008-2012 Board member of the Wetland Centre of the Icelandic Agricultural University.<br \/>\n2007-2010 Member of the executive committe of the International Wader Study Group. Vicechairman 2009-2010.<\/p>\n<p>Conference plenaries and keynotes<br \/>\n2019- Icelandic Biological Conference 2019. Linking bird migration systems and demography. Reykjav\u00edk.<br \/>\n2017- 7th Irish Ornithological Research Congress, Cork, Ireland, November 2017). Linking migration<br \/>\nsystems and demography in Icelandic breeding waders.<br \/>\n2017- Conference of the British Ornithogical Union Avian tracking and population processes. Warwick,<br \/>\nUK, March 2017). Settlement decisions and migratory strategies.<br \/>\n2016- Joint conference of the Nordic Ecolocical Societies (Nordic Oikos) in Turku, Finland, January 2016).<br \/>\nPopulation scale drivers of individual variation and demography in migratory birds.<\/p>\n<p>Teaching<br \/>\n2009-2013 Course organiser of Ornithology at the University of Iceland.<br \/>\n1997-2010 Teaching on nine various courses in ecology and zoology at the University of Iceland.<br \/>\n2009-2020 Supervisor of 8 PhD and 12 MSc students.<br \/>\n2011- Organiser of a course for bird guides at the research centre.<\/p>","protected":false},"excerpt":{"rendered":"<p>T\u00f3mas Gr\u00e9tar Gunnarsson (ID-100374-3749) Born 1974 in Iceland Tel: 00354-5255460 E-mail: tomas@hi.is Orchid ID: https:\/\/orcid.org\/0000-0001-7692-0637 Google scholar profile: https:\/\/scholar.google.is\/citations?user=g0xLMUUAAAAJ&amp;hl=en&amp;oi=ao Current position Director\/Research professor South Iceland Research Centre, University of Iceland. Lindarbraut 4, IS-840, Laugarvatn, Iceland Professional focus Education 2005 PhD in Ecology, University of East Anglia, UK 2000 MS in Ecology, University of Iceland H\u00e1sk\u00f3li [&hellip;]<\/p>\n","protected":false},"author":1145,"featured_media":0,"parent":0,"menu_order":2,"comment_status":"closed","ping_status":"closed","template":"","meta":{"footnotes":""},"class_list":["post-2","page","type-page","status-publish","hentry"],"_links":{"self":[{"href":"https:\/\/uni.hi.is\/tomas\/wp-json\/wp\/v2\/pages\/2","targetHints":{"allow":["GET"]}}],"collection":[{"href":"https:\/\/uni.hi.is\/tomas\/wp-json\/wp\/v2\/pages"}],"about":[{"href":"https:\/\/uni.hi.is\/tomas\/wp-json\/wp\/v2\/types\/page"}],"author":[{"embeddable":true,"href":"https:\/\/uni.hi.is\/tomas\/wp-json\/wp\/v2\/users\/1145"}],"replies":[{"embeddable":true,"href":"https:\/\/uni.hi.is\/tomas\/wp-json\/wp\/v2\/comments?post=2"}],"version-history":[{"count":56,"href":"https:\/\/uni.hi.is\/tomas\/wp-json\/wp\/v2\/pages\/2\/revisions"}],"predecessor-version":[{"id":1059,"href":"https:\/\/uni.hi.is\/tomas\/wp-json\/wp\/v2\/pages\/2\/revisions\/1059"}],"wp:attachment":[{"href":"https:\/\/uni.hi.is\/tomas\/wp-json\/wp\/v2\/media?parent=2"}],"curies":[{"name":"wp","href":"https:\/\/api.w.org\/{rel}","templated":true}]}}