{"id":2,"date":"2014-05-28T09:46:12","date_gmt":"2014-05-28T09:46:12","guid":{"rendered":"http:\/\/uni.hi.is\/uarnalds\/?page_id=2"},"modified":"2014-08-28T15:40:53","modified_gmt":"2014-08-28T15:40:53","slug":"daemi-sida","status":"publish","type":"page","link":"https:\/\/uni.hi.is\/uarnalds\/daemi-sida\/","title":{"rendered":"Publications"},"content":{"rendered":"<p><strong>Refereed papers<\/strong><\/p>\n<ul>\n<li><strong>Proximity effects on dimensionality and magnetic ordering in Pd\/Fe\/Pd trilayers<br \/>\n<\/strong>Thomas P. A. Hase, Matthew S. Brewer, Unnar B. Arnalds, Martina Ahlberg, Vassilios Kapaklis, Matts Bj\u00f6rck, Laurence Bouchenoire, Paul Thompson, Daniel Haskel, Yongseong Choi, Jonathan Lang, Cecilia S\\'anchez-Hanke, and Bj\u00f6rgvin Hj\u00f6rvarsson.<br \/>\n<em>Physical Review B, Accepted for publication (2014)<\/em>.<\/li>\n<li><strong>Reflectivity Studies of Magnetic Heterostructures<\/strong><br \/>\nMatts Bj\u00f6rck, Matthew S. Brewer, Unnar B. Arnalds, Erik \u00d6stman, Martina Ahlberg,\u00a0Vassilios Kapaklis, Evangelos Th. Papaioannou, Gabriella Andersson,\u00a0Bj\u00f6rgvin Hj\u00f6rvarsson, and Thomas P. A. Hase.<br \/>\n<em>Journal of Surfaces and Interfaces of Materials, <strong>2<\/strong>, 24-32 (2014).<\/em><\/li>\n<li><em><\/em><strong>Giant magnetic domains in amorphous SmCo thin films<\/strong><br \/>\nFridrik Magnus, Reda Moubah, Unnar B. Arnalds, Vassilios Kapaklis, Anna Brunner, Rudolf Schafer, Gabriella Andersson, and Bj\u00f6rgvin Hj\u00f6rvarsson.<br \/>\n<em>Physical Review B, <strong>89<\/strong>, 224420 (2014).<\/em><\/li>\n<li><strong>Thermal transitions in nano-patterned XY-magnets<\/strong><br \/>\nUnnar B. Arnalds, Martina Ahlberg, Matthew S. Brewer, Vassilios Kapaklis, Evangelos Th. Papaioannou, Masoud Karimipour, Panagiotis Korelis, Aaron Stein, Sveinn \u00d3lafsson, Thomas P. A. Hase, and Bj\u00f6rgvin Hj\u00f6rvarsson.<br \/>\n<em>Applied Physics Letters, <strong>105<\/strong>, 042409 (2014).<\/em><\/li>\n<li><em><\/em><strong>Thermal fluctuations in artificial spin ice<\/strong><br \/>\nV. Kapaklis, U. B. Arnalds, A. Farhan, R. V. Chopdekar, A. Balan, A. Scholl, L. J. Heyderman, and B. Hjorvarsson.<br \/>\n<em>Nature Nanotechnology Letters, \u00a0<strong>9<\/strong>, 514 (2014).<\/em><\/li>\n<li><em><\/em><strong>Hysteresis free switching between vortex and collinear magnetic states.<br \/>\n<\/strong>E. Ostman, U. B. Arnalds, E. Melander, V. Kapaklis, G. Palsson, A. Saw, M. Verschuuren, F. Kronast, E. Th. Papaioannou, C. Fadley, and B. Hjorvarsson.<br \/>\n<em>New Journal of Physics, <strong>16<\/strong>, 053002 (2014).<\/em><\/li>\n<li><em><\/em><strong>Tailoring magnetism at the nanometer scale in SmCo5 amorphous films.<br \/>\n<\/strong>Reda Moubah, Fridrik Magnus, Erik Ostman, Yousuf Muhammad, Unnar B Arnalds, Martina Ahlberg, Bj\u00f6rgvin Hj\u00f6rvarsson, and Gabriella Andersson.<br \/>\n<em>Journal of Physics: Condensed Matter <strong>25<\/strong>, 416004 (2013).<\/em><\/li>\n<li><em><\/em><strong>Magnetic Self-Organized Atomic Laminate from First Principles and Thin Film Synthesis.<br \/>\n<\/strong>A. S. Ingason, A. Mockute, M. Dahlqvist, F. Magnus, S. Olafsson, U. B. Arnalds, B. Alling, I. A. Abrikosov, B. Hj\u00f6rvarsson, P. O. A. Persson, and J. Rosen.<br \/>\nPhysical Review Letters <strong>110<\/strong>, 195502 (2013).<\/li>\n<li><strong>Thermalized ground state of artificial kagome spin ice building blocks.<\/strong><br \/>\nUnnar B. Arnalds, Alan Farhan, Rajesh V. Chopdekar, Vassilios Kapaklis, Ana Balan, Evangelos Th. Papaioannou, Martina Ahlberg, Frithjof Nolting, Laura J. Heyderman, and Bj\u00f6rgvin Hj\u00f6rvarsson.<br \/>\nApplied Physics Letters <strong>101<\/strong>, 112404 (2012).<\/li>\n<li><strong>X-ray resonant magnetic scattering from patterned multilayers.<br \/>\n<\/strong>Unnar B. Arnalds, Thomas P. A. Hase, Evangelos Th. Papaioannou, Hossein Raanaei, Radu Abrudan, Timothy R. Charlton, Sean Langridge, and Bj\u00f6rgvin Hj\u00f6rvarsson.<br \/>\n<em>Physical Review B <strong>86<\/strong>, 064426 (2012).<\/em><\/li>\n<li><em><\/em><strong>Influence of the magnetic field on the plasmonic properties of transparent Ni anti-dot arrays.<br \/>\n<\/strong>Emil Melander, Erik \u00d6stman, Janine Keller, Jan Schmidt, Evangelos Th. Papaioannou, Vassilios Kapaklis, Unnar B. Arnalds, B. Caballero, A. Garc\u00eda-Mart\u00edn, J. C. Cuevas, and Bj\u00f6rgvin Hj\u00f6rvarsson.<br \/>\n<em>Applied Physics Letters <strong>101<\/strong>, 063107 (2012).<\/em><\/li>\n<li><strong>Melting artificial spin ice.<br \/>\n<\/strong>Vassilios Kapaklis, Unnar B. Arnalds, Adam Harman-Clarke, Evangelos Th. Papaioannou, Masoud Karimipour, Panagiotis Korelis, Andrea Taroni, Peter C. W. Holdsworth, Steven T. Bramwell, and Bj\u00f6rgvin Hj\u00f6rvarsson.<br \/>\n<em>New Journal of Physics <strong>14<\/strong>, 035009 (2012).<\/em><\/li>\n<li><em><\/em><strong>Magnetic structure and diffracted magneto-optics of patterned amorphous multilayers.<br \/>\n<\/strong>Unnar B. Arnalds, Evangelos Th. Papaioannou, Thomas P. A. Hase, Hossein Raanaei, Gabriella Andersson,\u00a0Timothy R. Charlton, Sean Langridge, and Bj\u00f6rgvin Hj\u00f6rvarsson.<br \/>\n<em>Physical Review B <strong>82<\/strong>, 144434 (2010).<\/em><\/li>\n<li><em><\/em><strong>Growth, coalescence, and electrical resistivity of thin Pt films grown by dc magnetron sputtering on SiO2.<br \/>\n<\/strong>J. S. Agustsson, U. B. Arnalds, A. S. Ingason, K. B. Gylfason, K. Johnsen, S. Olafsson, and J. T. Gudmundsson.<br \/>\n<em>Applied Surface Science\u00a0<strong>254<\/strong> (2008), 7356-7360.<\/em><\/li>\n<li><em><\/em><strong>Cell based ultra high vacuum scanning probe microscope with an external scanning unit having gas or liquid processing capabilities.<br \/>\n<\/strong>E. H. Bjarnason, U. B. Arnalds, and S. Olafsson.<br \/>\n<em>Journal of Physics: Conference Series. <strong>100<\/strong>, 052011 (2008).<\/em><\/li>\n<li><em><\/em><strong>Electrical resistivity and morphology of ultra thin Pt films grown by dc magnetron sputtering on SiO2.<br \/>\n<\/strong>J. S. Agustsson, U. B. Arnalds, A. S. Ingason, K. B. Gylfason, K. Johnsen, S. Olafsson, and J. T. Gudmundsson.<br \/>\n<em>Journal of Physics: Conference Series. <strong>100<\/strong>, 082006 (2008).<\/em><\/li>\n<li><strong>A magnetron sputtering system for the preparation of patterned thin films and in situ thin film electrical resistance measurements.<br \/>\n<\/strong>U. B. Arnalds, J. S. Agustsson, A. S. Ingason, A. K. Eriksson, K. B. Gylfason, J. T. Gudmundsson, and S. Olafsson.<br \/>\n<em>Review of Scientific Instruments, <strong>78<\/strong>, 103901 (2007).<\/em><\/li>\n<li><em><\/em><strong>An externally cooled beetle type scanning tunneling microscope for imaging in cryogenic liquids.<br \/>\n<\/strong>Unnar B. Arnalds, Elias H. Bjarnason, Kristjan Jonsson, and Sveinn Olafsson.<br \/>\n<em>Applied Surface Science <strong>252<\/strong>\u00a0(2006) 5485-5488.<\/em><\/li>\n<li><em><\/em><strong>A modular scanning tunneling microscope with an interchangeable elastic closed cell and external actuators.<br \/>\n<\/strong>E. H. Bjarnason, U. B. Arnalds, and S. Olafsson.<br \/>\n<em>Applied Surface Science <strong>252<\/strong>\u00a0(2006) 5481-5484.<\/em><\/li>\n<\/ul>\n<p>&nbsp;<\/p>\n","protected":false},"excerpt":{"rendered":"<p>Refereed papers Proximity effects on dimensionality and magnetic ordering in Pd\/Fe\/Pd trilayers Thomas P. A. Hase, Matthew S. Brewer, Unnar B. Arnalds, Martina Ahlberg, Vassilios Kapaklis, Matts Bj\u00f6rck, Laurence Bouchenoire, Paul Thompson, Daniel Haskel, Yongseong Choi, Jonathan Lang, Cecilia S\\'anchez-Hanke, &hellip; <a href=\"https:\/\/uni.hi.is\/uarnalds\/daemi-sida\/\">Continue reading <span class=\"meta-nav\">&rarr;<\/span><\/a><\/p>\n","protected":false},"author":1299,"featured_media":0,"parent":0,"menu_order":0,"comment_status":"closed","ping_status":"open","template":"","meta":{"footnotes":""},"class_list":["post-2","page","type-page","status-publish","hentry"],"_links":{"self":[{"href":"https:\/\/uni.hi.is\/uarnalds\/wp-json\/wp\/v2\/pages\/2","targetHints":{"allow":["GET"]}}],"collection":[{"href":"https:\/\/uni.hi.is\/uarnalds\/wp-json\/wp\/v2\/pages"}],"about":[{"href":"https:\/\/uni.hi.is\/uarnalds\/wp-json\/wp\/v2\/types\/page"}],"author":[{"embeddable":true,"href":"https:\/\/uni.hi.is\/uarnalds\/wp-json\/wp\/v2\/users\/1299"}],"replies":[{"embeddable":true,"href":"https:\/\/uni.hi.is\/uarnalds\/wp-json\/wp\/v2\/comments?post=2"}],"version-history":[{"count":2,"href":"https:\/\/uni.hi.is\/uarnalds\/wp-json\/wp\/v2\/pages\/2\/revisions"}],"predecessor-version":[{"id":5,"href":"https:\/\/uni.hi.is\/uarnalds\/wp-json\/wp\/v2\/pages\/2\/revisions\/5"}],"wp:attachment":[{"href":"https:\/\/uni.hi.is\/uarnalds\/wp-json\/wp\/v2\/media?parent=2"}],"curies":[{"name":"wp","href":"https:\/\/api.w.org\/{rel}","templated":true}]}}