{"id":198,"date":"2020-02-19T16:24:56","date_gmt":"2020-02-19T16:24:56","guid":{"rendered":"http:\/\/uni.hi.is\/unnurk\/?page_id=198"},"modified":"2020-03-25T23:45:08","modified_gmt":"2020-03-25T23:45:08","slug":"vinnustadurinn","status":"publish","type":"page","link":"https:\/\/uni.hi.is\/unnurk\/vinnustadurinn\/","title":{"rendered":"Vinnusta\u00f0urinn"},"content":{"rendered":"<div class=\"content clearfix\">\n<div id=\"node-580\" class=\"node node-efni-blokkir node-promoted node-teaser clearfix\">\n<div class=\"content\">\n<div class=\"field field-name-body field-type-text-with-summary field-label-hidden\">\n<div class=\"field-items\">\n<div class=\"field-item even\">\n<p><span style=\"font-family: georgia, palatino, serif;font-size: 12pt\">Ranns\u00f3knasetur H\u00e1sk\u00f3la \u00cdslands \u00e1 Austurlandi t\u00f3k upp starfsemi \u00e1 n\u00fd \u00feann 1. j\u00fan\u00ed 2018 \u00e1 Egilsst\u00f6\u00f0um \u00e1 Flj\u00f3tsdalsh\u00e9ra\u00f0i. <\/span><\/p>\n<p><span style=\"font-family: georgia, palatino, serif;font-size: 12pt\">Forst\u00f6\u00f0uma\u00f0ur setursins er dr. Unnur Birna Karlsd\u00f3ttir sagnfr\u00e6\u00f0ingur (PhD). <\/span><\/p>\n<p><span style=\"font-family: georgia, palatino, serif;font-size: 12pt\">Setri\u00f0 haf\u00f0i \u00e1\u00f0ur starfa\u00f0 \u00e1rin <\/span><span style=\"font-family: georgia, palatino, serif;font-size: 12pt\">2008 til 2010. Starfsemi \u00feess var l\u00f6g\u00f0 ni\u00f0ur \u00e1ri\u00f0 2010 vegna fj\u00e1rhagslegra a\u00f0haldsa\u00f0ger\u00f0a H\u00cd \u00a0\u00ed kj\u00f6lfar bankahrunsins.<br \/>\n<\/span><\/p>\n<p>Undanfari a\u00f0 stofnun setursins \u00e1 n\u00fd \u00e1 Egilsst\u00f6\u00f0um \u00e1ri\u00f0 2018 var ranns\u00f3knasta\u00f0a sem augl\u00fdst haf\u00f0i veri\u00f0 til tveggja \u00e1ra og s\u00ed\u00f0an framlengd um eitt \u00e1r vegna n\u00fdr\u00e1\u00f0ningabanns vi\u00f0 H\u00e1sk\u00f3la \u00cdslands. N\u00faverandi forst\u00f6\u00f0uma\u00f0ur var einn ums\u00e6kjenda um \u00feessa s\u00e9rfr\u00e6\u00f0ist\u00f6\u00f0u og hlaut r\u00e1\u00f0ningu sem t\u00f3k gildi 1. apr\u00edl 2015. Yfirskrift ranns\u00f3knaverkefnisins var\u00a0 <span style=\"font-family: georgia, palatino, serif;font-size: 12pt\"> \u201eMa\u00f0ur og n\u00e1tt\u00fara\u201c \u00fear sem hreind\u00fdri\u00f0 og \u00fe\u00fd\u00f0ing \u00feess \u00ed \u00edslenskri n\u00e1tt\u00farus\u00fdn og menningu var\u00f0 meginvi\u00f0fangsefni\u00f0. <\/span><\/p>\n<p>Sj\u00e1 n\u00e1nar um Ranns\u00f3knasetur H\u00e1sk\u00f3la \u00cdslands og hlutverk \u00feeirra: <a href=\"http:\/\/uni.hi.is\/unnurk\/vinnustadurinn\/\" target=\"_blank\" rel=\"noopener noreferrer\">https:\/\/rannsoknasetur.hi.is\/forsida<\/a><\/p>\n<p><span style=\"font-family: georgia, palatino, serif;font-size: 12pt\">Skrifstofa Ranns\u00f3knaseturs H\u00e1sk\u00f3la \u00cdslands \u00e1 Austurlandi er \u00e1 Tjarnarbraut 39a \u00e1 Egilsst\u00f6\u00f0um.<\/span><\/p>\n<h2>Heimilisfang og tengslauppl\u00fdsingar<\/h2>\n<p>Ranns\u00f3knasetur H\u00e1sk\u00f3la \u00cdslands \u00e1 Austurlandi<\/p>\n<p>Tjarnarbraut 39a<\/p>\n<p>700 Egilssta\u00f0ir<\/p>\n<p>Netfang: unnurk (hj\u00e1) hi.is<\/p>\n<p>S\u00edmi: 8919979<\/p>\n<p>Facebook-s\u00ed\u00f0a: <a href=\"http:\/\/uni.hi.is\/unnurk\/vinnustadurinn\/\" target=\"_blank\" rel=\"noopener noreferrer\">https:\/\/www.facebook.com\/rannsoknaseturhiausturlandi\/<\/a><\/p>\n<p>&nbsp;<\/p>\n<p>&nbsp;<\/p>\n<\/div>\n<\/div>\n<\/div>\n<\/div>\n<\/div>\n<\/div>\n","protected":false},"excerpt":{"rendered":"<p>Ranns\u00f3knasetur H\u00e1sk\u00f3la \u00cdslands \u00e1 Austurlandi t\u00f3k upp starfsemi \u00e1 n\u00fd \u00feann 1. j\u00fan\u00ed 2018 \u00e1 Egilsst\u00f6\u00f0um \u00e1 Flj\u00f3tsdalsh\u00e9ra\u00f0i. Forst\u00f6\u00f0uma\u00f0ur setursins er dr. Unnur Birna Karlsd\u00f3ttir sagnfr\u00e6\u00f0ingur (PhD). Setri\u00f0 haf\u00f0i \u00e1\u00f0ur starfa\u00f0 \u00e1rin 2008 til 2010. Starfsemi \u00feess var l\u00f6g\u00f0 ni\u00f0ur &hellip; <a href=\"https:\/\/uni.hi.is\/unnurk\/vinnustadurinn\/\">Halda \u00e1fram a\u00f0 lesa <span class=\"meta-nav\">&rarr;<\/span><\/a><\/p>\n","protected":false},"author":1539,"featured_media":0,"parent":0,"menu_order":8,"comment_status":"closed","ping_status":"closed","template":"","meta":{"footnotes":""},"class_list":["post-198","page","type-page","status-publish","hentry"],"_links":{"self":[{"href":"https:\/\/uni.hi.is\/unnurk\/wp-json\/wp\/v2\/pages\/198","targetHints":{"allow":["GET"]}}],"collection":[{"href":"https:\/\/uni.hi.is\/unnurk\/wp-json\/wp\/v2\/pages"}],"about":[{"href":"https:\/\/uni.hi.is\/unnurk\/wp-json\/wp\/v2\/types\/page"}],"author":[{"embeddable":true,"href":"https:\/\/uni.hi.is\/unnurk\/wp-json\/wp\/v2\/users\/1539"}],"replies":[{"embeddable":true,"href":"https:\/\/uni.hi.is\/unnurk\/wp-json\/wp\/v2\/comments?post=198"}],"version-history":[{"count":13,"href":"https:\/\/uni.hi.is\/unnurk\/wp-json\/wp\/v2\/pages\/198\/revisions"}],"predecessor-version":[{"id":257,"href":"https:\/\/uni.hi.is\/unnurk\/wp-json\/wp\/v2\/pages\/198\/revisions\/257"}],"wp:attachment":[{"href":"https:\/\/uni.hi.is\/unnurk\/wp-json\/wp\/v2\/media?parent=198"}],"curies":[{"name":"wp","href":"https:\/\/api.w.org\/{rel}","templated":true}]}}