{"id":2,"date":"2020-02-18T16:54:05","date_gmt":"2020-02-18T16:54:05","guid":{"rendered":"http:\/\/uni.hi.is\/unnurk\/?page_id=2"},"modified":"2020-03-25T23:44:52","modified_gmt":"2020-03-25T23:44:52","slug":"daemi-um-sidu","status":"publish","type":"page","link":"https:\/\/uni.hi.is\/unnurk\/daemi-um-sidu\/","title":{"rendered":"Um mig"},"content":{"rendered":"<p>\u00c9g er f\u00e6dd \u00e1 Akureyri \u00e1ri\u00f0 1964, \u00f3lst upp \u00ed Eyjafir\u00f0i til tv\u00edtugs en bj\u00f3 svo mestan part \u00ed Reykjav\u00edk e\u00f0a til \u00e1rsins 2012 a\u00f0 \u00e9g fluttist til Austurlands, \u00e1 Flj\u00f3tsdalsh\u00e9ra\u00f0, \u00fear sem \u00e9g hef b\u00fai\u00f0 og starfa\u00f0 s\u00ed\u00f0an.<\/p>\n<p>\u00c9g lauk doktorsgr\u00e1\u00f0u \u00ed sagnfr\u00e6\u00f0i vi\u00f0 H\u00e1sk\u00f3la \u00cdslands \u00e1ri\u00f0 2010.\u00a0 \u00c9g starfa um \u00feessar mundir vi\u00f0 ranns\u00f3knir og veiti Ranns\u00f3knasetri H\u00e1sk\u00f3la \u00cdslands \u00e1 Austurlandi forst\u00f6\u00f0u. S\u00e9rsvi\u00f0 mitt er \u00e1 svi\u00f0i umhverfiss\u00f6gu \u00fear sem tengsl manns og n\u00e1tt\u00faru eru vi\u00f0fangsefni\u00f0.<\/p>\n","protected":false},"excerpt":{"rendered":"<p>\u00c9g er f\u00e6dd \u00e1 Akureyri \u00e1ri\u00f0 1964, \u00f3lst upp \u00ed Eyjafir\u00f0i til tv\u00edtugs en bj\u00f3 svo mestan part \u00ed Reykjav\u00edk e\u00f0a til \u00e1rsins 2012 a\u00f0 \u00e9g fluttist til Austurlands, \u00e1 Flj\u00f3tsdalsh\u00e9ra\u00f0, \u00fear sem \u00e9g hef b\u00fai\u00f0 og starfa\u00f0 s\u00ed\u00f0an. \u00c9g &hellip; <a href=\"https:\/\/uni.hi.is\/unnurk\/daemi-um-sidu\/\">Halda \u00e1fram a\u00f0 lesa <span class=\"meta-nav\">&rarr;<\/span><\/a><\/p>\n","protected":false},"author":1539,"featured_media":0,"parent":0,"menu_order":1,"comment_status":"closed","ping_status":"closed","template":"","meta":{"footnotes":""},"class_list":["post-2","page","type-page","status-publish","hentry"],"_links":{"self":[{"href":"https:\/\/uni.hi.is\/unnurk\/wp-json\/wp\/v2\/pages\/2","targetHints":{"allow":["GET"]}}],"collection":[{"href":"https:\/\/uni.hi.is\/unnurk\/wp-json\/wp\/v2\/pages"}],"about":[{"href":"https:\/\/uni.hi.is\/unnurk\/wp-json\/wp\/v2\/types\/page"}],"author":[{"embeddable":true,"href":"https:\/\/uni.hi.is\/unnurk\/wp-json\/wp\/v2\/users\/1539"}],"replies":[{"embeddable":true,"href":"https:\/\/uni.hi.is\/unnurk\/wp-json\/wp\/v2\/comments?post=2"}],"version-history":[{"count":7,"href":"https:\/\/uni.hi.is\/unnurk\/wp-json\/wp\/v2\/pages\/2\/revisions"}],"predecessor-version":[{"id":276,"href":"https:\/\/uni.hi.is\/unnurk\/wp-json\/wp\/v2\/pages\/2\/revisions\/276"}],"wp:attachment":[{"href":"https:\/\/uni.hi.is\/unnurk\/wp-json\/wp\/v2\/media?parent=2"}],"curies":[{"name":"wp","href":"https:\/\/api.w.org\/{rel}","templated":true}]}}