{"id":24,"date":"2020-02-18T23:20:00","date_gmt":"2020-02-18T23:20:00","guid":{"rendered":"http:\/\/uni.hi.is\/unnurk\/?page_id=24"},"modified":"2020-02-19T18:18:07","modified_gmt":"2020-02-19T18:18:07","slug":"mannkynbaetur","status":"publish","type":"page","link":"https:\/\/uni.hi.is\/unnurk\/fraedirit\/mannkynbaetur\/","title":{"rendered":"Mannkynb\u00e6tur"},"content":{"rendered":"<p data-adtags-visited=\"true\"><em><strong>Mannkynb\u00e6tur. Hugmyndir um b\u00e6tta kynstofna h\u00e9rlendis og erlendis \u00e1 19. og 20. \u00f6ld<\/strong><\/em><\/p>\n<p data-adtags-visited=\"true\">\u00c1 s\u00ed\u00f0ari hluta 19. aldar og fyrri hluta \u00feeirrar 20. bl\u00f3mstra\u00f0i hugmyndafr\u00e6\u00f0i sem gekk \u00fat \u00e1 \u00fe\u00e1 meginkenningu a\u00f0 r\u00e9tt v\u00e6ri a\u00f0 r\u00edkisvaldi\u00f0 stu\u00f0la\u00f0i a\u00f0 kynb\u00f3tum manna \u00ed \u00feeim tilgangi a\u00f0 \u00fej\u00f3\u00f0f\u00e9l\u00f6g samanst\u00e6\u00f0u af betra f\u00f3lki. M\u00e1li\u00f0 var a\u00f0 skilja hismi\u00f0 fr\u00e1 kjarnanum a\u00f0 mati mannkynb\u00f3tasinna og st\u00fdra makavali f\u00f3lks og barneignum til a\u00f0 fj\u00f6lga \u00feeim kyng\u00f3\u00f0u og losa mannkyni\u00f0 vi\u00f0 \u00fe\u00e1 \u00farkynju\u00f0u eins og \u00fea\u00f0 h\u00e9t \u00ed mannkynb\u00f3tafr\u00e6\u00f0unum. Mannkynb\u00f3tastefna var dreif\u00f0 um allan heim og studd af stj\u00f3rnm\u00e1lahreyfingum b\u00e6\u00f0i til h\u00e6gri og vinstri. Stefnan var mj\u00f6g litu\u00f0 af kyn\u00fe\u00e1ttahyggju en \u00fe\u00f3 meir \u00ed sumum l\u00f6ndum en \u00f6\u00f0rum. Lengst var gengi\u00f0 \u00ed \u00de\u00fdskalandi \u00ed \u00feeim efnum eins og \u00feekkt er \u00far s\u00f6gu s\u00ed\u00f0ari heimstyrjaldarinnar. H\u00e9r \u00e1 \u00cdslandi voru uppi menntamenn sem hrifust mj\u00f6g af hugmyndum um mannkynb\u00e6tur og t\u00f6ldu r\u00e9tt a\u00f0 \u00cdslendingar f\u00e6ru a\u00f0 r\u00e1\u00f0um kynb\u00f3tafr\u00e6\u00f0anna til a\u00f0 r\u00e6kta upp enn betri stofn hj\u00e1 \u00edslensku \u00fej\u00f3\u00f0inni og losna vi\u00f0 \u00fe\u00e1 sem ekki v\u00e6ru h\u00e6fir til undaneldis. \u00c9g fjalla um \u00feessar hugmyndir \u00ed b\u00f3kinni Mannkynb\u00e6tur, sem Sagnfr\u00e6\u00f0istofnun gaf \u00fat \u00e1ri\u00f0 1998 undir ritstj\u00f3rn Gunnar Karlssonar pr\u00f3fessors \u00ed sagnfr\u00e6\u00f0i vi\u00f0 H\u00e1sk\u00f3la \u00cdslands. Saga mannkynb\u00f3tastefnunnar h\u00e9r \u00e1 landi og tengsl hennar vi\u00f0 hinar erlendu r\u00e6tur og samanbur\u00f0ur \u00e1 milli landa \u00ed \u00fev\u00ed sambandi var masterritger\u00f0 m\u00edn \u00ed sagnfr\u00e6\u00f0i vi\u00f0 H\u00e1sk\u00f3la \u00cdslands. Ritger\u00f0ina bj\u00f3 \u00e9g til \u00fatg\u00e1fu veturinn og sumari\u00f0 1998 og h\u00fan kom \u00fat um hausti\u00f0 \u00fea\u00f0 \u00e1r.<\/p>\n<p data-adtags-visited=\"true\"><a href=\"https:\/\/unnurbirnakarls.files.wordpress.com\/2010\/01\/029.jpg\"><img loading=\"lazy\" decoding=\"async\" class=\"alignleft wp-image-307 size-full\" title=\"Mannkynb\u00e6tur. Hugmyndir um b\u00e6tta kynstofna h\u00e9rlendis og erlendis \u00e1 19. og 20. \u00f6ld \" src=\"https:\/\/unnurbirnakarls.files.wordpress.com\/2010\/01\/029.jpg?w=500\" alt=\"\" width=\"500\" height=\"667\" data-attachment-id=\"307\" data-permalink=\"https:\/\/unnurbirnakarls.wordpress.com\/sagnfr%c3%a6%c3%b0in\/b%c3%a6kur-2\/b%c3%a6kur\/attachment\/029\/\" data-orig-file=\"https:\/\/unnurbirnakarls.files.wordpress.com\/2010\/01\/029.jpg\" data-orig-size=\"2448,3264\" data-comments-opened=\"1\" data-image-meta=\"{&quot;aperture&quot;:&quot;3.2&quot;,&quot;credit&quot;:&quot;&quot;,&quot;camera&quot;:&quot;Canon DIGITAL IXUS 860 IS&quot;,&quot;caption&quot;:&quot;&quot;,&quot;created_timestamp&quot;:&quot;1269356051&quot;,&quot;copyright&quot;:&quot;&quot;,&quot;focal_length&quot;:&quot;6.142&quot;,&quot;iso&quot;:&quot;125&quot;,&quot;shutter_speed&quot;:&quot;0.016666666666667&quot;,&quot;title&quot;:&quot;&quot;}\" data-image-title=\"Mannkynb\u00e6tur. Hugmyndir um b\u00e6tta kynstofna h\u00e9rlendis og erlendis \u00e1 19. og 20. \u00f6ld \" data-image-description=\"\" data-medium-file=\"https:\/\/unnurbirnakarls.files.wordpress.com\/2010\/01\/029.jpg?w=225\" data-large-file=\"https:\/\/unnurbirnakarls.files.wordpress.com\/2010\/01\/029.jpg?w=500\" \/><\/a><\/p>\n","protected":false},"excerpt":{"rendered":"<p>Mannkynb\u00e6tur. Hugmyndir um b\u00e6tta kynstofna h\u00e9rlendis og erlendis \u00e1 19. og 20. \u00f6ld \u00c1 s\u00ed\u00f0ari hluta 19. aldar og fyrri hluta \u00feeirrar 20. bl\u00f3mstra\u00f0i hugmyndafr\u00e6\u00f0i sem gekk \u00fat \u00e1 \u00fe\u00e1 meginkenningu a\u00f0 r\u00e9tt v\u00e6ri a\u00f0 r\u00edkisvaldi\u00f0 stu\u00f0la\u00f0i a\u00f0 kynb\u00f3tum manna &hellip; <a href=\"https:\/\/uni.hi.is\/unnurk\/fraedirit\/mannkynbaetur\/\">Halda \u00e1fram a\u00f0 lesa <span class=\"meta-nav\">&rarr;<\/span><\/a><\/p>\n","protected":false},"author":1539,"featured_media":0,"parent":20,"menu_order":3,"comment_status":"open","ping_status":"closed","template":"","meta":{"footnotes":""},"class_list":["post-24","page","type-page","status-publish","hentry"],"_links":{"self":[{"href":"https:\/\/uni.hi.is\/unnurk\/wp-json\/wp\/v2\/pages\/24","targetHints":{"allow":["GET"]}}],"collection":[{"href":"https:\/\/uni.hi.is\/unnurk\/wp-json\/wp\/v2\/pages"}],"about":[{"href":"https:\/\/uni.hi.is\/unnurk\/wp-json\/wp\/v2\/types\/page"}],"author":[{"embeddable":true,"href":"https:\/\/uni.hi.is\/unnurk\/wp-json\/wp\/v2\/users\/1539"}],"replies":[{"embeddable":true,"href":"https:\/\/uni.hi.is\/unnurk\/wp-json\/wp\/v2\/comments?post=24"}],"version-history":[{"count":5,"href":"https:\/\/uni.hi.is\/unnurk\/wp-json\/wp\/v2\/pages\/24\/revisions"}],"predecessor-version":[{"id":250,"href":"https:\/\/uni.hi.is\/unnurk\/wp-json\/wp\/v2\/pages\/24\/revisions\/250"}],"up":[{"embeddable":true,"href":"https:\/\/uni.hi.is\/unnurk\/wp-json\/wp\/v2\/pages\/20"}],"wp:attachment":[{"href":"https:\/\/uni.hi.is\/unnurk\/wp-json\/wp\/v2\/media?parent=24"}],"curies":[{"name":"wp","href":"https:\/\/api.w.org\/{rel}","templated":true}]}}